{"id":13,"date":"2016-06-21T08:32:25","date_gmt":"2016-06-21T08:32:25","guid":{"rendered":"http:\/\/bilbaogazte.bilbao.eus\/?page_id=13"},"modified":"2026-04-16T13:38:43","modified_gmt":"2026-04-16T11:38:43","slug":"inicio","status":"publish","type":"page","link":"https:\/\/bilbaogazte.bilbao.eus\/es\/","title":{"rendered":"Inicio"},"content":{"rendered":"<p>[vc_row css=\u00bb.vc_custom_1465056935700{padding-right: 0px !important;padding-left: 0px !important;}\u00bb][vc_column css=\u00bb.vc_custom_1465056990952{padding-right: 0px !important;padding-left: 0px !important;}\u00bb][vc_images_carousel images=\u00bb66915,66934,66823,67129,67137&#8243; img_size=\u00bbfull\u00bb onclick=\u00bbcustom_link\u00bb custom_links_target=\u00bb_blank\u00bb autoplay=\u00bbyes\u00bb wrap=\u00bbyes\u00bb css=\u00bb.vc_custom_1776338150415{margin-bottom: 0px !important;}\u00bb custom_links=\u00bb#E-8_aHR0cHMlM0ElMkYlMkZiaWxiYW9nYXp0ZS5iaWxiYW8uZXVzJTJGZXMlMkZhZ2VuZGEtYWJyaWwtMjAyNi1sYS1wZXJyZXJhJTJGJTJDaHR0cHMlM0ElMkYlMkZiaWxiYW9nYXp0ZS5iaWxiYW8uZXVzJTJGZXMlMkZhY3RpdmlkYWRlcy1zdGVhbS0yMDI2LTJ0JTJGJTJDaHR0cHMlM0ElMkYlMkZiaWxiYW9nYXp0ZS5iaWxiYW8uZXVzJTJGZXMlMkZiaWxib3JvY2slMkZ2c2ItZmVzdC0yNiUyRiUyQ2h0dHBzJTNBJTJGJTJGYmlsYmFvZ2F6dGUuYmlsYmFvLmV1cyUyRmVzJTJGZ3JlZW5nbGFtJTJGJTJDaHR0cHMlM0ElMkYlMkZ3d3cuYmlsYmFvLmV1cyUyRmNzJTJGU2F0ZWxsaXRlJTJGYmlsYmFvcGFydGljaXBhdGl2byUyRmVzJTJGcHJlc3VwdWVzdG8tcGFydGljaXBhdGl2by0yMDI3LWNvbW8tcHJlc2VudGFyLXByb3B1ZXN0YQ==\u00bb][\/vc_column][\/vc_row][vc_row][vc_column el_class=\u00bbacceso-principal\u00bb][vc_column_text]<\/p>\n<div class=\"vc_row wpb_row vc_inner vc_row-fluid anchoHome vc_custom_1465557701653\">\n<div class=\"o-block-home\">\n<div class=\"wpb_column vc_column_container c-col\">\n<div class=\"vc_column-inner \">\n<div class=\"wpb_wrapper\">\n<div class=\"wpb_text_column wpb_content_element link-independizarse\">\n<div class=\"wpb_wrapper\">\n<p><a class=\"universien\" title=\"Ir a la secci\u00f3n Bilbao Ciudad Universitaria\" href=\"http:\/\/bilbaogazte.bilbao.eus\/en\/bilbao-ciudad-universitaria\/\"><span class=\"tit\">Bilbao University city <\/span>study, housing, culture, party, services\u2026<\/a><\/p>\n<\/div>\n<\/div>\n<\/div>\n<\/div>\n<\/div>\n<div class=\"wpb_column vc_column_container c-col\">\n<div class=\"vc_column-inner \">\n<div class=\"wpb_wrapper\">\n<div class=\"wpb_text_column wpb_content_element link-independizarse\">\n<div class=\"wpb_wrapper\">\n<p><a class=\"universi\" title=\"Ir a la secci\u00f3n Bilbao Ciudada Universitaria\"><span class=\"tit\">Bilbao Ciudad Universitaria <\/span>estudiar, vivienda, cultura, fiesta, servicios\u2026<\/a><\/p>\n<\/div>\n<\/div>\n<\/div>\n<\/div>\n<\/div>\n<div class=\"wpb_column vc_column_container c-col\">\n<div class=\"vc_column-inner \">\n<div class=\"wpb_wrapper\">\n<div class=\"wpb_text_column wpb_content_element link-independizarse\">\n<div class=\"wpb_wrapper\">\n<p><a class=\"idependen\" title=\"Ir a la secci\u00f3n Voluntariado y movilidad\" href=\"https:\/\/bilbaogazte.bilbao.eus\/es\/konekta-emancipacion\/\"><span class=\"tit\">GAZ servicio de emancipaci\u00f3n<\/span><\/a><\/p>\n<\/div>\n<\/div>\n<\/div>\n<\/div>\n<\/div>\n<div class=\"wpb_column vc_column_container c-col\">\n<div class=\"vc_column-inner \">\n<div class=\"wpb_wrapper\">\n<div class=\"wpb_text_column wpb_content_element participar\">\n<div class=\"wpb_wrapper\">\n<p><a class=\"vsana\" title=\"Ir a la secci\u00f3n VillaSound\" href=\"https:\/\/bilbaogazte.bilbao.eus\/es\/konekta\/\"><span class=\"tit\">La Perrera<\/span><\/a><\/p>\n<\/div>\n<\/div>\n<\/div>\n<\/div>\n<\/div>\n<div class=\"wpb_column vc_column_container c-col\">\n<div class=\"vc_column-inner \">\n<div class=\"wpb_wrapper\">\n<div class=\"wpb_text_column wpb_content_element vida-sana\">\n<div class=\"wpb_wrapper\">\n<p><a class=\"vsana\" title=\"Ir a la secci\u00f3n VillaSound\" href=\"https:\/\/bilbaogazte.bilbao.eus\/es\/bilborock\/villasound-bilbao\/\"><span class=\"tit\">VillaSound<\/span><\/a><\/p>\n<\/div>\n<\/div>\n<\/div>\n<\/div>\n<\/div>\n<\/div>\n<\/div>\n<p>[\/vc_column_text][\/vc_column][\/vc_row][vc_row][vc_column el_class=\u00bbnoticias\u00bb][vc_row_inner disable_element=\u00bbyes\u00bb el_class=\u00bbanchoHome\u00bb][vc_column_inner][vc_column_text]<div id='evcal_calendar_565' class='ajde_evcal_calendar ' ><div class='evo-data' data-cyear=\"2026\" data-cmonth=\"4\" data-runajax=\"1\" data-evc_open=\"0\" data-cal_ver=\"2.5.3\" data-mapscroll=\"true\" data-mapformat=\"roadmap\" data-mapzoom=\"18\" data-mapiconurl=\"\" data-ev_cnt=\"4\" data-show_limit=\"no\" data-tiles=\"no\" data-sort_by=\"sort_date\" data-filters_on=\"false\" data-range_start=\"0\" data-range_end=\"0\" data-send_unix=\"0\" data-ux_val=\"4\" data-accord=\"0\" data-rtl=\"no\"  ><\/div><div id='evcal_head' class='calendar_header evcal_nosort' ><div class='evo_cal_above'><span class='evo-search'><\/span><span class='evo-gototoday-btn' style='display:none' data-mo='4' data-yr='2026' data-dy=''>Current Month<\/span><\/div><div class='evo_cal_above_content'>\t\t\t\t\t\r\n\t\t\t\t\t<div class='evo_search_bar hidden'>\r\n\t\t\t\t\t\t<div class='evo_search_bar_in' >\r\n\t\t\t\t\t\t\t<input type=\"text\" placeholder='Search Events' data-role=\"none\"\/>\r\n\t\t\t\t\t\t\t<a class=\"evosr_search_btn\"><i class=\"fa fa-search\"><\/i><\/a>\r\n\t\t\t\t\t\t<\/div>\r\n\t\t\t\t\t<\/div>\r\n\r\n\t\t\t\t<\/div><p id='evcal_cur' class='evo_month_title'> abr\u00edl, 2026<\/p><p class='evo_arrows'><span id='evcal_prev' class='evcal_arrows evcal_btn_prev' ><i class='fa fa-angle-left'><\/i><\/span><span id='evcal_next' class='evcal_arrows evcal_btn_next' ><i class='fa fa-angle-right'><\/i><\/span><\/p><div class='cal_arguments' style='display:none' data-hide_past=\"yes\" data-show_et_ft_img=\"no\" data-event_order=\"ASC\" data-ft_event_priority=\"yes\" data-lang=\"L1\" data-month_incre=\"0\" data-only_ft=\"no\" data-evc_open=\"no\" data-show_limit=\"no\" data-etc_override=\"no\" data-show_limit_redir=\"0\" data-tiles=\"no\" data-tile_height=\"0\" data-tile_bg=\"0\" data-tile_count=\"2\" data-tile_style=\"0\" data-s=\"\" data-members_only=\"no\" data-ux_val=\"4\" data-users=\"all\" ><\/div><div class='clear'><\/div><\/div><div class='eventon_sorting_section' style='display:none'><div class='eventon_filter_line '><div class='eventon_filter' data-filter_field='event_type' data-filter_val='all' data-filter_type='tax' data-fl_o='IN'><\/div><div class='eventon_filter' data-filter_field='event_type_2' data-filter_val='all' data-filter_type='tax' data-fl_o='IN'><\/div><div class='eventon_filter' data-filter_field='event_type_3' data-filter_val='all' data-filter_type='tax' data-fl_o='IN'><\/div><div class='eventon_filter' data-filter_field='event_type_4' data-filter_val='all' data-filter_type='tax' data-fl_o='IN'><\/div><div class='eventon_filter' data-filter_field='event_type_5' data-filter_val='all' data-filter_type='tax' data-fl_o='IN'><\/div><div class='eventon_filter' data-filter_field='event_location' data-filter_val='all' data-filter_type='tax' data-fl_o='IN'><\/div><div class='eventon_filter' data-filter_field='event_organizer' data-filter_val='all' data-filter_type='tax' data-fl_o='IN'><\/div><\/div><div class='clear'><\/div><\/div><div id='eventon_loadbar_section'><div id='eventon_loadbar'><\/div><\/div><div id='evcal_list' class='eventon_events_list '><div class='eventon_list_event'><p class='no_events' >Sin eventos<\/p><\/div>\t\t\t<div class='clear'><\/div>\r\n\t\t\t<\/div><!-- #evcal_list-->\r\n\t\t\t<div class='clear'><\/div>\r\n\t\r\n\t\t\t\r\n\t\t\t\t\t\t<\/div><!-- .ajde_evcal_calendar-->\r\n\r\n\t\t\t[\/vc_column_text][\/vc_column_inner][\/vc_row_inner][vc_row_inner el_class=\u00bbanchoHome\u00bb css=\u00bb.vc_custom_1465557740882{padding-right: 1.2% !important;padding-left: 1.2% !important;}\u00bb][vc_column_inner el_class=\u00bbnoti\u00bb width=\u00bb1\/3&#8243;][vc_single_image image=\u00bb66943&#8243; img_size=\u00bbfull\u00bb css=\u00bb.vc_custom_1774949613799{margin-bottom: 0px !important;border-bottom-width: 0px !important;}\u00bb][vc_column_text el_class=\u00bbcont-noti\u00bb]<\/p>\n<h2 class=\"entry-title\"><a href=\"https:\/\/bilbaogazte.bilbao.eus\/es\/2026\/03\/31\/bilboko-udalak-podcastak-egiteko-areto-berri-bat-jarri-du-gazteen-eskura-la-perrera-eraikinean\/\" target=\"_blank\" rel=\"noopener\">EL AYUNTAMIENTO DE BILBAO PONE A DISPOSICI\u00d3N DE SUS J\u00d3VENES UNA NUEVA SALA PODCAST EN LA PERRERA<\/a><\/h2>\n<h4 class=\"entry-title\"><code><span class=\"eti independen\">Participar<\/span><\/code><\/h4>\n<p>Arranca su andadura con la grabaci\u00f3n de \u201cOzenago! Bilboko Gazte Panelisten Podcasta\u201d, uno de los proyectos piloto dise\u00f1ado y gestionado por un grupo de j\u00f3venes del espacio de participaci\u00f3n juvenil Bilboko Gazte Panela.<\/p>\n<footer class=\"entry-meta\"><span class=\"cat-links entry-meta-element\"><span class=\"entry-meta-description\">Categorized in: <\/span><a href=\"https:\/\/bilbaogazte.bilbao.eus\/es\/category\/participar\/\" rel=\"category tag\">Participar<\/a><\/span><\/footer>\n<p>[\/vc_column_text][\/vc_column_inner][vc_column_inner el_class=\u00bbnoti\u00bb width=\u00bb1\/3&#8243; css=\u00bb.vc_custom_1477490506535{margin-bottom: 35px !important;}\u00bb][vc_single_image image=\u00bb67118&#8243; img_size=\u00bbfull\u00bb css=\u00bb.vc_custom_1776079253694{margin-bottom: 0px !important;border-bottom-width: 0px !important;}\u00bb][vc_column_text el_class=\u00bbcont-noti\u00bb]<\/p>\n<h2 class=\"entry-title\"><a href=\"https:\/\/bilbaogazte.bilbao.eus\/es\/2026\/04\/13\/bilboko-udalak-ksiakaa-ikus-entzunezko-bi-erakusketa-inauguratuko-ditu-gaur-la-perreran\/\" target=\"_blank\" rel=\"noopener\">EL AYUNTAMIENTO DE BILBAO INAUGURA DOS EXPOSICIONES AUDIOVISUALES \u201cICCs+IA\u201d EN LA PERRERA<\/a><\/h2>\n<h4 class=\"entry-title\"><code><span class=\"eti independen\">Cultura y Creatividad<\/span><\/code><\/h4>\n<p>\u201cVigilantes de La Perrera\u201d y \u201c\u00bfN\u01d0 ch\u012b le ma\/has comido ya?\u201d son los proyectos seleccionados en el programa municipal Konekta Ideiak \u201cICCs+IA\u201d.<\/p>\n<footer class=\"entry-meta\"><span class=\"cat-links entry-meta-element\"><span class=\"entry-meta-description\">Categorized in: <\/span><a href=\"https:\/\/bilbaogazte.bilbao.eus\/es\/category\/cultura-y-creatividad\/\" rel=\"category tag\">Cultura y Creatividad<\/a><\/span><\/footer>\n<p>[\/vc_column_text][\/vc_column_inner][vc_column_inner el_class=\u00bbnoti\u00bb width=\u00bb1\/3&#8243; css=\u00bb.vc_custom_1465298169914{margin-bottom: 35px !important;}\u00bb][vc_single_image image=\u00bb67147&#8243; img_size=\u00bbfull\u00bb css=\u00bb.vc_custom_1776339464407{margin-bottom: 0px !important;border-bottom-width: 0px !important;}\u00bb][vc_column_text el_class=\u00bbcont-noti\u00bb]<\/p>\n<h2 class=\"entry-title\"><a href=\"https:\/\/bilbaogazte.bilbao.eus\/es\/2026\/04\/16\/el-ayuntamiento-de-bilbao-ha-abierto-el-plazo-para-presentar-propuestas-a-la-xi-edicion-de-los-presupuestos-participativos-2027\/\" target=\"_blank\" rel=\"noopener\">EL AYUNTAMIENTO DE BILBAO HA ABIERTO EL PLAZO PARA PRESENTAR PROPUESTAS A LA XI EDICI\u00d3N DE LOS PRESUPUESTOS PARTICIPATIVOS 2027<\/a><\/h2>\n<h4 class=\"entry-title\"><code><span class=\"eti independen\">Participar<\/span><\/code><\/h4>\n<p>El Ayuntamiento destinar\u00e1 2 millones de euros a proyectos elegidos directamente por las y los bilbainos, que tienen de plazo hasta el pr\u00f3ximo 30 de abril para presentar sus propuestas.<\/p>\n<footer class=\"entry-meta\"><span class=\"cat-links entry-meta-element\"><span class=\"entry-meta-description\">Categorized in: <\/span><a href=\"https:\/\/bilbaogazte.bilbao.eus\/es\/category\/participar\/\" rel=\"category tag\">Participar<\/a><\/span><\/footer>\n<p>[\/vc_column_text][\/vc_column_inner][\/vc_row_inner][\/vc_column][\/vc_row][vc_row disable_element=\u00bbyes\u00bb css=\u00bb.vc_custom_1653480851076{border-top-width: 0px !important;border-right-width: 0px !important;border-bottom-width: 0px !important;border-left-width: 0px !important;border-left-style: solid !important;border-right-style: solid !important;border-top-style: solid !important;border-bottom-style: solid !important;}\u00bb][vc_column css=\u00bb.vc_custom_1465557851578{background-color: #ffffff !important;}\u00bb el_class=\u00bbhome-redes\u00bb][vc_row_inner el_class=\u00bbanchoHome\u00bb][vc_column_inner width=\u00bb2\/3&#8243;][vc_gallery type=\u00bbnivo\u00bb interval=\u00bb3&#8243; images=\u00bb49072,49096,49093,49090,49087,49084,49081,49078,49075&#8243; img_size=\u00bbfull\u00bb][\/vc_column_inner][vc_column_inner el_class=\u00bbcont-decha\u00bb width=\u00bb1\/3&#8243;][vc_empty_space height=\u00bb5px\u00bb][vc_single_image image=\u00bb49005&#8243; img_size=\u00bblarge\u00bb onclick=\u00bbcustom_link\u00bb link=\u00bbhttps:\/\/bilbaogazte.bilbao.eus\/es\/gaztekluba\/\u00bb][vc_empty_space height=\u00bb5px\u00bb][vc_single_image image=\u00bb46029&#8243; onclick=\u00bbcustom_link\u00bb link=\u00bbhttps:\/\/bilbaogazte.bilbao.eus\/es\/gazteguneak-bilbao\/\u00bb][vc_empty_space height=\u00bb5px\u00bb][vc_single_image image=\u00bb29722&#8243; img_size=\u00bbfull\u00bb alignment=\u00bbcenter\u00bb onclick=\u00bbcustom_link\u00bb link=\u00bbhttps:\/\/bilbaogazte.bilbao.eus\/es\/presentacion-gaztekluba\/\u00bb][vc_empty_space height=\u00bb5px\u00bb][vc_single_image image=\u00bb47980&#8243; img_size=\u00bbfull\u00bb alignment=\u00bbcenter\u00bb onclick=\u00bbcustom_link\u00bb link=\u00bbhttps:\/\/bilbaogazte.bilbao.eus\/es\/auzo-active\/\u00bb][\/vc_column_inner][\/vc_row_inner][\/vc_column][\/vc_row][vc_row css=\u00bb.vc_custom_1551344576635{border-top-width: 0px !important;border-right-width: 0px !important;border-bottom-width: 0px !important;border-left-width: 0px !important;border-left-style: solid !important;border-right-style: solid !important;border-top-style: solid !important;border-bottom-style: solid !important;}\u00bb][vc_column css=\u00bb.vc_custom_1465557851578{background-color: #ffffff !important;}\u00bb el_class=\u00bbhome-redes\u00bb][vc_row_inner disable_element=\u00bbyes\u00bb el_class=\u00bbanchoHome\u00bb][vc_column_inner width=\u00bb2\/3&#8243;][vc_gallery type=\u00bbnivo\u00bb interval=\u00bb3&#8243; images=\u00bb54027,54030,54033,54036,54039,54042,54045,54048,54051,54054,54057,54060,54063,54066,54069,54072,54075&#8243; img_size=\u00bbfull\u00bb][\/vc_column_inner][vc_column_inner el_class=\u00bbcont-decha\u00bb width=\u00bb1\/3&#8243;][vc_empty_space height=\u00bb5px\u00bb][vc_single_image image=\u00bb57824&#8243; onclick=\u00bbcustom_link\u00bb link=\u00bbhttps:\/\/bilbaogazte.bilbao.eus\/es\/gazteklubauda\/\u00bb][vc_empty_space height=\u00bb5px\u00bb][vc_single_image image=\u00bb56428&#8243; onclick=\u00bbcustom_link\u00bb link=\u00bbhttps:\/\/bilbaogazte.bilbao.eus\/es\/gazteklubaastesantua\/\u00bb][vc_empty_space height=\u00bb5px\u00bb][vc_single_image image=\u00bb52617&#8243; img_size=\u00bbfull\u00bb alignment=\u00bbcenter\u00bb onclick=\u00bbcustom_link\u00bb link=\u00bbhttps:\/\/bilbaogazte.bilbao.eus\/es\/konektaagenda\/\u00bb][\/vc_column_inner][\/vc_row_inner][vc_row_inner el_class=\u00bbanchoHome\u00bb][vc_column_inner width=\u00bb2\/3&#8243;][vc_gallery type=\u00bbnivo\u00bb interval=\u00bb3&#8243; images=\u00bb66253,66250,66247,66244,66241,66238,66235,66232,66229,66226,66223,66220,66217,66214,66211,66208,66205,66202,66199,66196&#8243; img_size=\u00bbfull\u00bb][\/vc_column_inner][vc_column_inner el_class=\u00bbcont-decha\u00bb width=\u00bb1\/3&#8243;][vc_empty_space height=\u00bb5px\u00bb][vc_single_image image=\u00bb66919&#8243; img_size=\u00bbfull\u00bb alignment=\u00bbcenter\u00bb onclick=\u00bbcustom_link\u00bb link=\u00bbhttps:\/\/bilbaogazte.bilbao.eus\/es\/agenda-abril-2026-la-perrera\/\u00bb][vc_empty_space height=\u00bb5px\u00bb][vc_single_image image=\u00bb61845&#8243; onclick=\u00bbcustom_link\u00bb link=\u00bbhttps:\/\/bilbaogazte.bilbao.eus\/es\/gaztekluba-abril\/\u00bb][vc_empty_space height=\u00bb5px\u00bb][vc_single_image image=\u00bb66521&#8243; onclick=\u00bbcustom_link\u00bb link=\u00bbhttps:\/\/bilbaogazte.bilbao.eus\/es\/gazteklubaudaberria\/\u00bb][\/vc_column_inner][\/vc_row_inner][vc_row_inner disable_element=\u00bbyes\u00bb el_class=\u00bbanchoHome\u00bb][vc_column_inner width=\u00bb2\/3&#8243;][vc_gallery type=\u00bbnivo\u00bb interval=\u00bb3&#8243; images=\u00bb49803,49806,49809,49812,49815,49818,49821,49824,49827,49830,49833,49836,49839,49842&#8243; img_size=\u00bbfull\u00bb][\/vc_column_inner][vc_column_inner el_class=\u00bbcont-decha\u00bb width=\u00bb1\/3&#8243;][vc_empty_space height=\u00bb5px\u00bb][vc_single_image image=\u00bb53501&#8243; onclick=\u00bbcustom_link\u00bb link=\u00bbhttps:\/\/bilbaogazte.bilbao.eus\/es\/gazteklubauda\/\u00bb][vc_empty_space height=\u00bb5px\u00bb][vc_single_image image=\u00bb53501&#8243; onclick=\u00bbcustom_link\u00bb link=\u00bbhttps:\/\/bilbaogazte.bilbao.eus\/es\/gazteklubauda\/\u00bb][vc_empty_space height=\u00bb5px\u00bb][vc_single_image image=\u00bb52617&#8243; img_size=\u00bbfull\u00bb alignment=\u00bbcenter\u00bb onclick=\u00bbcustom_link\u00bb link=\u00bbhttps:\/\/bilbaogazte.bilbao.eus\/es\/konektaagenda\/\u00bb][\/vc_column_inner][\/vc_row_inner][vc_row_inner disable_element=\u00bbyes\u00bb el_class=\u00bbanchoHome\u00bb][vc_column_inner width=\u00bb2\/3&#8243;][vc_gallery type=\u00bbnivo\u00bb interval=\u00bb3&#8243; images=\u00bb49803,49806,49809,49812,49815,49818,49821,49824,49827,49830,49833,49836,49839,49842&#8243; img_size=\u00bbfull\u00bb][\/vc_column_inner][vc_column_inner el_class=\u00bbcont-decha\u00bb width=\u00bb1\/3&#8243;][vc_empty_space height=\u00bb5px\u00bb][vc_single_image image=\u00bb54213&#8243; onclick=\u00bbcustom_link\u00bb link=\u00bbhttps:\/\/bilbaogazte.bilbao.eus\/es\/gazteklubaoctubre\/\u00bb][vc_single_image image=\u00bb50898&#8243; onclick=\u00bbcustom_link\u00bb link=\u00bbhttps:\/\/bilbaogazte.bilbao.eus\/es\/gazteklubagabonak\/\u00bb][vc_empty_space height=\u00bb5px\u00bb][vc_single_image image=\u00bb50690&#8243; onclick=\u00bbcustom_link\u00bb link=\u00bbhttps:\/\/bilbaogazte.bilbao.eus\/es\/gaztekluba\/\u00bb][vc_empty_space height=\u00bb5px\u00bb][\/vc_column_inner][\/vc_row_inner][\/vc_column][\/vc_row][vc_row disable_element=\u00bbyes\u00bb][vc_column][vc_single_image image=\u00bb30278&#8243; img_size=\u00bblarge\u00bb onclick=\u00bbcustom_link\u00bb link=\u00bbhttp:\/\/bilbaogazte.bilbao.eus\/es\/gaztekluba\/\u00bb][vc_gallery type=\u00bbnivo\u00bb interval=\u00bb3&#8243; images=\u00bb28504,28477,28429,28480,25205,25081&#8243; img_size=\u00bbfull\u00bb][vc_raw_html]JTNDJTIxLS0lM0NkaXYlMjBjbGFzcyUzRCUyMmNvbnQtZW5jdWVudHJhJTIyJTNFJTBBJTNDaDQlM0VOb3MlMjBwdWVkZXMlMjBlbmNvbnRyYXIlMjBlbi4uLiUzQyUyRmg0JTNFJTBBJTNDdWwlM0UlMEElM0NsaSUyMGNsYXNzJTNEJTIyZmFjZSUyMiUzRSUwQSUzQ2ElMjBocmVmJTNEJTIyaHR0cHMlM0ElMkYlMkZ3d3cuZmFjZWJvb2suY29tJTJGQmlsYmFvR2F6dGUlMjIlMjB0YXJnZXQlM0QlMjJfYmxhbmslMjIlMjB0aXRsZSUzRCUyMklyJTIwYSUyMEZhY2Vib29rLiUyMFNlJTIwYWJyaXIlQzMlQTElMjBlbiUyMHZlbnRhbmElMjBudWV2YS4lMjIlM0VGYWNlYm9vayUzQyUyRmElM0UlMEElM0NzcGFuJTIwY2xhc3MlM0QlMjJjb250LXJlZCUyMiUzRSUwQSUzQ3NwYW4lMjBjbGFzcyUzRCUyMm4lMjIlMjBpZCUzRCUyMmZhY2Vib29rRiUyMiUzRTAlM0MlMkZzcGFuJTNFJTBBJTNDc3BhbiUzRUZhY2Vib29rcyUyMGxpa2VzJTNDJTJGc3BhbiUzRSUwQSUzQyUyRnNwYW4lM0UlMEElM0MlMkZsaSUzRSUwQSUzQ2xpJTIwY2xhc3MlM0QlMjJncGx1cyUyMiUzRSUwQSUzQ2ElMjBocmVmJTNEJTIyaHR0cHMlM0ElMkYlMkZwbHVzLmdvb2dsZS5jb20lMkZ1JTJGMCUyRjExNDcyNzI3NTgxOTQ4OTQ4MTQyMCUyMiUyMHRhcmdldCUzRCUyMl9ibGFuayUyMiUyMHRpdGxlJTNEJTIySXIlMjBhJTIwR29vZ2xlJTJCLiUyMFNlJTIwYWJyaXIlQzMlQTElMjBlbiUyMHZlbnRhbmElMjBudWV2YS4lMjIlM0VHb29nbGUlMkIlM0MlMkZhJTNFJTBBJTNDc3BhbiUyMGNsYXNzJTNEJTIyY29udC1yZWQlMjIlM0UlMEElM0NzcGFuJTIwY2xhc3MlM0QlMjJuJTIyJTIwaWQlM0QlMjJnb29nbGVGJTIyJTNFMCUzQyUyRnNwYW4lM0UlMEElM0NzcGFuJTNFR29vZ2xlJTJCJTNDJTJGc3BhbiUzRSUwQSUzQyUyRnNwYW4lM0UlMEElM0MlMkZsaSUzRSUwQSUzQ2xpJTIwY2xhc3MlM0QlMjJ0d2klMjIlM0UlMEElM0NhJTIwaHJlZiUzRCUyMmh0dHBzJTNBJTJGJTJGdHdpdHRlci5jb20lMkZCaWxiYW9HYXp0ZSUyMiUyMHRhcmdldCUzRCUyMl9ibGFuayUyMiUyMHRpdGxlJTNEJTIySXIlMjBhJTIwVHdpdHRlci4lMjBTZSUyMGFicmlyJUMzJUExJTIwZW4lMjB2ZW50YW5hJTIwbnVldmEuJTIyJTNFVHdpdHRlciUzQyUyRmElM0UlMEElM0NzcGFuJTIwY2xhc3MlM0QlMjJjb250LXJlZCUyMiUzRSUwQSUzQ3NwYW4lMjBjbGFzcyUzRCUyMm4lMjIlMjBpZCUzRCUyMnR3aXR0ZXJGJTIyJTNFMCUzQyUyRnNwYW4lM0UlMEElM0NzcGFuJTNFVHdpdHRlciUyMGZvbGxvd2VycyUzQyUyRnNwYW4lM0UlMEElM0MlMkZzcGFuJTNFJTBBJTNDJTJGbGklM0UlMEElM0NsaSUyMGNsYXNzJTNEJTIyeW91dHUlMjIlM0UlMEElM0NhJTIwaHJlZiUzRCUyMmh0dHBzJTNBJTJGJTJGd3d3LnlvdXR1YmUuY29tJTJGY2hhbm5lbCUyRlVDNk9mT1c0ZUtpTmhGamRMQi1YZjB6USUyMiUyMHRhcmdldCUzRCUyMl9ibGFuayUyMiUyMHRpdGxlJTNEJTIySXIlMjBhJTIwWW91dHViZS4lMjBTZSUyMGFicmlyJUMzJUExJTIwZW4lMjB2ZW50YW5hJTIwbnVldmEuJTIyJTNFWW91dHViZSUzQyUyRmElM0UlMEElM0NzcGFuJTIwY2xhc3MlM0QlMjJjb250LXJlZCUyMiUzRSUwQSUzQ3NwYW4lMjBpZCUzRCUyMnlvdXR1YmVGJTIyJTIwY2xhc3MlM0QlMjJuJTIyJTNFMCUzQyUyRnNwYW4lM0UlMEElM0NzcGFuJTNFWW91dHViZSUyMHBsYXklM0MlMkZzcGFuJTNFJTBBJTNDJTJGc3BhbiUzRSUwQSUzQyUyRmxpJTNFJTBBJTBBJTNDJTJGdWwlM0UlMEElM0MlMkZkaXYlM0UtLSUyMSUzRSUwQSUzQ2JyJTNF[\/vc_raw_html][vc_raw_html]JTNDdmlkZW8lMjBjbGFzcyUzRCUyMmFsaWduY2VudGVyJTIyJTIwc3JjJTNEJTIyaHR0cCUzQSUyRiUyRmJpbGJhb2dhenRlLmJpbGJhby5ldXMlMkZ3cC1jb250ZW50JTJGdXBsb2FkcyUyRjIwMjElMkYwNSUyRnVkYTIwMjFfdmlkZW9fcHJlcy5tNHYlMjIlMjBwb3N0ZXIlM0QlMjJodHRwJTNBJTJGJTJGYmlsYmFvZ2F6dGUuYmlsYmFvLmV1cyUyRndwLWNvbnRlbnQlMkZ1cGxvYWRzJTJGMjAyMSUyRjA1JTJGUG9zdF9pemVuYV9lbWFuMS0zLmpwZyUyMiUyMGxvb3AlM0QlMjJsb29wJTIyJTIwY29udHJvbHMlM0QlMjJjb250cm9scyUyMiUyMHdpZHRoJTNEJTIyOTAwJTIyJTIwaGVpZ2h0JTNEJTIyNjAwJTIyJTNFJTNDJTJGdmlkZW8lM0U=[\/vc_raw_html][\/vc_column][\/vc_row][vc_row][vc_column][\/vc_column][\/vc_row][vc_row][vc_column][vc_column_text]<\/p>\n<p>[\/vc_column_text][\/vc_column][\/vc_row]<\/p>\n","protected":false},"excerpt":{"rendered":"<p class=\"entry-summary\">[vc_images_carousel images=\u00bb66915,66934,66823,67129,67137&#8243; img_size=\u00bbfull\u00bb onclick=\u00bbcustom_link\u00bb custom_links_target=\u00bb_blank\u00bb autoplay=\u00bbyes\u00bb wrap=\u00bbyes\u00bb css=\u00bb.vc_custom_1776338150415{margin-bottom:&hellip;<\/p>\n<div class=\"link-more\"><a href=\"https:\/\/bilbaogazte.bilbao.eus\/es\/\" class=\"more-link\">Continue reading<span class=\"screen-reader-text\"> &ldquo;Inicio&rdquo;<\/span>&hellip;<\/a><\/div>","protected":false},"author":60,"featured_media":0,"parent":0,"menu_order":0,"comment_status":"closed","ping_status":"closed","template":"templates\/page-home.php","meta":{"_monsterinsights_skip_tracking":false,"_monsterinsights_sitenote_active":false,"_monsterinsights_sitenote_note":"","_monsterinsights_sitenote_category":0,"footnotes":""},"_links":{"self":[{"href":"https:\/\/bilbaogazte.bilbao.eus\/es\/wp-json\/wp\/v2\/pages\/13"}],"collection":[{"href":"https:\/\/bilbaogazte.bilbao.eus\/es\/wp-json\/wp\/v2\/pages"}],"about":[{"href":"https:\/\/bilbaogazte.bilbao.eus\/es\/wp-json\/wp\/v2\/types\/page"}],"author":[{"embeddable":true,"href":"https:\/\/bilbaogazte.bilbao.eus\/es\/wp-json\/wp\/v2\/users\/60"}],"replies":[{"embeddable":true,"href":"https:\/\/bilbaogazte.bilbao.eus\/es\/wp-json\/wp\/v2\/comments?post=13"}],"version-history":[{"count":1538,"href":"https:\/\/bilbaogazte.bilbao.eus\/es\/wp-json\/wp\/v2\/pages\/13\/revisions"}],"predecessor-version":[{"id":67155,"href":"https:\/\/bilbaogazte.bilbao.eus\/es\/wp-json\/wp\/v2\/pages\/13\/revisions\/67155"}],"wp:attachment":[{"href":"https:\/\/bilbaogazte.bilbao.eus\/es\/wp-json\/wp\/v2\/media?parent=13"}],"curies":[{"name":"wp","href":"https:\/\/api.w.org\/{rel}","templated":true}]}}