{"id":14370,"date":"2018-05-24T16:40:54","date_gmt":"2018-05-24T14:40:54","guid":{"rendered":"http:\/\/bilbaogazte.bilbao.eus\/es\/?page_id=14370"},"modified":"2025-10-13T15:17:52","modified_gmt":"2025-10-13T13:17:52","slug":"gazteguneak-bilbao","status":"publish","type":"page","link":"https:\/\/bilbaogazte.bilbao.eus\/es\/gazteguneak-bilbao\/","title":{"rendered":"Gazteguneak"},"content":{"rendered":"<p>[vc_row][vc_column width=\u00bb2\/3&#8243;][vc_single_image image=\u00bb37548&#8243; img_size=\u00bbfull\u00bb][vc_column_text]Los GAZTEGUNEAK son espacios en los que divertirse y conocer otros chicos y chicas, dirigido a j\u00f3venes de entre 12 y 17 a\u00f1os. Personas nacidas entre 2008 y 2013 en el curso escolar de septiembre de 2025 a junio de 2026)<\/p>\n<p>Para apuntarse ac\u00e9rcate al Gaztegune que prefieras y pide informaci\u00f3n sobre horarios y actividades. Adem\u00e1s, tendr\u00e1s informaci\u00f3n de las <strong>actividades de #GazteKLUBA<\/strong>.<\/p>\n<p>Este programa municipal cuenta con la \u00a0financiaci\u00f3n de la <a href=\"http:\/\/bilbaogazte.bilbao.eus\/wp-content\/uploads\/2022\/01\/minis.jpeg\">Delegaci\u00f3n del Gobierno<\/a> para el Plan Nacional sobre Drogas.<\/p>\n<p><span style=\"text-decoration: underline;\">\u00bfD\u00d3NDE EST\u00c1N?<\/span><\/p>\n<ul>\n<li><strong>Gaztegune Deustu<\/strong>\n<ul>\n<li>Direcci\u00f3n: Lehendakari Aguirre, 42.<\/li>\n<li>Horario:\n<ul>\n<li><span style=\"color: #5a5c5e;\"><span style=\"font-family: Arial, serif;\"><span style=\"font-size: medium;\"><span lang=\"es-ES\">Mi\u00e9rcoles y jueves de 17:30 a 19:30<\/span><\/span><\/span><\/span><\/li>\n<li><span style=\"color: #5a5c5e;\"><span style=\"font-family: Arial, serif;\"><span style=\"font-size: medium;\"><span lang=\"es-ES\">Viernes de 17:00 a 20:00<\/span><\/span><\/span><\/span><\/li>\n<li><span style=\"color: #5a5c5e;\"><span style=\"font-family: Arial, serif;\"><span style=\"font-size: medium;\"><span lang=\"es-ES\">S\u00e1bado de 17:00 a 21:00<\/span><\/span><\/span><\/span><\/li>\n<\/ul>\n<\/li>\n<li>Tel\u00e9fono: 677 68 58 94<\/li>\n<li>Contacto: <a href=\"mailto:gaztegune.deusto@bilbao.eus\">gaztegune.deusto@bilbao.eus<\/a><\/li>\n<\/ul>\n<\/li>\n<li><strong>Gaztegune Uribarri<\/strong>\n<ul>\n<li>Direcci\u00f3n: Plaza Moraza, 4-A.<\/li>\n<li>Horario:\n<ul>\n<li>\n<p class=\"p1\">Mi\u00e9rcoles y jueves de 17:00 a 20:00<\/p>\n<\/li>\n<li>\n<p class=\"p1\">Viernes y s\u00e1bado de 17:00 a 21:00<\/p>\n<\/li>\n<\/ul>\n<\/li>\n<li>Tel\u00e9fono: 688 77 46 56<\/li>\n<li>Contacto: <a href=\"mailto:gaztegune.uribarri@bilbao.eus\">gaztegune.uribarri@bilbao.eus<\/a><\/li>\n<\/ul>\n<\/li>\n<li><strong>Gaztegune Otxarkoaga<\/strong>\n<ul>\n<li><span style=\"color: #5a5c5e;\"><span style=\"font-family: Arial, serif;\"><span style=\"font-size: medium;\"><span lang=\"es-ES\">Direcci\u00f3n: Colegio Ram\u00f3n y Cajal. C\/Langaran 27<\/span><\/span><\/span><\/span><\/li>\n<li style=\"list-style-type: none;\"><\/li>\n<li>Horario:\n<ul>\n<li>\n<p class=\"p1\">De lunes a viernes de 17:00 a 20:00<\/p>\n<\/li>\n<li>S\u00e1bado de 10:00 a 13:00<\/li>\n<\/ul>\n<\/li>\n<li>Tel\u00e9fono: 604 99 34 67<\/li>\n<li>Contacto: <a href=\"mailto:gaztegune.otxarkoaga@bilbao.eus\">gaztegune.otxarkoaga@bilbao.eus<\/a><\/li>\n<\/ul>\n<\/li>\n<li><strong>Gaztegune Bego\u00f1a<\/strong>\n<ul>\n<li>Direcci\u00f3n: Circo Amateur Club Deportivo, 2.<\/li>\n<li>Horario:\n<ul>\n<li><span style=\"color: #5a5c5e;\"><span style=\"font-family: Arial, serif;\"><span style=\"font-size: medium;\"><span lang=\"es-ES\">Mi\u00e9rcoles y jueves de 17:00 a 20:00<\/span><\/span><\/span><\/span><\/li>\n<li><span style=\"color: #5a5c5e;\"><span style=\"font-family: Arial, serif;\"><span style=\"font-size: medium;\"><span lang=\"es-ES\">Viernes y s\u00e1bado de 17:00 a 21:00<\/span><\/span><\/span><\/span><\/li>\n<\/ul>\n<\/li>\n<li>Tel\u00e9fono: 614198123<\/li>\n<li>Contacto: <a href=\"mailto:gaztegune.begona@bilbao.eus\">gaztegune.begona@bilbao.eus<\/a><\/li>\n<\/ul>\n<\/li>\n<li><strong>Gaztegune Irala<\/strong>\n<ul>\n<li>Direcci\u00f3n: Plaza Jaro de Arana, s\/n.<\/li>\n<li>Horario:\n<ul>\n<li>\n<p class=\"p1\">Mi\u00e9rcoles y jueves de 17:00 a 20:00<\/p>\n<\/li>\n<li>\n<p class=\"p1\">Viernes y s\u00e1bado de 17:00 a 21:00<\/p>\n<\/li>\n<\/ul>\n<\/li>\n<li>Tel\u00e9fono: 603 62 17 97<\/li>\n<li>Contacto: <a href=\"mailto:gaztegune.irala@bilbao.eus\" rel=\"noreferrer\">gaztegune.irala@bilbao.eus<\/a><\/li>\n<\/ul>\n<\/li>\n<li><strong>Gaztegune\u00a0Zorrotza<\/strong>\n<ul>\n<li>Direcci\u00f3n: Fray Juan, 33.<\/li>\n<li>Horario:\n<ul>\n<li>\n<p class=\"p1\">Mi\u00e9rcoles y jueves de 17:00 a 20:00<\/p>\n<\/li>\n<li>\n<p class=\"p1\">Viernes y s\u00e1bado de 17:00 a 21:00<\/p>\n<\/li>\n<\/ul>\n<\/li>\n<li>Tel\u00e9fono: 693 25 50 28<\/li>\n<li>Contacto: <a href=\"mailto:gaztegune@gurelurra.org\" rel=\"noreferrer\">gaztegune@gurelurra.org<\/a><\/li>\n<\/ul>\n<\/li>\n<li><strong>Gaztegune\u00a0Errekalde &#8211; Gazteleku<\/strong> &#8211;\u00a0 .\n<ul>\n<li>Direcci\u00f3n: Tolosa, 6.<\/li>\n<li>Horario:\n<ul>\n<li>\n<p class=\"p1\">De mi\u00e9rcoles a s\u00e1bado de 17:00 a 20:30<\/p>\n<\/li>\n<\/ul>\n<\/li>\n<li>Tel\u00e9fono: 94 444 79 65-688690362<\/li>\n<li>Contacto: <a href=\"mailto:lilura@gazteleku.org\" target=\"_blank\" rel=\"noopener noreferrer\">lilura@gazteleku.org<\/a><\/li>\n<\/ul>\n<\/li>\n<li><strong>Gaztegune La Perrera\u00a0<\/strong>\n<ul>\n<li>Direcci\u00f3n: Sabino Arana 50.<\/li>\n<li>Horario:\n<ul>\n<li>De Lunes a s\u00e1bado de 17:00 a 21:00<\/li>\n<\/ul>\n<\/li>\n<li>Tel\u00e9fono: 661731294<\/li>\n<li>Contacto: <a href=\"mailto:laperrera@bilbao.eus\" rel=\"noreferrer\">laperrera@bilbao.eus<\/a><\/li>\n<\/ul>\n<\/li>\n<li><strong><strong>Gaztegune <\/strong><\/strong><strong>Esperantza<\/strong>\n<ul>\n<li>Direcci\u00f3n: Esperantza 4.<\/li>\n<li>Horario:\n<ul>\n<li>\n<p data-pm-slice=\"1 1 []\">De Lunes a jueves de 17:00 a 20:00<\/p>\n<\/li>\n<li>\n<p data-pm-slice=\"1 1 []\">Viernes y s\u00e1bado de 17:00 a 20:45<\/p>\n<\/li>\n<\/ul>\n<\/li>\n<li>Tel\u00e9fono: 944 049 481<\/li>\n<li>Contacto: <a href=\"mailto:esperantza@bilbao.eus\">esperantza@bilbao.eus<\/a><\/li>\n<\/ul>\n<\/li>\n<li><strong><strong>Gaztegune <\/strong><\/strong><strong>Miribilla <\/strong>\n<ul>\n<li>Direcci\u00f3n: Santiago de Compostela, 12.<\/li>\n<li>Horario:\n<ul>\n<li>Mi\u00e9rcoles y jueves de 17:00 a 20:00<\/li>\n<li>Viernes y s\u00e1bado de 17:00 a 21:00<\/li>\n<\/ul>\n<\/li>\n<li>Tel\u00e9fono: 684.80.56.37<\/li>\n<li>Contacto: <a href=\"mailto:hgmiribilla@bilbao.eus\">hgmiribilla@bilbao.eus<\/a><\/li>\n<\/ul>\n<\/li>\n<\/ul>\n<p>\u00a1Tu punto de encuentro con amigos y amigas![\/vc_column_text][\/vc_column][vc_column width=\u00bb1\/3&#8243;][vc_empty_space height=\u00bb40px\u00bb][vc_single_image image=\u00bb48024&#8243; img_size=\u00bbfull\u00bb][vc_single_image image=\u00bb48029&#8243; img_size=\u00bbfull\u00bb onclick=\u00bbcustom_link\u00bb link=\u00bbhttp:\/\/bilbaogazte.bilbao.eus\/es\/gaztekluba\/\u00bb css=\u00bb.vc_custom_1643015571681{margin-top: -35px !important;}\u00bb][vc_single_image image=\u00bb36606&#8243; img_size=\u00bbfull\u00bb onclick=\u00bbcustom_link\u00bb link=\u00bbhttp:\/\/bilbaogazte.bilbao.eus\/es\/presentacion-gaztekluba\/\u00bb css=\u00bb.vc_custom_1580893597024{margin-top: -35px !important;}\u00bb][vc_single_image image=\u00bb36603&#8243; img_size=\u00bbfull\u00bb onclick=\u00bbcustom_link\u00bb img_link_target=\u00bb_blank\u00bb link=\u00bbhttp:\/\/bilbaogazte.bilbao.eus\/wp-content\/uploads\/2025\/09\/00Normativa_2025-2026.pdf\u00bb css=\u00bb.vc_custom_1756988639255{margin-top: -35px !important;}\u00bb][vc_single_image image=\u00bb36609&#8243; img_size=\u00bbfull\u00bb onclick=\u00bbcustom_link\u00bb img_link_target=\u00bb_blank\u00bb link=\u00bbhttps:\/\/docs.google.com\/forms\/d\/1BTNThBWTpDT5sW94SQD03-AxZEh3zRFD80uimeWEl6Y\/edit\u00bb css=\u00bb.vc_custom_1645006236186{margin-top: -35px !important;}\u00bb][vc_single_image image=\u00bb36612&#8243; img_size=\u00bbfull\u00bb css=\u00bb.vc_custom_1580903140197{margin-top: -20px !important;}\u00bb][vc_single_image image=\u00bb36624&#8243; img_size=\u00bbfull\u00bb onclick=\u00bbcustom_link\u00bb link=\u00bbhttp:\/\/bilbaogazte.bilbao.eus\/es\/gazteguneak-bilbao\/\u00bb css=\u00bb.vc_custom_1580893807785{margin-top: -35px !important;}\u00bb][\/vc_column][\/vc_row][vc_row disable_element=\u00bbyes\u00bb][vc_column][vc_single_image image=\u00bb36594&#8243; img_size=\u00bbfull\u00bb css=\u00bb.vc_custom_1580903132190{margin-top: -20px !important;}\u00bb][vc_single_image image=\u00bb36627&#8243; img_size=\u00bbfull\u00bb onclick=\u00bbcustom_link\u00bb link=\u00bbhttp:\/\/bilbaogazte.bilbao.eus\/es\/gaztekluba-ideiak\/\u00bb css=\u00bb.vc_custom_1580893710379{margin-top: -35px !important;}\u00bb][vc_single_image image=\u00bb36615&#8243; img_size=\u00bbfull\u00bb onclick=\u00bbcustom_link\u00bb img_link_target=\u00bb_blank\u00bb link=\u00bbhttp:\/\/bilbaogazte.bilbao.eus\/wp-content\/uploads\/2020\/01\/Formulario-Solicitud-Eg-1.pdf\u00bb css=\u00bb.vc_custom_1580893742986{margin-top: -35px !important;}\u00bb][vc_single_image image=\u00bb36633&#8243; img_size=\u00bbfull\u00bb onclick=\u00bbcustom_link\u00bb img_link_target=\u00bb_blank\u00bb link=\u00bbhttp:\/\/bilbaogazte.bilbao.eus\/wp-content\/uploads\/2020\/01\/Tutorial-Formato-Cast.pdf\u00bb css=\u00bb.vc_custom_1580893767411{margin-top: -35px !important;}\u00bb][\/vc_column][\/vc_row]<\/p>\n","protected":false},"excerpt":{"rendered":"<p class=\"entry-summary\">Los GAZTEGUNEAK son espacios en los que divertirse y conocer otros chicos y chicas, dirigido&hellip;<\/p>\n<div class=\"link-more\"><a href=\"https:\/\/bilbaogazte.bilbao.eus\/es\/gazteguneak-bilbao\/\" class=\"more-link\">Continue reading<span class=\"screen-reader-text\"> &ldquo;Gazteguneak&rdquo;<\/span>&hellip;<\/a><\/div>","protected":false},"author":63,"featured_media":0,"parent":0,"menu_order":0,"comment_status":"closed","ping_status":"closed","template":"","meta":{"_monsterinsights_skip_tracking":false,"_monsterinsights_sitenote_active":false,"_monsterinsights_sitenote_note":"","_monsterinsights_sitenote_category":0,"footnotes":""},"_links":{"self":[{"href":"https:\/\/bilbaogazte.bilbao.eus\/es\/wp-json\/wp\/v2\/pages\/14370"}],"collection":[{"href":"https:\/\/bilbaogazte.bilbao.eus\/es\/wp-json\/wp\/v2\/pages"}],"about":[{"href":"https:\/\/bilbaogazte.bilbao.eus\/es\/wp-json\/wp\/v2\/types\/page"}],"author":[{"embeddable":true,"href":"https:\/\/bilbaogazte.bilbao.eus\/es\/wp-json\/wp\/v2\/users\/63"}],"replies":[{"embeddable":true,"href":"https:\/\/bilbaogazte.bilbao.eus\/es\/wp-json\/wp\/v2\/comments?post=14370"}],"version-history":[{"count":96,"href":"https:\/\/bilbaogazte.bilbao.eus\/es\/wp-json\/wp\/v2\/pages\/14370\/revisions"}],"predecessor-version":[{"id":64424,"href":"https:\/\/bilbaogazte.bilbao.eus\/es\/wp-json\/wp\/v2\/pages\/14370\/revisions\/64424"}],"wp:attachment":[{"href":"https:\/\/bilbaogazte.bilbao.eus\/es\/wp-json\/wp\/v2\/media?parent=14370"}],"curies":[{"name":"wp","href":"https:\/\/api.w.org\/{rel}","templated":true}]}}