{"id":14420,"date":"2017-07-06T09:58:33","date_gmt":"2017-07-06T07:58:33","guid":{"rendered":"http:\/\/bilbaogazte.bilbao.eus\/es\/?page_id=14420"},"modified":"2017-11-13T11:24:00","modified_gmt":"2017-11-13T09:24:00","slug":"e-o-t-electronica-y-otras-tendencias","status":"publish","type":"page","link":"https:\/\/bilbaogazte.bilbao.eus\/es\/e-o-t-electronica-y-otras-tendencias\/","title":{"rendered":"E.O.T. (Electr\u00f3nica y otras tendencias)"},"content":{"rendered":"<p>[vc_row][vc_column width=\u00bb1\/4&#8243;][vc_empty_space][vc_empty_space][vc_empty_space][vc_single_image image=\u00bb14262&#8243; img_size=\u00bb200&#215;100&#8243;][\/vc_column][vc_column width=\u00bb1\/4&#8243;][vc_empty_space][vc_empty_space][vc_empty_space][vc_btn title=\u00bbFINALES\u00bb style=\u00bbclassic\u00bb color=\u00bbwarning\u00bb align=\u00bbright\u00bb link=\u00bburl:http%3A%2F%2Fbilbaogazte.bilbao.eus%2Fes%2Ffinalistas%2F||target:%20_blank|\u00bb][\/vc_column][vc_column width=\u00bb1\/4&#8243;][vc_empty_space][vc_empty_space][vc_empty_space][vc_btn title=\u00bbVer pop rock\u00bb style=\u00bbclassic\u00bb color=\u00bbdanger\u00bb align=\u00bbright\u00bb link=\u00bburl:http%3A%2F%2Fbilbaogazte.bilbao.eus%2Fes%2Fparticipantes-pop-rock%2F||target:%20_blank|\u00bb][\/vc_column][vc_column width=\u00bb1\/4&#8243;][vc_empty_space][vc_empty_space][vc_empty_space][vc_btn title=\u00bbVer Metal\u00bb style=\u00bbclassic\u00bb color=\u00bbdanger\u00bb align=\u00bbright\u00bb link=\u00bburl:http%3A%2F%2Fbilbaogazte.bilbao.eus%2Fes%2Fmetal%2F||target:%20_blank|\u00bb][\/vc_column][\/vc_row][vc_row][vc_column width=\u00bb1\/4&#8243;][\/vc_column][vc_column width=\u00bb1\/4&#8243;][\/vc_column][vc_column width=\u00bb1\/4&#8243;][\/vc_column][vc_column width=\u00bb1\/4&#8243;][\/vc_column][\/vc_row][vc_row][vc_column width=\u00bb1\/4&#8243;][vc_single_image image=\u00bb15034&#8243; img_size=\u00bb200&#215;100&#8243;][vc_tta_accordion active_section=\u00bb3&#8243; title=\u00bbFUERTE BANDIDO (MADRID)\u00bb no_fill=\u00bbtrue\u00bb collapsible_all=\u00bbtrue\u00bb][vc_tta_section title=\u00bbBIO\u00bb tab_id=\u00bb1499253998631-1288c84f-19d4&#8243;][vc_column_text]Fuerte Bandido es el proyecto musical del tinerfe\u00f1o Juan Hern\u00e1ndez. Sus principales influencias son el techno, el IDM y la m\u00fasica electr\u00f3nica experimental, sin olvidar nunca la parte mel\u00f3dica, que plasma sobre todo en las voces. Artistas como Caribou, Moderat o Rival Consoles, est\u00e1n entre sus referentes.[\/vc_column_text][\/vc_tta_section][vc_tta_section title=\u00bbRedes Sociales\u00bb tab_id=\u00bb1499253998631-fd6f6c3b-4f11&#8243;][vc_btn title=\u00bbFacebook\u00bb link=\u00bburl:https%3A%2F%2Fwww.facebook.com%2Ffuertebandido%2F||target:%20_blank|\u00bb][vc_btn title=\u00bbYoutube\u00bb link=\u00bburl:https%3A%2F%2Fwww.youtube.com%2Fchannel%2FUCgy5aUpL5iiuzWWXdQGMvgA||target:%20_blank|\u00bb][\/vc_tta_section][\/vc_tta_accordion][vc_column_text]<\/p>\n<!--[if lt IE 9]><script>document.createElement('audio');<\/script><![endif]-->\n<audio class=\"wp-audio-shortcode\" id=\"audio-14420-1\" preload=\"none\" style=\"width: 100%;\" controls=\"controls\"><source type=\"audio\/mpeg\" src=\"http:\/\/bilbaogazte.bilbao.eus\/wp-content\/uploads\/2017\/07\/873_3.mp3?_=1\" \/><a href=\"http:\/\/bilbaogazte.bilbao.eus\/wp-content\/uploads\/2017\/07\/873_3.mp3\">http:\/\/bilbaogazte.bilbao.eus\/wp-content\/uploads\/2017\/07\/873_3.mp3<\/a><\/audio>\n<audio class=\"wp-audio-shortcode\" id=\"audio-14420-2\" preload=\"none\" style=\"width: 100%;\" controls=\"controls\"><source type=\"audio\/mpeg\" src=\"http:\/\/bilbaogazte.bilbao.eus\/wp-content\/uploads\/2017\/07\/873_2.mp3?_=2\" \/><a href=\"http:\/\/bilbaogazte.bilbao.eus\/wp-content\/uploads\/2017\/07\/873_2.mp3\">http:\/\/bilbaogazte.bilbao.eus\/wp-content\/uploads\/2017\/07\/873_2.mp3<\/a><\/audio>\n<audio class=\"wp-audio-shortcode\" id=\"audio-14420-3\" preload=\"none\" style=\"width: 100%;\" controls=\"controls\"><source type=\"audio\/mpeg\" src=\"http:\/\/bilbaogazte.bilbao.eus\/wp-content\/uploads\/2017\/07\/873_1.mp3?_=3\" \/><a href=\"http:\/\/bilbaogazte.bilbao.eus\/wp-content\/uploads\/2017\/07\/873_1.mp3\">http:\/\/bilbaogazte.bilbao.eus\/wp-content\/uploads\/2017\/07\/873_1.mp3<\/a><\/audio>\n<p>[\/vc_column_text][\/vc_column][vc_column width=\u00bb1\/4&#8243;][vc_single_image image=\u00bb14147&#8243; img_size=\u00bb200&#215;100&#8243;][vc_tta_accordion active_section=\u00bb3&#8243; title=\u00bbSkygaze(Asturias) &#8211; GANADORES\u00bb no_fill=\u00bbtrue\u00bb collapsible_all=\u00bbtrue\u00bb][vc_tta_section title=\u00bbBIO\u00bb tab_id=\u00bb1504264208327-812ae53a-4b5a\u00bb][vc_column_text]<span style=\"font-weight: 400;\">Skygaze es el proyecto musical de Jaime Tellado, arquitecto gij\u00f3nes afincado en Madrid. Su m\u00fasica, el\u00e9ctr\u00f3nica, de marcado tono melanc\u00f3lico, posee una gran r\u00edqueza r\u00edtmica, y est\u00e1 influida por estilos como IDM UK-Garage, el downtempo\/Ambient o el Footwork.<\/span>[\/vc_column_text][\/vc_tta_section][vc_tta_section title=\u00bbRedes Sociales\u00bb tab_id=\u00bb1504264208817-a56547ce-a77a\u00bb][vc_btn title=\u00bbFacebook\u00bb link=\u00bburl:https%3A%2F%2Fwww.facebook.com%2Fskygazemusic%2F||target:%20_blank|\u00bb][vc_btn title=\u00bbTwitter\u00bb link=\u00bburl:https%3A%2F%2Ftwitter.com%2Fskygazemusic%3Flang%3Den||target:%20_blank|\u00bb][vc_btn title=\u00bbYoutube\u00bb link=\u00bburl:https%3A%2F%2Fwww.youtube.com%2Fchannel%2FUCA2E-5J_5iurprB_Rx0AAig||target:%20_blank|\u00bb][\/vc_tta_section][\/vc_tta_accordion][vc_column_text]<\/p>\n<audio class=\"wp-audio-shortcode\" id=\"audio-14420-4\" preload=\"none\" style=\"width: 100%;\" controls=\"controls\"><source type=\"audio\/mpeg\" src=\"http:\/\/bilbaogazte.bilbao.eus\/wp-content\/uploads\/2017\/06\/skygaze.mp3?_=4\" \/><a href=\"http:\/\/bilbaogazte.bilbao.eus\/wp-content\/uploads\/2017\/06\/skygaze.mp3\">http:\/\/bilbaogazte.bilbao.eus\/wp-content\/uploads\/2017\/06\/skygaze.mp3<\/a><\/audio>\n<audio class=\"wp-audio-shortcode\" id=\"audio-14420-5\" preload=\"none\" style=\"width: 100%;\" controls=\"controls\"><source type=\"audio\/mpeg\" src=\"http:\/\/bilbaogazte.bilbao.eus\/wp-content\/uploads\/2017\/06\/skygaze-1.mp3?_=5\" \/><a href=\"http:\/\/bilbaogazte.bilbao.eus\/wp-content\/uploads\/2017\/06\/skygaze-1.mp3\">http:\/\/bilbaogazte.bilbao.eus\/wp-content\/uploads\/2017\/06\/skygaze-1.mp3<\/a><\/audio>\n<audio class=\"wp-audio-shortcode\" id=\"audio-14420-6\" preload=\"none\" style=\"width: 100%;\" controls=\"controls\"><source type=\"audio\/mpeg\" src=\"http:\/\/bilbaogazte.bilbao.eus\/wp-content\/uploads\/2017\/06\/skygaze-2.mp3?_=6\" \/><a href=\"http:\/\/bilbaogazte.bilbao.eus\/wp-content\/uploads\/2017\/06\/skygaze-2.mp3\">http:\/\/bilbaogazte.bilbao.eus\/wp-content\/uploads\/2017\/06\/skygaze-2.mp3<\/a><\/audio>\n<p>[\/vc_column_text][\/vc_column][vc_column width=\u00bb1\/4&#8243;][vc_single_image image=\u00bb14149&#8243; img_size=\u00bb200&#215;100&#8243;][vc_tta_accordion active_section=\u00bb3&#8243; title=\u00bbPlanetoid<br \/>\n(Francia)\u00bb collapsible_all=\u00bbtrue\u00bb][vc_tta_section title=\u00bbBIO\u00bb tab_id=\u00bb1499254219410-420b53b2-5fa3&#8243;][vc_column_text]<span style=\"font-weight: 400;\">Tras participar en varias bandas Helene Vogelsinger, nacida en Beirut, decide probar en solitario con este proyecto llamado Planetoid. De inspiraci\u00f3n electropop, su sonido se caracteriza por sus recurrentes y nost\u00e1lgicas melod\u00edas, sus teclados funky, sus potentes ritmos, y una voz llena de soul.<\/span>[\/vc_column_text][\/vc_tta_section][vc_tta_section title=\u00bbRedes Sociales\u00bb tab_id=\u00bb1499254219410-0c5c76bc-7eab\u00bb][vc_btn title=\u00bbFacebook\u00bb link=\u00bburl:https%3A%2F%2Fwww.facebook.com%2Fsearch%2Ftop%2F%3Fq%3Dplanetoid||target:%20_blank|\u00bb][vc_btn title=\u00bbTwitter\u00bb link=\u00bburl:https%3A%2F%2Ftwitter.com%2FPlanetoid_music%3Flang%3Den||target:%20_blank|\u00bb][vc_btn title=\u00bbYoutube\u00bb link=\u00bburl:https%3A%2F%2Fwww.youtube.com%2Fchannel%2FUCDrGN1WtxNp1Mrf91eiJwGw||target:%20_blank|\u00bb][\/vc_tta_section][\/vc_tta_accordion][vc_column_text]<\/p>\n<audio class=\"wp-audio-shortcode\" id=\"audio-14420-7\" preload=\"none\" style=\"width: 100%;\" controls=\"controls\"><source type=\"audio\/mpeg\" src=\"http:\/\/bilbaogazte.bilbao.eus\/wp-content\/uploads\/2017\/06\/planetoid.mp3?_=7\" \/><a href=\"http:\/\/bilbaogazte.bilbao.eus\/wp-content\/uploads\/2017\/06\/planetoid.mp3\">http:\/\/bilbaogazte.bilbao.eus\/wp-content\/uploads\/2017\/06\/planetoid.mp3<\/a><\/audio>\n<audio class=\"wp-audio-shortcode\" id=\"audio-14420-8\" preload=\"none\" style=\"width: 100%;\" controls=\"controls\"><source type=\"audio\/mpeg\" src=\"http:\/\/bilbaogazte.bilbao.eus\/wp-content\/uploads\/2017\/06\/planetoid-1.mp3?_=8\" \/><a href=\"http:\/\/bilbaogazte.bilbao.eus\/wp-content\/uploads\/2017\/06\/planetoid-1.mp3\">http:\/\/bilbaogazte.bilbao.eus\/wp-content\/uploads\/2017\/06\/planetoid-1.mp3<\/a><\/audio>\n<audio class=\"wp-audio-shortcode\" id=\"audio-14420-9\" preload=\"none\" style=\"width: 100%;\" controls=\"controls\"><source type=\"audio\/mpeg\" src=\"http:\/\/bilbaogazte.bilbao.eus\/wp-content\/uploads\/2017\/06\/planetoid-2.mp3?_=9\" \/><a href=\"http:\/\/bilbaogazte.bilbao.eus\/wp-content\/uploads\/2017\/06\/planetoid-2.mp3\">http:\/\/bilbaogazte.bilbao.eus\/wp-content\/uploads\/2017\/06\/planetoid-2.mp3<\/a><\/audio>\n<p>[\/vc_column_text][\/vc_column][vc_column width=\u00bb1\/4&#8243;][vc_single_image image=\u00bb14153&#8243; img_size=\u00bb200&#215;100&#8243;][vc_tta_accordion active_section=\u00bb3&#8243; title=\u00bbC.I.A.N.U.R.O.<br \/>\n(Madrid)\u00bb collapsible_all=\u00bbtrue\u00bb][vc_tta_section title=\u00bbBIO\u00bb tab_id=\u00bb1499255007404-a4f2d2f5-4417&#8243;][vc_column_text]<span style=\"font-weight: 400;\">Bajo las siglas de C.I.A.N.U.R.O se esconden tres desquiciados amantes de los sintetizadores \u00e1cidos, los delays distorsionados y las capas de atm\u00f3sferas enso\u00f1adoras. En sus pocos a\u00f1os de vida, el proyecto ya ha presentado varias referencias<\/span><b>,<\/b><span style=\"font-weight: 400;\">\u00a0respaldadas por m\u00faltiples directos.<\/span>[\/vc_column_text][\/vc_tta_section][vc_tta_section title=\u00bbRedes Sociales\u00bb tab_id=\u00bb1499255007405-1b5049ee-1830&#8243;][vc_btn title=\u00bbFacebook\u00bb link=\u00bburl:https%3A%2F%2Fwww.facebook.com%2Fwearecianuro%2F||target:%20_blank|\u00bb][vc_btn title=\u00bbTwitter\u00bb link=\u00bburl:https%3A%2F%2Ftwitter.com%2Fsearch%3Ff%3Dusers%26vertical%3Ddefault%26q%3Dcianuro%26src%3Dtypd%26lang%3Den||target:%20_blank|\u00bb][vc_btn title=\u00bbYoutube\u00bb link=\u00bburl:https%3A%2F%2Fwww.youtube.com%2Fchannel%2FUCVBW3-55q98AaTi4LDM7x_A||target:%20_blank|\u00bb][\/vc_tta_section][\/vc_tta_accordion][vc_column_text]<\/p>\n<audio class=\"wp-audio-shortcode\" id=\"audio-14420-10\" preload=\"none\" style=\"width: 100%;\" controls=\"controls\"><source type=\"audio\/mpeg\" src=\"http:\/\/bilbaogazte.bilbao.eus\/wp-content\/uploads\/2017\/06\/C.I.A.N.U.R.O..mp3?_=10\" \/><a href=\"http:\/\/bilbaogazte.bilbao.eus\/wp-content\/uploads\/2017\/06\/C.I.A.N.U.R.O..mp3\">http:\/\/bilbaogazte.bilbao.eus\/wp-content\/uploads\/2017\/06\/C.I.A.N.U.R.O..mp3<\/a><\/audio>\n<audio class=\"wp-audio-shortcode\" id=\"audio-14420-11\" preload=\"none\" style=\"width: 100%;\" controls=\"controls\"><source type=\"audio\/mpeg\" src=\"http:\/\/bilbaogazte.bilbao.eus\/wp-content\/uploads\/2017\/06\/C.I.A.N.U.R.0-3-1.mp3?_=11\" \/><a href=\"http:\/\/bilbaogazte.bilbao.eus\/wp-content\/uploads\/2017\/06\/C.I.A.N.U.R.0-3-1.mp3\">http:\/\/bilbaogazte.bilbao.eus\/wp-content\/uploads\/2017\/06\/C.I.A.N.U.R.0-3-1.mp3<\/a><\/audio>\n<audio class=\"wp-audio-shortcode\" id=\"audio-14420-12\" preload=\"none\" style=\"width: 100%;\" controls=\"controls\"><source type=\"audio\/mpeg\" src=\"http:\/\/bilbaogazte.bilbao.eus\/wp-content\/uploads\/2017\/06\/C.I.A.N.U.R.0-2-1.mp3?_=12\" \/><a href=\"http:\/\/bilbaogazte.bilbao.eus\/wp-content\/uploads\/2017\/06\/C.I.A.N.U.R.0-2-1.mp3\">http:\/\/bilbaogazte.bilbao.eus\/wp-content\/uploads\/2017\/06\/C.I.A.N.U.R.0-2-1.mp3<\/a><\/audio>\n<p>[\/vc_column_text][\/vc_column][\/vc_row]<\/p>\n","protected":false},"excerpt":{"rendered":"<p class=\"entry-summary\">[vc_column&hellip;<\/p>\n<div class=\"link-more\"><a href=\"https:\/\/bilbaogazte.bilbao.eus\/es\/e-o-t-electronica-y-otras-tendencias\/\" class=\"more-link\">Continue reading<span class=\"screen-reader-text\"> &ldquo;E.O.T. (Electr\u00f3nica y otras tendencias)&rdquo;<\/span>&hellip;<\/a><\/div>","protected":false},"author":63,"featured_media":14273,"parent":0,"menu_order":0,"comment_status":"closed","ping_status":"closed","template":"","meta":{"_monsterinsights_skip_tracking":false,"_monsterinsights_sitenote_active":false,"_monsterinsights_sitenote_note":"","_monsterinsights_sitenote_category":0,"footnotes":""},"_links":{"self":[{"href":"https:\/\/bilbaogazte.bilbao.eus\/es\/wp-json\/wp\/v2\/pages\/14420"}],"collection":[{"href":"https:\/\/bilbaogazte.bilbao.eus\/es\/wp-json\/wp\/v2\/pages"}],"about":[{"href":"https:\/\/bilbaogazte.bilbao.eus\/es\/wp-json\/wp\/v2\/types\/page"}],"author":[{"embeddable":true,"href":"https:\/\/bilbaogazte.bilbao.eus\/es\/wp-json\/wp\/v2\/users\/63"}],"replies":[{"embeddable":true,"href":"https:\/\/bilbaogazte.bilbao.eus\/es\/wp-json\/wp\/v2\/comments?post=14420"}],"version-history":[{"count":16,"href":"https:\/\/bilbaogazte.bilbao.eus\/es\/wp-json\/wp\/v2\/pages\/14420\/revisions"}],"predecessor-version":[{"id":16864,"href":"https:\/\/bilbaogazte.bilbao.eus\/es\/wp-json\/wp\/v2\/pages\/14420\/revisions\/16864"}],"wp:featuredmedia":[{"embeddable":true,"href":"https:\/\/bilbaogazte.bilbao.eus\/es\/wp-json\/wp\/v2\/media\/14273"}],"wp:attachment":[{"href":"https:\/\/bilbaogazte.bilbao.eus\/es\/wp-json\/wp\/v2\/media?parent=14420"}],"curies":[{"name":"wp","href":"https:\/\/api.w.org\/{rel}","templated":true}]}}