{"id":14786,"date":"2017-08-16T13:25:35","date_gmt":"2017-08-16T11:25:35","guid":{"rendered":"http:\/\/bilbaogazte.bilbao.eus\/es\/?page_id=14786"},"modified":"2017-08-29T09:38:15","modified_gmt":"2017-08-29T07:38:15","slug":"concurso-villa-de-bilbao-edicion-25","status":"publish","type":"page","link":"https:\/\/bilbaogazte.bilbao.eus\/es\/concurso-villa-de-bilbao-edicion-25\/","title":{"rendered":"Concurso Villa de Bilbao &#8211; Edici\u00f3n 25"},"content":{"rendered":"<p>[vc_row][vc_column][vc_empty_space height=\u00bb64px\u00bb][vc_single_image image=\u00bb14975&#8243; img_size=\u00bblarge\u00bb][vc_tta_accordion active_section=\u00bb2&#8243; collapsible_all=\u00bbtrue\u00bb][vc_tta_section title=\u00bbPalmar\u00e9s edici\u00f3n 25&#8243; tab_id=\u00bb1502958118975-1f41e851-3815&#8243;][vc_column_text]<strong>GANADORES EDICI\u00d3N 25<\/strong><br \/>\n<strong><span class=\"negrita\">POP ROCK<\/span><\/strong><br \/>\n<strong>1.<\/strong>\u00a05.000 \u20ac: CR\u00d3! (Pontevedra)<br \/>\n<strong>2.<\/strong>\u00a02.500 \u20ac: AL BERKOWITZ (Madrid)<br \/>\n<strong>3.<\/strong>\u00a01.000 \u20ac: EL BUENO, EL FEO Y EL MENA (Murcia)<\/p>\n<p><strong><span class=\"negrita\">METAL<\/span><\/strong><br \/>\n<strong>1.<\/strong>\u00a05.000 \u20ac: SANCTRUM (Suecia)<br \/>\n<strong>2.<\/strong>\u00a02.500 \u20ac: 13 LEFT TO DIE (Araba)<br \/>\n<strong>3.<\/strong>\u00a01.000 \u20ac: UNBREATH (Bizkaia)<\/p>\n<p><strong><span class=\"negrita\">OTRAS TENDENCIAS<\/span><\/strong><br \/>\n<strong>1.<\/strong>\u00a02.700 \u20ac: LAS CASICASIOTONE (Asturias)<\/p>\n<p><strong><span class=\"negrita\">Otros Premios:<\/span><\/strong><\/p>\n<p><strong><span class=\"negrita\">VILLA DE BILBAO a la banda joven revelaci\u00f3n del concurso<\/span><\/strong><br \/>\n1.000\u00a0euros:\u00a0EDUCADOS (Bizkaia) &#8211; POP ROCK<\/p>\n<p><strong><span class=\"negrita\">VILLA DE BILBAO a la mejor banda de Bilbao:<\/span><\/strong><\/p>\n<p><strong>Una actuaci\u00f3n en la sala Bilborock:<\/strong>\u00a0EDUCADOS (Bizkaia) &#8211; POP ROCK<\/p>\n<p><strong><span class=\"negrita\">\u201cASTE NAGUSIA\u201d a la mejor banda de rock de Bilbao y a la mejor de Bizkaia:<\/span>\u00a0una actuaci\u00f3n en Aste Nagusia 2014 dentro del escenario dedicado a la muestra de Pop-Rock Local.<\/strong><br \/>\nEDUCADOS (Bizkaia) &#8211; POP ROCK<br \/>\nUNBREATH (Bizkaia)\u00a0&#8211; METAL<\/p>\n<p><strong><span class=\"negrita\">FNAC a las bandas m\u00e1s votadas a trav\u00e9s de clubcultura.com o el Facebook de Fnac:<\/span>\u00a0Una gira de conciertos en las principales tiendas FNAC del Estado y una entrevista en la web de FNAC.<\/strong><br \/>\nUNBREATH (Bizkaia)\u00a0&#8211; METAL<\/p>\n<p><strong><span class=\"negrita\">AZKENA ROCK a la mejor Banda Euskal Herria:<\/span>\u00a0Una actuaci\u00f3n en el AZKENA ROCK FESTIVAL 2014.<\/strong><br \/>\n13 LEFT TO DIE (Araba)\u00a0&#8211; METAL<\/p>\n<p><strong><span class=\"negrita\">STEREOZONA a la banda m\u00e1s votada en la p\u00e1gina de Facebook de Stereozona:<\/span>\u00a0la grabaci\u00f3n de una entrevista para el canal BCKSTG y 3 v\u00eddeos en directo para el canal ONSTAGE de StereoZona.<\/strong><br \/>\nUNBREATH (Bizkaia)\u00a0&#8211; METAL<\/p>\n<p><strong><span class=\"negrita\">MUSICAL SANTUTXU al \/ a la mejor cantante del concurso:<\/span>\u00a0un previo de v\u00e1lvulas Behringer para micr\u00f3fono<\/strong><br \/>\nAdriana, D RIVER (Bizkaia) &#8211; POP ROCK<\/p>\n<p><strong><span class=\"negrita\">MUSICAL SONOR al mejor guitarrista de Bilbao:\u00a0<\/span>una guitarra el\u00e9ctrica valorada en 500 \u20ac.<\/strong><br \/>\nAitor Zorriketa Gonz\u00e1lez, JAMES ROOM (Bizkaia) &#8211; POP ROCK<\/p>\n<p><strong><span class=\"negrita\">BI FM:<\/span>\u00a0grabaci\u00f3n en sus estudios de un concierto ac\u00fastico (o semiac\u00fastico, en la l\u00ednea de los llamados \u201cB\u00e1sicos\u201d o \u201cUnplugged\u201d) para su posterior emisi\u00f3n FM y edici\u00f3n en video profesional, el cual ser\u00e1 colgado en la web bifmradio.com por medio de un reportaje especial.<\/strong><br \/>\nAL BERKOWITZ (Madrid)\u00a0&#8211; POP ROCK<\/p>\n<p><strong><span class=\"negrita\">GUITARRAS RAIMUNDO al mejor guitarrista del concurso:<\/span>\u00a0una guitarra electroac\u00fastica, valorada en 550\u20ac.<\/strong><br \/>\nI\u00f1aki Nogueira Flores, 13 LEFT TO DIE (ARABA)\u00a0&#8211; METAL<\/p>\n<p><strong><span class=\"negrita\">LETAMINA\u00a0a dos bandas j\u00f3venes de Bizkaia\u00a0<\/span>que consistir\u00e1 en taller de formaci\u00f3n a medida.<\/strong><br \/>\nEDUCADOS\u00a0&#8211; POP ROCK<br \/>\nNIEBLA\u00a0&#8211; POP ROCK<\/p>\n<p><strong><span class=\"negrita\">BILBAO BBK LIVE:<\/span>\u00a06 abonos individuales de tres d\u00edas para el Bilbao BBK Live Festival 2014, para 6 personas del p\u00fablico asistente durante la fase de concierto a, y otros 4 abonos individuales de tres d\u00edas a las 4 personas que asistan m\u00e1s veces a los conciertos del Villa de Bilbao.<\/strong><br \/>\nConrado Bauer<br \/>\nPaula Petite Zamakona<br \/>\nOscar G\u00f3mez<br \/>\nNuria Ugarte Bazalo<br \/>\nBerezi Etxebarria<br \/>\nFernando Mart\u00edn Ruiz<br \/>\nRam\u00f3n Salvarrey Clemente<br \/>\nMiguel Angel G\u00f3mez Rodriguez<br \/>\nIker Ruiz Torres<br \/>\nAitor Ruiz Torres[\/vc_column_text][vc_single_image image=\u00bb14975&#8243; img_size=\u00bblarge\u00bb][\/vc_tta_section][\/vc_tta_accordion][vc_empty_space height=\u00bb64px\u00bb][\/vc_column][\/vc_row][vc_row][vc_column][vc_btn title=\u00bbJurado\u00bb color=\u00bbwarning\u00bb align=\u00bbright\u00bb link=\u00bburl:http%3A%2F%2Fbilbaogazte.bilbao.eus%2Fes%2Fjurado-edicion-29%2F||target:%20_blank|\u00bb][\/vc_column][\/vc_row]<\/p>\n","protected":false},"excerpt":{"rendered":"<p class=\"entry-summary\">GANADORES EDICI\u00d3N 25 POP ROCK 1.\u00a05.000 \u20ac: CR\u00d3! (Pontevedra)&hellip;<\/p>\n<div class=\"link-more\"><a href=\"https:\/\/bilbaogazte.bilbao.eus\/es\/concurso-villa-de-bilbao-edicion-25\/\" class=\"more-link\">Continue reading<span class=\"screen-reader-text\"> &ldquo;Concurso Villa de Bilbao &#8211; Edici\u00f3n 25&rdquo;<\/span>&hellip;<\/a><\/div>","protected":false},"author":63,"featured_media":14762,"parent":0,"menu_order":0,"comment_status":"closed","ping_status":"closed","template":"","meta":{"_monsterinsights_skip_tracking":false,"_monsterinsights_sitenote_active":false,"_monsterinsights_sitenote_note":"","_monsterinsights_sitenote_category":0,"footnotes":""},"_links":{"self":[{"href":"https:\/\/bilbaogazte.bilbao.eus\/es\/wp-json\/wp\/v2\/pages\/14786"}],"collection":[{"href":"https:\/\/bilbaogazte.bilbao.eus\/es\/wp-json\/wp\/v2\/pages"}],"about":[{"href":"https:\/\/bilbaogazte.bilbao.eus\/es\/wp-json\/wp\/v2\/types\/page"}],"author":[{"embeddable":true,"href":"https:\/\/bilbaogazte.bilbao.eus\/es\/wp-json\/wp\/v2\/users\/63"}],"replies":[{"embeddable":true,"href":"https:\/\/bilbaogazte.bilbao.eus\/es\/wp-json\/wp\/v2\/comments?post=14786"}],"version-history":[{"count":5,"href":"https:\/\/bilbaogazte.bilbao.eus\/es\/wp-json\/wp\/v2\/pages\/14786\/revisions"}],"predecessor-version":[{"id":14980,"href":"https:\/\/bilbaogazte.bilbao.eus\/es\/wp-json\/wp\/v2\/pages\/14786\/revisions\/14980"}],"wp:featuredmedia":[{"embeddable":true,"href":"https:\/\/bilbaogazte.bilbao.eus\/es\/wp-json\/wp\/v2\/media\/14762"}],"wp:attachment":[{"href":"https:\/\/bilbaogazte.bilbao.eus\/es\/wp-json\/wp\/v2\/media?parent=14786"}],"curies":[{"name":"wp","href":"https:\/\/api.w.org\/{rel}","templated":true}]}}