{"id":14789,"date":"2017-08-17T10:12:43","date_gmt":"2017-08-17T08:12:43","guid":{"rendered":"http:\/\/bilbaogazte.bilbao.eus\/es\/?page_id=14789"},"modified":"2017-08-17T10:12:43","modified_gmt":"2017-08-17T08:12:43","slug":"jurado-edicion-29","status":"publish","type":"page","link":"https:\/\/bilbaogazte.bilbao.eus\/es\/jurado-edicion-29\/","title":{"rendered":"Jurado &#8211; Edici\u00f3n 29"},"content":{"rendered":"<p>[vc_row][vc_column][vc_column_text]P[\/vc_column_text][\/vc_column][\/vc_row][vc_row][vc_column][vc_custom_heading source=\u00bbpost_title\u00bb font_container=\u00bbtag:h2|text_align:center\u00bb google_fonts=\u00bbfont_family:Montserrat%3Aregular%2C700|font_style:400%20regular%3A400%3Anormal\u00bb][vc_column_text]<\/p>\n<p style=\"text-align: center;\">POP ROCK<\/p>\n<p>[\/vc_column_text][\/vc_column][\/vc_row][vc_row][vc_column width=\u00bb1\/3&#8243;][vc_single_image image=\u00bb14790&#8243; img_size=\u00bbmedium\u00bb alignment=\u00bbcenter\u00bb style=\u00bbvc_box_circle\u00bb][vc_tta_accordion active_section=\u00bb3&#8243; collapsible_all=\u00bbtrue\u00bb][vc_tta_section title=\u00bbNombre completo\u00bb tab_id=\u00bb1502885553279-a729e08e-41ef\u00bb][vc_column_text]Fernando Gegundez[\/vc_column_text][\/vc_tta_section][vc_tta_section title=\u00bbDescripci\u00f3n\u00bb tab_id=\u00bb1502885553279-d0039de0-cfeb\u00bb][vc_column_text]Miembro del jurado del Concurso Villa de Bilbao desde su edici\u00f3n inicial y con una trayectoria en el mundo de la m\u00fasica de m\u00e1s de 30 a\u00f1os, fund\u00f3 en los a\u00f1os 80 en Bilbao la revista \u00abSinton\u00eda\u00bb, m\u00e1s tarde \u00abSinton\u00eda Rock\u00bb. Asimismo, ha sido colaborador de las revistas \u00abMuskaria\u00bb y \u00abRUTA 66\u00bb.<\/p>\n<p>En radio ha trabajado en las emisoras \u00abTxomin Barullo Irratia\u00bb, \u00abTas Tas Irrati Librea\u00bb y \u00abRadio Euskadi\u00bb. Es destacado su apoyo a los grupos vascos emergentes.<\/p>\n<p>Actualmente colabora como especialista musical en el programa de \u00abLa jungla sonora\u00bb de \u00abRadio Euskadi\u00bb y, desde hace siete a\u00f1os, conduce el portal\u00a0<a href=\"http:\/\/www.bilbaorockcity.com\">www.bilbaorockcity.com<\/a>[\/vc_column_text][\/vc_tta_section][\/vc_tta_accordion][\/vc_column][vc_column width=\u00bb1\/3&#8243;][vc_single_image image=\u00bb14792&#8243; img_size=\u00bbmedium\u00bb][vc_tta_accordion active_section=\u00bb3&#8243; collapsible_all=\u00bbtrue\u00bb][vc_tta_section title=\u00bbNombre completo\u00bb tab_id=\u00bb1502885782946-f8151c6f-3fe0&#8243;][vc_column_text]Javier Corral[\/vc_column_text][\/vc_tta_section][vc_tta_section title=\u00bbDescripci\u00f3n\u00bb tab_id=\u00bb1502885782947-385e8605-058d\u00bb][vc_column_text]Miembro del jurado del Concurso Villa de Bilbao desde la primera edici\u00f3n, su amplia carrera como periodista especializado en el \u00e1mbito musical arranca en los a\u00f1os 80. Coordinador musical de la emisora QRS, ha participado en diversos programas musicales de radio: JMC Radio, Radio Popular (Backstage, OK Corral y 33 Revoluciones) y Popular 3 Stereo (Dios Salve A Los Maravillosos Grupos Locales y Teletipop), entre otros.<br \/>\nEn medios escritos, destaca su labor de responsable del suplemento El Gazet\u00f3n de La Gaceta del Norte, y las colaboraciones en Gaur Express, Diario Metropolitano, Comercio 45, el suplemento Dev\u00f3rame del Diario Vasco, La R\u00eda del Ocio, La P\u00e9rgola, el peri\u00f3dico municipal Bilbao, as\u00ed como en las revistas Muskaria, Ruta 66, Disco Actualidad y Sinton\u00eda, entre otros.<br \/>\nActualmente participa en la edici\u00f3n de los libros colectivos sobre Musiketan, Azkena Rock Festival y Kafe eta Galletak, y organiza el ciclo musical Izar &amp; Star del Teatro Campos de Bilbao.[\/vc_column_text][\/vc_tta_section][\/vc_tta_accordion][\/vc_column][vc_column width=\u00bb1\/3&#8243;][vc_single_image image=\u00bb14794&#8243; img_size=\u00bbmedium\u00bb][vc_tta_accordion active_section=\u00bb3&#8243; collapsible_all=\u00bbtrue\u00bb][vc_tta_section title=\u00bbNombre completo\u00bb tab_id=\u00bb1502885950441-f1115ffa-71e4&#8243;][vc_column_text]Pablo Cabeza[\/vc_column_text][\/vc_tta_section][vc_tta_section title=\u00bbDescripci\u00f3n\u00bb tab_id=\u00bb1502885950442-84b985c5-b4fd\u00bb][vc_column_text]Su carrera como periodista especializado en m\u00fasica y fotoperiodismo musical comenz\u00f3 al final de la d\u00e9cada del 70. Ha colaborado desde entonces en las emisoras de Radio Juventud de Bilbao y de Radio Euskadi, en el programa Alguien te est\u00e1 escuchando.<\/p>\n<p>Ha sido articulista y portadista de Muskaria, desde el nacimiento de la publicaci\u00f3n, y coordinador de la secci\u00f3n<br \/>\nde Cultura de los primeros n\u00fameros de la Gu\u00eda del Ocio de Bilbao y de la secci\u00f3n musical Bat Bi Hiru del diario Egin. Ha colaborado tambi\u00e9n en la elaboraci\u00f3n de guiones para espect\u00e1culos de La Otxoa.<\/p>\n<p>Actualmente es colaborador especialista en m\u00fasica del diario Gara, y de diversas revistas musicales, fanzines y hojas promocionales. Tambi\u00e9n, realiza trabajos como documentalista.[\/vc_column_text][\/vc_tta_section][\/vc_tta_accordion][\/vc_column][\/vc_row][vc_row][vc_column width=\u00bb1\/3&#8243;][vc_single_image image=\u00bb14796&#8243; img_size=\u00bbmedium\u00bb alignment=\u00bbcenter\u00bb style=\u00bbvc_box_circle\u00bb][vc_tta_accordion active_section=\u00bb3&#8243; collapsible_all=\u00bbtrue\u00bb][vc_tta_section title=\u00bbNombre completo\u00bb tab_id=\u00bb1502886142186-2f2a4d27-2fd5&#8243;][vc_column_text]Igor Cubillo[\/vc_column_text][\/vc_tta_section][vc_tta_section title=\u00bbDescripci\u00f3n\u00bb tab_id=\u00bb1502886142187-640f3c27-0cef\u00bb][vc_column_text]Inici\u00f3 su andadura muy joven en el fanzine Harlem y, luego, en la revista Ruta 66, cosechando una larga carrera como periodista especializado en m\u00fasica, ocio y cultura.<\/p>\n<p>En la actualidad escribe sobre m\u00fasica en el suplemento EP3 del diario El Pa\u00eds, colabora en KMON (magazine de los Escenarios del Gran Bilbao y Durangoaldea), Efe Eme, Ritmo &amp; Blues, Bilbao Eskultural, Getxo A Mano \u00a0(GEYC) y Den Dena Magazine. Y, en la Red, mantiene al d\u00eda los blogs Nuevo Harlem (<a href=\"http:\/\/www.nuevoharlem.blogspot.com\">http:\/\/www.nuevoharlem.blogspot.com<\/a>) y Lo Que Coma Don Manuel (<a href=\"http:\/\/wwww.loquecomadonmanuel.wordpress.com\">http:\/\/wwww.loquecomadonmanuel.wordpress.com<\/a>).[\/vc_column_text][\/vc_tta_section][\/vc_tta_accordion][\/vc_column][vc_column width=\u00bb1\/3&#8243;][vc_single_image image=\u00bb14798&#8243; img_size=\u00bbmedium\u00bb][vc_tta_accordion active_section=\u00bb3&#8243; collapsible_all=\u00bbtrue\u00bb][vc_tta_section title=\u00bbNombre completo\u00bb tab_id=\u00bb1502886142188-664b4e56-dfea\u00bb][vc_column_text]Jorge D\u00edaz[\/vc_column_text][\/vc_tta_section][vc_tta_section title=\u00bbDescripci\u00f3n\u00bb tab_id=\u00bb1502886142190-7714d96b-4f12&#8243;][vc_column_text]Blogger (<a href=\"http:\/\/www.hipersonica.com\">http:\/\/www.hipersonica.com<\/a> , entre otros) y freelance en su propio estudio creativo, es en la actualidad programador de la muestra de pop-rock local de la Aste Nagusia de Bilbao y ha sido jurado del concurso de maquetas de Bilbao Gaua para bandas noveles.<br \/>\nEs asimismo miembro del sello discogr\u00e1fico Efervescente Records y creador de la fanpage de Facebook Yo Fui a EGB (<a href=\"http:\/\/www.yofuiaegb.com\">http:\/\/www.yofuiaegb.com<\/a>), premiada en los dos cert\u00e1menes sobre blogs m\u00e1s importantes a nivel estatal.[\/vc_column_text][\/vc_tta_section][\/vc_tta_accordion][\/vc_column][\/vc_row][vc_row][vc_column][vc_custom_heading source=\u00bbpost_title\u00bb font_container=\u00bbtag:h2|text_align:center\u00bb google_fonts=\u00bbfont_family:Montserrat%3Aregular%2C700|font_style:400%20regular%3A400%3Anormal\u00bb][vc_column_text]<\/p>\n<p style=\"text-align: center;\">METAL<\/p>\n<p>[\/vc_column_text][\/vc_column][\/vc_row][vc_row][vc_column width=\u00bb1\/3&#8243;][vc_single_image image=\u00bb14800&#8243; img_size=\u00bbmedium\u00bb alignment=\u00bbcenter\u00bb style=\u00bbvc_box_circle\u00bb][vc_tta_accordion active_section=\u00bb3&#8243; collapsible_all=\u00bbtrue\u00bb][vc_tta_section title=\u00bbNombre completo\u00bb tab_id=\u00bb1502886502689-86b40b7f-da94&#8243;][vc_column_text]Cesar P\u00e9rez[\/vc_column_text][\/vc_tta_section][vc_tta_section title=\u00bbDescripci\u00f3n\u00bb tab_id=\u00bb1502886502689-72ff98bd-4e0f\u00bb][vc_column_text]Miembro del jurado del Concurso Villa de Bilbao desde su segunda edici\u00f3n, fue colaborador de la extinta agencia de conciertos Alternatiba y, desde hace m\u00e1s de 30 a\u00f1os, trabaja en programas musicales de radio, en Ortzadar Irratia, de Uribarri, y Tas-Tas Irrati Librea, con la que colabora actualmente. Adem\u00e1s, participa espor\u00e1dicamente en la organizaci\u00f3n de conciertos.[\/vc_column_text][\/vc_tta_section][\/vc_tta_accordion][\/vc_column][vc_column width=\u00bb1\/3&#8243;][vc_single_image image=\u00bb14802&#8243; img_size=\u00bbmedium\u00bb][vc_tta_accordion active_section=\u00bb3&#8243; collapsible_all=\u00bbtrue\u00bb][vc_tta_section title=\u00bbNombre completo\u00bb tab_id=\u00bb1502886502692-e53df624-5b06&#8243;][vc_column_text]Izkander Fernandez[\/vc_column_text][\/vc_tta_section][vc_tta_section title=\u00bbDescripci\u00f3n\u00bb tab_id=\u00bb1502886502692-99d7b74d-b942&#8243;][vc_column_text]Miembro del jurado del Concurso Villa de Bilbao desde hace una d\u00e9cada, tiene una larga experiencia como periodista especializado en m\u00fasica. Destacan sus colaboraciones en publicaciones como El Tubo, el Suplemento Ttakun del Diario de Navarra y la secci\u00f3n de Cultura del diario Gara.<\/p>\n<p>Actualmente, trabaja como freelance especialista en la NBA y escribiendo art\u00edculos musicales para diferentes medios.[\/vc_column_text][\/vc_tta_section][\/vc_tta_accordion][\/vc_column][vc_column width=\u00bb1\/3&#8243;][vc_single_image image=\u00bb14804&#8243; img_size=\u00bbmedium\u00bb][vc_tta_accordion active_section=\u00bb3&#8243; collapsible_all=\u00bbtrue\u00bb][vc_tta_section title=\u00bbNombre completo\u00bb tab_id=\u00bb1502886502694-d213968c-e33e\u00bb][vc_column_text]Patxi Gonzalez[\/vc_column_text][\/vc_tta_section][vc_tta_section title=\u00bbDescripci\u00f3n\u00bb tab_id=\u00bb1502886502695-86ad87f5-6824&#8243;][vc_column_text]Es bajista de diferentes grupos desde hace dos d\u00e9cadas. Entre ellos, Radikal HC, Beer Mosh, Anarko, The Drellas, El Asunto Tornasol, Soul Business y Ya Te Digo. Y ha grabado7 discos, y numerosos recopilatorios.<\/p>\n<p>Actualmente, trabaja como t\u00e9cnico de escenario y de monitores, y como auxiliar de PA en varias empresas.<br \/>\nAsimismo desempe\u00f1a labores de producci\u00f3n para la casa Rockstar, en conciertos de grupos locales e internacionales: Motorhead, Accept, Stry Cats, In Flames, Nofx, Penniwise, Exploited, Sepultura, Biohazard, Bad Religion y otros.[\/vc_column_text][\/vc_tta_section][\/vc_tta_accordion][\/vc_column][\/vc_row][vc_row][vc_column width=\u00bb1\/3&#8243;][vc_single_image image=\u00bb14806&#8243; img_size=\u00bbmedium\u00bb alignment=\u00bbcenter\u00bb style=\u00bbvc_box_circle\u00bb][vc_tta_accordion active_section=\u00bb3&#8243; collapsible_all=\u00bbtrue\u00bb][vc_tta_section title=\u00bbNombre completo\u00bb tab_id=\u00bb1502886832421-1179c7ad-c630&#8243;][vc_column_text]Mariluz Gonzalez[\/vc_column_text][\/vc_tta_section][vc_tta_section title=\u00bbDescripci\u00f3n\u00bb tab_id=\u00bb1502886832423-5f4adb89-39e0&#8243;][vc_column_text]Lleva m\u00e1s de 30 a\u00f1os actuando en concierto junto a bandas musicales de diversos estilos: punk, hard rock y heavy metal (Neurosis, una de las primeras bandas metaleras con voz femenina).<br \/>\nDespu\u00e9s de su paso por el grupo Halley y la grabaci\u00f3n de discos con bandas como Barricada y Zarama, entre otras, fue manager durante tres a\u00f1os de Anarko, grupo bilba\u00edno de thrash metal, con el que realiz\u00f3 grabaciones de discos y giras.<\/p>\n<p>Su trabaj\u00f3 en Planet Rock y su dedicaci\u00f3n a la investigaci\u00f3n del sonido metal, a trav\u00e9s de webs, conciertos y festivales, confirman sus conocimientos sobre este estilo musical. Actualmente, coordina el merchandising de las bandas que tocan en la sala Rockstar.[\/vc_column_text][\/vc_tta_section][\/vc_tta_accordion][\/vc_column][vc_column width=\u00bb1\/3&#8243;][vc_single_image image=\u00bb14808&#8243; img_size=\u00bbmedium\u00bb][vc_tta_accordion active_section=\u00bb3&#8243; collapsible_all=\u00bbtrue\u00bb][vc_tta_section title=\u00bbNombre completo\u00bb tab_id=\u00bb1502886832425-7ba1e56e-d229&#8243;][vc_column_text]Pedro Alonso[\/vc_column_text][\/vc_tta_section][vc_tta_section title=\u00bbDescripci\u00f3n\u00bb tab_id=\u00bb1502886832426-3b7734ac-b58c\u00bb][vc_column_text]Licenciado en Ciencias de la Informaci\u00f3n por la UPV\/EHU, ha estado vinculado al periodismo musical desde el inicio de su actividad profesional. En la actualidad coordina la web <a href=\"http:\/\/www.metaljournal.net\">www.metaljournal.net<\/a><br \/>\nAsimismo es colaborador desde 1998 de la revista La Heavy (anteriormente Heavy Rock), la publicaci\u00f3n m\u00e1s veterana a nivel estatal en cuanto a heavy metal se refiere. Para esta revista tambi\u00e9n se ha encargado de la elaboraci\u00f3n de n\u00fameros especiales y art\u00edculos para la web <a href=\"http:\/\/www.mariskalrock.com\">www.mariskalrock.com<\/a><br \/>\nDesde el a\u00f1o 2000 hasta 2013 se encarg\u00f3 de coordinar la revista Arise Magazine, perteneciente a Arise Records. Tambi\u00e9n colabor\u00f3 en la revista Kerrang! desde 1997 hasta 2010. Adem\u00e1s, ha realizado art\u00edculos para diarios como El Correo, Diario Vasco, La Nueva Espa\u00f1a, La Voz de Asturias y Diario Palentino.[\/vc_column_text][\/vc_tta_section][\/vc_tta_accordion][\/vc_column][\/vc_row][vc_row][vc_column][vc_custom_heading source=\u00bbpost_title\u00bb font_container=\u00bbtag:h2|text_align:center\u00bb google_fonts=\u00bbfont_family:Montserrat%3Aregular%2C700|font_style:400%20regular%3A400%3Anormal\u00bb][vc_column_text]<\/p>\n<p style=\"text-align: center;\">ELECTR\u00d3NICA &amp; OTRAS TENDENCIAS<\/p>\n<p>[\/vc_column_text][\/vc_column][\/vc_row][vc_row][vc_column width=\u00bb1\/3&#8243;][vc_single_image image=\u00bb14810&#8243; img_size=\u00bbmedium\u00bb alignment=\u00bbcenter\u00bb style=\u00bbvc_box_circle\u00bb][vc_tta_accordion active_section=\u00bb3&#8243; collapsible_all=\u00bbtrue\u00bb][vc_tta_section title=\u00bbNombre completo\u00bb tab_id=\u00bb1502887189083-1d2acbee-e73f\u00bb][vc_column_text]Borja Serra[\/vc_column_text][\/vc_tta_section][vc_tta_section title=\u00bbDescripci\u00f3n\u00bb tab_id=\u00bb1502887189085-6d3ae1c0-9f62&#8243;][vc_column_text]Conocido como Mimoloco, cuenta con una larga trayectoria como DJ. Destaca su residencia en las 6 \u00faltimas temporadas del Fever Club y en el Bullit Club de la capital vizca\u00edna, adem\u00e1s de otros locales de m\u00fasica como el Etxekalte Danz Club o el Be Bop de Donostia.<br \/>\nAdem\u00e1s, es productor y remixer de grupos como We are Standard, con el que ha colaborado en la preproducci\u00f3n de su segundo disco, Olimpic, Yogurinha Borova y Zapatotipobota.[\/vc_column_text][\/vc_tta_section][\/vc_tta_accordion][\/vc_column][vc_column width=\u00bb1\/3&#8243;][vc_single_image image=\u00bb14864&#8243; img_size=\u00bbmedium\u00bb][vc_tta_accordion active_section=\u00bb3&#8243; collapsible_all=\u00bbtrue\u00bb][vc_tta_section title=\u00bbNombre completo\u00bb tab_id=\u00bb1502887189087-a33427a2-74dc\u00bb][vc_column_text]Jose Vicente L\u00f3pez[\/vc_column_text][\/vc_tta_section][vc_tta_section title=\u00bbDescripci\u00f3n\u00bb tab_id=\u00bb1502887189088-21b74a1c-ac3a\u00bb][vc_column_text]Pionero de la escena musical electr\u00f3nica de la capital bilba\u00edna, trabaja como DJ y promotor desde hace m\u00e1s de 30 a\u00f1os. Ha sido DJ de la sala Thebas, en la que comparti\u00f3 cabina durante a\u00f1os con Jos\u00e9 Luis Rebollo \u201cMadelman\u201d, y Palladium, sede de los primeros directos de electr\u00f3nica de la villa.<\/p>\n<p>Miembro fundador de NoData, junto a Kepa Nogueras y Javi Franco, se ha dedicado a la promoci\u00f3n de actividades musicales y art\u00edsticas en las principales salas de la ciudad.<br \/>\nComo DJ ha participado en los festivales m\u00e1s importantes de m\u00fasica electr\u00f3nica nacional: Sonar (2001), Sun Dance Festival (2002), FIB-Benicassim (2003) y Electrogaia (2001 y 2003). Desde 2005, dirige el club Fever de Bilbao y realiza sesiones de DJ locales e internacionales.[\/vc_column_text][\/vc_tta_section][\/vc_tta_accordion][\/vc_column][vc_column width=\u00bb1\/3&#8243;][vc_single_image image=\u00bb14816&#8243; img_size=\u00bbmedium\u00bb][vc_tta_accordion active_section=\u00bb3&#8243; collapsible_all=\u00bbtrue\u00bb][vc_tta_section title=\u00bbNombre completo\u00bb tab_id=\u00bb1502887189091-3a28d0d6-6799&#8243;][vc_column_text]Josu Lafont[\/vc_column_text][\/vc_tta_section][vc_tta_section title=\u00bbDescripci\u00f3n\u00bb tab_id=\u00bb1502887189092-e9e52646-1f00&#8243;][vc_column_text]Gestor cultural independiente, se dedica a la organizaci\u00f3n de eventos art\u00edsticos y musicales. Es fundador del MEM (Festival Internacional de Arte Experimental Bilbao-Vitoria-Gasteiz) y desde su gestaci\u00f3n, hace m\u00e1s de diez a\u00f1os, participa en la direcci\u00f3n, y en el comisariado de arte sonoro y espect\u00e1culos musicales.<\/p>\n<p>Desde finales de los 80, colabora y asesora en proyectos musicales de la escena rock y experimental bilba\u00edna como La Secta, Yogur, Lovercraft, Billy Bao, Atom Rhumba, Baseline&#8230;[\/vc_column_text][\/vc_tta_section][\/vc_tta_accordion][\/vc_column][\/vc_row][vc_row][vc_column width=\u00bb1\/3&#8243;][vc_single_image image=\u00bb14833&#8243; img_size=\u00bbmedium\u00bb alignment=\u00bbcenter\u00bb style=\u00bbvc_box_circle\u00bb][vc_tta_accordion active_section=\u00bb3&#8243; collapsible_all=\u00bbtrue\u00bb][vc_tta_section title=\u00bbNombre completo\u00bb tab_id=\u00bb1502955109105-a63e5102-6400&#8243;][vc_column_text]Jose Luis Rebollo \u00abMadel\u00bb[\/vc_column_text][\/vc_tta_section][vc_tta_section title=\u00bbDescripci\u00f3n\u00bb tab_id=\u00bb1502955109105-608cedf7-0aa2&#8243;][vc_column_text]Form\u00f3 parte del grupo\u00a0<em>Chico y Chica,\u00a0<\/em>y actualmente trabaja como compositor, productor y DJ. Ha actuado en directo en los m\u00e1s importantes clubs y festivales de m\u00fasica locales e internacionales, ha publicado cuatro \u00e1lbumes y dos EPs, y remezclado la obra de grupos como\u00a0<em>Fangoria, Bunbury <\/em>y<em> Astrud.<\/em><\/p>\n<p>Asimismo, ha producido piezas musicales para instalaciones de artistas pl\u00e1sticos como Txomin Badiola (Tres Tipos Esperan, 1999) y Dora Garc\u00eda (Dj los Muertos, 2005) y es compositor de la sinton\u00eda del Festival BAD de danza y teatro experimental de Bilbao (2008).<\/p>\n<p>Como DJ, destaca por sus sesiones tem\u00e1ticas para exposiciones en museos y centros de arte: MUSAC de Le\u00f3n, Centro Cultural Montehermoso de Vitoria, L&#8217;Escorxador de Elche y Museo Guggenheim de Bilbao (Inc\u00f3gnitas).[\/vc_column_text][\/vc_tta_section][\/vc_tta_accordion][\/vc_column][vc_column width=\u00bb1\/3&#8243;][vc_single_image image=\u00bb14840&#8243; img_size=\u00bbmedium\u00bb][vc_tta_accordion active_section=\u00bb3&#8243; collapsible_all=\u00bbtrue\u00bb][vc_tta_section title=\u00bbNombre completo\u00bb tab_id=\u00bb1502955109108-8a335e54-8c22&#8243;][vc_column_text]Sergio Bayon \u00abSey\u00bb[\/vc_column_text][\/vc_tta_section][vc_tta_section title=\u00bbDescripci\u00f3n\u00bb tab_id=\u00bb1502955109110-44cdfe59-a9b6&#8243;][vc_column_text]Lleva m\u00e1s de 15 a\u00f1os vinculado a la m\u00fasica. Comenz\u00f3 trabajando como DJ y colaborando en el club Fundaci\u00f3n Sonora de Ciudad Real, donde experimenta e investiga sobre los diferentes campos musicales y distintas t\u00e9cnicas sobre los platos (mezcla, scratch&#8230;).<\/p>\n<p>Cuando se traslada a Bilbao trabaja con el artista multidisciplinar \u00abEl Hombre viento\u00bb y forma, junto a Jabi H, el proyecto Duoffader, con el que recorren diferentes salas de Bilbao, Durango y Valladolid, ofreciendo un set de cuatro platos y dos mesas, donde mezclan simult\u00e1neamente diferentes estilos musicales.[\/vc_column_text][\/vc_tta_section][\/vc_tta_accordion][\/vc_column][\/vc_row][vc_row][vc_column][vc_custom_heading text=\u00bbJurado J\u00f3ven\u00bb font_container=\u00bbtag:h2|text_align:center\u00bb google_fonts=\u00bbfont_family:Montserrat%3Aregular%2C700|font_style:400%20regular%3A400%3Anormal\u00bb][\/vc_column][\/vc_row][vc_row][vc_column width=\u00bb1\/3&#8243;][vc_single_image image=\u00bb14842&#8243; img_size=\u00bbmedium\u00bb alignment=\u00bbcenter\u00bb style=\u00bbvc_box_circle\u00bb][vc_tta_accordion active_section=\u00bb3&#8243; collapsible_all=\u00bbtrue\u00bb][vc_tta_section title=\u00bbNombre completo\u00bb tab_id=\u00bb1502955980410-dec0e65d-d39b\u00bb][vc_column_text]Xandra de la Vega[\/vc_column_text][\/vc_tta_section][vc_tta_section title=\u00bbDescripci\u00f3n\u00bb tab_id=\u00bb1502955980411-fd0d74b2-b270&#8243;][vc_column_text]Componente de la banda Mud Candies (Voz, Ukelele), que fue galardonada en el XXVII Concurso Villa de Bilbao con el premio especial del jurado, as\u00ed como los premios FNAC, Letamina y Stereozona de dicha edici\u00f3n.[\/vc_column_text][\/vc_tta_section][\/vc_tta_accordion][\/vc_column][vc_column width=\u00bb1\/3&#8243;][vc_single_image image=\u00bb14845&#8243; img_size=\u00bbmedium\u00bb][vc_tta_accordion active_section=\u00bb3&#8243; collapsible_all=\u00bbtrue\u00bb][vc_tta_section title=\u00bbNombre completo\u00bb tab_id=\u00bb1502955980414-41238982-6af9&#8243;][vc_column_text]Oihane Manceras[\/vc_column_text][\/vc_tta_section][vc_tta_section title=\u00bbDescripci\u00f3n\u00bb tab_id=\u00bb1502955980416-fd3681e8-0564&#8243;][vc_column_text]Promotora de conciertos musicales en la zona norte del Estado, ha realizado labores de management para diversas bandas de Bizkaia. Asimismo, ha participado en la organizaci\u00f3n de m\u00faltiples concursos musicales, tanto en Bizkaia como en Europa.[\/vc_column_text][\/vc_tta_section][\/vc_tta_accordion][\/vc_column][vc_column width=\u00bb1\/3&#8243;][vc_single_image image=\u00bb14847&#8243; img_size=\u00bbmedium\u00bb][vc_tta_accordion active_section=\u00bb3&#8243; collapsible_all=\u00bbtrue\u00bb][vc_tta_section title=\u00bbNombre completo\u00bb tab_id=\u00bb1502955980418-c02e2dc7-f2eb\u00bb][vc_column_text]Txufo Wilson[\/vc_column_text][\/vc_tta_section][vc_tta_section title=\u00bbDescripci\u00f3n\u00bb tab_id=\u00bb1502955980419-b937c43d-8669&#8243;][vc_column_text]M\u00fasico. Tom\u00f3 parte en la XXIV edici\u00f3n del Concurso Villa de Bilbao con el grupo de electr\u00f3nica <em>Empty Files.<\/em>[\/vc_column_text][\/vc_tta_section][\/vc_tta_accordion][\/vc_column][\/vc_row]<\/p>\n","protected":false},"excerpt":{"rendered":"<p class=\"entry-summary\">P POP ROCK Fernando Gegundez[vc_tta_section&hellip;<\/p>\n<div class=\"link-more\"><a href=\"https:\/\/bilbaogazte.bilbao.eus\/es\/jurado-edicion-29\/\" class=\"more-link\">Continue reading<span class=\"screen-reader-text\"> &ldquo;Jurado &#8211; Edici\u00f3n 29&rdquo;<\/span>&hellip;<\/a><\/div>","protected":false},"author":63,"featured_media":0,"parent":0,"menu_order":0,"comment_status":"closed","ping_status":"closed","template":"","meta":{"_monsterinsights_skip_tracking":false,"_monsterinsights_sitenote_active":false,"_monsterinsights_sitenote_note":"","_monsterinsights_sitenote_category":0,"footnotes":""},"_links":{"self":[{"href":"https:\/\/bilbaogazte.bilbao.eus\/es\/wp-json\/wp\/v2\/pages\/14789"}],"collection":[{"href":"https:\/\/bilbaogazte.bilbao.eus\/es\/wp-json\/wp\/v2\/pages"}],"about":[{"href":"https:\/\/bilbaogazte.bilbao.eus\/es\/wp-json\/wp\/v2\/types\/page"}],"author":[{"embeddable":true,"href":"https:\/\/bilbaogazte.bilbao.eus\/es\/wp-json\/wp\/v2\/users\/63"}],"replies":[{"embeddable":true,"href":"https:\/\/bilbaogazte.bilbao.eus\/es\/wp-json\/wp\/v2\/comments?post=14789"}],"version-history":[{"count":3,"href":"https:\/\/bilbaogazte.bilbao.eus\/es\/wp-json\/wp\/v2\/pages\/14789\/revisions"}],"predecessor-version":[{"id":14866,"href":"https:\/\/bilbaogazte.bilbao.eus\/es\/wp-json\/wp\/v2\/pages\/14789\/revisions\/14866"}],"wp:attachment":[{"href":"https:\/\/bilbaogazte.bilbao.eus\/es\/wp-json\/wp\/v2\/media?parent=14789"}],"curies":[{"name":"wp","href":"https:\/\/api.w.org\/{rel}","templated":true}]}}