{"id":22574,"date":"2018-07-11T12:20:47","date_gmt":"2018-07-11T10:20:47","guid":{"rendered":"http:\/\/bilbaogazte.bilbao.eus\/es\/?page_id=22574"},"modified":"2018-08-29T11:40:45","modified_gmt":"2018-08-29T09:40:45","slug":"bandas-metal-30","status":"publish","type":"page","link":"https:\/\/bilbaogazte.bilbao.eus\/es\/bandas-metal-30\/","title":{"rendered":"Categor\u00eda Metal"},"content":{"rendered":"<p>[vc_row][vc_column][\/vc_column][\/vc_row][vc_row][vc_column width=\u00bb1\/4&#8243;][vc_empty_space][vc_empty_space][vc_empty_space][vc_single_image image=\u00bb14260&#8243;][\/vc_column][vc_column width=\u00bb1\/4&#8243;][vc_empty_space][vc_empty_space][vc_empty_space][\/vc_column][vc_column width=\u00bb1\/4&#8243;][vc_empty_space][vc_empty_space][vc_empty_space][vc_btn title=\u00bbVer Pop-rock\u00bb style=\u00bbclassic\u00bb color=\u00bbdanger\u00bb align=\u00bbright\u00bb link=\u00bburl:http%3A%2F%2Fbilbaogazte.bilbao.eus%2Fes%2Fbandas-pop-rock-30%2F||target:%20_blank|\u00bb][\/vc_column][vc_column width=\u00bb1\/4&#8243;][vc_empty_space][vc_empty_space][vc_empty_space][vc_btn title=\u00bbVer Urban\u00bb style=\u00bbclassic\u00bb color=\u00bbdanger\u00bb align=\u00bbright\u00bb link=\u00bburl:http%3A%2F%2Fbilbaogazte.bilbao.eus%2Fes%2Fbandas-urban-30%2F||target:%20_blank|\u00bb][\/vc_column][\/vc_row][vc_row][vc_column width=\u00bb1\/4&#8243;][vc_single_image image=\u00bb22576&#8243; img_size=\u00bb200&#215;100&#8243;][vc_tta_accordion active_section=\u00bb3&#8243; title=\u00bbINCURSED<br \/>\n(Bizkaia)\u00bb collapsible_all=\u00bbtrue\u00bb][vc_tta_section title=\u00bbBIO\u00bb tab_id=\u00bb1499255589304-7dbdc6c7-7886&#8243;][vc_column_text]M\u00e1s de diez a\u00f1os de trayectoria ascendente y alabanzas de la cr\u00edtica nacional e internacional jalonan la historia de los vizca\u00ednos. A trav\u00e9s del folk y pagan metal y un directo pulido, divertido y contundente, buscan dar el salto de calidad que les coloque, de una vez por todas, entre los grandes.[\/vc_column_text][\/vc_tta_section][vc_tta_section title=\u00bbRedes Sociales\u00bb tab_id=\u00bb1499255589305-a88b50de-9e58&#8243;][\/vc_tta_section][\/vc_tta_accordion][vc_column_text]<\/p>\n<!--[if lt IE 9]><script>document.createElement('audio');<\/script><![endif]-->\n<audio class=\"wp-audio-shortcode\" id=\"audio-22574-1\" preload=\"none\" style=\"width: 100%;\" controls=\"controls\"><source type=\"audio\/mpeg\" src=\"http:\/\/bilbaogazte.bilbao.eus\/wp-content\/uploads\/2018\/07\/182_1.mp3?_=1\" \/><a href=\"http:\/\/bilbaogazte.bilbao.eus\/wp-content\/uploads\/2018\/07\/182_1.mp3\">http:\/\/bilbaogazte.bilbao.eus\/wp-content\/uploads\/2018\/07\/182_1.mp3<\/a><\/audio>\n<audio class=\"wp-audio-shortcode\" id=\"audio-22574-2\" preload=\"none\" style=\"width: 100%;\" controls=\"controls\"><source type=\"audio\/mpeg\" src=\"http:\/\/bilbaogazte.bilbao.eus\/wp-content\/uploads\/2018\/07\/182_2.mp3?_=2\" \/><a href=\"http:\/\/bilbaogazte.bilbao.eus\/wp-content\/uploads\/2018\/07\/182_2.mp3\">http:\/\/bilbaogazte.bilbao.eus\/wp-content\/uploads\/2018\/07\/182_2.mp3<\/a><\/audio>\n<audio class=\"wp-audio-shortcode\" id=\"audio-22574-3\" preload=\"none\" style=\"width: 100%;\" controls=\"controls\"><source type=\"audio\/mpeg\" src=\"http:\/\/bilbaogazte.bilbao.eus\/wp-content\/uploads\/2018\/07\/182_3.mp3?_=3\" \/><a href=\"http:\/\/bilbaogazte.bilbao.eus\/wp-content\/uploads\/2018\/07\/182_3.mp3\">http:\/\/bilbaogazte.bilbao.eus\/wp-content\/uploads\/2018\/07\/182_3.mp3<\/a><\/audio>\n<p>[\/vc_column_text][\/vc_column][vc_column width=\u00bb1\/4&#8243;][vc_single_image image=\u00bb22601&#8243; img_size=\u00bb200&#215;100&#8243;][vc_tta_accordion active_section=\u00bb3&#8243; title=\u00bbMANIPULATION<br \/>\n(Polonia)\u00bb collapsible_all=\u00bbtrue\u00bb][vc_tta_section title=\u00bbBIO\u00bb tab_id=\u00bb1499255781814-eae4b5fc-d2d7&#8243;][vc_column_text]Los polacos son unos viejos conocidos ya que su death metal sin concesiones fue galardonado en la edici\u00f3n de 2015 con el segundo premio, adem\u00e1s de condecorar a dos de sus integrantes como los mejores bajista y guitarrista de metal. Fundada en 2001, sus letras suelen versar sobre ciencia y anticristianismo.[\/vc_column_text][\/vc_tta_section][vc_tta_section title=\u00bbRedes Sociales\u00bb tab_id=\u00bb1499255781814-65214256-f25f\u00bb][vc_btn title=\u00bbFacebook\u00bb link=\u00bburl:https%3A%2F%2Fwww.facebook.com%2Fmanipulation.net%2F||target:%20_blank|\u00bb][\/vc_tta_section][\/vc_tta_accordion][vc_column_text]<\/p>\n<audio class=\"wp-audio-shortcode\" id=\"audio-22574-4\" preload=\"none\" style=\"width: 100%;\" controls=\"controls\"><source type=\"audio\/mpeg\" src=\"http:\/\/bilbaogazte.bilbao.eus\/wp-content\/uploads\/2018\/07\/309_1.mp3?_=4\" \/><a href=\"http:\/\/bilbaogazte.bilbao.eus\/wp-content\/uploads\/2018\/07\/309_1.mp3\">http:\/\/bilbaogazte.bilbao.eus\/wp-content\/uploads\/2018\/07\/309_1.mp3<\/a><\/audio>\n<audio class=\"wp-audio-shortcode\" id=\"audio-22574-5\" preload=\"none\" style=\"width: 100%;\" controls=\"controls\"><source type=\"audio\/mpeg\" src=\"http:\/\/bilbaogazte.bilbao.eus\/wp-content\/uploads\/2018\/07\/309_2.mp3?_=5\" \/><a href=\"http:\/\/bilbaogazte.bilbao.eus\/wp-content\/uploads\/2018\/07\/309_2.mp3\">http:\/\/bilbaogazte.bilbao.eus\/wp-content\/uploads\/2018\/07\/309_2.mp3<\/a><\/audio>\n<audio class=\"wp-audio-shortcode\" id=\"audio-22574-6\" preload=\"none\" style=\"width: 100%;\" controls=\"controls\"><source type=\"audio\/mpeg\" src=\"http:\/\/bilbaogazte.bilbao.eus\/wp-content\/uploads\/2018\/07\/309_3.mp3?_=6\" \/><a href=\"http:\/\/bilbaogazte.bilbao.eus\/wp-content\/uploads\/2018\/07\/309_3.mp3\">http:\/\/bilbaogazte.bilbao.eus\/wp-content\/uploads\/2018\/07\/309_3.mp3<\/a><\/audio>\n<p>[\/vc_column_text][\/vc_column][vc_column width=\u00bb1\/4&#8243;][vc_single_image image=\u00bb22605&#8243; img_size=\u00bb200&#215;100&#8243;][vc_tta_accordion active_section=\u00bb3&#8243; title=\u00bbMISE EN ABYME<br \/>\n(Gipuzkoa)\u00bb collapsible_all=\u00bbtrue\u00bb][vc_tta_section title=\u00bbBIO\u00bb tab_id=\u00bb1499256443440-c4fdc524-c3a5&#8243;][vc_column_text]Desde Eibar llega una imponente propuesta de metal progresivo instrumental o post-rock. El tr\u00edo bebe sobre todo de subg\u00e9neros del metal y del rock, aunque influenciados tambi\u00e9n por el jazz y la m\u00fasica electr\u00f3nica. Un eclecticismo que se ve reflejado en unas composiciones que transportan desde pasajes buc\u00f3licos a otros mucho m\u00e1s en\u00e9rgicos y feroces a trav\u00e9s de la melod\u00eda.[\/vc_column_text][\/vc_tta_section][vc_tta_section title=\u00bbRedes Sociales\u00bb tab_id=\u00bb1499256443440-c4bd00fd-8c92&#8243;][\/vc_tta_section][\/vc_tta_accordion][vc_column_text]<\/p>\n<audio class=\"wp-audio-shortcode\" id=\"audio-22574-7\" preload=\"none\" style=\"width: 100%;\" controls=\"controls\"><source type=\"audio\/mpeg\" src=\"http:\/\/bilbaogazte.bilbao.eus\/wp-content\/uploads\/2018\/07\/960_1.mp3?_=7\" \/><a href=\"http:\/\/bilbaogazte.bilbao.eus\/wp-content\/uploads\/2018\/07\/960_1.mp3\">http:\/\/bilbaogazte.bilbao.eus\/wp-content\/uploads\/2018\/07\/960_1.mp3<\/a><\/audio>\n<audio class=\"wp-audio-shortcode\" id=\"audio-22574-8\" preload=\"none\" style=\"width: 100%;\" controls=\"controls\"><source type=\"audio\/mpeg\" src=\"http:\/\/bilbaogazte.bilbao.eus\/wp-content\/uploads\/2018\/07\/960_2.mp3?_=8\" \/><a href=\"http:\/\/bilbaogazte.bilbao.eus\/wp-content\/uploads\/2018\/07\/960_2.mp3\">http:\/\/bilbaogazte.bilbao.eus\/wp-content\/uploads\/2018\/07\/960_2.mp3<\/a><\/audio>\n<audio class=\"wp-audio-shortcode\" id=\"audio-22574-9\" preload=\"none\" style=\"width: 100%;\" controls=\"controls\"><source type=\"audio\/mpeg\" src=\"http:\/\/bilbaogazte.bilbao.eus\/wp-content\/uploads\/2018\/07\/960_3.mp3?_=9\" \/><a href=\"http:\/\/bilbaogazte.bilbao.eus\/wp-content\/uploads\/2018\/07\/960_3.mp3\">http:\/\/bilbaogazte.bilbao.eus\/wp-content\/uploads\/2018\/07\/960_3.mp3<\/a><\/audio>\n<p>[\/vc_column_text][\/vc_column][vc_column width=\u00bb1\/4&#8243;][vc_single_image image=\u00bb22629&#8243; img_size=\u00bb200&#215;100&#8243;][vc_tta_accordion active_section=\u00bb3&#8243; title=\u00bbNEXT STEP<br \/>\n(Madrid)\u00bb collapsible_all=\u00bbtrue\u00bb][vc_tta_section title=\u00bbBIO\u00bb tab_id=\u00bb1499256678639-8626c72e-88c9&#8243;][vc_column_text]La banda de rock\/metal madrile\u00f1a transita a medio camino entre el hard rock y el metal alternativo. La formaci\u00f3n siempre deja que la m\u00fasica fluya, no poni\u00e9ndose l\u00edmites en lo estil\u00edstico a la hora de componer, y su estilo est\u00e1 caracterizado por riffs potentes, estribillos mel\u00f3dicos y pegadizos y temas din\u00e1micos y bien arreglados.[\/vc_column_text][\/vc_tta_section][vc_tta_section title=\u00bbRedes Sociales\u00bb tab_id=\u00bb1499256678639-14ba3e78-9b8e\u00bb][vc_btn title=\u00bbFacebook\u00bb link=\u00bburl:https%3A%2F%2Fwww.facebook.com%2Fnextstep.rock%2F||target:%20_blank|\u00bb][\/vc_tta_section][\/vc_tta_accordion][vc_column_text]<\/p>\n<audio class=\"wp-audio-shortcode\" id=\"audio-22574-10\" preload=\"none\" style=\"width: 100%;\" controls=\"controls\"><source type=\"audio\/mpeg\" src=\"http:\/\/bilbaogazte.bilbao.eus\/wp-content\/uploads\/2018\/07\/299_1.mp3?_=10\" \/><a href=\"http:\/\/bilbaogazte.bilbao.eus\/wp-content\/uploads\/2018\/07\/299_1.mp3\">http:\/\/bilbaogazte.bilbao.eus\/wp-content\/uploads\/2018\/07\/299_1.mp3<\/a><\/audio>\n<audio class=\"wp-audio-shortcode\" id=\"audio-22574-11\" preload=\"none\" style=\"width: 100%;\" controls=\"controls\"><source type=\"audio\/mpeg\" src=\"http:\/\/bilbaogazte.bilbao.eus\/wp-content\/uploads\/2018\/07\/299_2.mp3?_=11\" \/><a href=\"http:\/\/bilbaogazte.bilbao.eus\/wp-content\/uploads\/2018\/07\/299_2.mp3\">http:\/\/bilbaogazte.bilbao.eus\/wp-content\/uploads\/2018\/07\/299_2.mp3<\/a><\/audio>\n<audio class=\"wp-audio-shortcode\" id=\"audio-22574-12\" preload=\"none\" style=\"width: 100%;\" controls=\"controls\"><source type=\"audio\/mpeg\" src=\"http:\/\/bilbaogazte.bilbao.eus\/wp-content\/uploads\/2018\/07\/299_3.mp3?_=12\" \/><a href=\"http:\/\/bilbaogazte.bilbao.eus\/wp-content\/uploads\/2018\/07\/299_3.mp3\">http:\/\/bilbaogazte.bilbao.eus\/wp-content\/uploads\/2018\/07\/299_3.mp3<\/a><\/audio>\n<p>[\/vc_column_text][\/vc_column][\/vc_row][vc_row][vc_column width=\u00bb1\/4&#8243;][vc_single_image image=\u00bb22633&#8243; img_size=\u00bb200&#215;100&#8243;][vc_tta_accordion active_section=\u00bb3&#8243; title=\u00bbPERPETUAL NIGHT<br \/>\n(Granada)\u00bb collapsible_all=\u00bbtrue\u00bb][vc_tta_section title=\u00bbBIO\u00bb tab_id=\u00bb1499256991291-b36a2e93-7d58&#8243;][vc_column_text]El sonido de los granadinos se encuentra fuertemente influenciado por el melodeath escandinavo, usando orquestaci\u00f3n para crear atm\u00f3sferas absorbentes, guitarras limpias, contundencia y oscuras melod\u00edas, lo que deviene en una mezcla muy sugerente de death metal mel\u00f3dico y doom con pasajes limpios y ambientales.[\/vc_column_text][\/vc_tta_section][vc_tta_section title=\u00bbRedes Sociales\u00bb tab_id=\u00bb1499256991291-169a3478-d8e2&#8243;][vc_btn title=\u00bbFacebook\u00bb link=\u00bburl:https%3A%2F%2Fwww.facebook.com%2FPerpetualNight%2F||target:%20_blank|\u00bb][\/vc_tta_section][\/vc_tta_accordion][vc_column_text]<\/p>\n<audio class=\"wp-audio-shortcode\" id=\"audio-22574-13\" preload=\"none\" style=\"width: 100%;\" controls=\"controls\"><source type=\"audio\/mpeg\" src=\"http:\/\/bilbaogazte.bilbao.eus\/wp-content\/uploads\/2018\/07\/189_1.mp3?_=13\" \/><a href=\"http:\/\/bilbaogazte.bilbao.eus\/wp-content\/uploads\/2018\/07\/189_1.mp3\">http:\/\/bilbaogazte.bilbao.eus\/wp-content\/uploads\/2018\/07\/189_1.mp3<\/a><\/audio>\n<audio class=\"wp-audio-shortcode\" id=\"audio-22574-14\" preload=\"none\" style=\"width: 100%;\" controls=\"controls\"><source type=\"audio\/mpeg\" src=\"http:\/\/bilbaogazte.bilbao.eus\/wp-content\/uploads\/2018\/07\/189_2.mp3?_=14\" \/><a href=\"http:\/\/bilbaogazte.bilbao.eus\/wp-content\/uploads\/2018\/07\/189_2.mp3\">http:\/\/bilbaogazte.bilbao.eus\/wp-content\/uploads\/2018\/07\/189_2.mp3<\/a><\/audio>\n<audio class=\"wp-audio-shortcode\" id=\"audio-22574-15\" preload=\"none\" style=\"width: 100%;\" controls=\"controls\"><source type=\"audio\/mpeg\" src=\"http:\/\/bilbaogazte.bilbao.eus\/wp-content\/uploads\/2018\/07\/189_3.mp3?_=15\" \/><a href=\"http:\/\/bilbaogazte.bilbao.eus\/wp-content\/uploads\/2018\/07\/189_3.mp3\">http:\/\/bilbaogazte.bilbao.eus\/wp-content\/uploads\/2018\/07\/189_3.mp3<\/a><\/audio>\n<p>[\/vc_column_text][\/vc_column][vc_column width=\u00bb1\/4&#8243;][vc_single_image image=\u00bb22657&#8243; img_size=\u00bb200&#215;100&#8243;][vc_tta_accordion active_section=\u00bb3&#8243; title=\u00bbPHYSIS<br \/>\n(Sevilla)\u00bb collapsible_all=\u00bbtrue\u00bb][vc_tta_section title=\u00bbBIO\u00bb tab_id=\u00bb1499257018532-906b3824-8763&#8243;][vc_column_text]Banda sevillana de metalcore centrada en la t\u00e9cnica y en las progresiones musicales, especialmente indicada para los amantes de la m\u00fasica extrema y de las melod\u00edas armoniosas. Influenciados desde los m\u00edticos August Burns Red hasta Veil of Maya, pasando por Texas In July o Within The Ruins, no cejan en su empe\u00f1o de mostrar un sonido y estilo propios.[\/vc_column_text][\/vc_tta_section][vc_tta_section title=\u00bbRedes Sociales\u00bb tab_id=\u00bb1499257018532-67ef122e-e0f1&#8243;][vc_btn title=\u00bbFacebook\u00bb link=\u00bburl:https%3A%2F%2Fwww.facebook.com%2FPhysismetalcore%2F||target:%20_blank|\u00bb][\/vc_tta_section][\/vc_tta_accordion][vc_column_text]<\/p>\n<audio class=\"wp-audio-shortcode\" id=\"audio-22574-16\" preload=\"none\" style=\"width: 100%;\" controls=\"controls\"><source type=\"audio\/mpeg\" src=\"http:\/\/bilbaogazte.bilbao.eus\/wp-content\/uploads\/2018\/07\/433_1.mp3?_=16\" \/><a href=\"http:\/\/bilbaogazte.bilbao.eus\/wp-content\/uploads\/2018\/07\/433_1.mp3\">http:\/\/bilbaogazte.bilbao.eus\/wp-content\/uploads\/2018\/07\/433_1.mp3<\/a><\/audio>\n<audio class=\"wp-audio-shortcode\" id=\"audio-22574-17\" preload=\"none\" style=\"width: 100%;\" controls=\"controls\"><source type=\"audio\/mpeg\" src=\"http:\/\/bilbaogazte.bilbao.eus\/wp-content\/uploads\/2018\/07\/433_2.mp3?_=17\" \/><a href=\"http:\/\/bilbaogazte.bilbao.eus\/wp-content\/uploads\/2018\/07\/433_2.mp3\">http:\/\/bilbaogazte.bilbao.eus\/wp-content\/uploads\/2018\/07\/433_2.mp3<\/a><\/audio>\n<audio class=\"wp-audio-shortcode\" id=\"audio-22574-18\" preload=\"none\" style=\"width: 100%;\" controls=\"controls\"><source type=\"audio\/mpeg\" src=\"http:\/\/bilbaogazte.bilbao.eus\/wp-content\/uploads\/2018\/07\/433_3.mp3?_=18\" \/><a href=\"http:\/\/bilbaogazte.bilbao.eus\/wp-content\/uploads\/2018\/07\/433_3.mp3\">http:\/\/bilbaogazte.bilbao.eus\/wp-content\/uploads\/2018\/07\/433_3.mp3<\/a><\/audio>\n<p>[\/vc_column_text][\/vc_column][vc_column width=\u00bb1\/4&#8243;][vc_single_image image=\u00bb22672&#8243; img_size=\u00bb200&#215;100&#8243;][vc_tta_accordion active_section=\u00bb3&#8243; title=\u00bbSaltimbankya (Barcelona)\u00bb collapsible_all=\u00bbtrue\u00bb][vc_tta_section title=\u00bbBIO\u00bb tab_id=\u00bb1535535379512-866daf8a-59db\u00bb][vc_column_text]Es una banda de metal sinf\u00f3nico de Barcelona, nacida con la idea de trabajar bajo un concepto de \u00f3pera rock, que narra una historia referida a varios problemas de la sociedad, haciendo especial \u00e9nfasis en el bullying y la violencia de g\u00e9nero. Cada uno de los personajes de este drama circense vive en un contexto en el que la melancol\u00eda, la magia y la oscuridad reinan. La banda ofrece un concierto dramatizado con gui\u00f3n y dramaturgia.[\/vc_column_text][\/vc_tta_section][vc_tta_section title=\u00bbRedes Sociales\u00bb tab_id=\u00bb1535535380270-feb5a2fd-a5e6&#8243;][vc_btn title=\u00bbFacebook\u00bb link=\u00bburl:https%3A%2F%2Fwww.facebook.com%2Fsaltimbankya%2F||target:%20_blank|\u00bb][\/vc_tta_section][\/vc_tta_accordion][vc_column_text]<\/p>\n<audio class=\"wp-audio-shortcode\" id=\"audio-22574-19\" preload=\"none\" style=\"width: 100%;\" controls=\"controls\"><source type=\"audio\/mpeg\" src=\"http:\/\/bilbaogazte.bilbao.eus\/wp-content\/uploads\/2018\/07\/277_1.mp3?_=19\" \/><a href=\"http:\/\/bilbaogazte.bilbao.eus\/wp-content\/uploads\/2018\/07\/277_1.mp3\">http:\/\/bilbaogazte.bilbao.eus\/wp-content\/uploads\/2018\/07\/277_1.mp3<\/a><\/audio>\n<audio class=\"wp-audio-shortcode\" id=\"audio-22574-20\" preload=\"none\" style=\"width: 100%;\" controls=\"controls\"><source type=\"audio\/mpeg\" src=\"http:\/\/bilbaogazte.bilbao.eus\/wp-content\/uploads\/2018\/07\/277_2.mp3?_=20\" \/><a href=\"http:\/\/bilbaogazte.bilbao.eus\/wp-content\/uploads\/2018\/07\/277_2.mp3\">http:\/\/bilbaogazte.bilbao.eus\/wp-content\/uploads\/2018\/07\/277_2.mp3<\/a><\/audio>\n<audio class=\"wp-audio-shortcode\" id=\"audio-22574-21\" preload=\"none\" style=\"width: 100%;\" controls=\"controls\"><source type=\"audio\/mpeg\" src=\"http:\/\/bilbaogazte.bilbao.eus\/wp-content\/uploads\/2018\/07\/277_3.mp3?_=21\" \/><a href=\"http:\/\/bilbaogazte.bilbao.eus\/wp-content\/uploads\/2018\/07\/277_3.mp3\">http:\/\/bilbaogazte.bilbao.eus\/wp-content\/uploads\/2018\/07\/277_3.mp3<\/a><\/audio>\n<p>[\/vc_column_text][\/vc_column][vc_column width=\u00bb1\/4&#8243;][vc_single_image image=\u00bb24125&#8243; img_size=\u00bb200&#215;100&#8243;][vc_tta_accordion active_section=\u00bb3&#8243; title=\u00bbDamned Ritual (Nafarroa)\u00bb collapsible_all=\u00bbtrue\u00bb][vc_tta_section title=\u00bbBIO\u00bb tab_id=\u00bb1531306323075-0c39791c-5081&#8243;][vc_column_text]Banda de death metal fundada en 2016 por miembros, entre otros, de las extintas bandas Allowance y Dead Means Nothing, dos referentes del metal extremo en Nafarroa. El thrash metal y el deathcore tambi\u00e9n son estilos reconocibles en la m\u00fasica de un grupo que irradia energ\u00eda y agresividad.[\/vc_column_text][\/vc_tta_section][vc_tta_section title=\u00bbRedes Sociales\u00bb tab_id=\u00bb1531306324643-a62f3ef2-38d2&#8243;][\/vc_tta_section][\/vc_tta_accordion][vc_column_text]<\/p>\n<audio class=\"wp-audio-shortcode\" id=\"audio-22574-22\" preload=\"none\" style=\"width: 100%;\" controls=\"controls\"><source type=\"audio\/mpeg\" src=\"http:\/\/bilbaogazte.bilbao.eus\/wp-content\/uploads\/2018\/08\/584_1.mp3?_=22\" \/><a href=\"http:\/\/bilbaogazte.bilbao.eus\/wp-content\/uploads\/2018\/08\/584_1.mp3\">http:\/\/bilbaogazte.bilbao.eus\/wp-content\/uploads\/2018\/08\/584_1.mp3<\/a><\/audio>\n<audio class=\"wp-audio-shortcode\" id=\"audio-22574-23\" preload=\"none\" style=\"width: 100%;\" controls=\"controls\"><source type=\"audio\/mpeg\" src=\"http:\/\/bilbaogazte.bilbao.eus\/wp-content\/uploads\/2018\/08\/584_2.mp3?_=23\" \/><a href=\"http:\/\/bilbaogazte.bilbao.eus\/wp-content\/uploads\/2018\/08\/584_2.mp3\">http:\/\/bilbaogazte.bilbao.eus\/wp-content\/uploads\/2018\/08\/584_2.mp3<\/a><\/audio>\n<audio class=\"wp-audio-shortcode\" id=\"audio-22574-24\" preload=\"none\" style=\"width: 100%;\" controls=\"controls\"><source type=\"audio\/mpeg\" src=\"http:\/\/bilbaogazte.bilbao.eus\/wp-content\/uploads\/2018\/08\/584_3.mp3?_=24\" \/><a href=\"http:\/\/bilbaogazte.bilbao.eus\/wp-content\/uploads\/2018\/08\/584_3.mp3\">http:\/\/bilbaogazte.bilbao.eus\/wp-content\/uploads\/2018\/08\/584_3.mp3<\/a><\/audio>\n<p>[\/vc_column_text][\/vc_column][\/vc_row]<\/p>\n","protected":false},"excerpt":{"rendered":"<p class=\"entry-summary\">[vc_column&hellip;<\/p>\n<div class=\"link-more\"><a href=\"https:\/\/bilbaogazte.bilbao.eus\/es\/bandas-metal-30\/\" class=\"more-link\">Continue reading<span class=\"screen-reader-text\"> &ldquo;Categor\u00eda Metal&rdquo;<\/span>&hellip;<\/a><\/div>","protected":false},"author":65,"featured_media":0,"parent":0,"menu_order":0,"comment_status":"closed","ping_status":"closed","template":"","meta":{"_monsterinsights_skip_tracking":false,"_monsterinsights_sitenote_active":false,"_monsterinsights_sitenote_note":"","_monsterinsights_sitenote_category":0,"footnotes":""},"_links":{"self":[{"href":"https:\/\/bilbaogazte.bilbao.eus\/es\/wp-json\/wp\/v2\/pages\/22574"}],"collection":[{"href":"https:\/\/bilbaogazte.bilbao.eus\/es\/wp-json\/wp\/v2\/pages"}],"about":[{"href":"https:\/\/bilbaogazte.bilbao.eus\/es\/wp-json\/wp\/v2\/types\/page"}],"author":[{"embeddable":true,"href":"https:\/\/bilbaogazte.bilbao.eus\/es\/wp-json\/wp\/v2\/users\/65"}],"replies":[{"embeddable":true,"href":"https:\/\/bilbaogazte.bilbao.eus\/es\/wp-json\/wp\/v2\/comments?post=22574"}],"version-history":[{"count":16,"href":"https:\/\/bilbaogazte.bilbao.eus\/es\/wp-json\/wp\/v2\/pages\/22574\/revisions"}],"predecessor-version":[{"id":24138,"href":"https:\/\/bilbaogazte.bilbao.eus\/es\/wp-json\/wp\/v2\/pages\/22574\/revisions\/24138"}],"wp:attachment":[{"href":"https:\/\/bilbaogazte.bilbao.eus\/es\/wp-json\/wp\/v2\/media?parent=22574"}],"curies":[{"name":"wp","href":"https:\/\/api.w.org\/{rel}","templated":true}]}}