{"id":22692,"date":"2018-07-11T13:15:10","date_gmt":"2018-07-11T11:15:10","guid":{"rendered":"http:\/\/bilbaogazte.bilbao.eus\/es\/?page_id=22692"},"modified":"2018-07-12T11:14:35","modified_gmt":"2018-07-12T09:14:35","slug":"bandas-urban-30","status":"publish","type":"page","link":"https:\/\/bilbaogazte.bilbao.eus\/es\/bandas-urban-30\/","title":{"rendered":"Categor\u00eda Urban"},"content":{"rendered":"<p>[vc_row][vc_column width=\u00bb1\/4&#8243;][vc_empty_space][vc_empty_space][vc_empty_space][vc_single_image image=\u00bb22698&#8243;][\/vc_column][vc_column width=\u00bb1\/4&#8243;][vc_empty_space][vc_empty_space][vc_empty_space][\/vc_column][vc_column width=\u00bb1\/4&#8243;][vc_empty_space][vc_empty_space][vc_empty_space][vc_btn title=\u00bbVer Pop rock\u00bb style=\u00bbclassic\u00bb color=\u00bbdanger\u00bb align=\u00bbright\u00bb link=\u00bburl:http%3A%2F%2Fbilbaogazte.bilbao.eus%2Fes%2Fbandas-pop-rock-30%2F||target:%20_blank|\u00bb][\/vc_column][vc_column width=\u00bb1\/4&#8243;][vc_empty_space][vc_empty_space][vc_empty_space][vc_btn title=\u00bbVer Metal\u00bb style=\u00bbclassic\u00bb color=\u00bbdanger\u00bb align=\u00bbright\u00bb link=\u00bburl:http%3A%2F%2Fbilbaogazte.bilbao.eus%2Fes%2Fbandas-metal-30%2F||target:%20_blank|\u00bb][\/vc_column][\/vc_row][vc_row][vc_column width=\u00bb1\/4&#8243;][vc_single_image image=\u00bb22704&#8243; img_size=\u00bb200&#215;100&#8243;][vc_tta_accordion active_section=\u00bb3&#8243; title=\u00bbBEATLOVE<br \/>\n(Sevilla)\u00bb no_fill=\u00bbtrue\u00bb collapsible_all=\u00bbtrue\u00bb][vc_tta_section title=\u00bbBIO\u00bb tab_id=\u00bb1499253998631-1288c84f-19d4&#8243;][vc_column_text]BeatLove es un d\u00fao sevillano de m\u00fasica pop electr\u00f3nica, formado en 2009 por Benjam\u00edn Jim\u00e9nez y Myriam Fern\u00e1ndez. Desde que empezaron han compartido varios trabajos a trav\u00e9s de netlabels, con los que cosecharon una muy buena acogida en la red. Su nombre, como bien indica, proviene de una explosiva mezcla de amor y ritmo. En su m\u00fasica destacan las melod\u00edas \u00edntimas, las texturas emotivas, y sus c\u00e1lidos juegos vocales.[\/vc_column_text][\/vc_tta_section][vc_tta_section title=\u00bbRedes Sociales\u00bb tab_id=\u00bb1499253998631-fd6f6c3b-4f11&#8243;][vc_btn title=\u00bbFacebook\u00bb link=\u00bburl:https%3A%2F%2Fwww.facebook.com%2Fthebeatlove||target:%20_blank|\u00bb][vc_btn title=\u00bbTwitter\u00bb link=\u00bburl:https%3A%2F%2Ftwitter.com%2FWeBeatLove||target:%20_blank|\u00bb][vc_btn title=\u00bbYoutube\u00bb link=\u00bburl:https%3A%2F%2Fwww.youtube.com%2Fuser%2FWeBeatLove||target:%20_blank|\u00bb][\/vc_tta_section][\/vc_tta_accordion][vc_column_text]<\/p>\n<!--[if lt IE 9]><script>document.createElement('audio');<\/script><![endif]-->\n<audio class=\"wp-audio-shortcode\" id=\"audio-22692-1\" preload=\"none\" style=\"width: 100%;\" controls=\"controls\"><source type=\"audio\/mpeg\" src=\"http:\/\/bilbaogazte.bilbao.eus\/wp-content\/uploads\/2018\/07\/50_1.mp3?_=1\" \/><a href=\"http:\/\/bilbaogazte.bilbao.eus\/wp-content\/uploads\/2018\/07\/50_1.mp3\">http:\/\/bilbaogazte.bilbao.eus\/wp-content\/uploads\/2018\/07\/50_1.mp3<\/a><\/audio>\n<audio class=\"wp-audio-shortcode\" id=\"audio-22692-2\" preload=\"none\" style=\"width: 100%;\" controls=\"controls\"><source type=\"audio\/mpeg\" src=\"http:\/\/bilbaogazte.bilbao.eus\/wp-content\/uploads\/2018\/07\/50_2.mp3?_=2\" \/><a href=\"http:\/\/bilbaogazte.bilbao.eus\/wp-content\/uploads\/2018\/07\/50_2.mp3\">http:\/\/bilbaogazte.bilbao.eus\/wp-content\/uploads\/2018\/07\/50_2.mp3<\/a><\/audio>\n<audio class=\"wp-audio-shortcode\" id=\"audio-22692-3\" preload=\"none\" style=\"width: 100%;\" controls=\"controls\"><source type=\"audio\/mpeg\" src=\"http:\/\/bilbaogazte.bilbao.eus\/wp-content\/uploads\/2018\/07\/50_3.mp3?_=3\" \/><a href=\"http:\/\/bilbaogazte.bilbao.eus\/wp-content\/uploads\/2018\/07\/50_3.mp3\">http:\/\/bilbaogazte.bilbao.eus\/wp-content\/uploads\/2018\/07\/50_3.mp3<\/a><\/audio>\n<p>[\/vc_column_text][\/vc_column][vc_column width=\u00bb1\/4&#8243;][vc_single_image image=\u00bb22728&#8243; img_size=\u00bb200&#215;100&#8243;][vc_tta_accordion active_section=\u00bb3&#8243; title=\u00bbBOYANKA KOSTOVA<br \/>\n(A Coru\u00f1a)\u00bb no_fill=\u00bbtrue\u00bb collapsible_all=\u00bbtrue\u00bb][vc_tta_section title=\u00bbBIO\u00bb tab_id=\u00bb1504264208327-812ae53a-4b5a\u00bb][vc_column_text]Boyanka Kostova est\u00e1 considerado como el primer grupo de trap en gallego, aunque su m\u00fasica, con sus bases hipn\u00f3ticas y su flow costumbrista, es universal. En 2018 publican su primer EP, compuesto de 5 temas tan realistas como la vida misma, desbordantes de iron\u00eda, y que incluso rozan la parodia de los esquemas sonoros y l\u00edricos del trap imperante. Sus conciertos, como ya han demostrado a lo largo y ancho de la pen\u00ednsula, son un aut\u00e9ntico delirio.[\/vc_column_text][\/vc_tta_section][vc_tta_section title=\u00bbRedes Sociales\u00bb tab_id=\u00bb1504264208817-a56547ce-a77a\u00bb][\/vc_tta_section][\/vc_tta_accordion][vc_column_text]<\/p>\n<audio class=\"wp-audio-shortcode\" id=\"audio-22692-4\" preload=\"none\" style=\"width: 100%;\" controls=\"controls\"><source type=\"audio\/mpeg\" src=\"http:\/\/bilbaogazte.bilbao.eus\/wp-content\/uploads\/2018\/07\/252_1.mp3?_=4\" \/><a href=\"http:\/\/bilbaogazte.bilbao.eus\/wp-content\/uploads\/2018\/07\/252_1.mp3\">http:\/\/bilbaogazte.bilbao.eus\/wp-content\/uploads\/2018\/07\/252_1.mp3<\/a><\/audio>\n<audio class=\"wp-audio-shortcode\" id=\"audio-22692-5\" preload=\"none\" style=\"width: 100%;\" controls=\"controls\"><source type=\"audio\/mpeg\" src=\"http:\/\/bilbaogazte.bilbao.eus\/wp-content\/uploads\/2018\/07\/252_2.mp3?_=5\" \/><a href=\"http:\/\/bilbaogazte.bilbao.eus\/wp-content\/uploads\/2018\/07\/252_2.mp3\">http:\/\/bilbaogazte.bilbao.eus\/wp-content\/uploads\/2018\/07\/252_2.mp3<\/a><\/audio>\n<audio class=\"wp-audio-shortcode\" id=\"audio-22692-6\" preload=\"none\" style=\"width: 100%;\" controls=\"controls\"><source type=\"audio\/mpeg\" src=\"http:\/\/bilbaogazte.bilbao.eus\/wp-content\/uploads\/2018\/07\/252_3.mp3?_=6\" \/><a href=\"http:\/\/bilbaogazte.bilbao.eus\/wp-content\/uploads\/2018\/07\/252_3.mp3\">http:\/\/bilbaogazte.bilbao.eus\/wp-content\/uploads\/2018\/07\/252_3.mp3<\/a><\/audio>\n<p>[\/vc_column_text][\/vc_column][vc_column width=\u00bb1\/4&#8243;][vc_single_image image=\u00bb22743&#8243; img_size=\u00bb200&#215;100&#8243;][vc_tta_accordion active_section=\u00bb3&#8243; title=\u00bbEL PRINCE<br \/>\n(Valencia)\u00bb collapsible_all=\u00bbtrue\u00bb][vc_tta_section title=\u00bbBIO\u00bb tab_id=\u00bb1499254219410-420b53b2-5fa3&#8243;][vc_column_text]\u201cEl Pr\u00ednce\u201d es el proyecto personal creado en 2018 por el valenciano Jaime Llorens, con la ayuda de Alex Vidal ($MAKINA$), basado en el movimiento urban m\u00e1s pujante, y en g\u00e9neros como el Trap, el Pop y el RnB. Surge como una necesidad, tras varios a\u00f1os estudiando en conservatorios para ser baterista de Jazz, como parte de una b\u00fasqueda de un sonido m\u00e1s actual, no exento de calidad, con el que expresar su manera de ver el mundo.[\/vc_column_text][\/vc_tta_section][vc_tta_section title=\u00bbRedes Sociales\u00bb tab_id=\u00bb1499254219410-0c5c76bc-7eab\u00bb][\/vc_tta_section][\/vc_tta_accordion][vc_column_text]<\/p>\n<audio class=\"wp-audio-shortcode\" id=\"audio-22692-7\" preload=\"none\" style=\"width: 100%;\" controls=\"controls\"><source type=\"audio\/mpeg\" src=\"http:\/\/bilbaogazte.bilbao.eus\/wp-content\/uploads\/2018\/07\/591_1.mp3?_=7\" \/><a href=\"http:\/\/bilbaogazte.bilbao.eus\/wp-content\/uploads\/2018\/07\/591_1.mp3\">http:\/\/bilbaogazte.bilbao.eus\/wp-content\/uploads\/2018\/07\/591_1.mp3<\/a><\/audio>\n<audio class=\"wp-audio-shortcode\" id=\"audio-22692-8\" preload=\"none\" style=\"width: 100%;\" controls=\"controls\"><source type=\"audio\/mpeg\" src=\"http:\/\/bilbaogazte.bilbao.eus\/wp-content\/uploads\/2018\/07\/591_2.mp3?_=8\" \/><a href=\"http:\/\/bilbaogazte.bilbao.eus\/wp-content\/uploads\/2018\/07\/591_2.mp3\">http:\/\/bilbaogazte.bilbao.eus\/wp-content\/uploads\/2018\/07\/591_2.mp3<\/a><\/audio>\n<audio class=\"wp-audio-shortcode\" id=\"audio-22692-9\" preload=\"none\" style=\"width: 100%;\" controls=\"controls\"><source type=\"audio\/mpeg\" src=\"http:\/\/bilbaogazte.bilbao.eus\/wp-content\/uploads\/2018\/07\/591_3.mp3?_=9\" \/><a href=\"http:\/\/bilbaogazte.bilbao.eus\/wp-content\/uploads\/2018\/07\/591_3.mp3\">http:\/\/bilbaogazte.bilbao.eus\/wp-content\/uploads\/2018\/07\/591_3.mp3<\/a><\/audio>\n<p>[\/vc_column_text][\/vc_column][vc_column width=\u00bb1\/4&#8243;][vc_single_image image=\u00bb22746&#8243; img_size=\u00bb200&#215;100&#8243;][vc_tta_accordion active_section=\u00bb3&#8243; title=\u00bbESTEBAN &amp; MANUEL<br \/>\n(A Coru\u00f1a)\u00bb collapsible_all=\u00bbtrue\u00bb][vc_tta_section title=\u00bbBIO\u00bb tab_id=\u00bb1499255007404-a4f2d2f5-4417&#8243;][vc_column_text]Armados con su caja de ritmos, teclado y guitarra, los gallegos Esteban y Manuel est\u00e1n siendo una de las sorpresas de la escena musical estatal independiente. En 2017 empezaron a darse a conocer, y este 2018 est\u00e1n arrasando all\u00e1 donde van. Y es que este d\u00fao sin complejos, presume de una inusitada transversalidad, que consiguen gracias su inclasificable cocktail sonoro, que bebe de algunos de los estilos musicales latinos de lo m\u00e1s bailables, como la cumbia o el merengue.[\/vc_column_text][\/vc_tta_section][vc_tta_section title=\u00bbRedes Sociales\u00bb tab_id=\u00bb1499255007405-1b5049ee-1830&#8243;][\/vc_tta_section][\/vc_tta_accordion][vc_column_text]<\/p>\n<audio class=\"wp-audio-shortcode\" id=\"audio-22692-10\" preload=\"none\" style=\"width: 100%;\" controls=\"controls\"><source type=\"audio\/mpeg\" src=\"http:\/\/bilbaogazte.bilbao.eus\/wp-content\/uploads\/2018\/07\/251_1.mp3?_=10\" \/><a href=\"http:\/\/bilbaogazte.bilbao.eus\/wp-content\/uploads\/2018\/07\/251_1.mp3\">http:\/\/bilbaogazte.bilbao.eus\/wp-content\/uploads\/2018\/07\/251_1.mp3<\/a><\/audio>\n<audio class=\"wp-audio-shortcode\" id=\"audio-22692-11\" preload=\"none\" style=\"width: 100%;\" controls=\"controls\"><source type=\"audio\/mpeg\" src=\"http:\/\/bilbaogazte.bilbao.eus\/wp-content\/uploads\/2018\/07\/251_2.mp3?_=11\" \/><a href=\"http:\/\/bilbaogazte.bilbao.eus\/wp-content\/uploads\/2018\/07\/251_2.mp3\">http:\/\/bilbaogazte.bilbao.eus\/wp-content\/uploads\/2018\/07\/251_2.mp3<\/a><\/audio>\n<audio class=\"wp-audio-shortcode\" id=\"audio-22692-12\" preload=\"none\" style=\"width: 100%;\" controls=\"controls\"><source type=\"audio\/mpeg\" src=\"http:\/\/bilbaogazte.bilbao.eus\/wp-content\/uploads\/2018\/07\/251_3.mp3?_=12\" \/><a href=\"http:\/\/bilbaogazte.bilbao.eus\/wp-content\/uploads\/2018\/07\/251_3.mp3\">http:\/\/bilbaogazte.bilbao.eus\/wp-content\/uploads\/2018\/07\/251_3.mp3<\/a><\/audio>\n<p>[\/vc_column_text][\/vc_column][\/vc_row][vc_row][vc_column width=\u00bb1\/4&#8243;][vc_single_image image=\u00bb22759&#8243; img_size=\u00bb200&#215;100&#8243;][vc_tta_accordion active_section=\u00bb3&#8243; title=\u00bbKVALVIKA<br \/>\n(Gipuzkoa)\u00bb no_fill=\u00bbtrue\u00bb collapsible_all=\u00bbtrue\u00bb][vc_tta_section title=\u00bbBIO\u00bb tab_id=\u00bb1531309068517-3cfd90a1-0358&#8243;][vc_column_text]Kvalvika, nombre de una playa entre monta\u00f1as situada en las Islas Lofoten de Noruega, es el proyecto musical del Eibarr\u00e9s David Karba. En este se mezclan sonidos ambientales naturales, con sintetizadores, cajas de ritmos e instrumentos reales, para lograr un sonido entre el drone y el ambient, con algunos momentos de corte m\u00e1s post rocker.[\/vc_column_text][\/vc_tta_section][vc_tta_section title=\u00bbRedes Sociales\u00bb tab_id=\u00bb1531309068969-8d43f0fb-86c8&#8243;][\/vc_tta_section][\/vc_tta_accordion][vc_column_text]<\/p>\n<audio class=\"wp-audio-shortcode\" id=\"audio-22692-13\" preload=\"none\" style=\"width: 100%;\" controls=\"controls\"><source type=\"audio\/mpeg\" src=\"http:\/\/bilbaogazte.bilbao.eus\/wp-content\/uploads\/2018\/07\/477_1.mp3?_=13\" \/><a href=\"http:\/\/bilbaogazte.bilbao.eus\/wp-content\/uploads\/2018\/07\/477_1.mp3\">http:\/\/bilbaogazte.bilbao.eus\/wp-content\/uploads\/2018\/07\/477_1.mp3<\/a><\/audio>\n<audio class=\"wp-audio-shortcode\" id=\"audio-22692-14\" preload=\"none\" style=\"width: 100%;\" controls=\"controls\"><source type=\"audio\/mpeg\" src=\"http:\/\/bilbaogazte.bilbao.eus\/wp-content\/uploads\/2018\/07\/477_2.mp3?_=14\" \/><a href=\"http:\/\/bilbaogazte.bilbao.eus\/wp-content\/uploads\/2018\/07\/477_2.mp3\">http:\/\/bilbaogazte.bilbao.eus\/wp-content\/uploads\/2018\/07\/477_2.mp3<\/a><\/audio>\n<audio class=\"wp-audio-shortcode\" id=\"audio-22692-15\" preload=\"none\" style=\"width: 100%;\" controls=\"controls\"><source type=\"audio\/mpeg\" src=\"http:\/\/bilbaogazte.bilbao.eus\/wp-content\/uploads\/2018\/07\/477_3.mp3?_=15\" \/><a href=\"http:\/\/bilbaogazte.bilbao.eus\/wp-content\/uploads\/2018\/07\/477_3.mp3\">http:\/\/bilbaogazte.bilbao.eus\/wp-content\/uploads\/2018\/07\/477_3.mp3<\/a><\/audio>\n<p>[\/vc_column_text][\/vc_column][vc_column width=\u00bb1\/4&#8243;][vc_single_image image=\u00bb22783&#8243; img_size=\u00bb200&#215;100&#8243;][vc_tta_accordion active_section=\u00bb3&#8243; title=\u00bbSHINTOMA<br \/>\n(Bizkaia)\u00bb no_fill=\u00bbtrue\u00bb collapsible_all=\u00bbtrue\u00bb][vc_tta_section title=\u00bbBIO\u00bb tab_id=\u00bb1531309070911-1b40dd99-2893&#8243;][vc_column_text]Shintoma es uno de los Mcs m\u00e1s experimentados de la escena del norte de la pen\u00ednsula. Ha compartido escenario con algunos de los artistas m\u00e1s relevantes del panorama estatal, y est\u00e1 curtido en mil batallas, ganando muchas de ellas, demostrando siempre su versatilidad a la hora de adaptarse a los nuevos retos. En sus directos junto a DJ Zeus, se respira Hip Hop en plena esencia, con un sonido Urban que destaca sobre ritmos de Trap, R&amp;B, Soul y, c\u00f3mo no, Rap.[\/vc_column_text][\/vc_tta_section][vc_tta_section title=\u00bbRedes Sociales\u00bb tab_id=\u00bb1531309071462-0591d4c8-9f60&#8243;][vc_btn title=\u00bbFacebook\u00bb link=\u00bburl:https%3A%2F%2Fwww.facebook.com%2FSHINTOMAOFFICIAL||target:%20_blank|\u00bb][vc_btn title=\u00bbTwitter\u00bb link=\u00bburl:https%3A%2F%2Ftwitter.com%2F_ELSHINTOMA_||target:%20_blank|\u00bb][vc_btn title=\u00bbYoutube\u00bb link=\u00bburl:https%3A%2F%2Fwww.youtube.com%2Fuser%2FSHINTOMAOFFICIAL%2F||target:%20_blank|\u00bb][\/vc_tta_section][\/vc_tta_accordion][vc_column_text]<\/p>\n<audio class=\"wp-audio-shortcode\" id=\"audio-22692-16\" preload=\"none\" style=\"width: 100%;\" controls=\"controls\"><source type=\"audio\/mpeg\" src=\"http:\/\/bilbaogazte.bilbao.eus\/wp-content\/uploads\/2018\/07\/96_1.mp3?_=16\" \/><a href=\"http:\/\/bilbaogazte.bilbao.eus\/wp-content\/uploads\/2018\/07\/96_1.mp3\">http:\/\/bilbaogazte.bilbao.eus\/wp-content\/uploads\/2018\/07\/96_1.mp3<\/a><\/audio>\n<audio class=\"wp-audio-shortcode\" id=\"audio-22692-17\" preload=\"none\" style=\"width: 100%;\" controls=\"controls\"><source type=\"audio\/mpeg\" src=\"http:\/\/bilbaogazte.bilbao.eus\/wp-content\/uploads\/2018\/07\/96_2.mp3?_=17\" \/><a href=\"http:\/\/bilbaogazte.bilbao.eus\/wp-content\/uploads\/2018\/07\/96_2.mp3\">http:\/\/bilbaogazte.bilbao.eus\/wp-content\/uploads\/2018\/07\/96_2.mp3<\/a><\/audio>\n<audio class=\"wp-audio-shortcode\" id=\"audio-22692-18\" preload=\"none\" style=\"width: 100%;\" controls=\"controls\"><source type=\"audio\/mpeg\" src=\"http:\/\/bilbaogazte.bilbao.eus\/wp-content\/uploads\/2018\/07\/96_3.mp3?_=18\" \/><a href=\"http:\/\/bilbaogazte.bilbao.eus\/wp-content\/uploads\/2018\/07\/96_3.mp3\">http:\/\/bilbaogazte.bilbao.eus\/wp-content\/uploads\/2018\/07\/96_3.mp3<\/a><\/audio>\n<p>[\/vc_column_text][\/vc_column][vc_column width=\u00bb1\/4&#8243;][vc_single_image image=\u00bb22787&#8243; img_size=\u00bb200&#215;100&#8243;][vc_tta_accordion active_section=\u00bb3&#8243; title=\u00bbTTUN TTUN BRIGADE<br \/>\n(Gipuzkoa)\u00bb collapsible_all=\u00bbtrue\u00bb][vc_tta_section title=\u00bbBIO\u00bb tab_id=\u00bb1531309073014-12b829d2-0725&#8243;][vc_column_text]Ttun Ttun Brigade es una banda de pop electr\u00f3nico formada en 2015 en Bergara (Gipuzkoa), o como ellos mismos dicen \u201cEusko Electropop Sinfonico\u201d. Hacen su m\u00fasica por ordenador y a esta le a\u00f1aden voz y coros. Tienen letras de humor y bastante sinverg\u00fcenzas, no hay m\u00e1s que ver los t\u00edtulos de las canciones: En la sidrer\u00eda si, Tolosa y Euzkitze, Guiris en Zarauz, Urkullu is a robot&#8230;[\/vc_column_text][\/vc_tta_section][vc_tta_section title=\u00bbRedes Sociales\u00bb tab_id=\u00bb1531309073704-c2d1b7f8-d540&#8243;][vc_btn title=\u00bbTwitter\u00bb link=\u00bburl:https%3A%2F%2Ftwitter.com%2Fttunttunbrigade||target:%20_blank|\u00bb][\/vc_tta_section][\/vc_tta_accordion][vc_column_text]<\/p>\n<audio class=\"wp-audio-shortcode\" id=\"audio-22692-19\" preload=\"none\" style=\"width: 100%;\" controls=\"controls\"><source type=\"audio\/mpeg\" src=\"http:\/\/bilbaogazte.bilbao.eus\/wp-content\/uploads\/2018\/07\/667_1.mp3?_=19\" \/><a href=\"http:\/\/bilbaogazte.bilbao.eus\/wp-content\/uploads\/2018\/07\/667_1.mp3\">http:\/\/bilbaogazte.bilbao.eus\/wp-content\/uploads\/2018\/07\/667_1.mp3<\/a><\/audio>\n<audio class=\"wp-audio-shortcode\" id=\"audio-22692-20\" preload=\"none\" style=\"width: 100%;\" controls=\"controls\"><source type=\"audio\/mpeg\" src=\"http:\/\/bilbaogazte.bilbao.eus\/wp-content\/uploads\/2018\/07\/667_2.mp3?_=20\" \/><a href=\"http:\/\/bilbaogazte.bilbao.eus\/wp-content\/uploads\/2018\/07\/667_2.mp3\">http:\/\/bilbaogazte.bilbao.eus\/wp-content\/uploads\/2018\/07\/667_2.mp3<\/a><\/audio>\n<audio class=\"wp-audio-shortcode\" id=\"audio-22692-21\" preload=\"none\" style=\"width: 100%;\" controls=\"controls\"><source type=\"audio\/mpeg\" src=\"http:\/\/bilbaogazte.bilbao.eus\/wp-content\/uploads\/2018\/07\/667_3.mp3?_=21\" \/><a href=\"http:\/\/bilbaogazte.bilbao.eus\/wp-content\/uploads\/2018\/07\/667_3.mp3\">http:\/\/bilbaogazte.bilbao.eus\/wp-content\/uploads\/2018\/07\/667_3.mp3<\/a><\/audio>\n<p>[\/vc_column_text][\/vc_column][vc_column width=\u00bb1\/4&#8243;][vc_single_image image=\u00bb22805&#8243; img_size=\u00bb200&#215;100&#8243;][vc_tta_accordion active_section=\u00bb3&#8243; title=\u00bb VVV `{`TRIPPIN&#8217;YOU`}`<br \/>\n(Madrid)\u00bb collapsible_all=\u00bbtrue\u00bb][vc_tta_section title=\u00bbBIO\u00bb tab_id=\u00bb1531309075425-06c9517d-8413&#8243;][vc_column_text]VVV (Trippin&#8217;You) son una banda madrile\u00f1a formada Adrian Bremner, Elinor Almenara y Meursault. Acaban de publicar esta primavera \u201cL\u2019Ennui\u201c, el primer single de su pr\u00f3ximo LP, editado gracias a haber ganado el concurso de maquetas Autoplacer 2017. Este trabajo, que definen como \u201cuna alegor\u00eda a la furia sobre la tristeza, y el bacalao sobre el fr\u00edo\u00bb, demuestra como el talento joven puede ser fresco y tener hondas ra\u00edces, m\u00e1s all\u00e1 del manido Trap y sus suced\u00e1neos.[\/vc_column_text][\/vc_tta_section][vc_tta_section title=\u00bbRedes Sociales\u00bb tab_id=\u00bb1531309076109-890502f6-e45a\u00bb][vc_btn title=\u00bbFacebook\u00bb link=\u00bburl:https%3A%2F%2Fwww.facebook.com%2FVVVTrippinYou%2F||target:%20_blank|\u00bb][\/vc_tta_section][\/vc_tta_accordion][vc_column_text]<\/p>\n<audio class=\"wp-audio-shortcode\" id=\"audio-22692-22\" preload=\"none\" style=\"width: 100%;\" controls=\"controls\"><source type=\"audio\/mpeg\" src=\"http:\/\/bilbaogazte.bilbao.eus\/wp-content\/uploads\/2018\/07\/429_1.mp3?_=22\" \/><a href=\"http:\/\/bilbaogazte.bilbao.eus\/wp-content\/uploads\/2018\/07\/429_1.mp3\">http:\/\/bilbaogazte.bilbao.eus\/wp-content\/uploads\/2018\/07\/429_1.mp3<\/a><\/audio>\n<audio class=\"wp-audio-shortcode\" id=\"audio-22692-23\" preload=\"none\" style=\"width: 100%;\" controls=\"controls\"><source type=\"audio\/mpeg\" src=\"http:\/\/bilbaogazte.bilbao.eus\/wp-content\/uploads\/2018\/07\/429_2.mp3?_=23\" \/><a href=\"http:\/\/bilbaogazte.bilbao.eus\/wp-content\/uploads\/2018\/07\/429_2.mp3\">http:\/\/bilbaogazte.bilbao.eus\/wp-content\/uploads\/2018\/07\/429_2.mp3<\/a><\/audio>\n<audio class=\"wp-audio-shortcode\" id=\"audio-22692-24\" preload=\"none\" style=\"width: 100%;\" controls=\"controls\"><source type=\"audio\/mpeg\" src=\"http:\/\/bilbaogazte.bilbao.eus\/wp-content\/uploads\/2018\/07\/429_3.mp3?_=24\" \/><a href=\"http:\/\/bilbaogazte.bilbao.eus\/wp-content\/uploads\/2018\/07\/429_3.mp3\">http:\/\/bilbaogazte.bilbao.eus\/wp-content\/uploads\/2018\/07\/429_3.mp3<\/a><\/audio>\n<p>[\/vc_column_text][\/vc_column][\/vc_row]<\/p>\n","protected":false},"excerpt":{"rendered":"<p class=\"entry-summary\">[vc_btn title=\u00bbVer Metal\u00bb style=\u00bbclassic\u00bb color=\u00bbdanger\u00bb align=\u00bbright\u00bb&hellip;<\/p>\n<div class=\"link-more\"><a href=\"https:\/\/bilbaogazte.bilbao.eus\/es\/bandas-urban-30\/\" class=\"more-link\">Continue reading<span class=\"screen-reader-text\"> &ldquo;Categor\u00eda Urban&rdquo;<\/span>&hellip;<\/a><\/div>","protected":false},"author":65,"featured_media":0,"parent":0,"menu_order":0,"comment_status":"closed","ping_status":"closed","template":"","meta":{"_monsterinsights_skip_tracking":false,"_monsterinsights_sitenote_active":false,"_monsterinsights_sitenote_note":"","_monsterinsights_sitenote_category":0,"footnotes":""},"_links":{"self":[{"href":"https:\/\/bilbaogazte.bilbao.eus\/es\/wp-json\/wp\/v2\/pages\/22692"}],"collection":[{"href":"https:\/\/bilbaogazte.bilbao.eus\/es\/wp-json\/wp\/v2\/pages"}],"about":[{"href":"https:\/\/bilbaogazte.bilbao.eus\/es\/wp-json\/wp\/v2\/types\/page"}],"author":[{"embeddable":true,"href":"https:\/\/bilbaogazte.bilbao.eus\/es\/wp-json\/wp\/v2\/users\/65"}],"replies":[{"embeddable":true,"href":"https:\/\/bilbaogazte.bilbao.eus\/es\/wp-json\/wp\/v2\/comments?post=22692"}],"version-history":[{"count":12,"href":"https:\/\/bilbaogazte.bilbao.eus\/es\/wp-json\/wp\/v2\/pages\/22692\/revisions"}],"predecessor-version":[{"id":22845,"href":"https:\/\/bilbaogazte.bilbao.eus\/es\/wp-json\/wp\/v2\/pages\/22692\/revisions\/22845"}],"wp:attachment":[{"href":"https:\/\/bilbaogazte.bilbao.eus\/es\/wp-json\/wp\/v2\/media?parent=22692"}],"curies":[{"name":"wp","href":"https:\/\/api.w.org\/{rel}","templated":true}]}}