{"id":23,"date":"2016-06-21T09:04:23","date_gmt":"2016-06-21T09:04:23","guid":{"rendered":"http:\/\/bilbaogazte.bilbao.eus\/?page_id=23"},"modified":"2025-02-12T17:18:25","modified_gmt":"2025-02-12T15:18:25","slug":"bilbaohirigaztea","status":"publish","type":"page","link":"https:\/\/bilbaogazte.bilbao.eus\/es\/bilbaohirigaztea\/","title":{"rendered":"Bilbao Hiri Gaztea 2022-2025"},"content":{"rendered":"<p>[vc_row css=\u00bb.vc_custom_1466003555198{margin-top: 2rem !important;}\u00bb][vc_column][vc_custom_heading text=\u00bbDocumentos Bilbao Hiri Gaztea y panor\u00e1mica juventud\u00bb font_container=\u00bbtag:h2|text_align:center|color:%23ffffff\u00bb google_fonts=\u00bbfont_family:Raleway%3A100%2C200%2C300%2Cregular%2C500%2C600%2C700%2C800%2C900|font_style:700%20bold%20regular%3A700%3Anormal\u00bb css=\u00bb.vc_custom_1676289626467{padding-top: 10px !important;padding-bottom: 10px !important;background-color: #000033 !important;}\u00bb][\/vc_column][\/vc_row][vc_row css=\u00bb.vc_custom_1466003555198{margin-top: 2rem !important;}\u00bb][vc_column width=\u00bb1\/2&#8243;][vc_single_image image=\u00bb50613&#8243; img_size=\u00bb727\u2006\u00d7\u2006394&#8243; alignment=\u00bbcenter\u00bb onclick=\u00bbcustom_link\u00bb link=\u00bbhttp:\/\/bilbaogazte.bilbao.eus\/wp-content\/uploads\/2023\/02\/BHG-2022-2025-castellano.pdf\u00bb][\/vc_column][vc_column width=\u00bb1\/2&#8243;][vc_single_image image=\u00bb50616&#8243; img_size=\u00bb727\u2006\u00d7\u2006394&#8243; onclick=\u00bbcustom_link\u00bb link=\u00bbhttp:\/\/bilbaogazte.bilbao.eus\/wp-content\/uploads\/2022\/11\/Informe-panoramico-de-juventud-castellano.pdf\u00bb][\/vc_column][\/vc_row][vc_row css=\u00bb.vc_custom_1466003555198{margin-top: 2rem !important;}\u00bb][vc_column][vc_custom_heading text=\u00bbBILBOKO GAZTE PANELA 25\/26&#8243; font_container=\u00bbtag:h2|text_align:center|color:%23ffffff\u00bb google_fonts=\u00bbfont_family:Raleway%3A100%2C200%2C300%2Cregular%2C500%2C600%2C700%2C800%2C900|font_style:700%20bold%20regular%3A700%3Anormal\u00bb css=\u00bb.vc_custom_1739373501225{padding-top: 10px !important;padding-bottom: 10px !important;background-color: #000033 !important;}\u00bb][vc_single_image image=\u00bb60720&#8243; img_size=\u00bbfull\u00bb onclick=\u00bbcustom_link\u00bb link=\u00bbhttps:\/\/bilbaogazte.bilbao.eus\/es\/panel-joven\/\u00bb][\/vc_column][\/vc_row][vc_row disable_element=\u00bbyes\u00bb][vc_column][vc_single_image image=\u00bb47361&#8243; img_size=\u00bbfull\u00bb][vc_column_text]<\/p>\n<h2 style=\"color: #000000; text-align: center;\"><span style=\"font-weight: 400;\">Bilbao Hiri Gaztea es un proceso participativo para definir el Plan Joven 2022-2025, <\/span><\/h2>\n<h2 style=\"color: #000000; text-align: center;\"><span style=\"font-weight: 400;\">junto a j\u00f3venes de Bilbao, de entre 15 y 30 a\u00f1os.<\/span><\/h2>\n<p>[\/vc_column_text][\/vc_column][\/vc_row][vc_row disable_element=\u00bbyes\u00bb css=\u00bb.vc_custom_1673609890008{margin-top: 2rem !important;}\u00bb][vc_column][vc_custom_heading text=\u00bbAS\u00cd FUE EL PROCESO PARTICIPATIVO\u00bb font_container=\u00bbtag:h2|text_align:center|color:%23ffffff\u00bb google_fonts=\u00bbfont_family:Raleway%3A100%2C200%2C300%2Cregular%2C500%2C600%2C700%2C800%2C900|font_style:700%20bold%20regular%3A700%3Anormal\u00bb css=\u00bb.vc_custom_1652872177129{padding-top: 10px !important;padding-bottom: 10px !important;background-color: #000033 !important;}\u00bb][\/vc_column][\/vc_row][vc_row disable_element=\u00bbyes\u00bb css=\u00bb.vc_custom_1673609901724{margin-top: 2rem !important;}\u00bb][vc_column width=\u00bb1\/4&#8243;][vc_column_text]<\/p>\n<h2><b>GRUPO MOTOR<\/b><\/h2>\n<p>[\/vc_column_text][vc_column_text]<span style=\"font-weight: 400;\">Seis j\u00f3venes de Bilbao, con diferentes edades, y diversas inquietudes, formaron parte de un Grupo Motor.\u00a0<\/span><\/p>\n<p><span style=\"font-weight: 400;\">Estas personas participaron en seis sesiones de trabajo para avanzar en la definici\u00f3n del Plan Bilbao Hiri Gaztea, por medio de metodolog\u00edas colaborativas.<\/span>[\/vc_column_text][\/vc_column][vc_column width=\u00bb1\/4&#8243;][vc_column_text]<\/p>\n<h2><b>ARTEFACTO M\u00d3VIL <\/b><\/h2>\n<p>[\/vc_column_text][vc_column_text]<span style=\"font-weight: 400;\">Entre el 19 y el 28 de noviembre, pudiste encontrarte en la calle el artefacto m\u00f3vil de Bilbao Hiri Gaztea.\u00a0<\/span><\/p>\n<p>Quer\u00edamos conocer tu opini\u00f3n y saber qu\u00e9 hay que tener en cuenta para construir un Bilbao joven.[\/vc_column_text][\/vc_column][vc_column width=\u00bb1\/4&#8243;][vc_column_text]<\/p>\n<h2><b>ENCUENTRO ABIERTO<\/b><\/h2>\n<p>[\/vc_column_text][vc_column_text]<span style=\"font-weight: 400;\">El 11 de diciembre se invit\u00f3 a participar en una jornada abierta a la gente joven de Bilbao para contrastar las principales l\u00edneas del Plan Bilbao Hiri Gaztea 2022-2025<\/span>[\/vc_column_text][\/vc_column][vc_column width=\u00bb1\/4&#8243;][vc_column_text]<\/p>\n<h2><b>REDES SOCIALES<\/b><\/h2>\n<p>[\/vc_column_text][vc_column_text]<span style=\"font-weight: 400;\">Entre el 21 y 28 de noviembre se lanzaron preguntas con el hashtag #BilbaoHiriGaztea para conocer tu opini\u00f3n sobre diferentes temas.<\/span><\/p>\n<p>[\/vc_column_text][\/vc_column][\/vc_row][vc_row disable_element=\u00bbyes\u00bb css=\u00bb.vc_custom_1673609910963{margin-top: 2rem !important;}\u00bb][vc_column][vc_custom_heading text=\u00bbESTOS FUERON LOS Y LAS J\u00d3VENES QUE PARTICIPARON EN EL GRUPO MOTOR DE BILBAO HIRI GAZTEA\u00bb font_container=\u00bbtag:h2|text_align:center|color:%23ffffff\u00bb google_fonts=\u00bbfont_family:Raleway%3A100%2C200%2C300%2Cregular%2C500%2C600%2C700%2C800%2C900|font_style:700%20bold%20regular%3A700%3Anormal\u00bb css=\u00bb.vc_custom_1652872201184{padding-top: 10px !important;padding-bottom: 10px !important;background-color: #000033 !important;}\u00bb][vc_empty_space][\/vc_column][\/vc_row][vc_row disable_element=\u00bbyes\u00bb][vc_column width=\u00bb1\/3&#8243;][vc_single_image image=\u00bb46506&#8243; img_size=\u00bbfull\u00bb][vc_btn title=\u00bbInstagram\u00bb color=\u00bbblack\u00bb link=\u00bburl:https%3A%2F%2Fwww.instagram.com%2Fainho_18%2F|||\u00bb][vc_column_text]<strong>Ainhoa\u00a0<\/strong><\/p>\n<p>24 a\u00f1os.<\/p>\n<p>Licenciada en Filosof\u00eda.[\/vc_column_text][\/vc_column][vc_column width=\u00bb1\/3&#8243;][vc_single_image image=\u00bb46509&#8243; img_size=\u00bbfull\u00bb][vc_btn title=\u00bbInstagram\u00bb color=\u00bbblack\u00bb link=\u00bburl:https%3A%2F%2Fwww.instagram.com%2Fpocinoth%2F|||\u00bb][vc_column_text]<strong>Gorka <\/strong><\/p>\n<p>22 a\u00f1os.<\/p>\n<p>Licenciado en Magisterio y Pedagog\u00eda.[\/vc_column_text][\/vc_column][vc_column width=\u00bb1\/3&#8243;][vc_single_image image=\u00bb46512&#8243; img_size=\u00bbfull\u00bb][vc_btn title=\u00bbInstagram\u00bb color=\u00bbblack\u00bb link=\u00bburl:https%3A%2F%2Fwww.instagram.com%2Fegp008%2F|||\u00bb][vc_column_text]<strong>Erik\u00a0<\/strong><\/p>\n<p>26 a\u00f1os.<\/p>\n<p>Grado en TAFAD y Trabajo Social.[\/vc_column_text][\/vc_column][\/vc_row][vc_row disable_element=\u00bbyes\u00bb][vc_column width=\u00bb1\/4&#8243;][vc_single_image image=\u00bb46521&#8243; img_size=\u00bbfull\u00bb][vc_btn title=\u00bbInstagram\u00bb color=\u00bbblack\u00bb link=\u00bburl:https%3A%2F%2Fwww.instagram.com%2Fedy_ofcial%2F|||\u00bb][vc_column_text]<strong>Eddy <\/strong><\/p>\n<p>26 a\u00f1os.<\/p>\n<p>Estudiante en Gesti\u00f3n de negocios.[\/vc_column_text][\/vc_column][vc_column width=\u00bb1\/4&#8243;][vc_single_image image=\u00bb46518&#8243; img_size=\u00bbfull\u00bb][vc_btn title=\u00bbInstagram\u00bb color=\u00bbblack\u00bb link=\u00bburl:https%3A%2F%2Fwww.instagram.com%2Fpuspulu%2F|||\u00bb][vc_column_text]<strong>Idurre\u00a0<\/strong><\/p>\n<p>30 a\u00f1os.<\/p>\n<p>Grado en administraci\u00f3n y servicios sociales.[\/vc_column_text][\/vc_column][vc_column width=\u00bb1\/4&#8243;][vc_single_image image=\u00bb46515&#8243; img_size=\u00bbfull\u00bb][vc_btn title=\u00bbInstagram\u00bb color=\u00bbblack\u00bb link=\u00bburl:https%3A%2F%2Fwww.instagram.com%2Faidagorio%2F|||\u00bb][vc_column_text]<strong>Aida <\/strong><\/p>\n<p>24 a\u00f1os.<\/p>\n<p>Educadora Social e\u00a0Intervenci\u00f3n Social.[\/vc_column_text][\/vc_column][vc_column width=\u00bb1\/4&#8243;][vc_single_image image=\u00bb46697&#8243; img_size=\u00bbfull\u00bb][vc_btn title=\u00bbInstagram\u00bb color=\u00bbblack\u00bb link=\u00bburl:https%3A%2F%2Fwww.instagram.com%2Faitortxug%2F|||\u00bb][vc_column_text]<strong>Aitor <\/strong><\/p>\n<p>24 a\u00f1os.<\/p>\n<p>Ingeniero Inform\u00e1tico.<\/p>\n<p>[\/vc_column_text][\/vc_column][\/vc_row][vc_row disable_element=\u00bbyes\u00bb css=\u00bb.vc_custom_1673609933775{margin-top: 2rem !important;}\u00bb][vc_column][vc_custom_heading text=\u00bbNOTICIAS\u00bb font_container=\u00bbtag:h2|text_align:center|color:%23ffffff\u00bb google_fonts=\u00bbfont_family:Raleway%3A100%2C200%2C300%2Cregular%2C500%2C600%2C700%2C800%2C900|font_style:700%20bold%20regular%3A700%3Anormal\u00bb css=\u00bb.vc_custom_1634724260459{padding-top: 10px !important;padding-bottom: 10px !important;background-color: #000033 !important;}\u00bb][vc_empty_space][\/vc_column][\/vc_row][vc_row disable_element=\u00bbyes\u00bb][vc_column width=\u00bb1\/3&#8243;][vc_single_image image=\u00bb47442&#8243; img_size=\u00bbfull\u00bb][\/vc_column][vc_column width=\u00bb2\/3&#8243;][vc_column_text]<a href=\"https:\/\/bilbaogazte.bilbao.eus\/es\/2021\/12\/13\/el-ayuntamiento-de-bilbao-contrastara-con-40-jovenes-las-primeras-propuestas-para-la-elaboracion-del-plan-municipal-de-juventud\/\">EL AYUNTAMIENTO DE BILBAO CONTRASTAR\u00c1 CON 40 J\u00d3VENES LAS PRIMERAS PROPUESTAS PARA LA ELABORACI\u00d3N DEL PLAN MUNICIPAL DE JUVENTUDEL ALCALDE DE BILBAO PRESENTA LA SEGUNDA FASE DE LA ELABORACI\u00d3N DE \u201cBILBAO HIRI GAZTE\u201d, EL PLAN JUVENIL MUNICIPAL HASTA 2024<\/a><\/p>\n<p>El Ayuntamiento de Bilbao ha organizado una\u00a0<strong>jornada de escucha, colaboraci\u00f3n y cocreaci\u00f3n con alrededor de 40 j\u00f3venes de entre 18 y 30 a\u00f1os<\/strong>. Esta sesi\u00f3n servir\u00e1 para contrastar las primeras ideas y propuestas que se est\u00e1n trabajando en el proceso de\u00a0<strong>elaboraci\u00f3n del Plan Municipal de Juventud \u201cBilbao Hiri Gaztea\u201d<\/strong>\u00a0y para poponer dise\u00f1os de espacios de participaci\u00f3n y conexi\u00f3n con el Ayuntamiento.[\/vc_column_text][\/vc_column][\/vc_row][vc_row disable_element=\u00bbyes\u00bb][vc_column width=\u00bb1\/3&#8243;][vc_single_image image=\u00bb46479&#8243; img_size=\u00bbfull\u00bb][\/vc_column][vc_column width=\u00bb2\/3&#8243;][vc_column_text]<a href=\"https:\/\/bilbaogazte.bilbao.eus\/es\/2021\/10\/05\/el-alcalde-de-bilbao-presenta-la-segunda-fase-de-la-elaboracion-de-bilbao-hiri-gazte-el-plan-juvenil-municipal-hasta-2024\/\">EL ALCALDE DE BILBAO PRESENTA LA SEGUNDA FASE DE LA ELABORACI\u00d3N DE \u201cBILBAO HIRI GAZTE\u201d, EL PLAN JUVENIL MUNICIPAL HASTA 2024<\/a><\/p>\n<p>El Ayuntamiento de Bilbao pone en marcha la\u00a0<strong>segunda fase de elaboraci\u00f3n del \u201c<a href=\"https:\/\/www.bilbao.eus\/cs\/Satellite?c=BIO_Noticia_FA&amp;cid=1279204583755&amp;language=es&amp;pageid=3000075248&amp;pagename=Bilbaonet%2FBIO_Noticia_FA%2FBIO_Noticia\">Bilbao Hiri Gaztea<\/a>\u201d<\/strong>, el Plan Juvenil del Consistorio hasta 2024. La\u00a0<strong>participaci\u00f3n y la colaboraci\u00f3n con la juventud<\/strong>\u00a0seguir\u00e1 siendo el eje principal sobre el que se construir\u00e1 el Plan, que cuenta con la colaboraci\u00f3n del Gobierno vasco y que\u00a0<strong>se presentar\u00e1 durante el primer trimestre de 2022<\/strong>, coincidiendo con el A\u00f1o Europeo de la Juventud.[\/vc_column_text][\/vc_column][\/vc_row][vc_row disable_element=\u00bbyes\u00bb][vc_column width=\u00bb1\/3&#8243;][vc_single_image image=\u00bb47235&#8243; img_size=\u00bbfull\u00bb][\/vc_column][vc_column width=\u00bb2\/3&#8243;][vc_column_text]<a href=\"https:\/\/bilbaogazte.bilbao.eus\/es\/2021\/11\/19\/bilboko-udala-kalera-aterako-da-gazteek-etorkizunerako-nahi-duten-uriari-buruz-dituzten-ideiak-jasotzera\/\">EL AYUNTAMIENTO DE BILBAO SALE A LA CALLE PARA RECOGER LAS IDEAS DE LA JUVENTUD SOBRE EL FUTURO M\u00c1S DESEABLE PARA LA VILLA<\/a><\/p>\n<p><span style=\"font-weight: 400;\">El Ayuntamiento de Bilbao ha puesto en marcha un nueva iniciativa de escucha activa y contraste, en el marco del proceso de elaboraci\u00f3n del <\/span><b>Plan Municipal de Juventud<\/b> <b>\u201c<\/b><b><i>Bilbao Hiri Gaztea<\/i><\/b><b>\u201d<\/b><span style=\"font-weight: 400;\">. Desde hoy y hasta el pr\u00f3ximo 28 de noviembre, 6 j\u00f3venes recorrer\u00e1n las calles, plazas y parques en los que habitualmente se dan cita las personas m\u00e1s j\u00f3venes con el objetivo de escucharles y recoger sus ideas de mejora para la Villa.\u00a0<\/span>[\/vc_column_text][\/vc_column][\/vc_row][vc_row disable_element=\u00bbyes\u00bb css=\u00bb.vc_custom_1673609961654{margin-top: 2rem !important;}\u00bb][vc_column][vc_custom_heading text=\u00bbVIDEOS\u00bb font_container=\u00bbtag:h2|text_align:center|color:%23ffffff\u00bb google_fonts=\u00bbfont_family:Raleway%3A100%2C200%2C300%2Cregular%2C500%2C600%2C700%2C800%2C900|font_style:700%20bold%20regular%3A700%3Anormal\u00bb css=\u00bb.vc_custom_1634724271323{padding-top: 10px !important;padding-bottom: 10px !important;background-color: #000033 !important;}\u00bb][vc_empty_space][\/vc_column][\/vc_row][vc_row disable_element=\u00bbyes\u00bb][vc_column][vc_video link=\u00bbhttps:\/\/youtu.be\/IlxQezHyfx4&#8243; align=\u00bbcenter\u00bb][\/vc_column][\/vc_row]<\/p>\n","protected":false},"excerpt":{"rendered":"<p class=\"entry-summary\">[vc_custom_heading text=\u00bbDocumentos Bilbao Hiri Gaztea y panor\u00e1mica juventud\u00bb font_container=\u00bbtag:h2|text_align:center|color:%23ffffff\u00bb google_fonts=\u00bbfont_family:Raleway%3A100%2C200%2C300%2Cregular%2C500%2C600%2C700%2C800%2C900|font_style:700%20bold%20regular%3A700%3Anormal\u00bb css=\u00bb.vc_custom_1676289626467{padding-top: 10px !important;padding-bottom: 10px !important;background-color:&hellip;<\/p>\n<div class=\"link-more\"><a href=\"https:\/\/bilbaogazte.bilbao.eus\/es\/bilbaohirigaztea\/\" class=\"more-link\">Continue reading<span class=\"screen-reader-text\"> &ldquo;Bilbao Hiri Gaztea 2022-2025&rdquo;<\/span>&hellip;<\/a><\/div>","protected":false},"author":60,"featured_media":0,"parent":0,"menu_order":0,"comment_status":"closed","ping_status":"closed","template":"","meta":{"_monsterinsights_skip_tracking":false,"_monsterinsights_sitenote_active":false,"_monsterinsights_sitenote_note":"","_monsterinsights_sitenote_category":0,"footnotes":""},"_links":{"self":[{"href":"https:\/\/bilbaogazte.bilbao.eus\/es\/wp-json\/wp\/v2\/pages\/23"}],"collection":[{"href":"https:\/\/bilbaogazte.bilbao.eus\/es\/wp-json\/wp\/v2\/pages"}],"about":[{"href":"https:\/\/bilbaogazte.bilbao.eus\/es\/wp-json\/wp\/v2\/types\/page"}],"author":[{"embeddable":true,"href":"https:\/\/bilbaogazte.bilbao.eus\/es\/wp-json\/wp\/v2\/users\/60"}],"replies":[{"embeddable":true,"href":"https:\/\/bilbaogazte.bilbao.eus\/es\/wp-json\/wp\/v2\/comments?post=23"}],"version-history":[{"count":92,"href":"https:\/\/bilbaogazte.bilbao.eus\/es\/wp-json\/wp\/v2\/pages\/23\/revisions"}],"predecessor-version":[{"id":60727,"href":"https:\/\/bilbaogazte.bilbao.eus\/es\/wp-json\/wp\/v2\/pages\/23\/revisions\/60727"}],"wp:attachment":[{"href":"https:\/\/bilbaogazte.bilbao.eus\/es\/wp-json\/wp\/v2\/media?parent=23"}],"curies":[{"name":"wp","href":"https:\/\/api.w.org\/{rel}","templated":true}]}}