{"id":24323,"date":"2018-09-05T11:03:22","date_gmt":"2018-09-05T09:03:22","guid":{"rendered":"http:\/\/bilbaogazte.bilbao.eus\/es\/?page_id=24323"},"modified":"2018-09-05T11:41:06","modified_gmt":"2018-09-05T09:41:06","slug":"tu-opinion-nos-interesa-villabilbao30","status":"publish","type":"page","link":"https:\/\/bilbaogazte.bilbao.eus\/es\/tu-opinion-nos-interesa-villabilbao30\/","title":{"rendered":"\u00a1Tu opini\u00f3n nos interesa!"},"content":{"rendered":"<p><img loading=\"lazy\" decoding=\"async\" class=\"alignnone size-medium wp-image-24299\" src=\"http:\/\/bilbaogazte.bilbao.eus\/wp-content\/uploads\/2018\/09\/BannerVillaBilbao30-v1-1-872x187.jpg\" alt=\"\" width=\"872\" height=\"187\" srcset=\"https:\/\/bilbaogazte.bilbao.eus\/wp-content\/uploads\/2018\/09\/BannerVillaBilbao30-v1-1.jpg 872w, https:\/\/bilbaogazte.bilbao.eus\/wp-content\/uploads\/2018\/09\/BannerVillaBilbao30-v1-1-768x165.jpg 768w\" sizes=\"(max-width: 872px) 100vw, 872px\" \/><\/p>\n<p>\u00a1Tu opini\u00f3n nos interesa, y mucho! Por eso, durante los conciertos del concurso Pop Rock Villa de Bilbao podr\u00e1s votar por tu actuaci\u00f3n favorita. Vente a Bilborock, disfruta de la m\u00fasica y luego danos tu opini\u00f3n sobre lo que has visto y o\u00eddo. Adem\u00e1s, entre las personas que participen en las votaciones habr\u00e1 premios.<\/p>\n<p>Si no has estado en el BBK Live, ni en el Resurrection Fest empieza a buscar informaci\u00f3n de las pr\u00f3ximas ediciones de ambos festivales, porque entre las personas que participen en las votaciones, <strong>\u00a1se sortear\u00e1n\u00a010 bonos individuales para el BBK Live 2019 y\u00a03 bonos individuales para Resurection Fest 2019!<\/strong><\/p>\n","protected":false},"excerpt":{"rendered":"<p class=\"entry-summary\">\u00a1Tu opini\u00f3n nos interesa, y mucho! Por eso, durante los conciertos del concurso Pop Rock Villa de Bilbao&hellip;<\/p>\n<div class=\"link-more\"><a href=\"https:\/\/bilbaogazte.bilbao.eus\/es\/tu-opinion-nos-interesa-villabilbao30\/\" class=\"more-link\">Continue reading<span class=\"screen-reader-text\"> &ldquo;\u00a1Tu opini\u00f3n nos interesa!&rdquo;<\/span>&hellip;<\/a><\/div>","protected":false},"author":65,"featured_media":0,"parent":0,"menu_order":0,"comment_status":"closed","ping_status":"closed","template":"","meta":{"_monsterinsights_skip_tracking":false,"_monsterinsights_sitenote_active":false,"_monsterinsights_sitenote_note":"","_monsterinsights_sitenote_category":0,"footnotes":""},"_links":{"self":[{"href":"https:\/\/bilbaogazte.bilbao.eus\/es\/wp-json\/wp\/v2\/pages\/24323"}],"collection":[{"href":"https:\/\/bilbaogazte.bilbao.eus\/es\/wp-json\/wp\/v2\/pages"}],"about":[{"href":"https:\/\/bilbaogazte.bilbao.eus\/es\/wp-json\/wp\/v2\/types\/page"}],"author":[{"embeddable":true,"href":"https:\/\/bilbaogazte.bilbao.eus\/es\/wp-json\/wp\/v2\/users\/65"}],"replies":[{"embeddable":true,"href":"https:\/\/bilbaogazte.bilbao.eus\/es\/wp-json\/wp\/v2\/comments?post=24323"}],"version-history":[{"count":5,"href":"https:\/\/bilbaogazte.bilbao.eus\/es\/wp-json\/wp\/v2\/pages\/24323\/revisions"}],"predecessor-version":[{"id":24346,"href":"https:\/\/bilbaogazte.bilbao.eus\/es\/wp-json\/wp\/v2\/pages\/24323\/revisions\/24346"}],"wp:attachment":[{"href":"https:\/\/bilbaogazte.bilbao.eus\/es\/wp-json\/wp\/v2\/media?parent=24323"}],"curies":[{"name":"wp","href":"https:\/\/api.w.org\/{rel}","templated":true}]}}