{"id":256,"date":"2016-06-22T07:03:03","date_gmt":"2016-06-22T07:03:03","guid":{"rendered":"http:\/\/bilbaogazte.bilbao.eus\/?page_id=256"},"modified":"2024-04-05T12:11:22","modified_gmt":"2024-04-05T10:11:22","slug":"bibliotecas-mediateka","status":"publish","type":"page","link":"https:\/\/bilbaogazte.bilbao.eus\/es\/espacios\/bibliotecas-mediateka\/","title":{"rendered":"Bibliotecas \/ Mediateka"},"content":{"rendered":"<p>[vc_row][vc_column][vc_column_text]En las Bibliotecas municipales de Bilbao y en la Mediateka Azkuna Zentroa dispones de espacios y fondos con los que podr\u00e1s realizar actividades como \u00a0<strong>estudiar, leer la prensa o revistas, solicitar el pr\u00e9stamo de series de televisi\u00f3n, pel\u00edculas, libros, m\u00fasica, c\u00f3mics, <\/strong>asistir a diversos \u00a0talleres culturales, utilizar ordenadores de uso p\u00fablico o disponer del \u00a0<strong>WiFi<\/strong> libre si tienes tu propio equipo\u2026<\/p>\n<p>Desde septiembre, tambi\u00e9n puedes <strong>solicitar el pr\u00e9stamo de aparatos lectores de libros electr\u00f3nicos<\/strong> o ereaders.<\/p>\n<p>Seguro que tienes una biblioteca cerca de tu casa o de tu centro de estudio o trabajo. <strong>El acceso es libre.<\/strong> Solo para alguna de esas actividades necesitar\u00e1s el <strong>carn\u00e9 de la biblioteca<\/strong>, que puedes <strong>solicitar online <\/strong><a href=\"https:\/\/www.bilbao.eus\/cs\/Satellite?c=Page&amp;cid=1272990953393&amp;language=es&amp;pageid=1272990953393&amp;pagename=BibliotecasMunicipales%2FPage%2FBMB_Seccion\" target=\"_blank\" rel=\"noopener noreferrer\">aqu\u00ed<\/a> sin coste alguno, y que tendr\u00e1s que recoger en tu biblioteca.<\/p>\n<p>Tambi\u00e9n desde <a href=\"https:\/\/www.katalogoak.euskadi.eus\/cgi-bin_q81a\/abnetclop\/O9671\/IDd7967cf0\/NT1?ACC=111&amp;LANG=es-ES\" target=\"_blank\" rel=\"noopener noreferrer\">aqu\u00ed<\/a> puedes<strong> consultar el cat\u00e1logo<\/strong> y comprobar si hay algo de tu inter\u00e9s.<\/p>\n<p>Y si lo que prefieres es descargarte el libro o leerlo en streaming, si eres usuario\/a de las bibliotecas puedes acceder a la plataforma <a href=\"http:\/\/www.eliburutegia.euskadi.eus\/\" target=\"_blank\" rel=\"noopener noreferrer\">eLiburutegia<\/a>.<\/p>\n<h2>Horarios y Contacto de las Bibliotecas:<\/h2>\n<div id=\"direccionpie\">\n<ul>\n<li><strong>Horario<\/strong>: consulta abajo en el link a cada biblioteca los horarios.<\/li>\n<li><strong>Tel\u00e9fonos: \u00a0<\/strong>944 150 915, 944 156 930<\/li>\n<\/ul>\n<\/div>\n<h2><strong>Mediateka Azkuna Zentroa<\/strong><\/h2>\n<p data-pm-slice=\"1 1 []\"><strong>Abierta todos los d\u00edas del a\u00f1o<\/strong>, la Mediateka de Azkuna Zentroa es la biblioteca de Bilbao especializada en la<strong> cultura contempor\u00e1nea<\/strong>, a la que puedes acceder libremente. Para aprovechar al m\u00e1ximo sus servicios y poder solicitar el pr\u00e9stamo de libros, videojuegos, pel\u00edculas\u2026; utilizar el equipamiento ofim\u00e1tico u otros nuevos servicios as\u00ed como el acceso a actividades bajo inscripci\u00f3n, necesitas la <strong>tarjeta Az<\/strong> o de la Red de Bibliotecas. La tarjeta Az se solicita en el mismo centro.<\/p>\n<p>Ac\u00e9rcate a Infopuntua, el punto de informaci\u00f3n ubicado en el Atrio de las Culturas para gestionarla: su coste es de 3 euros y se entrega al instante. Podr\u00e1s obtener adem\u00e1s interesantes ventajas y descuentos.<\/p>\n<p>Web:\u00a0<a href=\"https:\/\/www.azkunazentroa.eus\/az\/cast\/inicio\/mediateka-bbk\" target=\"_blank\" rel=\"noopener noreferrer\">Mediateka Azkuna Zentroa<\/a><\/p>\n<h2>Horarios y Contacto de la Mediateka<\/h2>\n<p data-pm-slice=\"1 1 []\">De lunes a s\u00e1bado de 10:00 a 20:00 horas<\/p>\n<p>Domingos y festivos de 10:00 a 14:00 horas<\/p>\n<p>944 014 014[\/vc_column_text][vc_row_inner][vc_column_inner][vc_column_text]<\/p>\n<h2>Bibliotecas en Bilbao<\/h2>\n<p>[\/vc_column_text][\/vc_column_inner][\/vc_row_inner][vc_row_inner][vc_column_inner width=\u00bb1\/3&#8243;][vc_column_text]<\/p>\n<h4>Distrito 1: Deusto<\/h4>\n<p class=\"aBloqueBlanco\"><a href=\"http:\/\/www.bilbao.net\/cs\/Satellite?c=Page&amp;cid=1272991164852&amp;pagename=BibliotecasMunicipales%2FPage%2FBMB_SeccionInf&amp;fp:idiomaActual=es\" target=\"_blank\" rel=\"noopener noreferrer\">Biblioteca de Deusto<\/a> <a href=\"http:\/\/www.bilbao.net\/cs\/Satellite?c=Page&amp;cid=1272991164887&amp;pagename=BibliotecasMunicipales%2FPage%2FBMB_SeccionInf&amp;fp:idiomaActual=es\" target=\"_blank\" rel=\"noopener noreferrer\">Biblioteca de San Ignacio <\/a><\/p>\n<p>[\/vc_column_text][\/vc_column_inner][vc_column_inner width=\u00bb1\/3&#8243;][vc_column_text]<\/p>\n<h4>Distrito 2: Uribarri<\/h4>\n<p class=\"aBloqueBlanco\"><a href=\"http:\/\/www.bilbao.net\/cs\/Satellite?c=Page&amp;cid=1272991188212&amp;pagename=BibliotecasMunicipales%2FPage%2FBMB_SeccionInf&amp;fp:idiomaActual=es\" target=\"_blank\" rel=\"noopener noreferrer\">Biblioteca de Casta\u00f1os<\/a> <a href=\"http:\/\/www.bilbao.net\/cs\/Satellite?c=Page&amp;cid=1272991164922&amp;pagename=BibliotecasMunicipales%2FPage%2FBMB_SeccionInf&amp;fp:idiomaActual=es\" target=\"_blank\" rel=\"noopener noreferrer\">Biblioteca de Zurbaranbarri<\/a><\/p>\n<p>[\/vc_column_text][\/vc_column_inner][vc_column_inner width=\u00bb1\/3&#8243;][vc_column_text]<\/p>\n<h4>Distrito 3: Otxarkoaga &#8211; Txurdinaga<\/h4>\n<p class=\"aBloqueBlanco\"><a href=\"http:\/\/www.bilbao.net\/cs\/Satellite?c=Page&amp;cid=1272991188223&amp;pagename=BibliotecasMunicipales%2FPage%2FBMB_SeccionInf&amp;fp:idiomaActual=es\" target=\"_blank\" rel=\"noopener noreferrer\">Biblioteca de Otxarkoaga<\/a><\/p>\n<p>[\/vc_column_text][\/vc_column_inner][\/vc_row_inner][\/vc_column][\/vc_row][vc_row][vc_column width=\u00bb1\/3&#8243;][vc_column_text]<\/p>\n<h4>Distrito 4: Bego\u00f1a<\/h4>\n<p class=\"aBloqueBlanco\"><a href=\"http:\/\/www.bilbao.net\/cs\/Satellite?c=Page&amp;cid=1272991188248&amp;pagename=BibliotecasMunicipales%2FPage%2FBMB_SeccionInf&amp;fp:idiomaActual=es\" target=\"_blank\" rel=\"noopener noreferrer\">Biblioteca de Bego\u00f1a<\/a><\/p>\n<p>[\/vc_column_text][\/vc_column][vc_column width=\u00bb1\/3&#8243;][vc_column_text]<\/p>\n<h4>Distrito 5: Ibaiondo<\/h4>\n<p class=\"aBloqueBlanco\"><a href=\"http:\/\/www.bilbao.net\/cs\/Satellite?c=Page&amp;cid=1272991239898&amp;pagename=BibliotecasMunicipales%2FPage%2FBMB_SeccionInf&amp;fp:idiomaActual=es\" target=\"_blank\" rel=\"noopener noreferrer\">Biblioteca Central de Bidebarrieta<\/a> <a href=\"http:\/\/www.bilbao.net\/cs\/Satellite?c=Page&amp;cid=1272991239909&amp;pagename=BibliotecasMunicipales%2FPage%2FBMB_SeccionInf&amp;fp:idiomaActual=es\" target=\"_blank\" rel=\"noopener noreferrer\">Biblioteca de Buia<\/a> <a href=\"http:\/\/www.bilbao.net\/cs\/Satellite?c=Page&amp;cid=1272991239920&amp;pagename=BibliotecasMunicipales%2FPage%2FBMB_SeccionInf&amp;fp:idiomaActual=es\" target=\"_blank\" rel=\"noopener noreferrer\">Biblioteca de Ibaialde<\/a> <a href=\"http:\/\/www.bilbao.net\/cs\/Satellite?c=Page&amp;cid=1272991188264&amp;pagename=BibliotecasMunicipales%2FPage%2FBMB_SeccionInf&amp;fp:idiomaActual=es\" target=\"_blank\" rel=\"noopener noreferrer\">Biblioteca de San Adri\u00e1n<\/a> <a href=\"http:\/\/www.bilbao.net\/cs\/Satellite?c=Page&amp;cid=1272991188335&amp;pagename=BibliotecasMunicipales%2FPage%2FBMB_SeccionInf&amp;fp:idiomaActual=es\" target=\"_blank\" rel=\"noopener noreferrer\">Biblioteca de San Francisco<\/a> <a href=\"http:\/\/www.bilbao.net\/cs\/Satellite?c=Page&amp;cid=1272991188342&amp;pagename=BibliotecasMunicipales%2FPage%2FBMB_SeccionInf&amp;fp:idiomaActual=es\" target=\"_blank\" rel=\"noopener noreferrer\">Biblioteca de Zabala<\/a><\/p>\n<p>[\/vc_column_text][\/vc_column][vc_column width=\u00bb1\/3&#8243;][vc_column_text]<\/p>\n<h4>Distrito 6: Abando<\/h4>\n<p class=\"aBloqueBlanco\"><a href=\"https:\/\/www.azkunazentroa.eus\/az\/cast\/inicio\/mediateka-bbk\" target=\"_blank\" rel=\"noopener noreferrer\">Azkuna Zentroa<\/a><\/p>\n<p>[\/vc_column_text][\/vc_column][\/vc_row][vc_row][vc_column width=\u00bb1\/3&#8243;][vc_column_text]<\/p>\n<h4>Distrito 7: Rekalde<\/h4>\n<p class=\"aBloqueBlanco\"><a href=\"http:\/\/www.bilbao.net\/cs\/Satellite?c=Page&amp;cid=1272991188354&amp;pagename=BibliotecasMunicipales%2FPage%2FBMB_SeccionInf&amp;fp:idiomaActual=es\" target=\"_blank\" rel=\"noopener noreferrer\">Biblioteca de Irala<\/a> <a href=\"http:\/\/www.bilbao.net\/cs\/Satellite?c=Page&amp;cid=1272991189449&amp;pagename=BibliotecasMunicipales%2FPage%2FBMB_SeccionInf&amp;fp:idiomaActual=es\" target=\"_blank\" rel=\"noopener noreferrer\">Biblioteca de Rekalde<\/a><\/p>\n<p>[\/vc_column_text][\/vc_column][vc_column width=\u00bb1\/3&#8243;][vc_column_text]<\/p>\n<h4>Distrito 8: Basurto &#8211; Zorroza<\/h4>\n<p class=\"aBloqueBlanco\"><a href=\"http:\/\/www.bilbao.net\/cs\/Satellite?c=Page&amp;cid=1272991189458&amp;pagename=BibliotecasMunicipales%2FPage%2FBMB_SeccionInf&amp;fp:idiomaActual=es\" target=\"_blank\" rel=\"noopener noreferrer\">Biblioteca de Zorroza <\/a><a href=\"https:\/\/www.bilbao.eus\/cs\/Satellite?c=Page&amp;cid=1279222580105&amp;pagename=BibliotecasMunicipales%2FPage%2FBMB_SeccionInf&amp;fp:idiomaActual=es\" target=\"_blank\" rel=\"noopener noreferrer\">Biblioteca de Basurto<\/a><\/p>\n<p>[\/vc_column_text][\/vc_column][vc_column width=\u00bb1\/3&#8243;][\/vc_column][\/vc_row]<\/p>\n","protected":false},"excerpt":{"rendered":"<p class=\"entry-summary\">En las Bibliotecas municipales de Bilbao y en la Mediateka Azkuna Zentroa dispones de espacios y fondos con&hellip;<\/p>\n<div class=\"link-more\"><a href=\"https:\/\/bilbaogazte.bilbao.eus\/es\/espacios\/bibliotecas-mediateka\/\" class=\"more-link\">Continue reading<span class=\"screen-reader-text\"> &ldquo;Bibliotecas \/ Mediateka&rdquo;<\/span>&hellip;<\/a><\/div>","protected":false},"author":60,"featured_media":0,"parent":254,"menu_order":0,"comment_status":"closed","ping_status":"closed","template":"templates\/page-espacios.php","meta":{"_monsterinsights_skip_tracking":false,"_monsterinsights_sitenote_active":false,"_monsterinsights_sitenote_note":"","_monsterinsights_sitenote_category":0,"footnotes":""},"_links":{"self":[{"href":"https:\/\/bilbaogazte.bilbao.eus\/es\/wp-json\/wp\/v2\/pages\/256"}],"collection":[{"href":"https:\/\/bilbaogazte.bilbao.eus\/es\/wp-json\/wp\/v2\/pages"}],"about":[{"href":"https:\/\/bilbaogazte.bilbao.eus\/es\/wp-json\/wp\/v2\/types\/page"}],"author":[{"embeddable":true,"href":"https:\/\/bilbaogazte.bilbao.eus\/es\/wp-json\/wp\/v2\/users\/60"}],"replies":[{"embeddable":true,"href":"https:\/\/bilbaogazte.bilbao.eus\/es\/wp-json\/wp\/v2\/comments?post=256"}],"version-history":[{"count":2290,"href":"https:\/\/bilbaogazte.bilbao.eus\/es\/wp-json\/wp\/v2\/pages\/256\/revisions"}],"predecessor-version":[{"id":57091,"href":"https:\/\/bilbaogazte.bilbao.eus\/es\/wp-json\/wp\/v2\/pages\/256\/revisions\/57091"}],"up":[{"embeddable":true,"href":"https:\/\/bilbaogazte.bilbao.eus\/es\/wp-json\/wp\/v2\/pages\/254"}],"wp:attachment":[{"href":"https:\/\/bilbaogazte.bilbao.eus\/es\/wp-json\/wp\/v2\/media?parent=256"}],"curies":[{"name":"wp","href":"https:\/\/api.w.org\/{rel}","templated":true}]}}