{"id":25703,"date":"2018-10-15T15:36:54","date_gmt":"2018-10-15T13:36:54","guid":{"rendered":"http:\/\/bilbaogazte.bilbao.eus\/es\/?page_id=25703"},"modified":"2020-11-17T17:39:59","modified_gmt":"2020-11-17T15:39:59","slug":"streaming-en-directo-bilbao-gazte","status":"publish","type":"page","link":"https:\/\/bilbaogazte.bilbao.eus\/es\/streaming-en-directo-bilbao-gazte\/","title":{"rendered":"Streaming en directo &#8211; Bilbao Gazte"},"content":{"rendered":"<p>[vc_row][vc_column][vc_empty_space height=\u00bb70px\u00bb][\/vc_column][\/vc_row][vc_row][vc_column][vc_column_text]<\/p>\n<h2>PR\u00d3XIMAS EMISIONES:<\/h2>\n<p>[\/vc_column_text][vc_column_text]<\/p>\n<p style=\"text-align: center;\">En estos momentos no hay ninguna emisi\u00f3n en directo.<\/p>\n<p>[\/vc_column_text][vc_separator color=\u00bbblack\u00bb][\/vc_column][\/vc_row][vc_row][vc_column][vc_column_text]<\/p>\n<h2>\u00daLTIMAS\u00a0EMISIONES:<\/h2>\n<p>[\/vc_column_text][vc_raw_html]JTNDaWZyYW1lJTIwd2lkdGglM0QlMjI4NTQlMjIlMjBoZWlnaHQlM0QlMjIzODAlMjIlMjBzcmMlM0QlMjJodHRwcyUzQSUyRiUyRnd3dy55b3V0dWJlLmNvbSUyRmVtYmVkJTJGZTc5aFFHNnpueW8lMjIlMjBuYW1lJTNEJTIyU3RyZWFtaW5nJTIwQklMQk9ST0NLJTIyJTIwZnJhbWVib3JkZXIlM0QlMjIwJTIyJTIwYWxsb3clM0QlMjJhdXRvcGxheSUzQiUyMGVuY3J5cHRlZC1tZWRpYSUyMiUyMGFsbG93ZnVsbHNjcmVlbiUzRSUzQyUyRmlmcmFtZSUzRQ==[\/vc_raw_html][vc_column_text]<\/p>\n<ul>\n<li><strong>14 de noviembre de 2020 a la 18:00. Festival KonektaFest. <\/strong> <a href=\"https:\/\/bilbaogazte.bilbao.eus\/es\/2020\/10\/30\/talleres-musica-comedia-y-mucho-mas-en-el-festival-konektafest\/\">Talleres, m\u00fasica, comedia y mucho m\u00e1s en el festival KonektaFest!<\/a><\/li>\n<li><strong>18 de septiembre de 2020 a las 20:00. Conciertos de Douleurdolor y Suave, enmarcados en Musika Lokala. <\/strong>\u00a0<a href=\"http:\/\/bilbaogazte.bilbao.eus\/es\/2020\/06\/09\/musika-lokala-vuelve-a-los-escenarios-de-bilborock\/\">\u00abMusika Lokala\u00bb vuelve a los escenarios de Bilborock<\/a>.<\/li>\n<li><strong>7 de agosto de 2020 a las 20:00 Conciertos de NIZE y Arima, enmarcados en Musika Lokala. <\/strong>\u00a0<a href=\"http:\/\/bilbaogazte.bilbao.eus\/es\/2020\/06\/09\/musika-lokala-vuelve-a-los-escenarios-de-bilborock\/\">\u00abMusika Lokala\u00bb vuelve a los escenarios de Bilborock<\/a>.<\/li>\n<li><strong>24 de julio de 2020 a las 19:00. <\/strong><a href=\"http:\/\/bilbaogazte.bilbao.eus\/es\/2020\/07\/17\/nueva-edicion-de-distart-festival-en-bilborock\/\">Distart Festival<\/a>.<\/li>\n<li><strong>4 de julio de 2020 a las 20:00. Conciertos de Wicked Wizzard, Entrop\u00eda y Wreck Totem, enmarcados en Musika Lokala. <\/strong>\u00a0<a href=\"http:\/\/bilbaogazte.bilbao.eus\/es\/2020\/06\/09\/musika-lokala-vuelve-a-los-escenarios-de-bilborock\/\">\u00abMusika Lokala\u00bb vuelve a los escenarios de Bilborock<\/a>.<\/li>\n<li><strong>2 de julio de 2020 a las 19:00. Imaginautak.<\/strong><\/li>\n<li><strong>12 de junio de 2020 a las 20:00. Conciertos de Amaia Miranda y Verde Prato, enmarcados en Musika Lokala. <\/strong>\u00a0<a href=\"http:\/\/bilbaogazte.bilbao.eus\/es\/2020\/06\/09\/musika-lokala-vuelve-a-los-escenarios-de-bilborock\/\">\u00abMusika Lokala\u00bb vuelve a los escenarios de Bilborock<\/a>.<\/li>\n<\/ul>\n<p>[\/vc_column_text][vc_column_text]<\/p>\n<ul>\n<li><strong>17 de octubre de 2019 a las 19:45. Final Pop-Rock.<\/strong>\u00a0<a href=\"http:\/\/bilbaogazte.bilbao.eus\/es\/bilborock\/concurso-pop-rock-villa-de-bilbao\/\">Concurso Pop-Rock Villa de Bilbao<\/a>.<\/li>\n<li><strong>18 de octubre de 2019 a las 19:45. Final Metal.<\/strong>\u00a0<a href=\"http:\/\/bilbaogazte.bilbao.eus\/es\/bilborock\/concurso-pop-rock-villa-de-bilbao\/\">Concurso Pop-Rock Villa de Bilbao<\/a>.<\/li>\n<li><strong>19 de octubre de 2019 a las 19:45. Final Urban.<\/strong>\u00a0<a href=\"http:\/\/bilbaogazte.bilbao.eus\/es\/bilborock\/concurso-pop-rock-villa-de-bilbao\/\">Concurso Pop-Rock Villa de Bilbao<\/a>.<\/li>\n<\/ul>\n<p>[\/vc_column_text][vc_column_text]<\/p>\n<ul>\n<li><strong>18 de octubre de 2018 a las 20:00. Final Pop-Rock.<\/strong>\u00a0<a href=\"http:\/\/bilbaogazte.bilbao.eus\/es\/bilborock\/concurso-pop-rock-villa-de-bilbao\/\">Concurso Pop-Rock Villa de Bilbao<\/a>.<\/li>\n<li><strong>19 de octubre de 2018 a las 20:00. Final Metal.<\/strong>\u00a0<a href=\"http:\/\/bilbaogazte.bilbao.eus\/es\/bilborock\/concurso-pop-rock-villa-de-bilbao\/\">Concurso Pop-Rock Villa de Bilbao<\/a>.<\/li>\n<li><strong>20 de octubre de 2018 a las 20:00. Final Urban.<\/strong>\u00a0<a href=\"http:\/\/bilbaogazte.bilbao.eus\/es\/bilborock\/concurso-pop-rock-villa-de-bilbao\/\">Concurso Pop-Rock Villa de Bilbao<\/a>.<\/li>\n<\/ul>\n<p>[\/vc_column_text][vc_separator color=\u00bbblack\u00bb][\/vc_column][\/vc_row][vc_row disable_element=\u00bbyes\u00bb][vc_column][vc_separator color=\u00bbblack\u00bb][vc_empty_space height=\u00bb50px\u00bb][vc_raw_html]JTNDaWZyYW1lJTIwd2lkdGglM0QlMjI4NTQlMjIlMjBoZWlnaHQlM0QlMjI1MDAlMjIlMjBzcmMlM0QlMjJodHRwJTNBJTJGJTJGc3RlcmVvem9uYS5jb20lMkZzdHJlYW1pbmdpZnJhbWUuaHRtbCUyMiUyMGZyYW1lYm9yZGVyJTNEJTIyMCUyMiUyMGFsbG93JTNEJTIyYXV0b3BsYXklM0IlMjBlbmNyeXB0ZWQtbWVkaWElMjIlMjBhbGxvd2Z1bGxzY3JlZW4lM0UlM0MlMkZpZnJhbWUlM0U=[\/vc_raw_html][\/vc_column][\/vc_row]<\/p>\n","protected":false},"excerpt":{"rendered":"<p class=\"entry-summary\"> PR\u00d3XIMAS EMISIONES:  En estos momentos no hay ninguna emisi\u00f3n en directo.  \u00daLTIMAS\u00a0EMISIONES: JTNDaWZyYW1lJTIwd2lkdGglM0QlMjI4NTQlMjIlMjBoZWlnaHQlM0QlMjIzODAlMjIlMjBzcmMlM0QlMjJodHRwcyUzQSUyRiUyRnd3dy55b3V0dWJlLmNvbSUyRmVtYmVkJTJGZTc5aFFHNnpueW8lMjIlMjBuYW1lJTNEJTIyU3RyZWFtaW5nJTIwQklMQk9ST0NLJTIyJTIwZnJhbWVib3JkZXIlM0QlMjIwJTIyJTIwYWxsb3clM0QlMjJhdXRvcGxheSUzQiUyMGVuY3J5cHRlZC1tZWRpYSUyMiUyMGFsbG93ZnVsbHNjcmVlbiUzRSUzQyUyRmlmcmFtZSUzRQ==&hellip;<\/p>\n<div class=\"link-more\"><a href=\"https:\/\/bilbaogazte.bilbao.eus\/es\/streaming-en-directo-bilbao-gazte\/\" class=\"more-link\">Continue reading<span class=\"screen-reader-text\"> &ldquo;Streaming en directo &#8211; Bilbao Gazte&rdquo;<\/span>&hellip;<\/a><\/div>","protected":false},"author":65,"featured_media":0,"parent":0,"menu_order":0,"comment_status":"closed","ping_status":"closed","template":"","meta":{"_monsterinsights_skip_tracking":false,"_monsterinsights_sitenote_active":false,"_monsterinsights_sitenote_note":"","_monsterinsights_sitenote_category":0,"footnotes":""},"_links":{"self":[{"href":"https:\/\/bilbaogazte.bilbao.eus\/es\/wp-json\/wp\/v2\/pages\/25703"}],"collection":[{"href":"https:\/\/bilbaogazte.bilbao.eus\/es\/wp-json\/wp\/v2\/pages"}],"about":[{"href":"https:\/\/bilbaogazte.bilbao.eus\/es\/wp-json\/wp\/v2\/types\/page"}],"author":[{"embeddable":true,"href":"https:\/\/bilbaogazte.bilbao.eus\/es\/wp-json\/wp\/v2\/users\/65"}],"replies":[{"embeddable":true,"href":"https:\/\/bilbaogazte.bilbao.eus\/es\/wp-json\/wp\/v2\/comments?post=25703"}],"version-history":[{"count":65,"href":"https:\/\/bilbaogazte.bilbao.eus\/es\/wp-json\/wp\/v2\/pages\/25703\/revisions"}],"predecessor-version":[{"id":40249,"href":"https:\/\/bilbaogazte.bilbao.eus\/es\/wp-json\/wp\/v2\/pages\/25703\/revisions\/40249"}],"wp:attachment":[{"href":"https:\/\/bilbaogazte.bilbao.eus\/es\/wp-json\/wp\/v2\/media?parent=25703"}],"curies":[{"name":"wp","href":"https:\/\/api.w.org\/{rel}","templated":true}]}}