{"id":259,"date":"2016-06-22T07:05:24","date_gmt":"2016-06-22T07:05:24","guid":{"rendered":"http:\/\/bilbaogazte.bilbao.eus\/?page_id=259"},"modified":"2021-06-14T14:41:05","modified_gmt":"2021-06-14T12:41:05","slug":"centros-municipales-de-distrito","status":"publish","type":"page","link":"https:\/\/bilbaogazte.bilbao.eus\/es\/espacios\/centros-municipales-de-distrito\/","title":{"rendered":"Centros municipales de distrito"},"content":{"rendered":"<p>[vc_row][vc_column][vc_column_text]<span style=\"font-weight: 400;\">Un certificado de empadronamiento, un cambio de domicilio, la solicitud de subvenciones o la inscripci\u00f3n a determinadas actividades de tu barrio, son <strong>gestiones y tr\u00e1mites<\/strong> que puedes hacer cerca de casa, <strong>en tu Centro Municipal de Distrito<\/strong>, sin necesidad de acudir a las oficinas centrales del Ayuntamiento.<\/span><\/p>\n<p>\u00c9stos son los tr\u00e1mites que se pueden realizar:<\/p>\n<ul>\n<li style=\"font-weight: 400;\">Registro general.<\/li>\n<li style=\"font-weight: 400;\">Padr\u00f3n municipal de habitantes: expedici\u00f3n de volantes de empadronamiento. Altas, cambios de domicilio y renovaci\u00f3n de inscripciones padronales de extranjeros no comunitarios sin autorizaci\u00f3n de residencia permanente.<\/li>\n<li style=\"font-weight: 400;\">Exposici\u00f3n de listas de censo electoral y recepci\u00f3n de reclamaciones.<\/li>\n<li style=\"font-weight: 400;\">Certificados de empadronamiento.<\/li>\n<li style=\"font-weight: 400;\">Solicitud de tarjeta municipal de transporte (Bilbotrans).<\/li>\n<li style=\"font-weight: 400;\">Tarjeta de estacionamiento para personas con discapacidad.<\/li>\n<li style=\"font-weight: 400;\">Solicitud de subvenciones.<\/li>\n<li style=\"font-weight: 400;\">Inscripci\u00f3n en el Registro Municipal de Entidades de Participaci\u00f3n Ciudadana.<\/li>\n<li style=\"font-weight: 400;\">Preinscripci\u00f3n y matriculaciones en cursos y talleres organizados en los Centros Municipales.<\/li>\n<li style=\"font-weight: 400;\">Preinscripci\u00f3n y matriculaci\u00f3n en programas infantiles y juveniles organizados por el Ayuntamiento.<\/li>\n<li style=\"font-weight: 400;\">Suscripciones al Peri\u00f3dico Municipal \u201cBilbao\u201d.<\/li>\n<li style=\"font-weight: 400;\">Recepci\u00f3n de sugerencia y reclamaciones.<\/li>\n<li style=\"font-weight: 400;\">Registro de facturas.<\/li>\n<li style=\"font-weight: 400;\">Informaci\u00f3n y recogida de solicitudes de \u201cPago a la Carta\u201d.<\/li>\n<li style=\"font-weight: 400;\">Solicitud de licencias de obras, apertura y actividad.<\/li>\n<li style=\"font-weight: 400;\">Solicitud de instalaci\u00f3n de actividades alimentarias temporales.<\/li>\n<li style=\"font-weight: 400;\">Solicitud de matrimonios civiles.<\/li>\n<li style=\"font-weight: 400;\">Solicitud de autorizaci\u00f3n de fiestas de barrio.<\/li>\n<\/ul>\n<p><span style=\"font-weight: 400;\">Tambi\u00e9n se pueden <strong>reservar salas de reuniones o salones de actos<\/strong> si organizas una actividad como asociaci\u00f3n.<\/span>[\/vc_column_text][vc_row_inner][vc_column_inner][vc_column_text]<\/p>\n<p class=\"aBloqueBlanco\"><a href=\"http:\/\/www.bilbao.net\/cs\/Satellite?c=Page&amp;cid=3000045873&amp;language=es&amp;pageid=3000045873&amp;pagename=Bilbaonet%2FPage%2FBIO_contenidoFinal\" target=\"_blank\" rel=\"noopener noreferrer\">Deusto<\/a> <a href=\"http:\/\/www.bilbao.net\/cs\/Satellite?c=Page&amp;cid=3000046936&amp;language=es&amp;pageid=3000046936&amp;pagename=Bilbaonet%2FPage%2FBIO_contenidoFinal\" target=\"_blank\" rel=\"noopener noreferrer\">Uribarri<\/a> <a href=\"http:\/\/www.bilbao.net\/cs\/Satellite?c=Page&amp;cid=3000046405&amp;language=es&amp;pageid=3000046405&amp;pagename=Bilbaonet%2FPage%2FBIO_contenidoFinal\" target=\"_blank\" rel=\"noopener noreferrer\">Otxarkoaga &#8211; Txurdinaga<\/a> <a href=\"https:\/\/www.bilbao.eus\/cs\/Satellite?c=Page&amp;cid=3000045685&amp;language=es&amp;pageid=3000045685&amp;pagename=Bilbaonet%2FPage%2FBIO_Listado\" target=\"_blank\" rel=\"noopener noreferrer\">Bego\u00f1a<\/a> <a href=\"http:\/\/www.bilbao.net\/cs\/Satellite?c=Page&amp;cid=3000046088&amp;language=es&amp;pageid=3000046088&amp;pagename=Bilbaonet%2FPage%2FBIO_contenidoFinal\" target=\"_blank\" rel=\"noopener noreferrer\">Ibaiondo<\/a> <a href=\"http:\/\/www.bilbao.net\/cs\/Satellite?c=Page&amp;cid=3000045220&amp;language=es&amp;pageid=3000045220&amp;pagename=Bilbaonet%2FPage%2FBIO_contenidoFinal\" target=\"_blank\" rel=\"noopener noreferrer\">Abando<\/a> <a href=\"http:\/\/www.bilbao.net\/cs\/Satellite?c=Page&amp;cid=3000046737&amp;language=es&amp;pageid=3000046737&amp;pagename=Bilbaonet%2FPage%2FBIO_contenidoFinal\" target=\"_blank\" rel=\"noopener noreferrer\">Rekalde<\/a> <a href=\"http:\/\/www.bilbao.net\/cs\/Satellite?c=Page&amp;cid=3000045535&amp;language=es&amp;pageid=3000045535&amp;pagename=Bilbaonet%2FPage%2FBIO_Listado\" target=\"_blank\" rel=\"noopener noreferrer\">Basurto &#8211; Zorroza<\/a><\/p>\n<p>[\/vc_column_text][\/vc_column_inner][\/vc_row_inner][\/vc_column][\/vc_row]<\/p>\n","protected":false},"excerpt":{"rendered":"<p class=\"entry-summary\">Un certificado de empadronamiento, un cambio de domicilio, la solicitud de subvenciones o la inscripci\u00f3n a determinadas actividades&hellip;<\/p>\n<div class=\"link-more\"><a href=\"https:\/\/bilbaogazte.bilbao.eus\/es\/espacios\/centros-municipales-de-distrito\/\" class=\"more-link\">Continue reading<span class=\"screen-reader-text\"> &ldquo;Centros municipales de distrito&rdquo;<\/span>&hellip;<\/a><\/div>","protected":false},"author":60,"featured_media":0,"parent":254,"menu_order":0,"comment_status":"closed","ping_status":"closed","template":"templates\/page-espacios.php","meta":{"_monsterinsights_skip_tracking":false,"_monsterinsights_sitenote_active":false,"_monsterinsights_sitenote_note":"","_monsterinsights_sitenote_category":0,"footnotes":""},"_links":{"self":[{"href":"https:\/\/bilbaogazte.bilbao.eus\/es\/wp-json\/wp\/v2\/pages\/259"}],"collection":[{"href":"https:\/\/bilbaogazte.bilbao.eus\/es\/wp-json\/wp\/v2\/pages"}],"about":[{"href":"https:\/\/bilbaogazte.bilbao.eus\/es\/wp-json\/wp\/v2\/types\/page"}],"author":[{"embeddable":true,"href":"https:\/\/bilbaogazte.bilbao.eus\/es\/wp-json\/wp\/v2\/users\/60"}],"replies":[{"embeddable":true,"href":"https:\/\/bilbaogazte.bilbao.eus\/es\/wp-json\/wp\/v2\/comments?post=259"}],"version-history":[{"count":872,"href":"https:\/\/bilbaogazte.bilbao.eus\/es\/wp-json\/wp\/v2\/pages\/259\/revisions"}],"predecessor-version":[{"id":45374,"href":"https:\/\/bilbaogazte.bilbao.eus\/es\/wp-json\/wp\/v2\/pages\/259\/revisions\/45374"}],"up":[{"embeddable":true,"href":"https:\/\/bilbaogazte.bilbao.eus\/es\/wp-json\/wp\/v2\/pages\/254"}],"wp:attachment":[{"href":"https:\/\/bilbaogazte.bilbao.eus\/es\/wp-json\/wp\/v2\/media?parent=259"}],"curies":[{"name":"wp","href":"https:\/\/api.w.org\/{rel}","templated":true}]}}