{"id":29826,"date":"2019-03-14T11:49:40","date_gmt":"2019-03-14T09:49:40","guid":{"rendered":"http:\/\/bilbaogazte.bilbao.eus\/es\/?page_id=29826"},"modified":"2019-07-03T11:25:26","modified_gmt":"2019-07-03T09:25:26","slug":"jurado-concurso-pop-rock-villa-de-bilbao-2019","status":"publish","type":"page","link":"https:\/\/bilbaogazte.bilbao.eus\/es\/jurado-concurso-pop-rock-villa-de-bilbao-2019\/","title":{"rendered":"Jurado &#8211; Concurso Pop-Rock Villa de Bilbao 2019"},"content":{"rendered":"<p>[vc_row][vc_column][vc_column_text]\u00a0[\/vc_column_text][\/vc_column][\/vc_row][vc_row][vc_column][vc_custom_heading source=\u00bbpost_title\u00bb font_container=\u00bbtag:h2|text_align:center\u00bb google_fonts=\u00bbfont_family:Montserrat%3Aregular%2C700|font_style:400%20regular%3A400%3Anormal\u00bb][vc_column_text]<\/p>\n<p style=\"text-align: center;\">POP ROCK<\/p>\n<p>[\/vc_column_text][\/vc_column][\/vc_row][vc_row][vc_column width=\u00bb1\/3&#8243;][vc_single_image image=\u00bb19936&#8243; img_size=\u00bbmedium\u00bb alignment=\u00bbcenter\u00bb][vc_tta_accordion active_section=\u00bb3&#8243; collapsible_all=\u00bbtrue\u00bb][vc_tta_section title=\u00bbNombre completo\u00bb tab_id=\u00bb1525085560661-110862a8-b9be\u00bb][vc_column_text]Nerea Alberdi[\/vc_column_text][\/vc_tta_section][vc_tta_section title=\u00bbBio\u00bb tab_id=\u00bb1525085560821-409c1c70-9974&#8243;][vc_column_text]<\/p>\n<p align=\"justify\">Nerea Alberdi es violinista, compositora, orquestadora y arreglista. Estudio la carrera de m\u00fasica por la especialidad de viol\u00edn y posteriormente fue becada para estudiar composici\u00f3n musical para cine, videojuegos y televisi\u00f3n en Berklee College of Music.<\/p>\n<p align=\"justify\">Como compositora trabaja fundamentalmente en el \u00e1mbito de la m\u00fasica para la imagen. Ha asistido al prestigioso compositor Lucio Godoy, y trabajado por su cuenta en cine, televisi\u00f3n, artes esc\u00e9nicas, publicidad y arreglos de estudio. Sus mas recientes trabajos (finales de 2017-2018) incluyen la serie de televisi\u00f3n Velvet Colecci\u00f3n, el largometraje Cuando Dejes de Quererme, el mediometraje Winter para el Museo Guggenheim, el espect\u00e1culo de Mapping 3D Jalpa, los arreglos orquestales del nuevo espect\u00e1culo de la rapera Ane Guria, y varios cortometrajes.<\/p>\n<p><a name=\"_GoBack\"><\/a> Como violinista, se dedica sobre todo al \u00e1mbito de la m\u00fasica moderna. Ha colaborado con m\u00faltiples m\u00fasicos y bandas e integrado diversas formaciones. Caben destacar las giras nacionales con el grupo de folk Alann-Bique y las internacionales con la orquesta de tango El Cachivache y con la Compa\u00f1\u00eda de Danza Iker G\u00f3mez, as\u00ed como las colaboraciones con The Travelling Brothers Big Band, el grupo de rock Zenttric o la orquesta sinf\u00f3nica Vitoria-Gasteiz entre otros muchos. Actualmente integra la banda de swing Dr.Maha&#8217;s Miracle Tonic, que se halla de gira estatal presentando su segundo disco, \u201cBank Robbers\u201d el sexteto vocal The Gospel Six y el proyecto Petit Cin\u00e9ma adem\u00e1s de colaborar asiduamente con el cantautor Josu Bergara, con Rubia y con distinas formaciones de jazz.[\/vc_column_text][\/vc_tta_section][\/vc_tta_accordion][\/vc_column][vc_column width=\u00bb1\/3&#8243;][vc_single_image image=\u00bb19950&#8243; img_size=\u00bbmedium\u00bb][vc_tta_accordion active_section=\u00bb3&#8243; collapsible_all=\u00bbtrue\u00bb][vc_tta_section title=\u00bbNombre completo\u00bb tab_id=\u00bb1502886142188-664b4e56-dfea\u00bb][vc_column_text]Jorge D\u00edaz[\/vc_column_text][\/vc_tta_section][vc_tta_section title=\u00bbBio\u00bb tab_id=\u00bb1502886142190-7714d96b-4f12&#8243;][vc_column_text]Blogger (<a href=\"http:\/\/www.hipersonica.com\">http:\/\/www.hipersonica.com<\/a> , entre otros) y freelance en su propio estudio creativo, es en la actualidad programador de la muestra de pop-rock local de la Aste Nagusia de Bilbao y ha sido jurado del concurso de maquetas de Bilbao Gaua para bandas noveles.<br \/>\nEs asimismo miembro del sello discogr\u00e1fico Efervescente Records y creador de la fanpage de Facebook Yo Fui a EGB (<a href=\"http:\/\/www.yofuiaegb.com\">http:\/\/www.yofuiaegb.com<\/a>), premiada en los dos cert\u00e1menes sobre blogs m\u00e1s importantes a nivel estatal.[\/vc_column_text][\/vc_tta_section][\/vc_tta_accordion][\/vc_column][vc_column width=\u00bb1\/3&#8243;][vc_single_image image=\u00bb19929&#8243; img_size=\u00bbmedium\u00bb][vc_tta_accordion active_section=\u00bb3&#8243; collapsible_all=\u00bbtrue\u00bb][vc_tta_section title=\u00bbNombre completo\u00bb tab_id=\u00bb1502885782946-f8151c6f-3fe0&#8243;][vc_column_text]Bikendi Cadelo[\/vc_column_text][\/vc_tta_section][vc_tta_section title=\u00bbBio\u00bb tab_id=\u00bb1502885782947-385e8605-058d\u00bb][vc_column_text]<\/p>\n<p align=\"justify\">Bikendi es un joven gestor cultural de Bilbao, especializado en el fomento y la promoci\u00f3n de una de las ramas m\u00e1s underground de la m\u00fasica. Tras un periplo de 5 a\u00f1os trabajando en diferentes proyectos art\u00edsticos por ciudades como Manchester o Aarhus (Dinamarca), vuelve su ciudad natal para formar parte por tercera vez del Villa de Bilbao, despu\u00e9s de haber ejercido como jurado y patrocinador del mismo en el pasado.<\/p>\n<p align=\"justify\">Dirige la web \u201ckeep an open mind\u201d desde 2009, a\u00f1o en que la cre\u00f3; organiza, entre otros proyectos musicales, conciertos y giras para diferentes bandas nacionales. Se pas\u00f3 la adolescencia pegado a una guitarra y tuvo la oportunidad de compartir las tablas de Bilborock junto a bandas como Rise to Fall en el concierto del premio especial de la 21\u00aa edici\u00f3n del Villa de Bilbao.<\/p>\n<p>[\/vc_column_text][\/vc_tta_section][\/vc_tta_accordion][\/vc_column][\/vc_row][vc_row][vc_column width=\u00bb1\/3&#8243;][vc_single_image image=\u00bb29831&#8243; img_size=\u00bbmedium\u00bb alignment=\u00bbcenter\u00bb][vc_tta_accordion active_section=\u00bb3&#8243; collapsible_all=\u00bbtrue\u00bb][vc_tta_section title=\u00bbNombre completo\u00bb tab_id=\u00bb1502886142186-2f2a4d27-2fd5&#8243;][vc_column_text]Mari Jose Aranguren[\/vc_column_text][\/vc_tta_section][vc_tta_section title=\u00bbBio\u00bb tab_id=\u00bb1502886142187-640f3c27-0cef\u00bb][vc_column_text]Mari Jose Aranguren, periodista. Tras una etapa ligada a la radio musical local ficha por Los 40 Principales en el a\u00f1o 2004 como locutora de radio f\u00f3rmula y presentadora de diversos espacios de Cadena SER, as\u00ed como voz corporativa de la cadena y sus espacios publicitarios.<\/p>\n<p>Tras varios a\u00f1os observando el desarrollo de la m\u00fasica a trav\u00e9s de una emisora estatal, se vio la necesidad de dar cabida, difusi\u00f3n y prescripci\u00f3n a los grupos y solistas de Euskadi dentro de su programaci\u00f3n. Es as\u00ed como nace en la Cadena SER el programa CARA A, que m\u00e1s tarde evoluciona al formato de LOS40 con una hora de duraci\u00f3n semanal y una mayor implicaci\u00f3n con la cultura musical vasca. En la actualidad, este programa que dirige y presenta junto a Josu Ortega, se ha convertido en un referente de la radio musical vasca en su franja de emisi\u00f3n.<\/p>\n<p>Adem\u00e1s de su labor como periodista musical, se encarga de la puesta en marcha de\u00a0espect\u00e1culos musicales y conciertos de Los40, Cadena Dial y Maxima FM (Aste nagusidance, LOS40 Summer Live, Gira D\u00e9jate Llevar\u2026), as\u00ed como de la producci\u00f3n musical que forma parte de los distintos eventos de Cadena SER Euskadi.[\/vc_column_text][\/vc_tta_section][\/vc_tta_accordion][\/vc_column][vc_column width=\u00bb1\/3&#8243;][vc_single_image image=\u00bb30019&#8243; img_size=\u00bbmedium\u00bb alignment=\u00bbcenter\u00bb][vc_tta_accordion active_section=\u00bb3&#8243; collapsible_all=\u00bbtrue\u00bb][vc_tta_section title=\u00bbNombre completo\u00bb tab_id=\u00bb1553609296986-f254e11c-8127&#8243;][vc_column_text]Iker B\u00e1rbara[\/vc_column_text][\/vc_tta_section][vc_tta_section title=\u00bbBio\u00bb tab_id=\u00bb1553609297027-47f81db8-2b10&#8243;][vc_column_text]<span class=\"il\">Iker<\/span>\u00a0<span class=\"il\">B\u00e1rbara<\/span>\u00a0es un bilba\u00edno apasionado de la m\u00fasica que comenz\u00f3 a involucrarse en nuestra escena local hace 15 a\u00f1os a trav\u00e9s de diversos colectivos (Bunch, 2 late Night, Garage Club&#8230;). Desde finales de 2012 es el responsable de Zarata, la edici\u00f3n de Euskadi, Navarra y La Rioja de la revista musical Mondo Sonoro. Es un habitual en los jurados de concursos musicales (Musiketxeak, El Certamen de San Adri\u00e1n, Rockein, BBK Soinu Berriak&#8230;). Recientemente ha estado al cargo de la edici\u00f3n del Anuario de la M\u00fasica de 2018 de EHMBE (Euskal Herriko Musika Bulego Elkartea). En abril lanza un nuevo proyecto, Basques On Decks, medio musical que se va a encargar de recoger todo lo relacionado con la escena DJ de Euskal Herria y alrededores.[\/vc_column_text][\/vc_tta_section][\/vc_tta_accordion][\/vc_column][vc_column width=\u00bb1\/3&#8243;][\/vc_column][\/vc_row][vc_row][vc_column][vc_custom_heading source=\u00bbpost_title\u00bb font_container=\u00bbtag:h2|text_align:center\u00bb google_fonts=\u00bbfont_family:Montserrat%3Aregular%2C700|font_style:400%20regular%3A400%3Anormal\u00bb][vc_column_text]<\/p>\n<p style=\"text-align: center;\">METAL<\/p>\n<p>[\/vc_column_text][\/vc_column][\/vc_row][vc_row][vc_column width=\u00bb1\/3&#8243;][vc_single_image image=\u00bb19946&#8243; img_size=\u00bbmedium\u00bb alignment=\u00bbcenter\u00bb][vc_tta_accordion active_section=\u00bb3&#8243; collapsible_all=\u00bbtrue\u00bb][vc_tta_section title=\u00bbNombre completo\u00bb tab_id=\u00bb1502886502689-86b40b7f-da94&#8243;][vc_column_text]Cesar P\u00e9rez[\/vc_column_text][\/vc_tta_section][vc_tta_section title=\u00bbBio\u00bb tab_id=\u00bb1502886502689-72ff98bd-4e0f\u00bb][vc_column_text]Miembro del jurado del Concurso Villa de Bilbao desde su segunda edici\u00f3n, fue colaborador de la extinta agencia de conciertos Alternatiba y, desde hace m\u00e1s de 30 a\u00f1os, trabaja en programas musicales de radio, en Ortzadar Irratia, de Uribarri, y Tas-Tas Irrati Librea, con la que colabora actualmente. Adem\u00e1s, participa espor\u00e1dicamente en la organizaci\u00f3n de conciertos.[\/vc_column_text][\/vc_tta_section][\/vc_tta_accordion][\/vc_column][vc_column width=\u00bb1\/3&#8243;][vc_single_image image=\u00bb19934&#8243; img_size=\u00bbmedium\u00bb][vc_tta_accordion active_section=\u00bb3&#8243; collapsible_all=\u00bbtrue\u00bb][vc_tta_section title=\u00bbNombre completo\u00bb tab_id=\u00bb1502886502692-e53df624-5b06&#8243;][vc_column_text]Sophie Laporte[\/vc_column_text][\/vc_tta_section][vc_tta_section title=\u00bbBio\u00bb tab_id=\u00bb1502886502692-99d7b74d-b942&#8243;][vc_column_text]<\/p>\n<p align=\"justify\">Sophie, conocida tambien como Neska, es la actual vocalista de la banda bilba\u00edna de Death Metal AFTER LIFE. Tambi\u00e9n fue cantante de la banda de Death Metal Mel\u00f3dico UNBREATH que qued\u00f3 como tercera banda finalista del Villa &#8211; edici\u00f3n XXV &#8211; y gan\u00f3 los premios especiales FNAC, Stereozona y Aste Nagusia de dicha edici\u00f3n.<\/p>\n<p align=\"justify\">En Francia, su pais natal, ha organizado cientos de conciertos de Metal con un muchas de asociaciones desde que tiene 16 a\u00f1os, adem\u00e1s de haber sido reportera en el webzine FRENCHMETAL.<\/p>\n<p align=\"justify\">En su proyecto personal Nesk\u00c4 (Audiovisual, Arte &amp; M\u00fasica), Sophie colabora constantemente con bandas de Rock y Metal internacionales como cantante, realiza diversos servicios para grupos como producci\u00f3n audiovisual (videoclips, lyric videos, etc.) as\u00ed como Artworks (dibujos, cuadros etc.)<\/p>\n<p>[\/vc_column_text][\/vc_tta_section][\/vc_tta_accordion][\/vc_column][vc_column width=\u00bb1\/3&#8243;][vc_single_image image=\u00bb22853&#8243; img_size=\u00bbmedium\u00bb][vc_tta_accordion active_section=\u00bb3&#8243; collapsible_all=\u00bbtrue\u00bb][vc_tta_section title=\u00bbNombre completo\u00bb tab_id=\u00bb1531385990166-cd46646e-f6a0&#8243;][vc_column_text]Sergio Mart\u00ednez[\/vc_column_text][\/vc_tta_section][vc_tta_section title=\u00bbBio\u00bb tab_id=\u00bb1531385990306-7b0146e4-40e5&#8243;][vc_column_text]<\/p>\n<p align=\"justify\">Periodista vizca\u00edno de la Zona Minera, dirige y copresentadesde 2016 \u201cRockbidea\u201d, programa especializado en bandas de rock y metal vascas, vizca\u00ednas principalmente, y latinoamericanas en Candela Radio Bilbao. Asimismo, es colaborador habitual de uno de los espacios radiof\u00f3nicos m\u00e1s reconocidos y longevos del pa\u00eds en lo que al g\u00e9nero se refiere, \u201cLa Mirada Negra\u201dde Zopinpa Irratia, desde 2015. Anteriormente cre\u00f3 el blog Rock Encounter, mediante el cual entr\u00f3 en contacto directo por primera vez con todos los agentes involucrados en el panorama rock-metalero vizca\u00edno. Adem\u00e1s, es miembro de las juntas directivas tanto del Colegio Vasco de Periodistas como de la Asociaci\u00f3n Vasca de Periodistas.<\/p>\n<p>[\/vc_column_text][\/vc_tta_section][\/vc_tta_accordion][\/vc_column][\/vc_row][vc_row][vc_column][vc_custom_heading source=\u00bbpost_title\u00bb font_container=\u00bbtag:h2|text_align:center\u00bb google_fonts=\u00bbfont_family:Montserrat%3Aregular%2C700|font_style:400%20regular%3A400%3Anormal\u00bb][vc_column_text]<\/p>\n<p style=\"text-align: center;\">URBAN<\/p>\n<p>[\/vc_column_text][\/vc_column][\/vc_row][vc_row][vc_column width=\u00bb1\/3&#8243;][vc_single_image image=\u00bb19948&#8243; img_size=\u00bbmedium\u00bb alignment=\u00bbcenter\u00bb][vc_tta_accordion active_section=\u00bb3&#8243; collapsible_all=\u00bbtrue\u00bb][vc_tta_section title=\u00bbNombre completo\u00bb tab_id=\u00bb1502887189083-1d2acbee-e73f\u00bb][vc_column_text]Borja Serra[\/vc_column_text][\/vc_tta_section][vc_tta_section title=\u00bbBio\u00bb tab_id=\u00bb1502887189085-6d3ae1c0-9f62&#8243;][vc_column_text]La m\u00fasica es el factor com\u00fan, al 99% de los proyectos y trabajos desarrollados a lo largo de su vida adulta, incluso antes de licenciarse en Publicidad y RRPP. Encargado de comunicaci\u00f3n durante m\u00e1s de un lustro (Sala Rock Star, Radiation Tours\u2026) programador eventual de eventos y salas (Rocket Club, Festival Electropical, Winona Forever. Parties..), productor y remixer&#8230; Un sinf\u00edn de curros musicales, entre los que destaca sin duda su labor como Dj. No en vano, a sus 40 a\u00f1os puede decir que lleva media vida pinchando. La mayor\u00eda de las ocasiones, bajo el alias de Mimoloco, que sin duda es uno de los nombres de referencia, de la escena electr\u00f3nica underground de las \u00faltimas d\u00e9cadas en Euskadi. Desde Mayo de 2017 es componente de la banda Mazmorra, que acaba de publicar en vinilo el E.P. \u201cTodo lo que arde\u201d, y con la que ha actuado ya en salas como el Kafe Antzokia, el Dabadaba, o en eventos tan ilustres como la fiesta anual del Mercado de 2 de Mayo, o en la Fiesta de clausura de Ca\u00f3stica 2017 en<br \/>\nArtxanda.[\/vc_column_text][\/vc_tta_section][\/vc_tta_accordion][\/vc_column][vc_column width=\u00bb1\/3&#8243;][vc_single_image image=\u00bb19939&#8243; img_size=\u00bbmedium\u00bb][vc_tta_accordion active_section=\u00bb3&#8243; collapsible_all=\u00bbtrue\u00bb][vc_tta_section title=\u00bbNombre completo\u00bb tab_id=\u00bb1502887189087-a33427a2-74dc\u00bb][vc_column_text]Lorea Argarate[\/vc_column_text][\/vc_tta_section][vc_tta_section title=\u00bbBio\u00bb tab_id=\u00bb1502887189088-21b74a1c-ac3a\u00bb][vc_column_text]Lorea Argarate Zubia naci\u00f3 en Bilbao, en 1990. Desde ni\u00f1a ha estado inmersa en el mundo musical, tanto en el conservatorio (tocando el clarinete), como en bandas y orquestas (ganando su primeros sueldos) y participado en diversas formaciones con amistades (con grupos de m\u00fasica y como DJ tambi\u00e9n). Ha aprendido a gestionar el \u00e1mbito musical y esa es su ocupaci\u00f3n actual, con voluntad de facilitar el camino a los que llegan ahora a este mundo, teniendo en cuenta el emprendizaje, la creatividad y la innovaci\u00f3n.[\/vc_column_text][\/vc_tta_section][\/vc_tta_accordion][\/vc_column][vc_column width=\u00bb1\/3&#8243;][vc_single_image image=\u00bb29828&#8243; img_size=\u00bbmedium\u00bb][vc_tta_accordion active_section=\u00bb3&#8243; collapsible_all=\u00bbtrue\u00bb][vc_tta_section title=\u00bbNombre completo\u00bb tab_id=\u00bb1525265134528-a4de291f-26f7&#8243;][vc_column_text]La Basu[\/vc_column_text][\/vc_tta_section][vc_tta_section title=\u00bbBio\u00bb tab_id=\u00bb1525265134665-cd14016e-80bf\u00bb][vc_column_text]Nacida y criada en Bilbao, Elena Caballero, m\u00e1s conocida como La Basu ,se define como una fiel amante de la m\u00fasica, destacando g\u00e9neros musicales como el rap, el soul, dancehall, reggae, R&amp;B, rock, punk e incluso flamenco.<\/p>\n<p>Descubri\u00f3 la cultura del hip hop a finales de los a\u00f1os 90 y fue en el a\u00f1o 1999 cuando cre\u00f3 su primer grupo de rap femenino llamado \u201cJungla Urbana\u201d con el que llegaron a dar conciertos dentro del Pa\u00eds Vasco, que para la \u00e9poca era curioso ver a mujeres haciendo rap.<\/p>\n<p>En 2001 sac\u00f3 su primera maqueta llamada \u201c#k\u201d y fue entonces cuando fue la telonera de grupos importantes en la escena del rap dentro y fuera del pa\u00eds.<\/p>\n<p>Por problemas de salud, en el a\u00f1o 2002 se ve obligada a retirarse de los escenarios y de la vida p\u00fablica y no ser\u00e1 hasta el 2012 cuando vuelva recuperada y con m\u00e1s ganas que nunca.<\/p>\n<p>A finales del 2013 saca un nuevo maxi con el nombre de \u201cRemixes\u201d que dar\u00e1 pie a su primer disco \u201dAire es Vida\u201d que ve la luz en marzo del 2015. En Junio del 2016, saca un nuevo Ep en adelanto a su pr\u00f3ximo disco \u00abIzotz Erregina\u00bb compuesto esta vez \u00edntegramente en euskera, siendo la primera mujer en grabar un disco entero en euskera.<\/p>\n<p>Ha colaborado con artistas como Fermin Muguruza, Aneguria, Natalia Garmendia, Tremenda Jaur\u00eda, Ohiana Bartra, Maria Rivero, Enkore, Bad Sound System&#8230;\u00a0Acompa\u00f1ada por y Dj. Ibai a los aparatos, La Basu sigue siendo el mayor referente del rap femenino en Bilbao, vuelve con directos llenos de fuerza y sonidos energ\u00e9ticos que sin duda no dejaran indiferentes a nadie.<\/p>\n<p>Por otro lado, La Basu junto Aneguria es una de las responsables del proyecto \u201cEskina Femenina\u201d donde apoyan a las mujeres dentro de la cultura del hip hop. Ofrecen talleres de escritura y crean eventos con todas aquellas mujeres que deciden subirse a los escenarios, d\u00e1ndoles el espacio que se merecen dentro de la m\u00fasica.<\/p>\n<p>El 27 de Diciembre del 2017 vi\u00f3 la luz su \u00faltimo trabajo \u00bb Ni naiz Izotz Erregina\u00bb un disco \u00edntegro en euskera.[\/vc_column_text][\/vc_tta_section][\/vc_tta_accordion][\/vc_column][\/vc_row]<\/p>\n","protected":false},"excerpt":{"rendered":"<p class=\"entry-summary\">\u00a0 POP ROCK Nerea Alberdi[vc_tta_section title=\u00bbBio\u00bb&hellip;<\/p>\n<div class=\"link-more\"><a href=\"https:\/\/bilbaogazte.bilbao.eus\/es\/jurado-concurso-pop-rock-villa-de-bilbao-2019\/\" class=\"more-link\">Continue reading<span class=\"screen-reader-text\"> &ldquo;Jurado &#8211; Concurso Pop-Rock Villa de Bilbao 2019&rdquo;<\/span>&hellip;<\/a><\/div>","protected":false},"author":65,"featured_media":0,"parent":0,"menu_order":0,"comment_status":"closed","ping_status":"closed","template":"","meta":{"_monsterinsights_skip_tracking":false,"_monsterinsights_sitenote_active":false,"_monsterinsights_sitenote_note":"","_monsterinsights_sitenote_category":0,"footnotes":""},"_links":{"self":[{"href":"https:\/\/bilbaogazte.bilbao.eus\/es\/wp-json\/wp\/v2\/pages\/29826"}],"collection":[{"href":"https:\/\/bilbaogazte.bilbao.eus\/es\/wp-json\/wp\/v2\/pages"}],"about":[{"href":"https:\/\/bilbaogazte.bilbao.eus\/es\/wp-json\/wp\/v2\/types\/page"}],"author":[{"embeddable":true,"href":"https:\/\/bilbaogazte.bilbao.eus\/es\/wp-json\/wp\/v2\/users\/65"}],"replies":[{"embeddable":true,"href":"https:\/\/bilbaogazte.bilbao.eus\/es\/wp-json\/wp\/v2\/comments?post=29826"}],"version-history":[{"count":7,"href":"https:\/\/bilbaogazte.bilbao.eus\/es\/wp-json\/wp\/v2\/pages\/29826\/revisions"}],"predecessor-version":[{"id":32345,"href":"https:\/\/bilbaogazte.bilbao.eus\/es\/wp-json\/wp\/v2\/pages\/29826\/revisions\/32345"}],"wp:attachment":[{"href":"https:\/\/bilbaogazte.bilbao.eus\/es\/wp-json\/wp\/v2\/media?parent=29826"}],"curies":[{"name":"wp","href":"https:\/\/api.w.org\/{rel}","templated":true}]}}