{"id":31106,"date":"2019-05-17T09:15:53","date_gmt":"2019-05-17T07:15:53","guid":{"rendered":"http:\/\/bilbaogazte.bilbao.eus\/es\/?page_id=31106"},"modified":"2020-02-06T10:35:33","modified_gmt":"2020-02-06T08:35:33","slug":"bilbao-gazte-balioak-martxan-2019","status":"publish","type":"page","link":"https:\/\/bilbaogazte.bilbao.eus\/es\/bilbao-gazte-balioak-martxan-2019\/","title":{"rendered":"Bilbao Gazte Balioak Martxan 2019"},"content":{"rendered":"<p>[vc_row][vc_column][vc_single_image image=\u00bb29019&#8243; img_size=\u00bbfull\u00bb][vc_column_text]El \u00c1rea de Juventud y Deporte del Ayuntamiento de Bilbao cuenta con un programa de apoyo a las iniciativas de j\u00f3venes <a href=\"http:\/\/bilbaogazte.bilbao.eus\/es\/servicio\/ideiak-martxan-todo-el-ano\/\">Ideiak Martxan<\/a>. En esta ocasi\u00f3n y con esta convocatoria a la que hemos denominado <strong>BILBAO GAZTE BALIOAK MARTXAN<\/strong>, queremos reconocer y reforzar el rol de los y de las j\u00f3venes como protagonistas del cambio social.\u00a0\u201cBilbao Gazte Balioak Martxan\u201d se enmarca dentro de\u00a0<a href=\"http:\/\/balioenhiria.bilbao.eus\/\" target=\"_blank\" rel=\"noopener noreferrer\">\u201cBilbao, Balioen Hiria\u201d<\/a>, con el que el Ayuntamiento busca ser ejemplo de\u00a0<strong>compromiso con principios como el respeto y convivencia<\/strong>.<\/p>\n<p>En la actual edici\u00f3n han sido premiadas 10 ideas: 3, en la categor\u00eda Estudiantes de Grado Universitario o Grado Superior y 7, en la de Personas y\/o Colectivos J\u00f3venes. Cada uno de los proyectos premiados recibir\u00e1 3.000 euros para su desarrollo. Las ideas ganadoras deber\u00e1n materializarse en 2019.<\/p>\n<p>En esta segunda edici\u00f3n de estos premios, los proyectos deben estar vinculados a los Objetivos de Desarrollo Sostenible de la Agenda 2030 de Naciones Unidas .<\/p>\n<p>A continuaci\u00f3n las 10 propuestas ganadoras:[\/vc_column_text][\/vc_column][\/vc_row][vc_row][vc_column][vc_column_text css=\u00bb.vc_custom_1558076924188{background-color: #e2312f !important;}\u00bb]<\/p>\n<p style=\"text-align: center;\"><span style=\"color: #ffffff;\"><strong>CATEGOR\u00cdA &#8211; ESTUDIANTES DE GRADO UNIVERSITARIO O CICLOS DE GRADO<\/strong><\/span><\/p>\n<p>[\/vc_column_text][\/vc_column][\/vc_row][vc_row][vc_column width=\u00bb1\/3&#8243;][vc_video link=\u00bbhttps:\/\/www.youtube.com\/watch?v=VtKMI4NrEnA\u00bb align=\u00bbcenter\u00bb][vc_accordion active_tab=\u00bb0&#8243;][vc_accordion_tab title=\u00bbCorion\u00bb][vc_column_text]El proyecto se basa en un documental informativo, educativo y entretenido con personas de repercusi\u00f3n en el entorno de la cultura urbana de Bilbao. EL objetivo es dar a conocer la cultura urbana que existe en la Villa. Se trata de una idea liderada por estudiantes del tercer a\u00f1o del grado LEINN y emprendedores e integrantes de la Asociaci\u00f3n Junior Empresa MOTION.<\/p>\n<p>El Jurado destaca la creatividad del proyecto y su v\u00ednculo al ODS 11: Ciudades y comunidades sostenibles.[\/vc_column_text][\/vc_accordion_tab][\/vc_accordion][\/vc_column][vc_column width=\u00bb1\/3&#8243;][vc_video link=\u00bbhttps:\/\/www.youtube.com\/watch?v=G4jnIJ6fQ3E\u00bb align=\u00bbcenter\u00bb][vc_accordion active_tab=\u00bb0&#8243;][vc_accordion_tab title=\u00bbSaiki\u00bb][vc_column_text]La iniciativa pretende generar nuevas herramientas de diagn\u00f3stico de la personalidad, actitudes personales y profesionales, mediante la utilizaci\u00f3n de los test tradicionales en este campo junto a la informaci\u00f3n obtenida a trav\u00e9s del comportamiento y estrategias seguidas por las y los usuarias de los videojuegos : saiki.io<\/p>\n<p>Se trata de un proyecto pionero de investigaci\u00f3n sobre la personalidad, al unir herramientas tradicionales en el \u00e1mbito de la psicolog\u00eda, con la inteligencia artificial. La idea ha sido presentada por un grupo de estudiantes de Psicolog\u00eda de la Universidad de Deusto e Ingenier\u00eda de la EHU-UPV, apoyados por un profesor del m\u00e1ster en Big Data de la Universidad de Deusto.<\/p>\n<p>El Jurado valora la manera de trabajo colaborativo en un proyecto innovador, en el \u00e1mbito de la salud y el bienestar: ODS 3, y que pone en el centro de inter\u00e9s a j\u00f3venes que se mueven en el mundo de los videojuegos.[\/vc_column_text][\/vc_accordion_tab][\/vc_accordion][\/vc_column][vc_column width=\u00bb1\/3&#8243;][vc_video link=\u00bbhttps:\/\/www.youtube.com\/watch?v=XrBIyojPifU\u00bb align=\u00bbcenter\u00bb][vc_accordion active_tab=\u00bb0&#8243;][vc_accordion_tab title=\u00bbFeeling cells\u00bb][vc_column_text]La idea se centra en un dispositivo, que aprovecha el calor residual desperdiciado en calderas, chimeneas y otras fuentes para la generaci\u00f3n de electricidad, contribuyendo con ello a la reducci\u00f3n de la contaminaci\u00f3n t\u00e9rmica y al ahorro econ\u00f3mico a largo plazo. El proyecto es de un grupo de estudiantes 2\u00ba de bachillerato del Colegio La Salle de Bilbao y de un joven estudiante de primer curso de Ingenier\u00eda.<\/p>\n<p>El Jurado destaca el compromiso de la idea con la sostenibilidad del planeta y se\u00f1ala que la iniciativa est\u00e1 relacionada con los ODS 4: Educaci\u00f3n de calidad, y ODS 7: Energ\u00eda asequible y no contaminante.[\/vc_column_text][\/vc_accordion_tab][\/vc_accordion][\/vc_column][\/vc_row][vc_row][vc_column][vc_column_text css=\u00bb.vc_custom_1559297641541{background-color: #e2312f !important;}\u00bb]<\/p>\n<p style=\"text-align: center;\"><span style=\"color: #ffffff;\"><strong>CATEGOR\u00cdA &#8211;\u00a0COLECTIVOS Y\/O PERSONAS J\u00d3VENES<\/strong><\/span><\/p>\n<p>[\/vc_column_text][\/vc_column][\/vc_row][vc_row][vc_column width=\u00bb1\/3&#8243;][vc_video link=\u00bbhttps:\/\/www.youtube.com\/watch?v=s1rBYcSC-bE\u00bb align=\u00bbcenter\u00bb][vc_accordion active_tab=\u00bb0&#8243;][vc_accordion_tab title=\u00bbMoraza Game\u00bb][vc_column_text]La propuesta liderada por la asociaci\u00f3n Gozaldi del barrio de Uribarri, trata de llevar a cabo un proceso participativo l\u00fadico, en el que se invita a todos los agentes juveniles y a las personas j\u00f3venes del barrio, a aportar ideas sobre cu\u00e1l debiera ser el uso de esta plaza y la calidad de la convivencia que desean para la comunidad.<\/p>\n<p>El Jurado se\u00f1ala que el proyecto pone en valor la iniciativa de los y de las j\u00f3venes que han querido implicarse directamente en mejorar la convivencia de su barrio a trav\u00e9s de un proceso participativo de trabajo colaborativo. El proyecto se relaciona directamente con los Objetivos 11: Ciudades y comunidades sostenibles y 17: Alianzas para lograr objetivos.<\/p>\n<p>Asociaci\u00f3n Gozaldi del barrio de Uribarri.[\/vc_column_text][\/vc_accordion_tab][\/vc_accordion][\/vc_column][vc_column width=\u00bb1\/3&#8243;][vc_video link=\u00bbhttps:\/\/www.youtube.com\/watch?v=xl_Zl-sPSY0&#8243; align=\u00bbcenter\u00bb][vc_accordion active_tab=\u00bb0&#8243;][vc_accordion_tab title=\u00bbBerdeago\u00bb][vc_column_text]Propuesta liderada por integrantes de la Cooperativa Tazebaez. El objetivo de esta idea es ser punto de encuentro digital y f\u00edsico de los agentes que trabajan la sostenibilidad en Euskadi. El proyecto propone realizar las jornadas IZAN BERDEAGO en Bilbao, dirigidas a un p\u00fablico variado (ni\u00f1os y ni\u00f1as, familias, j\u00f3venes) para sensibilizarles e involucrarles en el objetivo de un Bilbao m\u00e1s cr\u00edtico y sostenible a trav\u00e9s de talleres, concursos, \u201climpia\u201d, etc.<\/p>\n<p>El jurado valora la capacidad de la idea para generar redes de sostenibilidad especialmente entre colectivos tan sensibles como la infancia y la juventud, a trav\u00e9s de actividades creativas y l\u00fadicas. Esta iniciativa impacta en varios ODS 4: Educaci\u00f3n de calidad, 5: Igualdad de g\u00e9nero, 6: Agua limpia y saneamiento, 7: Energ\u00eda asequible y no contaminante, 11: Ciudades y comunidades sostenibles, 12: Producci\u00f3n y consumo responsables, 13: Acci\u00f3n por el clima, 15: Vida de ecosistemas terrestres y 17: Alianzas para lograr objetivos.<\/p>\n<p>Cooperativa TAZEBAEZ.[\/vc_column_text][\/vc_accordion_tab][\/vc_accordion][\/vc_column][vc_column width=\u00bb1\/3&#8243;][vc_video link=\u00bbhttps:\/\/www.youtube.com\/watch?v=lI4-HaVsvig\u00bb align=\u00bbcenter\u00bb][vc_accordion active_tab=\u00bb0&#8243;][vc_accordion_tab title=\u00bbBalioak oinetan, eskaileretan\u00bb][vc_column_text]Un grupo de alumnos y alumnas del IES Rekaldeberri proponen dar luz y color a las escaleras que dan acceso a su centro escolar, con un dise\u00f1o art\u00edstico ideado y pintado para dar luz y color al camino que todos los d\u00edas les toca recorrer, tanto a ellos y a ellas como al resto de vecinos y vecinas. Van a intervenir en los escalones mediante un dise\u00f1o art\u00edstico ideado por una artista y pintado por el alumnado donde van a representar los valores que est\u00e1n vinculados con los 17 Objetivos de Desarrollo Sostenible, generando con ello una acci\u00f3n que pretende llamar a la sensibilizaci\u00f3n y reflexi\u00f3n de toda la comunidad.<\/p>\n<p>Esta iniciativa impacta en varios ODS: 4: Educaci\u00f3n de calidad, 11: Ciudades y comunidades sostenibles y 17: Alianzas para lograr objetivos.<\/p>\n<p>Alumnado IES Rekaldeberri.[\/vc_column_text][\/vc_accordion_tab][\/vc_accordion][\/vc_column][\/vc_row][vc_row][vc_column width=\u00bb1\/3&#8243;][vc_video link=\u00bbhttps:\/\/www.youtube.com\/watch?v=RfbDzuQKato\u00bb align=\u00bbcenter\u00bb][vc_accordion active_tab=\u00bb0&#8243;][vc_accordion_tab title=\u00bbEkobideak\u00bb][vc_column_text]Las y los integrantes de\u00a0 la Sociedad Cooperativa Peque\u00f1a Ekobideak, pretenden hacer de la Villa de Bilbao un espacio para la sensibilizaci\u00f3n, hacia el cuidado de los espacios, tambi\u00e9n los urbanos, y para la conservaci\u00f3n del patrimonio geol\u00f3gico, mediante un mayor conocimiento de su riqueza geol\u00f3gica.\u00a0 Para ello, han elaborado un marco de ponencias, talleres y salidas, con los que van a congregar a un p\u00fablico estudiante, ni\u00f1os, ni\u00f1as familias y j\u00f3venes, al p\u00fablico interesado en esta ciencia y, en general, a personas curiosas y aficionadas a la geolog\u00eda, como son la mineralog\u00eda, vulcanolog\u00eda y paleontolog\u00eda.<\/p>\n<p>El Jurado se\u00f1ala que la idea aporta una perspectiva novedosa y desconocida para la ciudadan\u00eda bilba\u00edna, una visi\u00f3n diferente de Bilbao y una reflexi\u00f3n sobre la responsabilidad ciudadana en su cuidado. Este proyecto est\u00e1 relacionado con los ODS 4: Educaci\u00f3n de calidad, 11: Ciudades y comunidades sostenibles y 15: Vida de ecosistemas terrestres.<\/p>\n<p>Miembros de la Sociedad Cooperativa Peque\u00f1a EKOBIDEAK.[\/vc_column_text][\/vc_accordion_tab][\/vc_accordion][\/vc_column][vc_column width=\u00bb1\/3&#8243;][vc_video link=\u00bbhttps:\/\/www.youtube.com\/watch?v=COVTCXbgIcY\u00bb align=\u00bbcenter\u00bb][vc_accordion active_tab=\u00bb0&#8243;][vc_accordion_tab title=\u00bbSchool natura\u00bb][vc_column_text]Este proyecto, liderado por un grupo de estudiantes j\u00f3venes del Colegio La Salle, se basa en ofrecer al alumnado, al personal del colegio y a los vecinos y vecinas del barrio de Deusto los beneficios inmediatos y a largo plazo que se obtienen gracias a los espacios e infraestructuras verdes (reducci\u00f3n de estr\u00e9s, mejorar la atenci\u00f3n, alarga la vida\u2026etc.) para mejorar la salud y el medio ambiente. La idea plantea crear un jard\u00edn vertical en las paredes que rodean el centro, en cuyo cuidado se ha implicado la comunidad escolar. Para ello se cuenta con la colaboraci\u00f3n de diversas<br \/>\nasociaciones y organizaciones del barrio (Gizakia y Lagun Artean).<\/p>\n<p>El Jurado considera que se trata de un proyecto que integra las relaciones entre la escuela y la comunidad vecinal, las relaciones intergeneracionales e inclusivas y, lo que resulta a\u00fan m\u00e1s relevante, la implicaci\u00f3n del alumnado en la mejora de su entorno. Esta idea est\u00e1 relacionada con los ODS 4: Educaci\u00f3n de calidad, 3: Salud y bienestar; 11: Ciudades y comunidades sostenibles y 17: Alianzas para lograr objetivos.<\/p>\n<p>Alumnado de 4\u00ba de la ESO del Colegio La Salle.[\/vc_column_text][\/vc_accordion_tab][\/vc_accordion][\/vc_column][vc_column width=\u00bb1\/3&#8243;][vc_video link=\u00bbhttps:\/\/www.youtube.com\/watch?v=ntcscGo3oho\u00bb align=\u00bbcenter\u00bb][vc_accordion active_tab=\u00bb0&#8243;][vc_accordion_tab title=\u00bbAuzoko zaporeak\u00bb][vc_column_text]Auzoko Zaporeak es un proyecto de investigaci\u00f3n y producci\u00f3n cultural liderado por dos j\u00f3venes interesadas en trabajar la gastronom\u00eda como herramienta para la reivindicaci\u00f3n de la diversidad cultural y la transmisi\u00f3n de conocimiento entre personas de diferentes culturas y generaciones.<\/p>\n<p>A trav\u00e9s de un rastreo y recogida de las recetas de diferentes or\u00edgenes geogr\u00e1ficos y culturales que podemos encontrar en el barrio de San Francisco, Auzoko Zaporeak busca visibilizar y celebrar la diversidad cultural a trav\u00e9s de la comida.<\/p>\n<p>El Jurado cree que la idea tiene una gran capacidad de sensibilizaci\u00f3n de cara a la mayor cohesi\u00f3n vecinal de un barrio caracterizado por su diversidad cultural. Esta idea est\u00e1 relacionada con los los ODS 10: Reducci\u00f3n de las desigualdades, 11: Ciudades y comunidades sostenibles y 17: Alianzas para lograr objetivos.<\/p>\n<p>Integrantes de Auzko Zaporeak.[\/vc_column_text][\/vc_accordion_tab][\/vc_accordion][\/vc_column][\/vc_row][vc_row][vc_column width=\u00bb1\/3&#8243;][vc_video link=\u00bbhttps:\/\/www.youtube.com\/watch?v=emZhvjcRjFU\u00bb align=\u00bbcenter\u00bb][vc_accordion active_tab=\u00bb0&#8243;][vc_accordion_tab title=\u00bbFungi thinking\u00bb][vc_column_text]Este proyecto liderado por integrantes de la Asociaci\u00f3n de Innovaci\u00f3n Social Gizarte Berrikuntzako Elkartea Global Shapers Bilbao-Euskadi, pretende concienciar a los y las j\u00f3venes de Bilbao y a los centros escolares participantes en el programa educativo Hamaika Esku (programa del Gobierno Vasco para la mejora de las competencias del alumnado) sobre la econom\u00eda circular.<\/p>\n<p>El proceso emplea los posos de caf\u00e9 que generan los bares, cafeter\u00edas y restaurantes de nuestro entorno para producir setas-ostra comestibles. Dicho programa se llevar\u00e1 a cabo con las y los j\u00f3venes del IES Bertendona, con la colaboraci\u00f3n de los bares y establecimientos de su entorno.<\/p>\n<p>El Jurado subraya el car\u00e1cter innovador y la implicaci\u00f3n de j\u00f3venes de la organizaci\u00f3n Global Shaper con alumnado de centros educativos de Bilbao en la sensibilizaci\u00f3n hacia una sociedad sostenible y un consumo responsable. Este proyecto se relaciona con varios ODS 4: Educaci\u00f3n de calidad, 11: Ciudades y comunidades sostenibles, 12: Producci\u00f3n y consumo responsable y 17: Alianza para lograr los objetivos.<\/p>\n<p>Integrantes de la Asociaci\u00f3n Innovaci\u00f3n Social Gizarte Berrikuntzako Elkartea Global Shapers Bilbao Euskadi.[\/vc_column_text][\/vc_accordion_tab][\/vc_accordion][\/vc_column][vc_column width=\u00bb1\/3&#8243;][\/vc_column][vc_column width=\u00bb1\/3&#8243;][\/vc_column][\/vc_row][vc_row][vc_column][vc_column_text]Las 30 propuestas ganadoras de 2018 <a href=\"http:\/\/bilbaogazte.bilbao.eus\/es\/bilbao-gazte-balioak-martxan-2018\/\">aqu\u00ed<\/a>.[\/vc_column_text][\/vc_column][\/vc_row]<\/p>\n","protected":false},"excerpt":{"rendered":"<p class=\"entry-summary\">El \u00c1rea de Juventud y Deporte del Ayuntamiento de Bilbao cuenta con un programa de apoyo&hellip;<\/p>\n<div class=\"link-more\"><a href=\"https:\/\/bilbaogazte.bilbao.eus\/es\/bilbao-gazte-balioak-martxan-2019\/\" class=\"more-link\">Continue reading<span class=\"screen-reader-text\"> &ldquo;Bilbao Gazte Balioak Martxan 2019&rdquo;<\/span>&hellip;<\/a><\/div>","protected":false},"author":65,"featured_media":0,"parent":0,"menu_order":0,"comment_status":"closed","ping_status":"closed","template":"","meta":{"_monsterinsights_skip_tracking":false,"_monsterinsights_sitenote_active":false,"_monsterinsights_sitenote_note":"","_monsterinsights_sitenote_category":0,"footnotes":""},"_links":{"self":[{"href":"https:\/\/bilbaogazte.bilbao.eus\/es\/wp-json\/wp\/v2\/pages\/31106"}],"collection":[{"href":"https:\/\/bilbaogazte.bilbao.eus\/es\/wp-json\/wp\/v2\/pages"}],"about":[{"href":"https:\/\/bilbaogazte.bilbao.eus\/es\/wp-json\/wp\/v2\/types\/page"}],"author":[{"embeddable":true,"href":"https:\/\/bilbaogazte.bilbao.eus\/es\/wp-json\/wp\/v2\/users\/65"}],"replies":[{"embeddable":true,"href":"https:\/\/bilbaogazte.bilbao.eus\/es\/wp-json\/wp\/v2\/comments?post=31106"}],"version-history":[{"count":11,"href":"https:\/\/bilbaogazte.bilbao.eus\/es\/wp-json\/wp\/v2\/pages\/31106\/revisions"}],"predecessor-version":[{"id":36713,"href":"https:\/\/bilbaogazte.bilbao.eus\/es\/wp-json\/wp\/v2\/pages\/31106\/revisions\/36713"}],"wp:attachment":[{"href":"https:\/\/bilbaogazte.bilbao.eus\/es\/wp-json\/wp\/v2\/media?parent=31106"}],"curies":[{"name":"wp","href":"https:\/\/api.w.org\/{rel}","templated":true}]}}