{"id":31417,"date":"2019-05-30T10:38:22","date_gmt":"2019-05-30T08:38:22","guid":{"rendered":"http:\/\/bilbaogazte.bilbao.eus\/es\/?page_id=31417"},"modified":"2019-05-31T10:26:38","modified_gmt":"2019-05-31T08:26:38","slug":"inscripciones-gaztekluba-uda-2019","status":"publish","type":"page","link":"https:\/\/bilbaogazte.bilbao.eus\/es\/inscripciones-gaztekluba-uda-2019\/","title":{"rendered":"Inscripciones #GazteKLUBA UDA 2019"},"content":{"rendered":"<p>[vc_row][vc_column width=\u00bb2\/3&#8243;][vc_single_image image=\u00bb31451&#8243; img_size=\u00bblarge\u00bb][vc_custom_heading text=\u00bbINSCRIPCIONES<br \/>\n3 &#8211; 10 de junio\u00bb font_container=\u00bbtag:h2|text_align:center|color:%23ffffff|line_height:1.5&#8243; css=\u00bb.vc_custom_1559204155499{background-color: #1fa0ed !important;border-radius: 5px !important;}\u00bb][vc_accordion active_tab=\u00bb0&#8243;][vc_accordion_tab title=\u00bb26 de junio &gt; CALA DE LOS CONTRABANDISTAS: BIGSUP + SNORKEL + GINKANA TERRESTRE\u00bb][vc_column_text]<\/p>\n<ul>\n<li><span style=\"color: #808080;\"><strong>10:00 &#8211; 18:00.\u00a0Salida<\/strong> &#8211; Salida a la cala de los contrabandistas:\u00a0BigSup + Snorkel + Coasteering + Ginkana terrestre. Adrenalina en los acantilados de la costa vasca. Desde la playa de Gorliz realizaremos una traves\u00eda en BigSup hacia la cala del Castillito. Al llegar a la cala desembarcaremos y comenzar\u00e1 el snorkel, actividad donde ayudados por las gafas y el tubo podremos observar el fondo marino. 12 a 17 a\u00f1os<\/span><span style=\"color: #808080;\"><span style=\"font-weight: 400;\">.<\/span><\/span><span style=\"color: #808080;\"><span style=\"font-weight: 400;\">\u00a010,80\u20ac.\u00a0<\/span><\/span><\/li>\n<li><span style=\"font-weight: 400; color: #808080;\"><strong>Lugar:<\/strong>\u00a0Bah\u00eda de Gorliz.<\/span><\/li>\n<li><span style=\"font-weight: 400; color: #808080;\"><strong>Lugar de salida y vuelta:<\/strong> El autob\u00fas saldr\u00e1 a las 10:00 desde Abandoibarra 4,\u00a0parada de autob\u00fas. Vuelta a las 18:00.<\/span><\/li>\n<li><span style=\"font-weight: 400; color: #808080;\"><strong>Inscripciones:<\/strong><br \/>\n<\/span><span style=\"font-weight: 400; color: #808080;\">&#8211;\u00a0Desde el 3 de junio, a partir de las 09.00, hasta el 10 de junio, hasta las 09:00, <a href=\"https:\/\/gaztekluba.typeform.com\/to\/bx7NhO\" target=\"_blank\" rel=\"noopener noreferrer\">aqu\u00ed<\/a>.<br \/>\n&#8211; <a href=\"http:\/\/bilbaogazte.bilbao.eus\/wp-content\/uploads\/2019\/05\/Normativa-Inscripciones-GKluba-UDA-2019.pdf\">Normativa de inscripciones<\/a><a href=\"https:\/\/gaztekluba.typeform.com\/to\/Cg5x4y\" target=\"_blank\" rel=\"noopener noreferrer\"><br \/>\n<\/a><\/span><\/li>\n<li><span style=\"color: #808080;\"><strong>El precio incluye:<\/strong> Transporte, realizaci\u00f3n de la actividad, monitorado y material (BigSup,\u00a0remos, chaleco, neopreno, licra, chubasquero, bote estanco, casco y guantes, adem\u00e1s del material para realizar la actividad de snorkel).<\/span><\/li>\n<li><span style=\"color: #808080;\"><strong>No incluye:<\/strong>\u00a0Comida y bebida.<\/span><\/li>\n<li><span style=\"color: #808080;\"><strong>Plazas:<\/strong> 50.<\/span><\/li>\n<\/ul>\n<p><span style=\"color: #808080;\"><strong>\u00a1Comp\u00e1rtelo con tus amigo\/as!<\/strong><\/span><a href=\"whatsapp:\/\/send?text=http%3A%2F%2Fbilbaogazte.bilbao.eus%2Fes%2Fgaztekluba%2F%23ui-id-1\" data-action=\"share\/whatsapp\/share\"><br \/>\n<img loading=\"lazy\" decoding=\"async\" src=\"http:\/\/bilbaogazte.bilbao.eus\/wp-content\/uploads\/2018\/01\/WhatsApp-Logo.png\" width=\"25\" height=\"25\" border=\"0\" \/><\/a>[\/vc_column_text][\/vc_accordion_tab][vc_accordion_tab title=\u00bb27 de junio &gt; ESCALADA + RAPEL + PLAYA\u00bb][vc_column_text]<\/p>\n<ul>\n<li><span style=\"color: #808080;\"><strong>10:00 &#8211; 18:00.\u00a0Salida<\/strong> &#8211; Escalada + Rapel + Playa. 12 a 17 a\u00f1os<\/span><span style=\"color: #808080;\"><span style=\"font-weight: 400;\">.<\/span><\/span><span style=\"color: #808080;\"><span style=\"font-weight: 400;\">\u00a010,80\u20ac.\u00a0<\/span><\/span><\/li>\n<li><span style=\"font-weight: 400; color: #808080;\"><strong>Lugar:<\/strong>\u00a0Urduliz.<\/span><\/li>\n<li><span style=\"font-weight: 400; color: #808080;\"><strong>Lugar de salida y vuelta:<\/strong> El autob\u00fas saldr\u00e1 a las 10:00 desde Abandoibarra 4,\u00a0parada de autob\u00fas. Vuelta a las 18:00.<\/span><\/li>\n<li><span style=\"font-weight: 400; color: #808080;\"><strong>Inscripciones:<\/strong><br \/>\n<\/span><span style=\"font-weight: 400; color: #808080;\">&#8211;\u00a0Desde el 3 de junio, a partir de las 09.00, hasta el 10 de junio, hasta las 09:00, <a href=\"https:\/\/gaztekluba.typeform.com\/to\/bx7NhO\" target=\"_blank\" rel=\"noopener noreferrer\">aqu\u00ed<\/a>.<br \/>\n&#8211; <a href=\"http:\/\/bilbaogazte.bilbao.eus\/wp-content\/uploads\/2019\/05\/Normativa-Inscripciones-GKluba-UDA-2019.pdf\">Normativa de inscripciones<\/a><a href=\"https:\/\/gaztekluba.typeform.com\/to\/Cg5x4y\" target=\"_blank\" rel=\"noopener noreferrer\"><br \/>\n<\/a><\/span><\/li>\n<li><span style=\"color: #808080;\"><strong>El precio incluye:<\/strong>\u00a0Transporte, realizaci\u00f3n de la actividad, monitorado y material.<\/span><\/li>\n<li><span style=\"color: #808080;\"><strong>No incluye:<\/strong>\u00a0Comida y bebida.<\/span><\/li>\n<li><span style=\"color: #808080;\"><strong>Plazas:<\/strong> 50.<\/span><\/li>\n<\/ul>\n<p><span style=\"color: #808080;\"><strong>\u00a1Comp\u00e1rtelo con tus amigo\/as!<\/strong><\/span><a href=\"whatsapp:\/\/send?text=http%3A%2F%2Fbilbaogazte.bilbao.eus%2Fes%2Fgaztekluba%2F%23ui-id-3\" data-action=\"share\/whatsapp\/share\"><br \/>\n<img loading=\"lazy\" decoding=\"async\" src=\"http:\/\/bilbaogazte.bilbao.eus\/wp-content\/uploads\/2018\/01\/WhatsApp-Logo.png\" width=\"25\" height=\"25\" border=\"0\" \/><\/a>[\/vc_column_text][\/vc_accordion_tab][vc_accordion_tab title=\u00bb28 de junio &gt; ACTIVIDADES ACU\u00c1TICAS EN LA COSTA: SURF + BODYBOARD + PLAYA\u00bb][vc_column_text]<\/p>\n<ul>\n<li><span style=\"color: #808080;\"><strong>10:00 &#8211; 18:00. Salida<\/strong> &#8211; Actividades acu\u00e1ticas\u00a0 en la costa de Bizkaia:\u00a0Surf + Bodyboard + Actividades en la playa de Gorliz. 12 a 17 a\u00f1os<\/span><span style=\"color: #808080;\"><span style=\"font-weight: 400;\">.<\/span><\/span><span style=\"color: #808080;\"><span style=\"font-weight: 400;\">\u00a010,80\u20ac.\u00a0<\/span><\/span><\/li>\n<li><span style=\"font-weight: 400; color: #808080;\"><strong>Lugar:<\/strong>\u00a0Bah\u00eda de Plentzia &#8211; Gorliz.<\/span><\/li>\n<li><span style=\"font-weight: 400; color: #808080;\"><strong>Lugar de salida y vuelta:<\/strong> El autob\u00fas saldr\u00e1 a las 10:00 desde Abandoibarra 4,\u00a0parada de autob\u00fas. Vuelta a las 18:00.<\/span><\/li>\n<li><span style=\"font-weight: 400; color: #808080;\"><strong>Inscripciones:<\/strong><br \/>\n<\/span><span style=\"font-weight: 400; color: #808080;\">&#8211;\u00a0Desde el 3 de junio, a partir de las 09.00, hasta el 10 de junio, hasta las 09:00, <a href=\"https:\/\/gaztekluba.typeform.com\/to\/bx7NhO\" target=\"_blank\" rel=\"noopener noreferrer\">aqu\u00ed<\/a>.<br \/>\n&#8211; <a href=\"http:\/\/bilbaogazte.bilbao.eus\/wp-content\/uploads\/2019\/05\/Normativa-Inscripciones-GKluba-UDA-2019.pdf\">Normativa de inscripciones<\/a><a href=\"https:\/\/gaztekluba.typeform.com\/to\/Cg5x4y\" target=\"_blank\" rel=\"noopener noreferrer\"><br \/>\n<\/a><\/span><\/li>\n<li><span style=\"color: #808080;\"><strong>El precio incluye:<\/strong>\u00a0Transporte, realizaci\u00f3n de la actividad, monitorado y material (neopreno, tabla, y casco).<\/span><\/li>\n<li><span style=\"color: #808080;\"><strong>No incluye:<\/strong>\u00a0Comida y bebida.<\/span><\/li>\n<li><span style=\"color: #808080;\"><strong>Plazas:<\/strong> 50.<\/span><\/li>\n<\/ul>\n<p><span style=\"color: #808080;\"><strong>\u00a1Comp\u00e1rtelo con tus amigo\/as!<\/strong><\/span><a href=\"whatsapp:\/\/send?text=http%3A%2F%2Fbilbaogazte.bilbao.eus%2Fes%2Fgaztekluba%2F%23ui-id-5\" data-action=\"share\/whatsapp\/share\"><br \/>\n<img loading=\"lazy\" decoding=\"async\" src=\"http:\/\/bilbaogazte.bilbao.eus\/wp-content\/uploads\/2018\/01\/WhatsApp-Logo.png\" width=\"25\" height=\"25\" border=\"0\" \/><\/a>[\/vc_column_text][\/vc_accordion_tab][vc_accordion_tab title=\u00bb28 de junio &gt; ROLL IT GIRL BILBAO I. TOPAKETA\u00bb][vc_column_text]<\/p>\n<ul>\n<li><span style=\"color: #808080;\"><strong>17:30 &#8211; 21:00. <\/strong>Talleres + Exhibici\u00f3n + Freestyle + M\u00fasica.\u00a0En este I. encuentro Roll it Girl Bilbao\u00a0organizado por un colectivo de chicas j\u00f3venes, podremos disfrutar de \u00a0talleres de customizaci\u00f3n donde dispondremos pinturas especiales para textiles y \u00a0plantillas para personalizar nuestras tablas y ropa donada por Koopera. En la exhibici\u00f3n y el Freestyle tendremos la oportunidad de mostrar nuestras habilidades como skaters y para acabar disfrutaremos de la mejor m\u00fasica preparada para la ocasi\u00f3n.\u00a012 a 17 a\u00f1os<\/span><span style=\"color: #808080;\"><span style=\"font-weight: 400;\">.<\/span><\/span><span style=\"color: #808080;\"><span style=\"font-weight: 400;\">\u00a0<\/span><\/span><\/li>\n<li><span style=\"font-weight: 400; color: #808080;\"><strong>Lugar:<\/strong> Skatepark de Olabeaga.<\/span><\/li>\n<li><span style=\"font-weight: 400; color: #808080;\"><strong>Inscripciones (para los talleres solo):<\/strong><br \/>\n<\/span><span style=\"font-weight: 400; color: #808080;\">&#8211;\u00a0Desde el 3 de junio, a partir de las 09.00, hasta el 10 de junio, hasta las 09:00, <a href=\"https:\/\/gaztekluba.typeform.com\/to\/bx7NhO\" target=\"_blank\" rel=\"noopener noreferrer\">aqu\u00ed<\/a>.<br \/>\n&#8211; <a href=\"http:\/\/bilbaogazte.bilbao.eus\/wp-content\/uploads\/2019\/05\/Normativa-Inscripciones-GKluba-UDA-2019.pdf\">Normativa de inscripciones<\/a><\/span><\/li>\n<li><span style=\"color: #808080;\"><strong>Plazas:<\/strong>\u00a030.<\/span><\/li>\n<\/ul>\n<p style=\"font-weight: 400;\"><span style=\"color: #808080;\"><strong>\u00a1Comp\u00e1rtelo con tus amigo\/as!<\/strong><\/span><\/p>\n<p><a href=\"whatsapp:\/\/send?text=http%3A%2F%2Fbilbaogazte.bilbao.eus%2Fes%2Fgaztekluba%2F%23ui-id-7\" data-action=\"share\/whatsapp\/share\"><img loading=\"lazy\" decoding=\"async\" src=\"http:\/\/bilbaogazte.bilbao.eus\/wp-content\/uploads\/2018\/01\/WhatsApp-Logo.png\" width=\"25\" height=\"25\" border=\"0\" \/><\/a>[\/vc_column_text][\/vc_accordion_tab][vc_accordion_tab title=\u00bb1 de julio &gt; PARQUE DE AVENTURA MENDEXA + TREKKING LEKEITIO &#8211; MENDEXA\u00bb][vc_column_text]<\/p>\n<ul>\n<li><span style=\"color: #808080;\"><span style=\"color: #808080;\"><strong>10:00 &#8211; 18:00.\u00a0Salida<\/strong> &#8211;\u00a0<\/span>Parque de Aventura Mendexa + Trekking Lekeitio &#8211; Mendexa. Mendexa Abentura Park es el parque de aventura en los \u00e1rboles y tirolinas m\u00e1s actual y novedoso de la costa vasca. Situado a 4 km de Lekeitio y f\u00e1cilmente accesible. En sus instalaciones nos lo pasaremos bien entre tirolinas, puentes tibetanos, roc\u00f3dromos\u2026 Para finalizar la actividad seguiremos la senda que va desde Lekeitio a Mendexa.\u00a014 a 17 a\u00f1os<span style=\"font-weight: 400;\">.<\/span><span style=\"font-weight: 400;\">\u00a010,80\u20ac.\u00a0<\/span><\/span><\/li>\n<li><span style=\"font-weight: 400; color: #808080;\"><strong>Lugar:<\/strong>\u00a0Mendexa.<\/span><\/li>\n<li><span style=\"font-weight: 400; color: #808080;\"><strong>Lugar de salida y vuelta:<\/strong> El autob\u00fas saldr\u00e1 a las 10:00 desde Abandoibarra 4,\u00a0parada de autob\u00fas. Vuelta a las 18:00.<\/span><\/li>\n<li><span style=\"font-weight: 400; color: #808080;\"><strong>Inscripciones:<\/strong><br \/>\n<\/span><span style=\"font-weight: 400; color: #808080;\">&#8211;\u00a0Desde el 3 de junio, a partir de las 09.00, hasta el 10 de junio, hasta las 09:00, <a href=\"https:\/\/gaztekluba.typeform.com\/to\/bx7NhO\" target=\"_blank\" rel=\"noopener noreferrer\">aqu\u00ed<\/a>.<br \/>\n&#8211; <a href=\"http:\/\/bilbaogazte.bilbao.eus\/wp-content\/uploads\/2019\/05\/Normativa-Inscripciones-GKluba-UDA-2019.pdf\">Normativa de inscripciones<\/a><a href=\"https:\/\/gaztekluba.typeform.com\/to\/Cg5x4y\" target=\"_blank\" rel=\"noopener noreferrer\"><br \/>\n<\/a><\/span><\/li>\n<li><span style=\"color: #808080;\"><strong>El precio incluye:<\/strong>\u00a0Transporte, realizaci\u00f3n de la actividad, y monitorado.<\/span><\/li>\n<li><span style=\"color: #808080;\"><strong>No incluye:<\/strong>\u00a0Comida y bebida.<\/span><\/li>\n<li><span style=\"color: #808080;\"><strong>Plazas:<\/strong> 50.<\/span><\/li>\n<\/ul>\n<p><span style=\"color: #808080;\"><strong>\u00a1Comp\u00e1rtelo con tus amigo\/as!<\/strong><\/span><a href=\"whatsapp:\/\/send?text=http%3A%2F%2Fbilbaogazte.bilbao.eus%2Fes%2Fgaztekluba%2F%23ui-id-9\" data-action=\"share\/whatsapp\/share\"><br \/>\n<img loading=\"lazy\" decoding=\"async\" src=\"http:\/\/bilbaogazte.bilbao.eus\/wp-content\/uploads\/2018\/01\/WhatsApp-Logo.png\" width=\"25\" height=\"25\" border=\"0\" \/><\/a>[\/vc_column_text][\/vc_accordion_tab][vc_accordion_tab title=\u00bb1 de julio &gt; PARKOUR\u00bb][vc_column_text]<\/p>\n<ul>\n<li><span style=\"font-weight: 400; color: #808080;\"><strong>18:00 &#8211; 19:00:\u00a0<\/strong>Parkour. Iniciaci\u00f3n al arte del desplazamiento. Aprende las t\u00e9cnicas b\u00e1sicas para caer, saltar, escalar, gatear\u2026 y superar todos los obst\u00e1culos con facilidad creando recorridos b\u00e1sicos de parkour. No hace falta experiencia para participar, \u00a1an\u00edmate!<\/span><\/li>\n<li><span style=\"font-weight: 400; color: #808080;\"><strong>Inscripciones:<\/strong><br \/>\n&#8211; Desde el 3 de junio, a partir de las 09.00, hasta el 10 de junio, hasta las 09:00,\u00a0<a href=\"https:\/\/gaztekluba.typeform.com\/to\/bx7NhO\" target=\"_blank\" rel=\"noopener noreferrer\">aqu\u00ed<\/a>.<br \/>\n&#8211;\u00a0<a href=\"http:\/\/bilbaogazte.bilbao.eus\/wp-content\/uploads\/2019\/05\/Normativa-Inscripciones-GKluba-UDA-2019.pdf\">Normativa de inscripciones<\/a><\/span><\/li>\n<\/ul>\n<p style=\"font-weight: 400;\"><span style=\"color: #808080;\"><strong>\u00a1Comp\u00e1rtelo con tus amigo\/as!<\/strong><\/span><\/p>\n<p><a href=\"whatsapp:\/\/send?text=http%3A%2F%2Fbilbaogazte.bilbao.eus%2Fes%2Fgaztekluba%2F%23ui-id-11\" data-action=\"share\/whatsapp\/share\"><img loading=\"lazy\" decoding=\"async\" src=\"http:\/\/bilbaogazte.bilbao.eus\/wp-content\/uploads\/2018\/01\/WhatsApp-Logo.png\" width=\"25\" height=\"25\" border=\"0\" \/><\/a>[\/vc_column_text][\/vc_accordion_tab][vc_accordion_tab title=\u00bb2 de julio &gt; REMO EN TRAINERA + MIRADOR MONTE LUMENTZA + PLAYA\u00bb][vc_column_text]<\/p>\n<ul>\n<li><span style=\"color: #808080;\"><strong>10:00 &#8211; 18:00.\u00a0Salida<\/strong> &#8211; Remo en trainera + Visita al mirador del monte Lumanza + Actividades en la playa. Remo en traineras en la peque\u00f1a comarca de Lea Artibai. D\u00eda intenso en el mar para despu\u00e9s terminar ascendiendo al mirador del monte Lumanza. Finalizar\u00e1 la salida en la playa de Lekeitio. 12 a 17 a\u00f1os<\/span><span style=\"color: #808080;\"><span style=\"font-weight: 400;\">.<\/span><\/span><span style=\"color: #808080;\"><span style=\"font-weight: 400;\">\u00a010,80\u20ac.\u00a0<\/span><\/span><\/li>\n<li><span style=\"font-weight: 400; color: #808080;\"><strong>Lugar:<\/strong>\u00a0Lekeitio.<\/span><\/li>\n<li><span style=\"font-weight: 400; color: #808080;\"><strong>Lugar de salida y vuelta:<\/strong> El autob\u00fas saldr\u00e1 a las 10:00 desde Abandoibarra 4,\u00a0parada de autob\u00fas. Vuelta a las 18:00.<\/span><\/li>\n<li><span style=\"font-weight: 400; color: #808080;\"><strong>Inscripciones:<\/strong><br \/>\n<\/span><span style=\"font-weight: 400; color: #808080;\">&#8211;\u00a0Desde el 3 de junio, a partir de las 09.00, hasta el 10 de junio, hasta las 09:00, <a href=\"https:\/\/gaztekluba.typeform.com\/to\/bx7NhO\" target=\"_blank\" rel=\"noopener noreferrer\">aqu\u00ed<\/a>.<br \/>\n&#8211; <a href=\"http:\/\/bilbaogazte.bilbao.eus\/wp-content\/uploads\/2019\/05\/Normativa-Inscripciones-GKluba-UDA-2019.pdf\">Normativa de inscripciones<\/a><a href=\"https:\/\/gaztekluba.typeform.com\/to\/Cg5x4y\" target=\"_blank\" rel=\"noopener noreferrer\"><br \/>\n<\/a><\/span><\/li>\n<li><span style=\"color: #808080;\"><strong>El precio incluye:<\/strong>\u00a0Transporte, realizaci\u00f3n de la actividad, monitorado, y material.<\/span><\/li>\n<li><span style=\"color: #808080;\"><strong>No incluye:<\/strong>\u00a0Comida y bebida.<\/span><\/li>\n<li><span style=\"color: #808080;\"><strong>Plazas:<\/strong> 50.<\/span><\/li>\n<\/ul>\n<p><span style=\"color: #808080;\"><strong>\u00a1Comp\u00e1rtelo con tus amigo\/as!<\/strong><\/span><a href=\"whatsapp:\/\/send?text=http%3A%2F%2Fbilbaogazte.bilbao.eus%2Fes%2Fgaztekluba%2F%23ui-id-13\" data-action=\"share\/whatsapp\/share\"><br \/>\n<img loading=\"lazy\" decoding=\"async\" src=\"http:\/\/bilbaogazte.bilbao.eus\/wp-content\/uploads\/2018\/01\/WhatsApp-Logo.png\" width=\"25\" height=\"25\" border=\"0\" \/><\/a>[\/vc_column_text][\/vc_accordion_tab][vc_accordion_tab title=\u00bb3 de julio &gt; TRAVES\u00cdA EN CANOAS DOBLES + BIGSUP + PLAYA\u00bb][vc_column_text]<\/p>\n<ul>\n<li><span style=\"color: #808080;\"><span style=\"color: #808080;\"><strong>10:00 &#8211; 18:00. Salida<\/strong> &#8211;\u00a0<\/span>Reserva de la Biosfera de Urdaibai. Traves\u00eda en canoas dobles y tablas BigSup + Actividades en la playa. La reserva de la Biosfera de Urdaibai est\u00e1 situada en la comarca de Busturialdea, en la costa de Bizkaia. Desde los acantilados y playas a los bosques y r\u00edos del interior, pasando por las marismas y vegas fluviales, en Urdaibai concurre probablemente la mayor diversidad paisaj\u00edstica y ecol\u00f3gica del Pa\u00eds Vasco.\u00a014 a 17 a\u00f1os<\/span><span style=\"color: #808080;\"><span style=\"font-weight: 400;\">.<\/span><\/span><span style=\"color: #808080;\"><span style=\"font-weight: 400;\">\u00a010,80\u20ac.\u00a0<\/span><\/span><\/li>\n<li><span style=\"font-weight: 400; color: #808080;\"><strong>Lugar:<\/strong>\u00a0Urdaibai.<\/span><\/li>\n<li><span style=\"font-weight: 400; color: #808080;\"><strong>Lugar de salida y vuelta:<\/strong> El autob\u00fas saldr\u00e1 a las 10:00 desde Abandoibarra 4,\u00a0parada de autob\u00fas. Vuelta a las 18:00.<\/span><\/li>\n<li><span style=\"font-weight: 400; color: #808080;\"><strong>Inscripciones:<\/strong><br \/>\n<\/span><span style=\"font-weight: 400; color: #808080;\">&#8211;\u00a0Desde el 3 de junio, a partir de las 09.00, hasta el 10 de junio, hasta las 09:00, <a href=\"https:\/\/gaztekluba.typeform.com\/to\/bx7NhO\" target=\"_blank\" rel=\"noopener noreferrer\">aqu\u00ed<\/a>.<br \/>\n&#8211; <a href=\"http:\/\/bilbaogazte.bilbao.eus\/wp-content\/uploads\/2019\/05\/Normativa-Inscripciones-GKluba-UDA-2019.pdf\">Normativa de inscripciones<\/a><a href=\"https:\/\/gaztekluba.typeform.com\/to\/Cg5x4y\" target=\"_blank\" rel=\"noopener noreferrer\"><br \/>\n<\/a><\/span><\/li>\n<li><span style=\"color: #808080;\"><strong>El precio incluye:<\/strong> Transporte, realizaci\u00f3n de la actividad, monitorado, y material.<\/span><\/li>\n<li><span style=\"color: #808080;\"><strong>No incluye:<\/strong>\u00a0Comida y bebida.<\/span><\/li>\n<li><span style=\"color: #808080;\"><strong>Plazas:<\/strong> 50.<\/span><\/li>\n<\/ul>\n<p><span style=\"color: #808080;\"><strong>\u00a1Comp\u00e1rtelo con tus amigo\/as!<\/strong><\/span><a href=\"whatsapp:\/\/send?text=http%3A%2F%2Fbilbaogazte.bilbao.eus%2Fes%2Fgaztekluba%2F%23ui-id-15\" data-action=\"share\/whatsapp\/share\"><br \/>\n<img loading=\"lazy\" decoding=\"async\" src=\"http:\/\/bilbaogazte.bilbao.eus\/wp-content\/uploads\/2018\/01\/WhatsApp-Logo.png\" width=\"25\" height=\"25\" border=\"0\" \/><\/a>[\/vc_column_text][\/vc_accordion_tab][vc_accordion_tab title=\u00bb3 de julio &gt; PARKOUR\u00bb][vc_column_text]<\/p>\n<ul>\n<li><span style=\"font-weight: 400; color: #808080;\"><strong>18:00 \u2013 19:00:\u00a0<\/strong>Parkour.\u00a0Nivel medio en el arte del desplazamiento. Aprende las t\u00e9cnicas b\u00e1sicas para caer, saltar, escalar, gatear\u2026 y superar todos los obst\u00e1culos con facilidad creando recorridos b\u00e1sicos de parkour. No hace falta experiencia para participar, \u00a1an\u00edmate!<\/span><\/li>\n<li><span style=\"font-weight: 400; color: #808080;\"><strong>Inscripciones:<\/strong><br \/>\n&#8211; Desde el 3 de junio, a partir de las 09.00, hasta el 10 de junio, hasta las 09:00,\u00a0<a href=\"https:\/\/gaztekluba.typeform.com\/to\/bx7NhO\" target=\"_blank\" rel=\"noopener noreferrer\">aqu\u00ed<\/a>.<br \/>\n&#8211;\u00a0<a href=\"http:\/\/bilbaogazte.bilbao.eus\/wp-content\/uploads\/2019\/05\/Normativa-Inscripciones-GKluba-UDA-2019.pdf\">Normativa de inscripciones<\/a><\/span><\/li>\n<\/ul>\n<p style=\"font-weight: 400;\"><span style=\"color: #808080;\"><strong>\u00a1Comp\u00e1rtelo con tus amigo\/as!<\/strong><\/span><\/p>\n<p><a href=\"whatsapp:\/\/send?text=http%3A%2F%2Fbilbaogazte.bilbao.eus%2Fes%2Fgaztekluba%2F%23ui-id-17\" data-action=\"share\/whatsapp\/share\"><img loading=\"lazy\" decoding=\"async\" src=\"http:\/\/bilbaogazte.bilbao.eus\/wp-content\/uploads\/2018\/01\/WhatsApp-Logo.png\" width=\"25\" height=\"25\" border=\"0\" \/><\/a>[\/vc_column_text][\/vc_accordion_tab][\/vc_accordion][vc_btn title=\u00bbPROGRAMA COMPLETO\u00bb style=\u00bbflat\u00bb color=\u00bbturquoise\u00bb size=\u00bblg\u00bb align=\u00bbcenter\u00bb link=\u00bburl:http%3A%2F%2Fbilbaogazte.bilbao.eus%2Fes%2Fgaztekluba-uda-2019-programacion%2F|||\u00bb][\/vc_column][vc_column width=\u00bb1\/3&#8243;][vc_empty_space height=\u00bb70px\u00bb][vc_column_text css=\u00bb.vc_custom_1559205022580{margin-bottom: 10px !important;background-color: #dd3333 !important;}\u00bb]<\/p>\n<p style=\"text-align: center;\"><span style=\"color: #ffffff;\"><strong>PROGRAMA COMPLETO<\/strong><\/span><\/p>\n<p>[\/vc_column_text][vc_single_image image=\u00bb31441&#8243; img_size=\u00bblarge\u00bb onclick=\u00bbcustom_link\u00bb link=\u00bbhttp:\/\/bilbaogazte.bilbao.eus\/es\/gaztekluba-uda-2019-programacion\/\u00bb][vc_column_text css=\u00bb.vc_custom_1558696996463{margin-bottom: 10px !important;background-color: #dd3333 !important;}\u00bb]<\/p>\n<p style=\"text-align: center;\"><span style=\"color: #ffffff;\"><strong>\u00a1CONVOCATORIA ABIERTA!<\/strong><\/span><\/p>\n<p>[\/vc_column_text][vc_single_image image=\u00bb31444&#8243; img_size=\u00bblarge\u00bb onclick=\u00bbcustom_link\u00bb link=\u00bbhttp:\/\/bilbaogazte.bilbao.eus\/es\/convocatoria\/gaztekluba-uda-musikfest-2019\/\u00bb][vc_column_text css=\u00bb.vc_custom_1558697057699{margin-bottom: 10px !important;background-color: #dd3333 !important;}\u00bb]<\/p>\n<p style=\"text-align: center;\"><span style=\"color: #ffffff;\"><strong>#GAZTEKLUBA TXARTELA<\/strong><\/span><\/p>\n<p>[\/vc_column_text][vc_single_image image=\u00bb29755&#8243; img_size=\u00bblarge\u00bb onclick=\u00bbcustom_link\u00bb link=\u00bbhttp:\/\/bilbaogazte.bilbao.eus\/es\/presentacion-gaztekluba\/\u00bb][vc_column_text css=\u00bb.vc_custom_1558697103756{margin-bottom: 10px !important;background-color: #dd3333 !important;}\u00bb]<\/p>\n<p style=\"text-align: center;\"><span style=\"color: #ffffff;\"><strong>+ INFORMACI\u00d3N<\/strong><\/span><\/p>\n<p>[\/vc_column_text][vc_single_image image=\u00bb21439&#8243; img_size=\u00bblarge\u00bb onclick=\u00bbcustom_link\u00bb link=\u00bbhttp:\/\/bilbaogazte.bilbao.eus\/wp-content\/uploads\/2019\/05\/Normativa-Inscripciones-GKluba-UDA-2019.pdf\u00bb][\/vc_column][\/vc_row]<\/p>\n","protected":false},"excerpt":{"rendered":"<p class=\"entry-summary\">[vc_accordion_tab title=\u00bb26&hellip;<\/p>\n<div class=\"link-more\"><a href=\"https:\/\/bilbaogazte.bilbao.eus\/es\/inscripciones-gaztekluba-uda-2019\/\" class=\"more-link\">Continue reading<span class=\"screen-reader-text\"> &ldquo;Inscripciones #GazteKLUBA UDA 2019&rdquo;<\/span>&hellip;<\/a><\/div>","protected":false},"author":65,"featured_media":0,"parent":0,"menu_order":0,"comment_status":"closed","ping_status":"closed","template":"","meta":{"_monsterinsights_skip_tracking":false,"_monsterinsights_sitenote_active":false,"_monsterinsights_sitenote_note":"","_monsterinsights_sitenote_category":0,"footnotes":""},"_links":{"self":[{"href":"https:\/\/bilbaogazte.bilbao.eus\/es\/wp-json\/wp\/v2\/pages\/31417"}],"collection":[{"href":"https:\/\/bilbaogazte.bilbao.eus\/es\/wp-json\/wp\/v2\/pages"}],"about":[{"href":"https:\/\/bilbaogazte.bilbao.eus\/es\/wp-json\/wp\/v2\/types\/page"}],"author":[{"embeddable":true,"href":"https:\/\/bilbaogazte.bilbao.eus\/es\/wp-json\/wp\/v2\/users\/65"}],"replies":[{"embeddable":true,"href":"https:\/\/bilbaogazte.bilbao.eus\/es\/wp-json\/wp\/v2\/comments?post=31417"}],"version-history":[{"count":9,"href":"https:\/\/bilbaogazte.bilbao.eus\/es\/wp-json\/wp\/v2\/pages\/31417\/revisions"}],"predecessor-version":[{"id":31485,"href":"https:\/\/bilbaogazte.bilbao.eus\/es\/wp-json\/wp\/v2\/pages\/31417\/revisions\/31485"}],"wp:attachment":[{"href":"https:\/\/bilbaogazte.bilbao.eus\/es\/wp-json\/wp\/v2\/media?parent=31417"}],"curies":[{"name":"wp","href":"https:\/\/api.w.org\/{rel}","templated":true}]}}