{"id":32156,"date":"2019-07-02T14:28:34","date_gmt":"2019-07-02T12:28:34","guid":{"rendered":"http:\/\/bilbaogazte.bilbao.eus\/es\/?page_id=32156"},"modified":"2019-09-17T08:32:16","modified_gmt":"2019-09-17T06:32:16","slug":"categoria-metal-concurso-pop-rock-villa-de-bilbao-2019","status":"publish","type":"page","link":"https:\/\/bilbaogazte.bilbao.eus\/es\/categoria-metal-concurso-pop-rock-villa-de-bilbao-2019\/","title":{"rendered":"Categor\u00eda Metal &#8211; Concurso Pop-Rock Villa de Bilbao 2019"},"content":{"rendered":"<p>[vc_row][vc_column][\/vc_column][\/vc_row][vc_row][vc_column width=\u00bb1\/4&#8243;][vc_empty_space][vc_empty_space][vc_empty_space][vc_single_image image=\u00bb14260&#8243;][\/vc_column][vc_column width=\u00bb1\/4&#8243;][vc_empty_space][vc_empty_space][vc_empty_space][\/vc_column][vc_column width=\u00bb1\/4&#8243;][vc_empty_space][vc_empty_space][vc_empty_space][vc_single_image image=\u00bb32311&#8243; img_size=\u00bbfull\u00bb onclick=\u00bbcustom_link\u00bb link=\u00bbhttp:\/\/bilbaogazte.bilbao.eus\/es\/categoria-pop-rock-concurso-pop-rock-villa-de-bilbao-2019\/\u00bb][\/vc_column][vc_column width=\u00bb1\/4&#8243;][vc_empty_space][vc_empty_space][vc_empty_space][vc_single_image image=\u00bb32314&#8243; img_size=\u00bbfull\u00bb onclick=\u00bbcustom_link\u00bb link=\u00bbhttp:\/\/bilbaogazte.bilbao.eus\/es\/categoria-urban-concurso-pop-rock-villa-de-bilbao-2019\/\u00bb][\/vc_column][\/vc_row][vc_row][vc_column width=\u00bb1\/4&#8243;][vc_single_image image=\u00bb32159&#8243; img_size=\u00bb200&#215;100&#8243;][vc_tta_accordion active_section=\u00bb3&#8243; title=\u00bbBLAZE THE TRAIL (Valladolid)\u00bb collapsible_all=\u00bbtrue\u00bb][vc_tta_section title=\u00bbBIO\u00bb tab_id=\u00bb1566214702295-5925f221-2aa8&#8243;][vc_column_text]Apenas dos a\u00f1os llevan recorridos como banda los vallisoletanos BLAZE THE TRAIL, que a partir de las cuatro maneras diferentes de entender el hardcore-metal de sus componentes, han conseguido serpentear entre la contundencia y la melod\u00eda dotando a su m\u00fasica de equilibrio y personalidad suficientes como para sobresalir en el panorama nacional. Su m\u00e1s reciente trabajo (\u00fanico, si obviamos la demo de 2017 \u00abOff the ground\u00bb) lo podemos encontrar bajo el t\u00edtulo \u00abNot a game\u00bb (11\/04\/2019).[\/vc_column_text][\/vc_tta_section][vc_tta_section title=\u00bbRedes Sociales\u00bb tab_id=\u00bb1566214702476-a7d31b1f-87b6&#8243;][vc_btn title=\u00bbFacebook\u00bb link=\u00bburl:https%3A%2F%2Fwww.facebook.com%2FBlazeTheTrailBand%2F||target:%20_blank|\u00bb][vc_btn title=\u00bbInstagram\u00bb link=\u00bburl:https%3A%2F%2Fwww.instagram.com%2Fblazethetrailband%2F||target:%20_blank|\u00bb][\/vc_tta_section][\/vc_tta_accordion][vc_column_text]<\/p>\n<!--[if lt IE 9]><script>document.createElement('audio');<\/script><![endif]-->\n<audio class=\"wp-audio-shortcode\" id=\"audio-32156-1\" preload=\"none\" style=\"width: 100%;\" controls=\"controls\"><source type=\"audio\/mpeg\" src=\"http:\/\/bilbaogazte.bilbao.eus\/wp-content\/uploads\/2019\/08\/blaze-the-trail_1.mp3?_=1\" \/><a href=\"http:\/\/bilbaogazte.bilbao.eus\/wp-content\/uploads\/2019\/08\/blaze-the-trail_1.mp3\">http:\/\/bilbaogazte.bilbao.eus\/wp-content\/uploads\/2019\/08\/blaze-the-trail_1.mp3<\/a><\/audio>\n<audio class=\"wp-audio-shortcode\" id=\"audio-32156-2\" preload=\"none\" style=\"width: 100%;\" controls=\"controls\"><source type=\"audio\/mpeg\" src=\"http:\/\/bilbaogazte.bilbao.eus\/wp-content\/uploads\/2019\/08\/blaze-the-trail_2.mp3?_=2\" \/><a href=\"http:\/\/bilbaogazte.bilbao.eus\/wp-content\/uploads\/2019\/08\/blaze-the-trail_2.mp3\">http:\/\/bilbaogazte.bilbao.eus\/wp-content\/uploads\/2019\/08\/blaze-the-trail_2.mp3<\/a><\/audio>\n<audio class=\"wp-audio-shortcode\" id=\"audio-32156-3\" preload=\"none\" style=\"width: 100%;\" controls=\"controls\"><source type=\"audio\/mpeg\" src=\"http:\/\/bilbaogazte.bilbao.eus\/wp-content\/uploads\/2019\/08\/blaze-the-trail_3.mp3?_=3\" \/><a href=\"http:\/\/bilbaogazte.bilbao.eus\/wp-content\/uploads\/2019\/08\/blaze-the-trail_3.mp3\">http:\/\/bilbaogazte.bilbao.eus\/wp-content\/uploads\/2019\/08\/blaze-the-trail_3.mp3<\/a><\/audio>\n<p>[\/vc_column_text][\/vc_column][vc_column width=\u00bb1\/4&#8243;][vc_single_image image=\u00bb32162&#8243; img_size=\u00bb200&#215;100&#8243;][vc_tta_accordion active_section=\u00bb3&#8243; title=\u00bbBLIND THE EYE (Portugal)\u00bb collapsible_all=\u00bbtrue\u00bb][vc_tta_section title=\u00bbBIO\u00bb tab_id=\u00bb1566214703052-f30e3603-8f19&#8243;][vc_column_text]La \u00fanica banda internacional de la 31\u00aa edici\u00f3n del Villa en la categor\u00eda \u00abMetal\u00bb tambi\u00e9n pertenece a la Pen\u00ednsula Ib\u00e9rica. El quinteto portugu\u00e9s de Santa Maria de Feira BLIND THE EYE se desenvuelve dentro del death metal mel\u00f3dico, aunque en su caso dejando una impronta m\u00e1s oscura y salvaje que otras bandas del g\u00e9nero clasificadas para las semifinales de este certamen, sin desatender la t\u00e9cnica ni la melod\u00eda. \u00abArise to the Theta State\u00bb es el \u00e1lbum debut de los lusos, publicado el pasado 31 de diciembre, y del que podremos escuchar una representaci\u00f3n en las tablas de Bilborock.[\/vc_column_text][\/vc_tta_section][vc_tta_section title=\u00bbRedes Sociales\u00bb tab_id=\u00bb1566214703245-fc348167-dfef\u00bb][vc_btn title=\u00bbFacebook\u00bb link=\u00bburl:https%3A%2F%2Fpt-pt.facebook.com%2FBlindtheeyeband%2F||target:%20_blank|\u00bb][vc_btn title=\u00bbInstagram\u00bb link=\u00bburl:https%3A%2F%2Fwww.instagram.com%2Fblindtheeye_official%2F%3Fhl%3Dpt||target:%20_blank|\u00bb][\/vc_tta_section][\/vc_tta_accordion][vc_column_text]<\/p>\n<audio class=\"wp-audio-shortcode\" id=\"audio-32156-4\" preload=\"none\" style=\"width: 100%;\" controls=\"controls\"><source type=\"audio\/mpeg\" src=\"http:\/\/bilbaogazte.bilbao.eus\/wp-content\/uploads\/2019\/08\/blind-the-eye_1.mp3?_=4\" \/><a href=\"http:\/\/bilbaogazte.bilbao.eus\/wp-content\/uploads\/2019\/08\/blind-the-eye_1.mp3\">http:\/\/bilbaogazte.bilbao.eus\/wp-content\/uploads\/2019\/08\/blind-the-eye_1.mp3<\/a><\/audio>\n<audio class=\"wp-audio-shortcode\" id=\"audio-32156-5\" preload=\"none\" style=\"width: 100%;\" controls=\"controls\"><source type=\"audio\/mpeg\" src=\"http:\/\/bilbaogazte.bilbao.eus\/wp-content\/uploads\/2019\/08\/blind-the-eye_2.mp3?_=5\" \/><a href=\"http:\/\/bilbaogazte.bilbao.eus\/wp-content\/uploads\/2019\/08\/blind-the-eye_2.mp3\">http:\/\/bilbaogazte.bilbao.eus\/wp-content\/uploads\/2019\/08\/blind-the-eye_2.mp3<\/a><\/audio>\n<audio class=\"wp-audio-shortcode\" id=\"audio-32156-6\" preload=\"none\" style=\"width: 100%;\" controls=\"controls\"><source type=\"audio\/mpeg\" src=\"http:\/\/bilbaogazte.bilbao.eus\/wp-content\/uploads\/2019\/08\/blind-the-eye_3.mp3?_=6\" \/><a href=\"http:\/\/bilbaogazte.bilbao.eus\/wp-content\/uploads\/2019\/08\/blind-the-eye_3.mp3\">http:\/\/bilbaogazte.bilbao.eus\/wp-content\/uploads\/2019\/08\/blind-the-eye_3.mp3<\/a><\/audio>\n<p>[\/vc_column_text][\/vc_column][vc_column width=\u00bb1\/4&#8243;][vc_single_image image=\u00bb32165&#8243; img_size=\u00bb200&#215;100&#8243;][vc_tta_accordion active_section=\u00bb3&#8243; title=\u00bbDEIMOCRACY (Bizkaia)\u00bb collapsible_all=\u00bbtrue\u00bb][vc_tta_section title=\u00bbBIO\u00bb tab_id=\u00bb1566214703827-06fc82a6-8f16&#8243;][vc_column_text]DEIMOCRACY ser\u00e1 el \u00fanico representante del territorio hist\u00f3rico de Bizkaia que se cuele en las semifinales de la categor\u00eda Metal. Nacida en Bilbao en 2012, es una banda que de primeras queda enmarcada dentro del metal extremo debido al tratamiento de las voces, sin embargo, el espectro musical que abarca Deimocracy es ampl\u00edsimo oscilando entre el death metal mel\u00f3dico y el nu-metal, a\u00f1adiendo pasajes thrash y rock progresivo, combinando atm\u00f3sferas stoner y entremezclando voces desgarradas con otras m\u00e1s limpias y reconocibles.[\/vc_column_text][\/vc_tta_section][vc_tta_section title=\u00bbRedes Sociales\u00bb tab_id=\u00bb1566214704025-3d3d5075-0e47&#8243;][vc_btn title=\u00bbFacebook\u00bb link=\u00bburl:https%3A%2F%2Fwww.facebook.com%2FDeimocracy%2F||target:%20_blank|\u00bb][vc_btn title=\u00bbTwitter\u00bb link=\u00bburl:https%3A%2F%2Ftwitter.com%2Fdeimocracy||target:%20_blank|\u00bb][vc_btn title=\u00bbInstagram\u00bb link=\u00bburl:https%3A%2F%2Fwww.instagram.com%2Fdeimocracy%2F%3Fhl%3Des||target:%20_blank|\u00bb][\/vc_tta_section][\/vc_tta_accordion][vc_column_text]<\/p>\n<audio class=\"wp-audio-shortcode\" id=\"audio-32156-7\" preload=\"none\" style=\"width: 100%;\" controls=\"controls\"><source type=\"audio\/mpeg\" src=\"http:\/\/bilbaogazte.bilbao.eus\/wp-content\/uploads\/2019\/08\/deimocracy_1.mp3?_=7\" \/><a href=\"http:\/\/bilbaogazte.bilbao.eus\/wp-content\/uploads\/2019\/08\/deimocracy_1.mp3\">http:\/\/bilbaogazte.bilbao.eus\/wp-content\/uploads\/2019\/08\/deimocracy_1.mp3<\/a><\/audio>\n<audio class=\"wp-audio-shortcode\" id=\"audio-32156-8\" preload=\"none\" style=\"width: 100%;\" controls=\"controls\"><source type=\"audio\/mpeg\" src=\"http:\/\/bilbaogazte.bilbao.eus\/wp-content\/uploads\/2019\/08\/deimocracy_2.mp3?_=8\" \/><a href=\"http:\/\/bilbaogazte.bilbao.eus\/wp-content\/uploads\/2019\/08\/deimocracy_2.mp3\">http:\/\/bilbaogazte.bilbao.eus\/wp-content\/uploads\/2019\/08\/deimocracy_2.mp3<\/a><\/audio>\n<audio class=\"wp-audio-shortcode\" id=\"audio-32156-9\" preload=\"none\" style=\"width: 100%;\" controls=\"controls\"><source type=\"audio\/mpeg\" src=\"http:\/\/bilbaogazte.bilbao.eus\/wp-content\/uploads\/2019\/08\/deimocracy_3.mp3?_=9\" \/><a href=\"http:\/\/bilbaogazte.bilbao.eus\/wp-content\/uploads\/2019\/08\/deimocracy_3.mp3\">http:\/\/bilbaogazte.bilbao.eus\/wp-content\/uploads\/2019\/08\/deimocracy_3.mp3<\/a><\/audio>\n<p>[\/vc_column_text][\/vc_column][vc_column width=\u00bb1\/4&#8243;][vc_single_image image=\u00bb32169&#8243; img_size=\u00bb200&#215;100&#8243;][vc_tta_accordion active_section=\u00bb3&#8243; title=\u00bbDERIVA (Madrid)\u00bb collapsible_all=\u00bbtrue\u00bb][vc_tta_section title=\u00bbBIO\u00bb tab_id=\u00bb1566214704728-1546b4c2-fe06&#8243;][vc_column_text]Los madrile\u00f1os DERIVA son una banda instrumental de dif\u00edcil catalogaci\u00f3n. No nos encontramos ante una banda de post-rock, ni post-metal, ni progresiva (cualquiera que sea el g\u00e9nero que quieras ponerle delante). Deriva es todo lo anteriormente citado y mucho m\u00e1s, donde la t\u00e9cnica, la brutalidad y la melod\u00eda emergen para dar a su m\u00fasica un toque muy personal. El \u00e1lbum hom\u00f3nimo de ocho cortes publicado el 21 de octubre de 2016 era su \u00fanica referencia hasta el estreno, el pasado 14 de junio, de un nuevo y refrescante single titulado \u00abLluvia templada\u00bb.[\/vc_column_text][\/vc_tta_section][vc_tta_section title=\u00bbRedes Sociales\u00bb tab_id=\u00bb1566214704926-96a66e3b-2eff\u00bb][vc_btn title=\u00bbFacebook\u00bb link=\u00bburl:https%3A%2F%2Fwww.facebook.com%2Fwearederiva%2F||target:%20_blank|\u00bb][vc_btn title=\u00bbTwitter\u00bb link=\u00bburl:https%3A%2F%2Ftwitter.com%2Fwearederiva||target:%20_blank|\u00bb][vc_btn title=\u00bbInstagram\u00bb link=\u00bburl:https%3A%2F%2Fwww.instagram.com%2Fwearederiva%2F||target:%20_blank|\u00bb][vc_btn title=\u00bbBandcamp\u00bb link=\u00bburl:https%3A%2F%2Fwearederiva.bandcamp.com%2F||target:%20_blank|\u00bb][\/vc_tta_section][\/vc_tta_accordion][vc_column_text]<\/p>\n<audio class=\"wp-audio-shortcode\" id=\"audio-32156-10\" preload=\"none\" style=\"width: 100%;\" controls=\"controls\"><source type=\"audio\/mpeg\" src=\"http:\/\/bilbaogazte.bilbao.eus\/wp-content\/uploads\/2019\/08\/deriva_1.mp3?_=10\" \/><a href=\"http:\/\/bilbaogazte.bilbao.eus\/wp-content\/uploads\/2019\/08\/deriva_1.mp3\">http:\/\/bilbaogazte.bilbao.eus\/wp-content\/uploads\/2019\/08\/deriva_1.mp3<\/a><\/audio>\n<audio class=\"wp-audio-shortcode\" id=\"audio-32156-11\" preload=\"none\" style=\"width: 100%;\" controls=\"controls\"><source type=\"audio\/mpeg\" src=\"http:\/\/bilbaogazte.bilbao.eus\/wp-content\/uploads\/2019\/08\/deriva_2.mp3?_=11\" \/><a href=\"http:\/\/bilbaogazte.bilbao.eus\/wp-content\/uploads\/2019\/08\/deriva_2.mp3\">http:\/\/bilbaogazte.bilbao.eus\/wp-content\/uploads\/2019\/08\/deriva_2.mp3<\/a><\/audio>\n<audio class=\"wp-audio-shortcode\" id=\"audio-32156-12\" preload=\"none\" style=\"width: 100%;\" controls=\"controls\"><source type=\"audio\/mpeg\" src=\"http:\/\/bilbaogazte.bilbao.eus\/wp-content\/uploads\/2019\/08\/deriva_3.mp3?_=12\" \/><a href=\"http:\/\/bilbaogazte.bilbao.eus\/wp-content\/uploads\/2019\/08\/deriva_3.mp3\">http:\/\/bilbaogazte.bilbao.eus\/wp-content\/uploads\/2019\/08\/deriva_3.mp3<\/a><\/audio>\n<p>[\/vc_column_text][\/vc_column][\/vc_row][vc_row][vc_column width=\u00bb1\/4&#8243;][vc_single_image image=\u00bb32173&#8243; img_size=\u00bb200&#215;100&#8243;][vc_tta_accordion active_section=\u00bb3&#8243; title=\u00bbGRAVE NOISE (Burgos)\u00bb collapsible_all=\u00bbtrue\u00bb][vc_tta_section title=\u00bbBIO\u00bb tab_id=\u00bb1566214694492-0112ed6b-3cda\u00bb][vc_column_text]A medio camino entre Burgos y Soria surge en 2013 GRAVE NOISE, cuarteto autodenominado de thrash metal. Esa etiqueta, no obstante, se le queda peque\u00f1a ya que nos ofrece una versi\u00f3n m\u00e1s moderna del g\u00e9nero con, por momentos, voces m\u00e1s agresivas o solos de guitarra heavys. Lo que no es negociable es la fiereza del bajo, el vigor de la bater\u00eda o lo afilado de las guitarras. En mayo de 2018 vio la luz \u00abFrom the cradle to the grave\u00bb, el primer disco de la banda tras publicar dos demos, y que han cuidado con el mimo que toda opera prima merece.[\/vc_column_text][\/vc_tta_section][vc_tta_section title=\u00bbRedes Sociales\u00bb tab_id=\u00bb1566214694651-47f06ad0-8699&#8243;][vc_btn title=\u00bbFacebook\u00bb link=\u00bburl:https%3A%2F%2Fwww.facebook.com%2Fgravenoisemetal%2F||target:%20_blank|\u00bb][vc_btn title=\u00bbTwitter\u00bb link=\u00bburl:https%3A%2F%2Ftwitter.com%2Fgravenoise666%3Flang%3Des||target:%20_blank|\u00bb][vc_btn title=\u00bbInstagram\u00bb link=\u00bburl:https%3A%2F%2Fwww.instagram.com%2Fgravenoiseofficial%2F%3Fhl%3Des||target:%20_blank|\u00bb][\/vc_tta_section][\/vc_tta_accordion][vc_column_text]<\/p>\n<audio class=\"wp-audio-shortcode\" id=\"audio-32156-13\" preload=\"none\" style=\"width: 100%;\" controls=\"controls\"><source type=\"audio\/mpeg\" src=\"http:\/\/bilbaogazte.bilbao.eus\/wp-content\/uploads\/2019\/08\/grave-noise_1.mp3?_=13\" \/><a href=\"http:\/\/bilbaogazte.bilbao.eus\/wp-content\/uploads\/2019\/08\/grave-noise_1.mp3\">http:\/\/bilbaogazte.bilbao.eus\/wp-content\/uploads\/2019\/08\/grave-noise_1.mp3<\/a><\/audio>\n<audio class=\"wp-audio-shortcode\" id=\"audio-32156-14\" preload=\"none\" style=\"width: 100%;\" controls=\"controls\"><source type=\"audio\/mpeg\" src=\"http:\/\/bilbaogazte.bilbao.eus\/wp-content\/uploads\/2019\/08\/grave-noise_2.mp3?_=14\" \/><a href=\"http:\/\/bilbaogazte.bilbao.eus\/wp-content\/uploads\/2019\/08\/grave-noise_2.mp3\">http:\/\/bilbaogazte.bilbao.eus\/wp-content\/uploads\/2019\/08\/grave-noise_2.mp3<\/a><\/audio>\n<audio class=\"wp-audio-shortcode\" id=\"audio-32156-15\" preload=\"none\" style=\"width: 100%;\" controls=\"controls\"><source type=\"audio\/mpeg\" src=\"http:\/\/bilbaogazte.bilbao.eus\/wp-content\/uploads\/2019\/08\/grave-noise_3.mp3?_=15\" \/><a href=\"http:\/\/bilbaogazte.bilbao.eus\/wp-content\/uploads\/2019\/08\/grave-noise_3.mp3\">http:\/\/bilbaogazte.bilbao.eus\/wp-content\/uploads\/2019\/08\/grave-noise_3.mp3<\/a><\/audio>\n<p>[\/vc_column_text][\/vc_column][vc_column width=\u00bb1\/4&#8243;][vc_single_image image=\u00bb32176&#8243; img_size=\u00bb200&#215;100&#8243;][vc_tta_accordion active_section=\u00bb3&#8243; title=\u00bbIONT (Araba)\u00bb collapsible_all=\u00bbtrue\u00bb][vc_tta_section title=\u00bbBIO\u00bb tab_id=\u00bb1566214695198-f69e09ea-bc81&#8243;][vc_column_text]IONT, acr\u00f3nimo de It&#8217;s Over Nine Thousand, surge en Vitoria-Gasteiz de las cenizas de Nem Sabbot en 2010. No es hasta 2015 que lanza su primer disco, hom\u00f3nimo, marcando el camino de la banda: letras \u00edntegramente en euskera y melod\u00edas que circulan entre el rock y el metal alternativo, pasando por el post-hardcore con voces limpias y desgarradas casi a partes iguales. El pasado 30 de marzo lleg\u00f3 \u00abII\u00bb respetando la base creada pero ahondando en la agresividad, la contundencia y la melod\u00eda vocal.[\/vc_column_text][\/vc_tta_section][vc_tta_section title=\u00bbRedes Sociales\u00bb tab_id=\u00bb1566214695381-c2f4e8d7-1bfb\u00bb][vc_btn title=\u00bbFacebook\u00bb link=\u00bburl:https%3A%2F%2Fwww.facebook.com%2Fitsover.ninethousand.92||target:%20_blank|\u00bb][vc_btn title=\u00bbInstagram\u00bb link=\u00bburl:https%3A%2F%2Fwww.instagram.com%2Fiont.taldea%2F||target:%20_blank|\u00bb][\/vc_tta_section][\/vc_tta_accordion][vc_column_text]<\/p>\n<audio class=\"wp-audio-shortcode\" id=\"audio-32156-16\" preload=\"none\" style=\"width: 100%;\" controls=\"controls\"><source type=\"audio\/mpeg\" src=\"http:\/\/bilbaogazte.bilbao.eus\/wp-content\/uploads\/2019\/08\/iont_1.mp3?_=16\" \/><a href=\"http:\/\/bilbaogazte.bilbao.eus\/wp-content\/uploads\/2019\/08\/iont_1.mp3\">http:\/\/bilbaogazte.bilbao.eus\/wp-content\/uploads\/2019\/08\/iont_1.mp3<\/a><\/audio>\n<audio class=\"wp-audio-shortcode\" id=\"audio-32156-17\" preload=\"none\" style=\"width: 100%;\" controls=\"controls\"><source type=\"audio\/mpeg\" src=\"http:\/\/bilbaogazte.bilbao.eus\/wp-content\/uploads\/2019\/08\/iont_2.mp3?_=17\" \/><a href=\"http:\/\/bilbaogazte.bilbao.eus\/wp-content\/uploads\/2019\/08\/iont_2.mp3\">http:\/\/bilbaogazte.bilbao.eus\/wp-content\/uploads\/2019\/08\/iont_2.mp3<\/a><\/audio>\n<audio class=\"wp-audio-shortcode\" id=\"audio-32156-18\" preload=\"none\" style=\"width: 100%;\" controls=\"controls\"><source type=\"audio\/mpeg\" src=\"http:\/\/bilbaogazte.bilbao.eus\/wp-content\/uploads\/2019\/08\/iont_3.mp3?_=18\" \/><a href=\"http:\/\/bilbaogazte.bilbao.eus\/wp-content\/uploads\/2019\/08\/iont_3.mp3\">http:\/\/bilbaogazte.bilbao.eus\/wp-content\/uploads\/2019\/08\/iont_3.mp3<\/a><\/audio>\n<p>[\/vc_column_text][\/vc_column][vc_column width=\u00bb1\/4&#8243;][vc_single_image image=\u00bb32179&#8243; img_size=\u00bb200&#215;100&#8243;][vc_tta_accordion active_section=\u00bb3&#8243; title=\u00bbLAST DISSONANCE (Barcelona)\u00bb collapsible_all=\u00bbtrue\u00bb][vc_tta_section title=\u00bbBIO\u00bb tab_id=\u00bb1566214695870-8336713a-a4e9&#8243;][vc_column_text]LAST DISSONANCE es una banda catalana de corta trayectoria ya que se formaron en Badalona en 2016. De hecho, su \u00fanico trabajo hasta la fecha, \u00abWealth slaves\u00bb, es un EP de cinco temas publicado en abril de 2018 donde el quinteto ejecuta death metal mel\u00f3dico con toques de deathcore. Energ\u00eda, agresividad, armon\u00eda y voz gutural con diferentes matices es lo que podemos encontrar en esta joven formaci\u00f3n que el pasado 19 de mayo estren\u00f3 su primer videoclip.[\/vc_column_text][\/vc_tta_section][vc_tta_section title=\u00bbRedes Sociales\u00bb tab_id=\u00bb1566214696036-10450b2c-aa48&#8243;][vc_btn title=\u00bbFacebook\u00bb link=\u00bburl:https%3A%2F%2Fwww.facebook.com%2FLastDissonance%2F||target:%20_blank|\u00bb][vc_btn title=\u00bbTwitter\u00bb link=\u00bburl:https%3A%2F%2Ftwitter.com%2Flastdissonance||target:%20_blank|\u00bb][vc_btn title=\u00bbInstagram\u00bb link=\u00bburl:https%3A%2F%2Fwww.instagram.com%2Flastdissonance%2F||target:%20_blank|\u00bb][vc_btn title=\u00bbWeb Oficial\u00bb link=\u00bburl:https%3A%2F%2Flastdissonance.com%2F||target:%20_blank|\u00bb][\/vc_tta_section][\/vc_tta_accordion][vc_column_text]<\/p>\n<audio class=\"wp-audio-shortcode\" id=\"audio-32156-19\" preload=\"none\" style=\"width: 100%;\" controls=\"controls\"><source type=\"audio\/mpeg\" src=\"http:\/\/bilbaogazte.bilbao.eus\/wp-content\/uploads\/2019\/08\/last-dissonance_1.mp3?_=19\" \/><a href=\"http:\/\/bilbaogazte.bilbao.eus\/wp-content\/uploads\/2019\/08\/last-dissonance_1.mp3\">http:\/\/bilbaogazte.bilbao.eus\/wp-content\/uploads\/2019\/08\/last-dissonance_1.mp3<\/a><\/audio>\n<audio class=\"wp-audio-shortcode\" id=\"audio-32156-20\" preload=\"none\" style=\"width: 100%;\" controls=\"controls\"><source type=\"audio\/mpeg\" src=\"http:\/\/bilbaogazte.bilbao.eus\/wp-content\/uploads\/2019\/08\/last-dissonance_2.mp3?_=20\" \/><a href=\"http:\/\/bilbaogazte.bilbao.eus\/wp-content\/uploads\/2019\/08\/last-dissonance_2.mp3\">http:\/\/bilbaogazte.bilbao.eus\/wp-content\/uploads\/2019\/08\/last-dissonance_2.mp3<\/a><\/audio>\n<audio class=\"wp-audio-shortcode\" id=\"audio-32156-21\" preload=\"none\" style=\"width: 100%;\" controls=\"controls\"><source type=\"audio\/mpeg\" src=\"http:\/\/bilbaogazte.bilbao.eus\/wp-content\/uploads\/2019\/08\/last-dissonance_3.mp3?_=21\" \/><a href=\"http:\/\/bilbaogazte.bilbao.eus\/wp-content\/uploads\/2019\/08\/last-dissonance_3.mp3\">http:\/\/bilbaogazte.bilbao.eus\/wp-content\/uploads\/2019\/08\/last-dissonance_3.mp3<\/a><\/audio>\n<p>[\/vc_column_text][\/vc_column][vc_column width=\u00bb1\/4&#8243;][vc_single_image image=\u00bb32182&#8243; img_size=\u00bb200&#215;100&#8243;][vc_tta_accordion active_section=\u00bb3&#8243; title=\u00bbTHE BROKEN HORIZON (Nafarroa)\u00bb collapsible_all=\u00bbtrue\u00bb][vc_tta_section title=\u00bbBIO\u00bb tab_id=\u00bb1566214696707-78d01745-6540&#8243;][vc_column_text]Desde Iru\u00f1ea llega el contundente y aplastante metalcore de THE BROKEN HORIZON. Banda formada como tr\u00edo en 2015, actualmente funciona con cinco miembros que en junio de 2018 editaban su primer &#8216;largo&#8217; titulado \u00abDesolation\u00bb. Aunque no todos, ya que dos meses despu\u00e9s de la publicaci\u00f3n la banda sufri\u00f3 el duro golpe de ver como decid\u00edan hacer una permuta al frente de las voces. Sobrepuestos al cambio, los pamploneses martillean con una secci\u00f3n r\u00edtmica salvaje, voz inhumana y guitarras afiladas.[\/vc_column_text][\/vc_tta_section][vc_tta_section title=\u00bbRedes Sociales\u00bb tab_id=\u00bb1566214696878-d963b2da-b5e0&#8243;][vc_btn title=\u00bbFacebook\u00bb link=\u00bburl:https%3A%2F%2Fwww.facebook.com%2Fthebrokenhorizon||target:%20_blank|\u00bb][vc_btn title=\u00bbInstagram\u00bb link=\u00bburl:https%3A%2F%2Fwww.instagram.com%2Fthebrokenhorizon%2F||target:%20_blank|\u00bb][vc_btn title=\u00bbWeb Oficial\u00bb link=\u00bburl:http%3A%2F%2Fthebrokenhorizon.com%2F||target:%20_blank|\u00bb][\/vc_tta_section][\/vc_tta_accordion][vc_column_text]<\/p>\n<audio class=\"wp-audio-shortcode\" id=\"audio-32156-22\" preload=\"none\" style=\"width: 100%;\" controls=\"controls\"><source type=\"audio\/mpeg\" src=\"http:\/\/bilbaogazte.bilbao.eus\/wp-content\/uploads\/2019\/08\/the-broken-horizon_1.mp3?_=22\" \/><a href=\"http:\/\/bilbaogazte.bilbao.eus\/wp-content\/uploads\/2019\/08\/the-broken-horizon_1.mp3\">http:\/\/bilbaogazte.bilbao.eus\/wp-content\/uploads\/2019\/08\/the-broken-horizon_1.mp3<\/a><\/audio>\n<audio class=\"wp-audio-shortcode\" id=\"audio-32156-23\" preload=\"none\" style=\"width: 100%;\" controls=\"controls\"><source type=\"audio\/mpeg\" src=\"http:\/\/bilbaogazte.bilbao.eus\/wp-content\/uploads\/2019\/08\/the-broken-horizon_2.mp3?_=23\" \/><a href=\"http:\/\/bilbaogazte.bilbao.eus\/wp-content\/uploads\/2019\/08\/the-broken-horizon_2.mp3\">http:\/\/bilbaogazte.bilbao.eus\/wp-content\/uploads\/2019\/08\/the-broken-horizon_2.mp3<\/a><\/audio>\n<audio class=\"wp-audio-shortcode\" id=\"audio-32156-24\" preload=\"none\" style=\"width: 100%;\" controls=\"controls\"><source type=\"audio\/mpeg\" src=\"http:\/\/bilbaogazte.bilbao.eus\/wp-content\/uploads\/2019\/08\/the-broken-horizon_3.mp3?_=24\" \/><a href=\"http:\/\/bilbaogazte.bilbao.eus\/wp-content\/uploads\/2019\/08\/the-broken-horizon_3.mp3\">http:\/\/bilbaogazte.bilbao.eus\/wp-content\/uploads\/2019\/08\/the-broken-horizon_3.mp3<\/a><\/audio>\n<p>[\/vc_column_text][\/vc_column][\/vc_row]<\/p>\n","protected":false},"excerpt":{"rendered":"<p class=\"entry-summary\">[vc_tta_accordion active_section=\u00bb3&#8243;&hellip;<\/p>\n<div class=\"link-more\"><a href=\"https:\/\/bilbaogazte.bilbao.eus\/es\/categoria-metal-concurso-pop-rock-villa-de-bilbao-2019\/\" class=\"more-link\">Continue reading<span class=\"screen-reader-text\"> &ldquo;Categor\u00eda Metal &#8211; Concurso Pop-Rock Villa de Bilbao 2019&rdquo;<\/span>&hellip;<\/a><\/div>","protected":false},"author":65,"featured_media":0,"parent":0,"menu_order":0,"comment_status":"closed","ping_status":"closed","template":"","meta":{"_monsterinsights_skip_tracking":false,"_monsterinsights_sitenote_active":false,"_monsterinsights_sitenote_note":"","_monsterinsights_sitenote_category":0,"footnotes":""},"_links":{"self":[{"href":"https:\/\/bilbaogazte.bilbao.eus\/es\/wp-json\/wp\/v2\/pages\/32156"}],"collection":[{"href":"https:\/\/bilbaogazte.bilbao.eus\/es\/wp-json\/wp\/v2\/pages"}],"about":[{"href":"https:\/\/bilbaogazte.bilbao.eus\/es\/wp-json\/wp\/v2\/types\/page"}],"author":[{"embeddable":true,"href":"https:\/\/bilbaogazte.bilbao.eus\/es\/wp-json\/wp\/v2\/users\/65"}],"replies":[{"embeddable":true,"href":"https:\/\/bilbaogazte.bilbao.eus\/es\/wp-json\/wp\/v2\/comments?post=32156"}],"version-history":[{"count":12,"href":"https:\/\/bilbaogazte.bilbao.eus\/es\/wp-json\/wp\/v2\/pages\/32156\/revisions"}],"predecessor-version":[{"id":33686,"href":"https:\/\/bilbaogazte.bilbao.eus\/es\/wp-json\/wp\/v2\/pages\/32156\/revisions\/33686"}],"wp:attachment":[{"href":"https:\/\/bilbaogazte.bilbao.eus\/es\/wp-json\/wp\/v2\/media?parent=32156"}],"curies":[{"name":"wp","href":"https:\/\/api.w.org\/{rel}","templated":true}]}}