{"id":32219,"date":"2019-07-03T09:09:36","date_gmt":"2019-07-03T07:09:36","guid":{"rendered":"http:\/\/bilbaogazte.bilbao.eus\/es\/?page_id=32219"},"modified":"2019-09-04T12:07:34","modified_gmt":"2019-09-04T10:07:34","slug":"categoria-urban-concurso-pop-rock-villa-de-bilbao-2019","status":"publish","type":"page","link":"https:\/\/bilbaogazte.bilbao.eus\/es\/categoria-urban-concurso-pop-rock-villa-de-bilbao-2019\/","title":{"rendered":"Categor\u00eda Urban &#8211; Concurso Pop-Rock Villa de Bilbao 2019"},"content":{"rendered":"<p>[vc_row][vc_column width=\u00bb1\/4&#8243;][vc_empty_space][vc_empty_space][vc_empty_space][vc_single_image image=\u00bb22698&#8243;][\/vc_column][vc_column width=\u00bb1\/4&#8243;][vc_empty_space][vc_empty_space][vc_empty_space][\/vc_column][vc_column width=\u00bb1\/4&#8243;][vc_empty_space][vc_empty_space][vc_empty_space][vc_single_image image=\u00bb32311&#8243; img_size=\u00bbfull\u00bb onclick=\u00bbcustom_link\u00bb link=\u00bbhttp:\/\/bilbaogazte.bilbao.eus\/es\/categoria-pop-rock-concurso-pop-rock-villa-de-bilbao-2019\/\u00bb][\/vc_column][vc_column width=\u00bb1\/4&#8243;][vc_empty_space][vc_empty_space][vc_empty_space][vc_single_image image=\u00bb32319&#8243; img_size=\u00bbfull\u00bb onclick=\u00bbcustom_link\u00bb link=\u00bbhttp:\/\/bilbaogazte.bilbao.eus\/es\/categoria-metal-concurso-pop-rock-villa-de-bilbao-2019\/\u00bb][\/vc_column][\/vc_row][vc_row][vc_column width=\u00bb1\/4&#8243;][vc_single_image image=\u00bb32225&#8243; img_size=\u00bb200&#215;100&#8243;][vc_tta_accordion active_section=\u00bb3&#8243; title=\u00bbADRIANA TERR\u00c9N (MADRID)\u00bb no_fill=\u00bbtrue\u00bb collapsible_all=\u00bbtrue\u00bb][vc_tta_section title=\u00bbBIO\u00bb tab_id=\u00bb1566283195948-4bae9732-c2f7&#8243;][vc_column_text]Adriana Terr\u00e9n es una solista Zaragozana de 22 a\u00f1os, que actualmente reside en Madrid. Acaba de grabar su primer disco, \u00abPiel\u00bb, compuesto de 8 temas de corte urban, en las que se incluyen multitud de influencias recibidas durante su a\u00fan corta pero intensa vida. Tambi\u00e9n forma parte como contralto del montaje musical Gospel Factory.[\/vc_column_text][\/vc_tta_section][vc_tta_section title=\u00bbRedes Sociales\u00bb tab_id=\u00bb1566283196156-4e1d7f99-9731&#8243;][vc_btn title=\u00bbFacebook\u00bb link=\u00bburl:https%3A%2F%2Fwww.facebook.com%2Fadrianaterrenakadri||target:%20_blank|\u00bb][\/vc_tta_section][\/vc_tta_accordion][vc_column_text]<\/p>\n<!--[if lt IE 9]><script>document.createElement('audio');<\/script><![endif]-->\n<audio class=\"wp-audio-shortcode\" id=\"audio-32219-1\" preload=\"none\" style=\"width: 100%;\" controls=\"controls\"><source type=\"audio\/mpeg\" src=\"http:\/\/bilbaogazte.bilbao.eus\/wp-content\/uploads\/2019\/08\/adriana-terren_1.mp3?_=1\" \/><a href=\"http:\/\/bilbaogazte.bilbao.eus\/wp-content\/uploads\/2019\/08\/adriana-terren_1.mp3\">http:\/\/bilbaogazte.bilbao.eus\/wp-content\/uploads\/2019\/08\/adriana-terren_1.mp3<\/a><\/audio>\n<audio class=\"wp-audio-shortcode\" id=\"audio-32219-2\" preload=\"none\" style=\"width: 100%;\" controls=\"controls\"><source type=\"audio\/mpeg\" src=\"http:\/\/bilbaogazte.bilbao.eus\/wp-content\/uploads\/2019\/08\/adriana-terren_2.mp3?_=2\" \/><a href=\"http:\/\/bilbaogazte.bilbao.eus\/wp-content\/uploads\/2019\/08\/adriana-terren_2.mp3\">http:\/\/bilbaogazte.bilbao.eus\/wp-content\/uploads\/2019\/08\/adriana-terren_2.mp3<\/a><\/audio>\n<audio class=\"wp-audio-shortcode\" id=\"audio-32219-3\" preload=\"none\" style=\"width: 100%;\" controls=\"controls\"><source type=\"audio\/mpeg\" src=\"http:\/\/bilbaogazte.bilbao.eus\/wp-content\/uploads\/2019\/08\/adriana-terren_3.mp3?_=3\" \/><a href=\"http:\/\/bilbaogazte.bilbao.eus\/wp-content\/uploads\/2019\/08\/adriana-terren_3.mp3\">http:\/\/bilbaogazte.bilbao.eus\/wp-content\/uploads\/2019\/08\/adriana-terren_3.mp3<\/a><\/audio>\n<p>[\/vc_column_text][\/vc_column][vc_column width=\u00bb1\/4&#8243;][vc_single_image image=\u00bb32233&#8243; img_size=\u00bb200&#215;100&#8243;][vc_tta_accordion active_section=\u00bb3&#8243; title=\u00bbCOLECTIVO SHUMARELI (GUADALAJARA)\u00bb no_fill=\u00bbtrue\u00bb collapsible_all=\u00bbtrue\u00bb][vc_tta_section title=\u00bbBIO\u00bb tab_id=\u00bb1566283196699-cb1fe83a-d00e\u00bb][vc_column_text]Colectivo Shumareli es una banda de rap-fusi\u00f3n de Guadalajara, formada por los m\u00fasicos Fran Shumareli (letrista y vocalista), Pablo Hern\u00e1ndez (guitarrista), F\u00e9lix Alonso (bajista), Mario Sanju\u00e1n (baterista). El grupo se gesta a finales de 2016. Avanzando a trav\u00e9s del blues, el jazz, el funky y el rap, progresivamente han derivado en un estilo personal repleto de muy distintos ingredientes.[\/vc_column_text][\/vc_tta_section][vc_tta_section title=\u00bbRedes Sociales\u00bb tab_id=\u00bb1566283196933-518d58be-5f2e\u00bb][vc_btn title=\u00bbFacebook\u00bb link=\u00bburl:https%3A%2F%2Fwww.facebook.com%2FColectivoShumareli%2F||target:%20_blank|\u00bb][vc_btn title=\u00bbInstagram\u00bb link=\u00bburl:https%3A%2F%2Fwww.instagram.com%2Fcolectivoshumareli%2F||target:%20_blank|\u00bb][vc_btn title=\u00bbBandcamp\u00bb link=\u00bburl:https%3A%2F%2Fcolectivoshumareli.bandcamp.com%2F||target:%20_blank|\u00bb][\/vc_tta_section][\/vc_tta_accordion][vc_column_text]<\/p>\n<audio class=\"wp-audio-shortcode\" id=\"audio-32219-4\" preload=\"none\" style=\"width: 100%;\" controls=\"controls\"><source type=\"audio\/mpeg\" src=\"http:\/\/bilbaogazte.bilbao.eus\/wp-content\/uploads\/2019\/08\/colectivo-shumareli_1.mp3?_=4\" \/><a href=\"http:\/\/bilbaogazte.bilbao.eus\/wp-content\/uploads\/2019\/08\/colectivo-shumareli_1.mp3\">http:\/\/bilbaogazte.bilbao.eus\/wp-content\/uploads\/2019\/08\/colectivo-shumareli_1.mp3<\/a><\/audio>\n<audio class=\"wp-audio-shortcode\" id=\"audio-32219-5\" preload=\"none\" style=\"width: 100%;\" controls=\"controls\"><source type=\"audio\/mpeg\" src=\"http:\/\/bilbaogazte.bilbao.eus\/wp-content\/uploads\/2019\/08\/colectivo-shumareli_2.mp3?_=5\" \/><a href=\"http:\/\/bilbaogazte.bilbao.eus\/wp-content\/uploads\/2019\/08\/colectivo-shumareli_2.mp3\">http:\/\/bilbaogazte.bilbao.eus\/wp-content\/uploads\/2019\/08\/colectivo-shumareli_2.mp3<\/a><\/audio>\n<audio class=\"wp-audio-shortcode\" id=\"audio-32219-6\" preload=\"none\" style=\"width: 100%;\" controls=\"controls\"><source type=\"audio\/mpeg\" src=\"http:\/\/bilbaogazte.bilbao.eus\/wp-content\/uploads\/2019\/08\/colectivo-shumareli_3.mp3?_=6\" \/><a href=\"http:\/\/bilbaogazte.bilbao.eus\/wp-content\/uploads\/2019\/08\/colectivo-shumareli_3.mp3\">http:\/\/bilbaogazte.bilbao.eus\/wp-content\/uploads\/2019\/08\/colectivo-shumareli_3.mp3<\/a><\/audio>\n<p>[\/vc_column_text][\/vc_column][vc_column width=\u00bb1\/4&#8243;][vc_single_image image=\u00bb32195&#8243; img_size=\u00bb200&#215;100&#8243;][vc_tta_accordion active_section=\u00bb3&#8243; title=\u00bbJAZZWOMAN (VALENCIA)\u00bb collapsible_all=\u00bbtrue\u00bb][vc_tta_section title=\u00bbBIO\u00bb tab_id=\u00bb1566283197728-b1929a1a-c086&#8243;][vc_column_text]Artista coraje del momento. Sus letras buscan poner a la mujer en el panorama, combatir el machismo y disfrutar sobre el ritmo. Tras tomar la decisi\u00f3n de dejar Machete en Boca, la valenciana Jazzwoman continua en solitario c\u00f3mo parte del colectivo Periferia Norte. Mel\u00f3mana de la m\u00fasica, en su \u00faltimo trabajo \u00abBagheera\u00bb, nos muestra el amplio repertorio que maneja.[\/vc_column_text][\/vc_tta_section][vc_tta_section title=\u00bbRedes Sociales\u00bb tab_id=\u00bb1566283197955-8ae3edee-cfd2&#8243;][vc_btn title=\u00bbTwitter\u00bb link=\u00bburl:https%3A%2F%2Ftwitter.com%2Fjazzwoman_music||target:%20_blank|\u00bb][vc_btn title=\u00bbInstagram\u00bb link=\u00bburl:https%3A%2F%2Fwww.instagram.com%2Fjazzwoman.music%2F||target:%20_blank|\u00bb][vc_btn title=\u00bbYoutube\u00bb link=\u00bburl:https%3A%2F%2Fwww.youtube.com%2Fuser%2Fperiferianorte3||target:%20_blank|\u00bb][\/vc_tta_section][\/vc_tta_accordion][vc_column_text]<\/p>\n<audio class=\"wp-audio-shortcode\" id=\"audio-32219-7\" preload=\"none\" style=\"width: 100%;\" controls=\"controls\"><source type=\"audio\/mpeg\" src=\"http:\/\/bilbaogazte.bilbao.eus\/wp-content\/uploads\/2019\/08\/jazzwoman_1.mp3?_=7\" \/><a href=\"http:\/\/bilbaogazte.bilbao.eus\/wp-content\/uploads\/2019\/08\/jazzwoman_1.mp3\">http:\/\/bilbaogazte.bilbao.eus\/wp-content\/uploads\/2019\/08\/jazzwoman_1.mp3<\/a><\/audio>\n<audio class=\"wp-audio-shortcode\" id=\"audio-32219-8\" preload=\"none\" style=\"width: 100%;\" controls=\"controls\"><source type=\"audio\/mpeg\" src=\"http:\/\/bilbaogazte.bilbao.eus\/wp-content\/uploads\/2019\/08\/jazzwoman_2.mp3?_=8\" \/><a href=\"http:\/\/bilbaogazte.bilbao.eus\/wp-content\/uploads\/2019\/08\/jazzwoman_2.mp3\">http:\/\/bilbaogazte.bilbao.eus\/wp-content\/uploads\/2019\/08\/jazzwoman_2.mp3<\/a><\/audio>\n<audio class=\"wp-audio-shortcode\" id=\"audio-32219-9\" preload=\"none\" style=\"width: 100%;\" controls=\"controls\"><source type=\"audio\/mpeg\" src=\"http:\/\/bilbaogazte.bilbao.eus\/wp-content\/uploads\/2019\/08\/jazzwoman_3.mp3?_=9\" \/><a href=\"http:\/\/bilbaogazte.bilbao.eus\/wp-content\/uploads\/2019\/08\/jazzwoman_3.mp3\">http:\/\/bilbaogazte.bilbao.eus\/wp-content\/uploads\/2019\/08\/jazzwoman_3.mp3<\/a><\/audio>\n<p>[\/vc_column_text][\/vc_column][vc_column width=\u00bb1\/4&#8243;][vc_single_image image=\u00bb32210&#8243; img_size=\u00bb200&#215;100&#8243;][vc_tta_accordion active_section=\u00bb3&#8243; title=\u00bbKENNA I (BIZKAIA)\u00bb collapsible_all=\u00bbtrue\u00bb][vc_tta_section title=\u00bbBIO\u00bb tab_id=\u00bb1566283198805-943947aa-6d77&#8243;][vc_column_text]Naiara Alkaraz, cantante getxotarra de 23 a\u00f1os m\u00e1s conocida en el \u00abmundillo\u00bb como Kenna I, ha tenido siempre presente la m\u00fasica en su vida; desde que era una ni\u00f1a. Pero todo cambi\u00f3 hace 4 a\u00f1os al entrar por primera vez en los T4 Estudios, de Urduliz. Desde entonces se ha centrado exclusivamente en la urbana (Rap, Soul, RnB, Trap, Afrobeat&#8230;)[\/vc_column_text][\/vc_tta_section][vc_tta_section title=\u00bbRedes Sociales\u00bb tab_id=\u00bb1566283199041-efc29134-9cb2&#8243;][vc_btn title=\u00bbFacebook\u00bb link=\u00bburl:https%3A%2F%2Fwww.facebook.com%2FKennaioficial%2F||target:%20_blank|\u00bb][vc_btn title=\u00bbTwitter\u00bb link=\u00bburl:https%3A%2F%2Ftwitter.com%2Fkennaioficial||target:%20_blank|\u00bb][vc_btn title=\u00bbInstagram\u00bb link=\u00bburl:https%3A%2F%2Fwww.instagram.com%2Fkennaioficial%2F||target:%20_blank|\u00bb][\/vc_tta_section][\/vc_tta_accordion][vc_column_text]<\/p>\n<audio class=\"wp-audio-shortcode\" id=\"audio-32219-10\" preload=\"none\" style=\"width: 100%;\" controls=\"controls\"><source type=\"audio\/mpeg\" src=\"http:\/\/bilbaogazte.bilbao.eus\/wp-content\/uploads\/2019\/08\/kenna-i_1.mp3?_=10\" \/><a href=\"http:\/\/bilbaogazte.bilbao.eus\/wp-content\/uploads\/2019\/08\/kenna-i_1.mp3\">http:\/\/bilbaogazte.bilbao.eus\/wp-content\/uploads\/2019\/08\/kenna-i_1.mp3<\/a><\/audio>\n<audio class=\"wp-audio-shortcode\" id=\"audio-32219-11\" preload=\"none\" style=\"width: 100%;\" controls=\"controls\"><source type=\"audio\/mpeg\" src=\"http:\/\/bilbaogazte.bilbao.eus\/wp-content\/uploads\/2019\/08\/kenna-i_2.mp3?_=11\" \/><a href=\"http:\/\/bilbaogazte.bilbao.eus\/wp-content\/uploads\/2019\/08\/kenna-i_2.mp3\">http:\/\/bilbaogazte.bilbao.eus\/wp-content\/uploads\/2019\/08\/kenna-i_2.mp3<\/a><\/audio>\n<audio class=\"wp-audio-shortcode\" id=\"audio-32219-12\" preload=\"none\" style=\"width: 100%;\" controls=\"controls\"><source type=\"audio\/mpeg\" src=\"http:\/\/bilbaogazte.bilbao.eus\/wp-content\/uploads\/2019\/08\/kenna-i_3.mp3?_=12\" \/><a href=\"http:\/\/bilbaogazte.bilbao.eus\/wp-content\/uploads\/2019\/08\/kenna-i_3.mp3\">http:\/\/bilbaogazte.bilbao.eus\/wp-content\/uploads\/2019\/08\/kenna-i_3.mp3<\/a><\/audio>\n<p>[\/vc_column_text][\/vc_column][\/vc_row][vc_row][vc_column width=\u00bb1\/4&#8243;][vc_single_image image=\u00bb32204&#8243; img_size=\u00bb200&#215;100&#8243;][vc_tta_accordion active_section=\u00bb3&#8243; title=\u00bbNATTONOOTO (BIZKAIA)\u00bb no_fill=\u00bbtrue\u00bb collapsible_all=\u00bbtrue\u00bb][vc_tta_section title=\u00bbBIO\u00bb tab_id=\u00bb1566283119935-d7691d38-9dd1&#8243;][vc_column_text]El proyecto Nattonooto tiene su origen en la experimentaci\u00f3n con t\u00e9cnicas de improvisaci\u00f3n electr\u00f3nica con bajo llevadas a cabo por Roman Ljubimov (Roman Random). Habiendo sido bajista de grupos de rock como Royal Canal, decidi\u00f3 que hab\u00eda llegado el momento de darle a este instrumento un nuevo enfoque pulido con el tiempo para dar con un sonido propio.[\/vc_column_text][\/vc_tta_section][vc_tta_section title=\u00bbRedes Sociales\u00bb tab_id=\u00bb1566283120080-68db2b2f-48b9&#8243;][vc_btn title=\u00bbInstagram\u00bb link=\u00bburl:https%3A%2F%2Fwww.instagram.com%2Fexplore%2Ftags%2Fnattonooto%2F||target:%20_blank|\u00bb][vc_btn title=\u00bbSoundcloud\u00bb link=\u00bburl:https%3A%2F%2Fsoundcloud.com%2Fnattonooto||target:%20_blank|\u00bb][\/vc_tta_section][\/vc_tta_accordion][vc_column_text]<\/p>\n<audio class=\"wp-audio-shortcode\" id=\"audio-32219-13\" preload=\"none\" style=\"width: 100%;\" controls=\"controls\"><source type=\"audio\/mpeg\" src=\"http:\/\/bilbaogazte.bilbao.eus\/wp-content\/uploads\/2019\/08\/nattonooto_1.mp3?_=13\" \/><a href=\"http:\/\/bilbaogazte.bilbao.eus\/wp-content\/uploads\/2019\/08\/nattonooto_1.mp3\">http:\/\/bilbaogazte.bilbao.eus\/wp-content\/uploads\/2019\/08\/nattonooto_1.mp3<\/a><\/audio>\n<audio class=\"wp-audio-shortcode\" id=\"audio-32219-14\" preload=\"none\" style=\"width: 100%;\" controls=\"controls\"><source type=\"audio\/mpeg\" src=\"http:\/\/bilbaogazte.bilbao.eus\/wp-content\/uploads\/2019\/08\/nattonooto_2.mp3?_=14\" \/><a href=\"http:\/\/bilbaogazte.bilbao.eus\/wp-content\/uploads\/2019\/08\/nattonooto_2.mp3\">http:\/\/bilbaogazte.bilbao.eus\/wp-content\/uploads\/2019\/08\/nattonooto_2.mp3<\/a><\/audio>\n<audio class=\"wp-audio-shortcode\" id=\"audio-32219-15\" preload=\"none\" style=\"width: 100%;\" controls=\"controls\"><source type=\"audio\/mpeg\" src=\"http:\/\/bilbaogazte.bilbao.eus\/wp-content\/uploads\/2019\/08\/nattonooto_3.mp3?_=15\" \/><a href=\"http:\/\/bilbaogazte.bilbao.eus\/wp-content\/uploads\/2019\/08\/nattonooto_3.mp3\">http:\/\/bilbaogazte.bilbao.eus\/wp-content\/uploads\/2019\/08\/nattonooto_3.mp3<\/a><\/audio>\n<p>[\/vc_column_text][\/vc_column][vc_column width=\u00bb1\/4&#8243;][vc_single_image image=\u00bb32213&#8243; img_size=\u00bb200&#215;100&#8243;][vc_tta_accordion active_section=\u00bb3&#8243; title=\u00bbSTR (SPECIAL TRAP RESIDENCE) (BIZKAIA)\u00bb no_fill=\u00bbtrue\u00bb collapsible_all=\u00bbtrue\u00bb][vc_tta_section title=\u00bbBIO\u00bb tab_id=\u00bb1566283120578-c7f0ac3b-5be5&#8243;][vc_column_text]Special Trap Residence nace en el distrito de Amara en Donostia-San Sebasti\u00e1n en el verano de 2018, pero sus ra\u00edces se encuentran en Barakaldo, Gernika y Bara\u00f1ain. Su trap es poco convencional, y de hecho trabajan con sonidos, palabras e ideas que est\u00e1n muy lejos de los c\u00e1nones habituales de este estilo musical tan en boga. Incluso las personalidades de sus miembros parodian algunos de los roles habituales recurrentes en el g\u00e9nero.[\/vc_column_text][\/vc_tta_section][vc_tta_section title=\u00bbRedes Sociales\u00bb tab_id=\u00bb1566283120735-2c892c2b-a5e2&#8243;][vc_btn title=\u00bbFacebook\u00bb link=\u00bburl:https%3A%2F%2Fwww.facebook.com%2FSpecial-Trap-Residence-600086403760827%2F%3Fref%3Dpy_c||target:%20_blank|\u00bb][vc_btn title=\u00bbInstagram\u00bb link=\u00bburl:https%3A%2F%2Fwww.instagram.com%2Fspecialtrapresidence%2F||target:%20_blank|\u00bb][\/vc_tta_section][\/vc_tta_accordion][vc_column_text]<\/p>\n<audio class=\"wp-audio-shortcode\" id=\"audio-32219-16\" preload=\"none\" style=\"width: 100%;\" controls=\"controls\"><source type=\"audio\/mpeg\" src=\"http:\/\/bilbaogazte.bilbao.eus\/wp-content\/uploads\/2019\/08\/str_1.mp3?_=16\" \/><a href=\"http:\/\/bilbaogazte.bilbao.eus\/wp-content\/uploads\/2019\/08\/str_1.mp3\">http:\/\/bilbaogazte.bilbao.eus\/wp-content\/uploads\/2019\/08\/str_1.mp3<\/a><\/audio>\n<audio class=\"wp-audio-shortcode\" id=\"audio-32219-17\" preload=\"none\" style=\"width: 100%;\" controls=\"controls\"><source type=\"audio\/mpeg\" src=\"http:\/\/bilbaogazte.bilbao.eus\/wp-content\/uploads\/2019\/08\/str_2.mp3?_=17\" \/><a href=\"http:\/\/bilbaogazte.bilbao.eus\/wp-content\/uploads\/2019\/08\/str_2.mp3\">http:\/\/bilbaogazte.bilbao.eus\/wp-content\/uploads\/2019\/08\/str_2.mp3<\/a><\/audio>\n<audio class=\"wp-audio-shortcode\" id=\"audio-32219-18\" preload=\"none\" style=\"width: 100%;\" controls=\"controls\"><source type=\"audio\/mpeg\" src=\"http:\/\/bilbaogazte.bilbao.eus\/wp-content\/uploads\/2019\/08\/str_3.mp3?_=18\" \/><a href=\"http:\/\/bilbaogazte.bilbao.eus\/wp-content\/uploads\/2019\/08\/str_3.mp3\">http:\/\/bilbaogazte.bilbao.eus\/wp-content\/uploads\/2019\/08\/str_3.mp3<\/a><\/audio>\n<p>[\/vc_column_text][\/vc_column][vc_column width=\u00bb1\/4&#8243;][vc_single_image image=\u00bb32207&#8243; img_size=\u00bb200&#215;100&#8243;][vc_tta_accordion active_section=\u00bb3&#8243; title=\u00bbTESA (VALENCIA)\u00bb collapsible_all=\u00bbtrue\u00bb][vc_tta_section title=\u00bbBIO\u00bb tab_id=\u00bb1566283121261-7863a5b4-3757&#8243;][vc_column_text]Tesa es una rapera de Almussafes, un pueblo de Valencia. Su rap es alegre y comprometido, y se fundamenta en tres pilares: la cultura local (defensa de la lengua, ruralismo, ra\u00edces), el feminismo y la fiesta. A nivel de ritmos combina su rap con otros estilos tan variados como la salsa o el techno e incluso se atreve con el reggaet\u00f3n.[\/vc_column_text][\/vc_tta_section][vc_tta_section title=\u00bbRedes Sociales\u00bb tab_id=\u00bb1566283121420-7c05a3f7-53e6&#8243;][vc_btn title=\u00bbFacebook\u00bb link=\u00bburl:https%3A%2F%2Fwww.facebook.com%2Ftesaaltesa%2F||target:%20_blank|\u00bb][vc_btn title=\u00bbTwitter\u00bb link=\u00bburl:https%3A%2F%2Ftwitter.com%2Ftesaaltesa%3Flang%3Des||target:%20_blank|\u00bb][vc_btn title=\u00bbInstagram\u00bb link=\u00bburl:https%3A%2F%2Fwww.instagram.com%2Ftesaaltesa%2F%3Fhl%3Des||target:%20_blank|\u00bb][\/vc_tta_section][\/vc_tta_accordion][vc_column_text]<\/p>\n<audio class=\"wp-audio-shortcode\" id=\"audio-32219-19\" preload=\"none\" style=\"width: 100%;\" controls=\"controls\"><source type=\"audio\/mpeg\" src=\"http:\/\/bilbaogazte.bilbao.eus\/wp-content\/uploads\/2019\/08\/tesa_1.mp3?_=19\" \/><a href=\"http:\/\/bilbaogazte.bilbao.eus\/wp-content\/uploads\/2019\/08\/tesa_1.mp3\">http:\/\/bilbaogazte.bilbao.eus\/wp-content\/uploads\/2019\/08\/tesa_1.mp3<\/a><\/audio>\n<audio class=\"wp-audio-shortcode\" id=\"audio-32219-20\" preload=\"none\" style=\"width: 100%;\" controls=\"controls\"><source type=\"audio\/mpeg\" src=\"http:\/\/bilbaogazte.bilbao.eus\/wp-content\/uploads\/2019\/08\/tesa_2.mp3?_=20\" \/><a href=\"http:\/\/bilbaogazte.bilbao.eus\/wp-content\/uploads\/2019\/08\/tesa_2.mp3\">http:\/\/bilbaogazte.bilbao.eus\/wp-content\/uploads\/2019\/08\/tesa_2.mp3<\/a><\/audio>\n<audio class=\"wp-audio-shortcode\" id=\"audio-32219-21\" preload=\"none\" style=\"width: 100%;\" controls=\"controls\"><source type=\"audio\/mpeg\" src=\"http:\/\/bilbaogazte.bilbao.eus\/wp-content\/uploads\/2019\/08\/tesa_3.mp3?_=21\" \/><a href=\"http:\/\/bilbaogazte.bilbao.eus\/wp-content\/uploads\/2019\/08\/tesa_3.mp3\">http:\/\/bilbaogazte.bilbao.eus\/wp-content\/uploads\/2019\/08\/tesa_3.mp3<\/a><\/audio>\n<p>[\/vc_column_text][\/vc_column][vc_column width=\u00bb1\/4&#8243;][vc_single_image image=\u00bb32201&#8243; img_size=\u00bb200&#215;100&#8243;][vc_tta_accordion active_section=\u00bb3&#8243; title=\u00bbTONGO (MADRID)\u00bb collapsible_all=\u00bbtrue\u00bb][vc_tta_section title=\u00bbBIO\u00bb tab_id=\u00bb1566283122011-a628b7f3-9d90&#8243;][vc_column_text]Tongo es una joven banda musical madrile\u00f1a de 8 componentes, se encuentra en plena gira de su primer LP \u00abQu\u00e9 revienten\u00bb. Entre las ra\u00edces del \u00ablatin\u00bb y la versatilidad de la fusi\u00f3n con estilos como el rock, el jazz, o el flamenco, surge una m\u00fasica fresca, descarada, bailable y llena de matices, de la que nadie puede escapar sin mover las caderas.[\/vc_column_text][\/vc_tta_section][vc_tta_section title=\u00bbRedes Sociales\u00bb tab_id=\u00bb1566283122207-3237ced5-ba5e\u00bb][vc_btn title=\u00bbFacebook\u00bb link=\u00bburl:https%3A%2F%2Fwww.facebook.com%2Ftongogrupo%2F||target:%20_blank|\u00bb][vc_btn title=\u00bbTwitter\u00bb link=\u00bburl:https%3A%2F%2Ftwitter.com%2Ftongobanda||target:%20_blank|\u00bb][vc_btn title=\u00bbInstagram\u00bb link=\u00bburl:https%3A%2F%2Fwww.instagram.com%2Ftongobanda%2F%3Fhl%3Des||target:%20_blank|\u00bb][vc_btn title=\u00bbWeb\u00bb link=\u00bburl:http%3A%2F%2Ftongobanda.com%2F||target:%20_blank|\u00bb][\/vc_tta_section][\/vc_tta_accordion][vc_column_text]<\/p>\n<audio class=\"wp-audio-shortcode\" id=\"audio-32219-22\" preload=\"none\" style=\"width: 100%;\" controls=\"controls\"><source type=\"audio\/mpeg\" src=\"http:\/\/bilbaogazte.bilbao.eus\/wp-content\/uploads\/2019\/08\/tongo_1.mp3?_=22\" \/><a href=\"http:\/\/bilbaogazte.bilbao.eus\/wp-content\/uploads\/2019\/08\/tongo_1.mp3\">http:\/\/bilbaogazte.bilbao.eus\/wp-content\/uploads\/2019\/08\/tongo_1.mp3<\/a><\/audio>\n<audio class=\"wp-audio-shortcode\" id=\"audio-32219-23\" preload=\"none\" style=\"width: 100%;\" controls=\"controls\"><source type=\"audio\/mpeg\" src=\"http:\/\/bilbaogazte.bilbao.eus\/wp-content\/uploads\/2019\/08\/tongo_2.mp3?_=23\" \/><a href=\"http:\/\/bilbaogazte.bilbao.eus\/wp-content\/uploads\/2019\/08\/tongo_2.mp3\">http:\/\/bilbaogazte.bilbao.eus\/wp-content\/uploads\/2019\/08\/tongo_2.mp3<\/a><\/audio>\n<audio class=\"wp-audio-shortcode\" id=\"audio-32219-24\" preload=\"none\" style=\"width: 100%;\" controls=\"controls\"><source type=\"audio\/mpeg\" src=\"http:\/\/bilbaogazte.bilbao.eus\/wp-content\/uploads\/2019\/08\/tongo_3.mp3?_=24\" \/><a href=\"http:\/\/bilbaogazte.bilbao.eus\/wp-content\/uploads\/2019\/08\/tongo_3.mp3\">http:\/\/bilbaogazte.bilbao.eus\/wp-content\/uploads\/2019\/08\/tongo_3.mp3<\/a><\/audio>\n<p>[\/vc_column_text][\/vc_column][\/vc_row]<\/p>\n","protected":false},"excerpt":{"rendered":"<p class=\"entry-summary\">[vc_tta_accordion active_section=\u00bb3&#8243;&hellip;<\/p>\n<div class=\"link-more\"><a href=\"https:\/\/bilbaogazte.bilbao.eus\/es\/categoria-urban-concurso-pop-rock-villa-de-bilbao-2019\/\" class=\"more-link\">Continue reading<span class=\"screen-reader-text\"> &ldquo;Categor\u00eda Urban &#8211; Concurso Pop-Rock Villa de Bilbao 2019&rdquo;<\/span>&hellip;<\/a><\/div>","protected":false},"author":65,"featured_media":0,"parent":0,"menu_order":0,"comment_status":"closed","ping_status":"closed","template":"","meta":{"_monsterinsights_skip_tracking":false,"_monsterinsights_sitenote_active":false,"_monsterinsights_sitenote_note":"","_monsterinsights_sitenote_category":0,"footnotes":""},"_links":{"self":[{"href":"https:\/\/bilbaogazte.bilbao.eus\/es\/wp-json\/wp\/v2\/pages\/32219"}],"collection":[{"href":"https:\/\/bilbaogazte.bilbao.eus\/es\/wp-json\/wp\/v2\/pages"}],"about":[{"href":"https:\/\/bilbaogazte.bilbao.eus\/es\/wp-json\/wp\/v2\/types\/page"}],"author":[{"embeddable":true,"href":"https:\/\/bilbaogazte.bilbao.eus\/es\/wp-json\/wp\/v2\/users\/65"}],"replies":[{"embeddable":true,"href":"https:\/\/bilbaogazte.bilbao.eus\/es\/wp-json\/wp\/v2\/comments?post=32219"}],"version-history":[{"count":9,"href":"https:\/\/bilbaogazte.bilbao.eus\/es\/wp-json\/wp\/v2\/pages\/32219\/revisions"}],"predecessor-version":[{"id":33522,"href":"https:\/\/bilbaogazte.bilbao.eus\/es\/wp-json\/wp\/v2\/pages\/32219\/revisions\/33522"}],"wp:attachment":[{"href":"https:\/\/bilbaogazte.bilbao.eus\/es\/wp-json\/wp\/v2\/media?parent=32219"}],"curies":[{"name":"wp","href":"https:\/\/api.w.org\/{rel}","templated":true}]}}