{"id":34854,"date":"2019-11-14T16:16:48","date_gmt":"2019-11-14T14:16:48","guid":{"rendered":"http:\/\/bilbaogazte.bilbao.eus\/es\/?page_id=34854"},"modified":"2020-09-17T13:13:52","modified_gmt":"2020-09-17T11:13:52","slug":"descubre-los-descuentos-que-ofrece-gaztekluba-txartela","status":"publish","type":"page","link":"https:\/\/bilbaogazte.bilbao.eus\/es\/descubre-los-descuentos-que-ofrece-gaztekluba-txartela\/","title":{"rendered":"\u00a1Descubre los descuentos que ofrece #GazteKLUBA Txartela!"},"content":{"rendered":"<p>[vc_row][vc_column width=\u00bb2\/3&#8243;][vc_images_carousel images=\u00bb35280,35283,35273,35286&#8243; img_size=\u00bb900&#215;400&#8243; autoplay=\u00bbyes\u00bb hide_pagination_control=\u00bbyes\u00bb hide_prev_next_buttons=\u00bbyes\u00bb][vc_column_text]Aqu\u00ed tienes <strong>todos los descuentos que puedes disfrutar por tener la #GazteKLUBA Txartela<\/strong>. Recuerda que son exclusivas para las personas titulares de la tarjeta.[\/vc_column_text][vc_row_inner][vc_column_inner width=\u00bb1\/3&#8243;][vc_single_image image=\u00bb35114&#8243; img_size=\u00bbfull\u00bb onclick=\u00bbcustom_link\u00bb link=\u00bb#modal1&#8243; el_class=\u00bbopenModal\u00bb][vc_btn title=\u00bbBILBOBENTURA\u00bb style=\u00bbflat\u00bb shape=\u00bbsquare\u00bb color=\u00bbblack\u00bb align=\u00bbcenter\u00bb link=\u00bburl:https%3A%2F%2Fwww.bilbobentura.com%2F||target:%20_blank|\u00bb el_class=\u00bbopenModal\u00bb][\/vc_column_inner][vc_column_inner width=\u00bb1\/3&#8243;][vc_single_image image=\u00bb35117&#8243; img_size=\u00bbfull\u00bb onclick=\u00bbcustom_link\u00bb link=\u00bb#modal2&#8243; el_class=\u00bbopenModal\u00bb][vc_btn title=\u00bbDENA BILBAO\u00bb style=\u00bbflat\u00bb shape=\u00bbsquare\u00bb color=\u00bbblack\u00bb align=\u00bbcenter\u00bb link=\u00bburl:https%3A%2F%2Fwww.denabilbao.com%2F||target:%20_blank|\u00bb el_class=\u00bbopenModal\u00bb][\/vc_column_inner][vc_column_inner width=\u00bb1\/3&#8243;][vc_single_image image=\u00bb35123&#8243; img_size=\u00bbfull\u00bb onclick=\u00bbcustom_link\u00bb link=\u00bb#modal4&#8243; el_class=\u00bbopenModal\u00bb][vc_btn title=\u00bbPIUGAZ\u00bb style=\u00bbflat\u00bb shape=\u00bbsquare\u00bb color=\u00bbblack\u00bb align=\u00bbcenter\u00bb link=\u00bburl:http%3A%2F%2Fpiugaz.com%2F||target:%20_blank|\u00bb el_class=\u00bbopenModal\u00bb][\/vc_column_inner][\/vc_row_inner][vc_empty_space][vc_row_inner][vc_column_inner width=\u00bb1\/3&#8243;][vc_single_image image=\u00bb35303&#8243; img_size=\u00bbfull\u00bb onclick=\u00bbcustom_link\u00bb link=\u00bb#modal5&#8243; el_class=\u00bbopenModal\u00bb][vc_btn title=\u00bbVIRTUAL BILBAO\u00bb style=\u00bbflat\u00bb shape=\u00bbsquare\u00bb color=\u00bbblack\u00bb align=\u00bbcenter\u00bb link=\u00bburl:http%3A%2F%2Fwww.virtualbilbao.com%2Fhome%2F||target:%20_blank|\u00bb el_class=\u00bbopenModal\u00bb][\/vc_column_inner][vc_column_inner width=\u00bb1\/3&#8243;][\/vc_column_inner][vc_column_inner width=\u00bb1\/3&#8243;][\/vc_column_inner][\/vc_row_inner][\/vc_column][vc_column width=\u00bb1\/3&#8243;][vc_empty_space height=\u00bb40px\u00bb][vc_single_image image=\u00bb36618&#8243; img_size=\u00bbfull\u00bb][vc_single_image image=\u00bb36630&#8243; img_size=\u00bbfull\u00bb onclick=\u00bbcustom_link\u00bb link=\u00bbhttp:\/\/bilbaogazte.bilbao.eus\/es\/gaztekluba\/\u00bb css=\u00bb.vc_custom_1595238150283{margin-top: -35px !important;}\u00bb][vc_single_image image=\u00bb36603&#8243; img_size=\u00bbfull\u00bb onclick=\u00bbcustom_link\u00bb img_link_target=\u00bb_blank\u00bb link=\u00bbhttp:\/\/bilbaogazte.bilbao.eus\/wp-content\/uploads\/2020\/04\/Normativa-Inscripciones-GazteKLUBA-2020.pdf\u00bb css=\u00bb.vc_custom_1588166934114{margin-top: -35px !important;}\u00bb][vc_single_image image=\u00bb39103&#8243; img_size=\u00bbfull\u00bb onclick=\u00bbcustom_link\u00bb img_link_target=\u00bb_blank\u00bb link=\u00bbhttp:\/\/bilbaogazte.bilbao.eus\/wp-content\/uploads\/2020\/09\/Documento-Compromiso-Medidas-Prevencion-Higienico-Sanitarias-GazteKLUBA-v-castellano.pdf\u00bb css=\u00bb.vc_custom_1599633451765{margin-top: -35px !important;}\u00bb][vc_single_image image=\u00bb36609&#8243; img_size=\u00bbfull\u00bb onclick=\u00bbcustom_link\u00bb img_link_target=\u00bb_blank\u00bb link=\u00bbhttps:\/\/gaztekluba.typeform.com\/to\/r2Fec8&#8243; css=\u00bb.vc_custom_1580893507118{margin-top: -35px !important;}\u00bb][vc_single_image image=\u00bb36621&#8243; img_size=\u00bbfull\u00bb onclick=\u00bbcustom_link\u00bb link=\u00bbhttp:\/\/bilbaogazte.bilbao.eus\/es\/actividades-realizadas-en-gaztekluba\/\u00bb css=\u00bb.vc_custom_1580893538859{margin-top: -35px !important;}\u00bb][vc_single_image image=\u00bb36597&#8243; img_size=\u00bbfull\u00bb css=\u00bb.vc_custom_1580903114454{margin-top: -20px !important;}\u00bb][vc_single_image image=\u00bb36606&#8243; img_size=\u00bbfull\u00bb onclick=\u00bbcustom_link\u00bb link=\u00bbhttp:\/\/bilbaogazte.bilbao.eus\/es\/presentacion-gaztekluba\/\u00bb css=\u00bb.vc_custom_1580893597024{margin-top: -35px !important;}\u00bb][vc_single_image image=\u00bb36600&#8243; img_size=\u00bbfull\u00bb onclick=\u00bbcustom_link\u00bb link=\u00bbhttp:\/\/bilbaogazte.bilbao.eus\/es\/descubre-los-descuentos-que-ofrece-gaztekluba-txartela\/\u00bb css=\u00bb.vc_custom_1580893655228{margin-top: -35px !important;}\u00bb][vc_single_image image=\u00bb38008&#8243; img_size=\u00bbfull\u00bb css=\u00bb.vc_custom_1600341192223{margin-top: -20px !important;}\u00bb][vc_single_image image=\u00bb38623&#8243; img_size=\u00bbfull\u00bb onclick=\u00bbcustom_link\u00bb link=\u00bbhttps:\/\/bilbaogazte.bilbao.eus\/es\/catalogo-proveedores-actividades-adolescencia\/\u00bb css=\u00bb.vc_custom_1600341228509{margin-top: -35px !important;}\u00bb][vc_single_image image=\u00bb36612&#8243; img_size=\u00bbfull\u00bb css=\u00bb.vc_custom_1580903140197{margin-top: -20px !important;}\u00bb][vc_single_image image=\u00bb36624&#8243; img_size=\u00bbfull\u00bb onclick=\u00bbcustom_link\u00bb link=\u00bbhttp:\/\/bilbaogazte.bilbao.eus\/es\/gazteguneak-bilbao\/\u00bb css=\u00bb.vc_custom_1580893807785{margin-top: -35px !important;}\u00bb][vc_single_image image=\u00bb39120&#8243; img_size=\u00bbfull\u00bb onclick=\u00bbcustom_link\u00bb img_link_target=\u00bb_blank\u00bb link=\u00bbhttp:\/\/bilbaogazte.bilbao.eus\/wp-content\/uploads\/2020\/09\/Documento-Compromiso-Medidas-Prevencion-Higienico-Sanitarias-Gaztegune-v-castellano.pdf\u00bb css=\u00bb.vc_custom_1599633686983{margin-top: -35px !important;}\u00bb][\/vc_column][\/vc_row][vc_row el_id=\u00bbmodal1&#8243; el_class=\u00bbmodal modalReservar\u00bb][vc_column][vc_column_text]<\/p>\n<h3 class=\"modal-title\">BILBOBENTURA<\/h3>\n<p>Te ofrece una serie de descuentos en varios de sus servicios:<\/p>\n<ul>\n<li>Un 30% de descuento en la celebraci\u00f3n de tu cumplea\u00f1os en sus actividades, incluyendo la gratuidad de la persona titular.<\/li>\n<li>Un 50% de descuento para el alquiler de piraguas de 1h 30m (menores de 15 a\u00f1os acompa\u00f1ados de una persona adulta y mayores de 16 a\u00f1os con autorizaci\u00f3n).<\/li>\n<li>Un 50% de descuento en las actividades nocturnas en piragua (menores de 15 a\u00f1os acompa\u00f1ados de una persona adulta y mayores de 16 a\u00f1os con autorizaci\u00f3n).<\/li>\n<li>Un 30% de descuento en los cursos de paddle o piraguas.<\/li>\n<li>Un descuento de 5\u20ac en sus viajes a esquiar que realizan los fines de semana.<\/li>\n<li>Descuento \u00fanicamente v\u00e1lido para titulares de #GazteKLUBA txartela.<\/li>\n<\/ul>\n<p>[\/vc_column_text][\/vc_column][\/vc_row][vc_row el_id=\u00bbmodal2&#8243; el_class=\u00bbmodal modalReservar\u00bb][vc_column][vc_column_text]<\/p>\n<h3 id=\"myModalLabel\" class=\"modal-title\">DENA BILBAO<\/h3>\n<p>Te ofrece un descuento del 10% en los tres primeros meses (aplicable a nuevos clientes).<\/p>\n<p>Descuento \u00fanicamente v\u00e1lido para titulares de #GazteKLUBA txartela.[\/vc_column_text][\/vc_column][\/vc_row][vc_row el_id=\u00bbmodal3&#8243; el_class=\u00bbmodal modalReservar\u00bb][vc_column][vc_column_text]<\/p>\n<h3 id=\"myModalLabel\" class=\"modal-title\">LASERGUNE<\/h3>\n<p>Te ofrece un descuento del 15% para dos partidas en fin de semana (viernes, s\u00e1bado y domingo) o festivos. Por lo que tus partidas pasar\u00e1n a de 12\u20ac a 10\u20ac.<\/p>\n<p>Descuento \u00fanicamente v\u00e1lido para titulares de #GazteKLUBA txartela.[\/vc_column_text][\/vc_column][\/vc_row][vc_row el_id=\u00bbmodal4&#8243; el_class=\u00bbmodal modalReservar\u00bb][vc_column][vc_column_text]<\/p>\n<h3 id=\"myModalLabel\" class=\"modal-title\">PIUGAZ<\/h3>\n<p>PIUGAZ te ofrece un descuento del 10% en todos sus abonos trimestrales, semestrales y anuales.<\/p>\n<p>Descuento \u00fanicamente v\u00e1lido para titulares de #GazteKLUBA txartela.[\/vc_column_text][\/vc_column][\/vc_row][vc_row el_id=\u00bbmodal5&#8243; el_class=\u00bbmodal modalReservar\u00bb][vc_column][vc_column_text]<\/p>\n<h3 id=\"myModalLabel\" class=\"modal-title\">VIRTUAL BILBAO<\/h3>\n<p>VIRTUAL BILBAO te ofrece un descuento del 20% en sus actividades de realidad virtual y un 10% en su sala de escape.<\/p>\n<p>Descuento \u00fanicamente v\u00e1lido para titulares de #GazteKLUBA txartela.[\/vc_column_text][\/vc_column][\/vc_row][vc_column][\/vc_column][vc_row disable_element=\u00bbyes\u00bb][vc_column][vc_single_image image=\u00bb36594&#8243; img_size=\u00bbfull\u00bb css=\u00bb.vc_custom_1580903132190{margin-top: -20px !important;}\u00bb][vc_single_image image=\u00bb36627&#8243; img_size=\u00bbfull\u00bb onclick=\u00bbcustom_link\u00bb link=\u00bbhttp:\/\/bilbaogazte.bilbao.eus\/es\/gaztekluba-ideiak\/\u00bb css=\u00bb.vc_custom_1580893710379{margin-top: -35px !important;}\u00bb][vc_single_image image=\u00bb36615&#8243; img_size=\u00bbfull\u00bb onclick=\u00bbcustom_link\u00bb img_link_target=\u00bb_blank\u00bb link=\u00bbhttp:\/\/bilbaogazte.bilbao.eus\/wp-content\/uploads\/2020\/01\/Formulario-Solicitud-Eg-1.pdf\u00bb css=\u00bb.vc_custom_1580893742986{margin-top: -35px !important;}\u00bb][vc_single_image image=\u00bb36633&#8243; img_size=\u00bbfull\u00bb onclick=\u00bbcustom_link\u00bb img_link_target=\u00bb_blank\u00bb link=\u00bbhttp:\/\/bilbaogazte.bilbao.eus\/wp-content\/uploads\/2020\/01\/Tutorial-Formato-Cast.pdf\u00bb css=\u00bb.vc_custom_1580893767411{margin-top: -35px !important;}\u00bb][\/vc_column][\/vc_row]<\/p>\n","protected":false},"excerpt":{"rendered":"<p class=\"entry-summary\">Aqu\u00ed tienes todos los descuentos que puedes disfrutar por tener la #GazteKLUBA&hellip;<\/p>\n<div class=\"link-more\"><a href=\"https:\/\/bilbaogazte.bilbao.eus\/es\/descubre-los-descuentos-que-ofrece-gaztekluba-txartela\/\" class=\"more-link\">Continue reading<span class=\"screen-reader-text\"> &ldquo;\u00a1Descubre los descuentos que ofrece #GazteKLUBA Txartela!&rdquo;<\/span>&hellip;<\/a><\/div>","protected":false},"author":65,"featured_media":0,"parent":0,"menu_order":0,"comment_status":"closed","ping_status":"closed","template":"","meta":{"_monsterinsights_skip_tracking":false,"_monsterinsights_sitenote_active":false,"_monsterinsights_sitenote_note":"","_monsterinsights_sitenote_category":0,"footnotes":""},"_links":{"self":[{"href":"https:\/\/bilbaogazte.bilbao.eus\/es\/wp-json\/wp\/v2\/pages\/34854"}],"collection":[{"href":"https:\/\/bilbaogazte.bilbao.eus\/es\/wp-json\/wp\/v2\/pages"}],"about":[{"href":"https:\/\/bilbaogazte.bilbao.eus\/es\/wp-json\/wp\/v2\/types\/page"}],"author":[{"embeddable":true,"href":"https:\/\/bilbaogazte.bilbao.eus\/es\/wp-json\/wp\/v2\/users\/65"}],"replies":[{"embeddable":true,"href":"https:\/\/bilbaogazte.bilbao.eus\/es\/wp-json\/wp\/v2\/comments?post=34854"}],"version-history":[{"count":67,"href":"https:\/\/bilbaogazte.bilbao.eus\/es\/wp-json\/wp\/v2\/pages\/34854\/revisions"}],"predecessor-version":[{"id":39396,"href":"https:\/\/bilbaogazte.bilbao.eus\/es\/wp-json\/wp\/v2\/pages\/34854\/revisions\/39396"}],"wp:attachment":[{"href":"https:\/\/bilbaogazte.bilbao.eus\/es\/wp-json\/wp\/v2\/media?parent=34854"}],"curies":[{"name":"wp","href":"https:\/\/api.w.org\/{rel}","templated":true}]}}