{"id":36390,"date":"2020-01-28T16:27:29","date_gmt":"2020-01-28T14:27:29","guid":{"rendered":"http:\/\/bilbaogazte.bilbao.eus\/es\/?page_id=36390"},"modified":"2023-03-08T10:46:11","modified_gmt":"2023-03-08T08:46:11","slug":"voluntariado-y-movilidad","status":"publish","type":"page","link":"https:\/\/bilbaogazte.bilbao.eus\/es\/voluntariado-y-movilidad\/","title":{"rendered":"Voluntariado y movilidad"},"content":{"rendered":"<p>[vc_row][vc_column][vc_single_image image=\u00bb39720&#8243; img_size=\u00bbfull\u00bb][vc_column_text]El voluntariado es una forma de participaci\u00f3n a trav\u00e9s de la cual las personas j\u00f3venes colaboran de manera desinteresada en actividades que redunden en beneficio de la comunidad.<\/p>\n<p>Puedes participar en \u00e1mbitos como la salud, la construcci\u00f3n de infraestructuras, la educaci\u00f3n, el ocio, la tecnolog\u00eda, la cultura, la exclusi\u00f3n social, el feminismo, el deporte, el apoyo a colectivos como migrantes, personas mayores, j\u00f3venes, diversidad funcional\u2026<\/p>\n<p>\u00bfQu\u00e9 necesitas? Algo de tiempo, ganas de compartir, de aprender, de trabajar con y para los\/as dem\u00e1s\u2026 y habitualmente, ser mayor de 18 a\u00f1os.<\/p>\n<p>Si tienes ganas de hacer algo por la sociedad, por tu entorno, por tu ciudad\u2026.el voluntariado es tu mejor opci\u00f3n!<\/p>\n<p>Antes de comenzar, \u00a1inf\u00f3rmate![\/vc_column_text][\/vc_column][\/vc_row][vc_row][vc_column][vc_column_text css=\u00bb.vc_custom_1592919157474{background-color: #e2312f !important;}\u00bb]<\/p>\n<p style=\"text-align: center;\"><span style=\"color: #ffffff;\"><strong>\u00bfQUI\u00c9NES TE PUEDEN AYUDAR A SER VOLUNTARIO\/A?<\/strong><\/span><\/p>\n<p>[\/vc_column_text][\/vc_column][\/vc_row][vc_row][vc_column width=\u00bb1\/3&#8243;][vc_single_image image=\u00bb52409&#8243;][vc_accordion active_tab=\u00bb0&#8243;][vc_accordion_tab title=\u00bbBolunta\u00bb][vc_column_text]<strong>BizkaiaGara<\/strong>, la Agencia para el Voluntariado y la Participaci\u00f3n Social de Bizkaia, es el espacio para la acci\u00f3n ciudadana y el trabajo comunitario al servicio de personas, instituciones y organizaciones del territorio.<\/p>\n<p>Desde BizkaiaGara pueden orientarte\u2026<br \/>\n-si quieres saber qu\u00e9 es el voluntariado y la participaci\u00f3n;<br \/>\n-si quieres conocer las entidades sociales de Bizkaia y te gustar\u00eda participar en alguna;<br \/>\n-si necesitas informaci\u00f3n, orientaci\u00f3n o apoyo para activarte; BizkaiaGara conecta proyectos que necesitan energ\u00eda ciudadana y ciudadan\u00eda comprometida.<\/p>\n<p>M\u00e1s informaci\u00f3n <a href=\"https:\/\/www.bizkaiagara.eus\/es\/\" target=\"_blank\" rel=\"noopener noreferrer\">aqu\u00ed<\/a>.[\/vc_column_text][\/vc_accordion_tab][\/vc_accordion][\/vc_column][vc_column width=\u00bb1\/3&#8243;][vc_single_image image=\u00bb39752&#8243;][vc_accordion active_tab=\u00bb0&#8243;][vc_accordion_tab title=\u00bbUniversidad y voluntariado\u00bb][vc_column_text]Las principales universidades de Bilbao aspiran a fomentar valores como la colaboraci\u00f3n, la igualdad, el pensamiento cr\u00edtico, la creatividad y el compromiso social\u2026 Para ello, promueven la realizaci\u00f3n de actividades solidarias. \u00bfQuieres participar?<\/p>\n<p>M\u00e1s informaci\u00f3n:<\/p>\n<ul>\n<li><a href=\"https:\/\/estudiantes.deusto.es\/cs\/Satellite\/estudiantes\/es\/estudiantes_ud\/actividades-1\/solidaridad\/campus-de-bilbao-3\" target=\"_blank\" rel=\"noopener noreferrer\">Deusto Campus Solidaridad<\/a><\/li>\n<li><a href=\"https:\/\/www.ehu.eus\/es\/web\/iraunkortasuna\/unibertsitate-solidarioa\" target=\"_blank\" rel=\"noopener noreferrer\">Oficina de Cooperaci\u00f3n UPV\/EHU<\/a><\/li>\n<\/ul>\n<p>[\/vc_column_text][\/vc_accordion_tab][\/vc_accordion][\/vc_column][vc_column width=\u00bb1\/3&#8243;][vc_single_image image=\u00bb37482&#8243;][vc_accordion active_tab=\u00bb0&#8243;][vc_accordion_tab title=\u00bbProgramas municipales de apoyo al voluntariado\u00bb][vc_column_text]<strong>APOYO A ASOCIACIONES<\/strong><\/p>\n<ul>\n<li><a href=\"http:\/\/bilbaogazte.bilbao.eus\/es\/convocatoria\/2020-linea-de-subvenciones-de-apoyo-al-voluntariado-juvenil\/\">L\u00ednea de subvenci\u00f3n para voluntariado juvenil<\/a><\/li>\n<\/ul>\n<p><strong>APOYO A INICIATIVAS PROPUESTAS O A REALIZAR POR J\u00d3VENES<\/strong><\/p>\n<ul>\n<li><a href=\"http:\/\/bilbaogazte.bilbao.eus\/es\/servicio\/ideiak-martxan-todo-el-ano\/\">Ideiak Martxan<\/a><\/li>\n<li><a href=\"http:\/\/bilbaogazte.bilbao.eus\/es\/convocatoria\/programa-de-pisos-solidarios-para-estudiantes-de-postgrado\/\">Pisos solidarios<\/a><\/li>\n<li><a href=\"http:\/\/bilbaogazte.bilbao.eus\/es\/2019\/08\/02\/buscamos-youtubers-para-el-curso-20192020\/\">Instagramers Bilbao Gazte<\/a><\/li>\n<\/ul>\n<p>[\/vc_column_text][\/vc_accordion_tab][\/vc_accordion][\/vc_column][\/vc_row][vc_row][vc_column][vc_column_text css=\u00bb.vc_custom_1592300550632{background-color: #e2312f !important;}\u00bb]<\/p>\n<p style=\"text-align: center;\"><span style=\"color: #ffffff;\"><strong>D\u00d3NDE HACER TU VOLUNTARIADO<\/strong><\/span><\/p>\n<p>[\/vc_column_text][\/vc_column][\/vc_row][vc_row][vc_column width=\u00bb1\/3&#8243;][vc_single_image image=\u00bb39757&#8243;][vc_column_text]<span style=\"color: #000000;\">Voluntariado <\/span><span style=\"color: #000000;\">en<br \/>\nBilbao<\/span>[\/vc_column_text][vc_btn title=\u00bbM\u00e1s informaci\u00f3n\u00bb color=\u00bbdefault\u00bb align=\u00bbcenter\u00bb link=\u00bburl:http%3A%2F%2Fbilbaogazte.bilbao.eus%2Fes%2F123456789bilbao%2F|||\u00bb css=\u00bb.vc_custom_1593675026518{margin-top: -15px !important;border-top-width: 2px !important;border-right-width: 2px !important;border-bottom-width: 2px !important;border-left-width: 2px !important;border-left-color: #e2312f !important;border-left-style: solid !important;border-right-color: #e2312f !important;border-right-style: solid !important;border-top-color: #e2312f !important;border-top-style: solid !important;border-bottom-color: #e2312f !important;border-bottom-style: solid !important;border-radius: 2px !important;}\u00bb button_block=\u00bbtrue\u00bb][\/vc_column][vc_column width=\u00bb1\/3&#8243;][vc_single_image image=\u00bb39765&#8243;][vc_column_text]<span style=\"color: #000000;\">Voluntariado en<br \/>\nEuskadi<\/span>[\/vc_column_text][vc_btn title=\u00bbM\u00e1s informaci\u00f3n\u00bb color=\u00bbdefault\u00bb align=\u00bbcenter\u00bb link=\u00bburl:http%3A%2F%2Fbilbaogazte.bilbao.eus%2Fes%2F123456789euskad%2F|||\u00bb css=\u00bb.vc_custom_1593675060978{margin-top: -15px !important;border-top-width: 2px !important;border-right-width: 2px !important;border-bottom-width: 2px !important;border-left-width: 2px !important;border-left-color: #e2312f !important;border-left-style: solid !important;border-right-color: #e2312f !important;border-right-style: solid !important;border-top-color: #e2312f !important;border-top-style: solid !important;border-bottom-color: #e2312f !important;border-bottom-style: solid !important;border-radius: 2px !important;}\u00bb button_block=\u00bbtrue\u00bb][\/vc_column][vc_column width=\u00bb1\/3&#8243;][vc_single_image image=\u00bb39771&#8243;][vc_column_text]<span style=\"color: #000000;\">Voluntariado<br \/>\nestatal y europeo<\/span>[\/vc_column_text][vc_btn title=\u00bbM\u00e1s informaci\u00f3n\u00bb color=\u00bbdefault\u00bb align=\u00bbcenter\u00bb link=\u00bburl:http%3A%2F%2Fbilbaogazte.bilbao.eus%2Fes%2F123456789estataleuropea%2F|||\u00bb css=\u00bb.vc_custom_1593675084058{margin-top: -15px !important;border-top-width: 2px !important;border-right-width: 2px !important;border-bottom-width: 2px !important;border-left-width: 2px !important;border-left-color: #e2312f !important;border-left-style: solid !important;border-right-color: #e2312f !important;border-right-style: solid !important;border-top-color: #e2312f !important;border-top-style: solid !important;border-bottom-color: #e2312f !important;border-bottom-style: solid !important;border-radius: 2px !important;}\u00bb button_block=\u00bbtrue\u00bb][\/vc_column][\/vc_row]<\/p>\n","protected":false},"excerpt":{"rendered":"<p class=\"entry-summary\">El voluntariado es una forma de participaci\u00f3n a trav\u00e9s de la cual las personas j\u00f3venes colaboran&hellip;<\/p>\n<div class=\"link-more\"><a href=\"https:\/\/bilbaogazte.bilbao.eus\/es\/voluntariado-y-movilidad\/\" class=\"more-link\">Continue reading<span class=\"screen-reader-text\"> &ldquo;Voluntariado y movilidad&rdquo;<\/span>&hellip;<\/a><\/div>","protected":false},"author":65,"featured_media":0,"parent":0,"menu_order":0,"comment_status":"closed","ping_status":"closed","template":"templates\/page-servicios.php","meta":{"_monsterinsights_skip_tracking":false,"_monsterinsights_sitenote_active":false,"_monsterinsights_sitenote_note":"","_monsterinsights_sitenote_category":0,"footnotes":""},"_links":{"self":[{"href":"https:\/\/bilbaogazte.bilbao.eus\/es\/wp-json\/wp\/v2\/pages\/36390"}],"collection":[{"href":"https:\/\/bilbaogazte.bilbao.eus\/es\/wp-json\/wp\/v2\/pages"}],"about":[{"href":"https:\/\/bilbaogazte.bilbao.eus\/es\/wp-json\/wp\/v2\/types\/page"}],"author":[{"embeddable":true,"href":"https:\/\/bilbaogazte.bilbao.eus\/es\/wp-json\/wp\/v2\/users\/65"}],"replies":[{"embeddable":true,"href":"https:\/\/bilbaogazte.bilbao.eus\/es\/wp-json\/wp\/v2\/comments?post=36390"}],"version-history":[{"count":54,"href":"https:\/\/bilbaogazte.bilbao.eus\/es\/wp-json\/wp\/v2\/pages\/36390\/revisions"}],"predecessor-version":[{"id":52412,"href":"https:\/\/bilbaogazte.bilbao.eus\/es\/wp-json\/wp\/v2\/pages\/36390\/revisions\/52412"}],"wp:attachment":[{"href":"https:\/\/bilbaogazte.bilbao.eus\/es\/wp-json\/wp\/v2\/media?parent=36390"}],"curies":[{"name":"wp","href":"https:\/\/api.w.org\/{rel}","templated":true}]}}