{"id":36771,"date":"2020-02-07T14:43:21","date_gmt":"2020-02-07T12:43:21","guid":{"rendered":"http:\/\/bilbaogazte.bilbao.eus\/es\/?page_id=36771"},"modified":"2020-02-18T12:44:54","modified_gmt":"2020-02-18T10:44:54","slug":"concurso-pop-rock-villa-de-bilbao-edicion-31","status":"publish","type":"page","link":"https:\/\/bilbaogazte.bilbao.eus\/es\/concurso-pop-rock-villa-de-bilbao-edicion-31\/","title":{"rendered":"Concurso Pop Rock Villa de Bilbao &#8211; Edici\u00f3n 31"},"content":{"rendered":"<p>[vc_row][vc_column width=\u00bb2\/3&#8243;][vc_empty_space height=\u00bb70px\u00bb][vc_single_image image=\u00bb30094&#8243; img_size=\u00bblarge\u00bb alignment=\u00bbcenter\u00bb style=\u00bbvc_box_rounded\u00bb][vc_tta_accordion c_align=\u00bbcenter\u00bb active_section=\u00bb0&#8243;][vc_tta_section title=\u00bbBANDAS GANADORAS &#8211; EDICI\u00d3N 31&#8243; tab_id=\u00bb1581075811348-ad687251-00b0&#8243;][vc_column_text]<strong>CATEGOR\u00cdA POP-ROCK:<\/strong><\/p>\n<p><strong>1)<\/strong> 4.000 \u20ac &#8211; Wicked Wizzard (Bizkaia)<br \/>\n<strong>2)<\/strong> 2.000 \u20ac &#8211; Beluga (Madrid)<br \/>\n<strong>3)<\/strong> 1.300 \u20ac &#8211; Go Cactus (Baleares)<\/p>\n<p><strong>CATEGOR\u00cdA METAL:<\/strong><\/p>\n<p><strong>1)<\/strong> 4.000 \u20ac &#8211; Deriva (Madrid)<br \/>\n<strong>2)<\/strong>\u00a02.000 \u20ac &#8211; Last Dissonance (Barcelona)<br \/>\n<strong>3)<\/strong>\u00a01.300 \u20ac &#8211; Blind The Eye (Portugal)<\/p>\n<p><strong>CATEGOR\u00cdA URBAN:<\/strong><\/p>\n<p><strong>1)<\/strong>\u00a04.000 \u20ac &#8211; Colectivo Shumareli (Guadalajara)<br \/>\n<strong>2)<\/strong>\u00a02.000 \u20ac &#8211; Kenna I (Bizkaia)<br \/>\n<strong>3)<\/strong>\u00a01.300 \u20ac &#8211; JazzWoman (Valencia)<\/p>\n<p><strong>PREMIO ESPECIAL DEL JURADO<\/strong><\/p>\n<p><strong>1)<\/strong> 1.000 \u20ac &#8211; Mi Buenaventura (Bizkaia)<\/p>\n<p><strong>OTROS PREMIOS<\/strong><\/p>\n<ul>\n<li>Villa de Bilbao a la mejor banda de Bilbao-Bizkaia: Wicked Wizzard (Pop-Rock)<\/li>\n<li>Aste Nagusia a la mejor banda de Bilbao-Bizkaia: Deimocracy (Metal)<\/li>\n<li>Bilborock a la banda destacada de Bizkaia: Deimocracy (Metal)<\/li>\n<li>Azkena Rock a la banda destacada de Euskal Herria: Wicked Wizzard (Bizkaia)<\/li>\n<li>Resurrection Fest a banda destacada de Metal: Blaze The Trail (Valladolid)<\/li>\n<li>Shake, selecci\u00f3n propia: Mi Buenaventura (Bizkaia)<\/li>\n<li>Shure a los mejores cantantes de Pop-Rock, Metal y Urban:\u00a0Frank Bernal Jim\u00e9nez \u2013 Young Forest (Madrid \u2013 Pop-Rock); D\u00e1rio Rosa \u2013 Blind The Eye (Portugal \u2013 Metal); Adriana Terr\u00e9n Mozota \u2013 Adriana Terr\u00e9n (Valencia \u2013 Urban)<\/li>\n<li>Txirula al mejor guitarrista en la categor\u00eda de Pop-Rock:\u00a0Unai M\u00ednguez Zulueta \u2013 Wicked Wizzard (Bizkaia). Al mejor bajista en la categor\u00eda Pop-Rock: I\u00f1igo Jauregui De Blas \u2013 Wicked Wizzard (Bizkaia). Al mejor bater\u00eda en la categor\u00eda de Pop-Rock: Sergio G\u00f3mez-Espa\u00f1a Del Val- Beluga (Madrid). Al mejor guitarrista en la categor\u00eda de Metal: Jose Daniel Garea \u2013 Deriva (Madrid). Al mejor bajista en la categor\u00eda Metal: Marc Contel Camarena \u2013 Last Dissonance (Barcelona). Al mejor bater\u00eda en la categor\u00eda de Metal: Goiatz Dutto Evangelista \u2013 Deimocracy (Bizkaia)<\/li>\n<li>Stereozona, selecci\u00f3n propia: Airu (Bizkaia)<\/li>\n<li>Sarbide a las bandas ganadoras de cada categor\u00eda: Wicked Wizzard (Pop-Rock), Deriva (Metal) y Colectivo Shumareli (Urban)<\/li>\n<li>Fnac,\u00a0selecci\u00f3n propia: Kenna I (Bizkaia, Urban)<\/li>\n<li>Letamina, selecci\u00f3n propia:\u00a0Airu (Pop-Rock), Wicked Wizzard (Pop-Rock), Nazca (Pop-Rock), Mi Buenaventura (Pop-Rock), Special Trap Residence (STR) (Urban), Nattonooto (Urban), Kenna I (Urban), Deimocracy (Metal)<\/li>\n<li>Kultura Live, selecci\u00f3n propia:\u00a0Orbel (Pop-Rock)<\/li>\n<li>Zarata Mondo Sonoro\u00a0a banda destacada de la Comunidad Aut\u00f3noma de Euskadi o La Rioja: Wicked Wizzard (Bizkaia, Pop-Rock)<\/li>\n<li>Candela Irratia:\u00a0a las bandas ganadoras de Pop-Rock y Metal: Wicked Wizzard (Pop-Rock), Deriva (Metal)<\/li>\n<\/ul>\n<p>[\/vc_column_text][\/vc_tta_section][\/vc_tta_accordion][\/vc_column][vc_column width=\u00bb1\/3&#8243;][vc_empty_space height=\u00bb70px\u00bb][vc_column_text css=\u00bb.vc_custom_1582022655479{margin-bottom: 15px !important;background-color: #000000 !important;}\u00bb]<\/p>\n<p style=\"text-align: center;\"><span style=\"color: #ffffff;\"><strong>V\u00cdDEOS<\/strong><\/span><\/p>\n<p>[\/vc_column_text][vc_single_image image=\u00bb32915&#8243; img_size=\u00bbfull\u00bb onclick=\u00bbcustom_link\u00bb link=\u00bbhttp:\/\/bilbaogazte.bilbao.eus\/es\/conciertos-pop-rock-villa-de-bilbao-2019\/\u00bb css=\u00bb.vc_custom_1581079285410{margin-top: 10px !important;margin-bottom: 5px !important;}\u00bb][vc_single_image image=\u00bb34382&#8243; img_size=\u00bbfull\u00bb onclick=\u00bbcustom_link\u00bb link=\u00bbhttp:\/\/bilbaogazte.bilbao.eus\/es\/finales-del-concurso-pop-rock-villa-de-bilbao-2019\/\u00bb css=\u00bb.vc_custom_1581079306008{margin-top: 10px !important;margin-bottom: 5px !important;}\u00bb][vc_column_text css=\u00bb.vc_custom_1582022667197{margin-top: 15px !important;margin-bottom: 15px !important;background-color: #000000 !important;}\u00bb]<\/p>\n<p style=\"text-align: center;\"><span style=\"color: #ffffff;\"><strong>BANDAS<\/strong><\/span><\/p>\n<p>[\/vc_column_text][vc_single_image image=\u00bb32313&#8243; img_size=\u00bbfull\u00bb onclick=\u00bbcustom_link\u00bb link=\u00bbhttp:\/\/bilbaogazte.bilbao.eus\/es\/categoria-pop-rock-concurso-pop-rock-villa-de-bilbao-2019\/\u00bb css=\u00bb.vc_custom_1581079321032{margin-top: 10px !important;margin-bottom: 5px !important;}\u00bb][vc_single_image image=\u00bb32321&#8243; img_size=\u00bbfull\u00bb onclick=\u00bbcustom_link\u00bb link=\u00bbhttp:\/\/bilbaogazte.bilbao.eus\/es\/categoria-metal-concurso-pop-rock-villa-de-bilbao-2019\/\u00bb css=\u00bb.vc_custom_1581079331656{margin-top: 10px !important;margin-bottom: 5px !important;}\u00bb][vc_single_image image=\u00bb32316&#8243; img_size=\u00bbfull\u00bb onclick=\u00bbcustom_link\u00bb link=\u00bbhttp:\/\/bilbaogazte.bilbao.eus\/es\/categoria-urban-concurso-pop-rock-villa-de-bilbao-2019\/\u00bb css=\u00bb.vc_custom_1581079341600{margin-top: 10px !important;margin-bottom: 5px !important;}\u00bb][vc_column_text css=\u00bb.vc_custom_1582022689013{margin-top: 15px !important;margin-bottom: 15px !important;background-color: #000000 !important;}\u00bb]<\/p>\n<p style=\"text-align: center;\"><span style=\"color: #ffffff;\"><strong>M\u00c1S INFORMACI\u00d3N<\/strong><\/span><\/p>\n<p>[\/vc_column_text][vc_single_image image=\u00bb32327&#8243; img_size=\u00bbfull\u00bb onclick=\u00bbcustom_link\u00bb link=\u00bbhttp:\/\/bilbaogazte.bilbao.eus\/es\/jurado-concurso-pop-rock-villa-de-bilbao-2019\/\u00bb css=\u00bb.vc_custom_1582022641603{margin-top: 10px !important;margin-bottom: 5px !important;}\u00bb][vc_single_image image=\u00bb32333&#8243; img_size=\u00bbfull\u00bb onclick=\u00bbcustom_link\u00bb img_link_target=\u00bb_blank\u00bb link=\u00bbhttp:\/\/bilbaogazte.bilbao.eus\/wp-content\/uploads\/2019\/03\/Bases-castellano-31Villa.pdf\u00bb css=\u00bb.vc_custom_1581079398139{margin-top: 10px !important;margin-bottom: 5px !important;}\u00bb][\/vc_column][\/vc_row]<\/p>\n","protected":false},"excerpt":{"rendered":"<p class=\"entry-summary\">CATEGOR\u00cdA POP-ROCK: 1) 4.000&hellip;<\/p>\n<div class=\"link-more\"><a href=\"https:\/\/bilbaogazte.bilbao.eus\/es\/concurso-pop-rock-villa-de-bilbao-edicion-31\/\" class=\"more-link\">Continue reading<span class=\"screen-reader-text\"> &ldquo;Concurso Pop Rock Villa de Bilbao &#8211; Edici\u00f3n 31&rdquo;<\/span>&hellip;<\/a><\/div>","protected":false},"author":65,"featured_media":0,"parent":0,"menu_order":0,"comment_status":"closed","ping_status":"closed","template":"","meta":{"_monsterinsights_skip_tracking":false,"_monsterinsights_sitenote_active":false,"_monsterinsights_sitenote_note":"","_monsterinsights_sitenote_category":0,"footnotes":""},"_links":{"self":[{"href":"https:\/\/bilbaogazte.bilbao.eus\/es\/wp-json\/wp\/v2\/pages\/36771"}],"collection":[{"href":"https:\/\/bilbaogazte.bilbao.eus\/es\/wp-json\/wp\/v2\/pages"}],"about":[{"href":"https:\/\/bilbaogazte.bilbao.eus\/es\/wp-json\/wp\/v2\/types\/page"}],"author":[{"embeddable":true,"href":"https:\/\/bilbaogazte.bilbao.eus\/es\/wp-json\/wp\/v2\/users\/65"}],"replies":[{"embeddable":true,"href":"https:\/\/bilbaogazte.bilbao.eus\/es\/wp-json\/wp\/v2\/comments?post=36771"}],"version-history":[{"count":3,"href":"https:\/\/bilbaogazte.bilbao.eus\/es\/wp-json\/wp\/v2\/pages\/36771\/revisions"}],"predecessor-version":[{"id":36847,"href":"https:\/\/bilbaogazte.bilbao.eus\/es\/wp-json\/wp\/v2\/pages\/36771\/revisions\/36847"}],"wp:attachment":[{"href":"https:\/\/bilbaogazte.bilbao.eus\/es\/wp-json\/wp\/v2\/media?parent=36771"}],"curies":[{"name":"wp","href":"https:\/\/api.w.org\/{rel}","templated":true}]}}