{"id":37870,"date":"2020-05-13T09:54:07","date_gmt":"2020-05-13T07:54:07","guid":{"rendered":"http:\/\/bilbaogazte.bilbao.eus\/es\/?page_id=37870"},"modified":"2022-09-02T14:21:48","modified_gmt":"2022-09-02T12:21:48","slug":"catalogo-proveedores-actividades-adolescencia","status":"publish","type":"page","link":"https:\/\/bilbaogazte.bilbao.eus\/es\/catalogo-proveedores-actividades-adolescencia\/","title":{"rendered":"Cat\u00e1logo proveedores actividades adolescencia"},"content":{"rendered":"<p>[vc_row][vc_column width=\u00bb2\/3&#8243;][vc_row_inner][vc_column_inner][vc_images_carousel images=\u00bb37871,37874,37877,37880,37883&#8243; img_size=\u00bb900&#215;400&#8243; onclick=\u00bblink_no\u00bb autoplay=\u00bbyes\u00bb hide_pagination_control=\u00bbyes\u00bb][\/vc_column_inner][\/vc_row_inner][vc_column_text]El Ayuntamiento de Bilbao est\u00e1 interesado en <strong>identificar a personas, colectivos o empresas que trabajan en el \u00e1mbito del ocio y deporte adolescente (12-17 a\u00f1os)<\/strong>. Esta informaci\u00f3n nos puede resultar \u00fatil como base de datos para la programaci\u00f3n de ocio adolescente respetando siempre la normativa en materia de contrataci\u00f3n del sector publico.[\/vc_column_text][vc_column_text]<\/p>\n<ul>\n<li><strong>\u00bfC\u00f3mo formar parte del cat\u00e1logo?<\/strong><\/li>\n<\/ul>\n<p>A trav\u00e9s de este formulario queremos recoger los datos de la persona, colectivo o empresa y as\u00ed como de la tipolog\u00eda de actividades o servicios que prest\u00e1is.[\/vc_column_text][vc_row_inner][vc_column_inner width=\u00bb1\/3&#8243;][\/vc_column_inner][vc_column_inner width=\u00bb1\/3&#8243;][vc_btn title=\u00bbFormulario\u00bb style=\u00bbclassic\u00bb shape=\u00bbsquare\u00bb color=\u00bbdanger\u00bb align=\u00bbcenter\u00bb link=\u00bburl:https%3A%2F%2Fgaztekluba.typeform.com%2Fto%2FfAfUwu||target:%20_blank|\u00bb][\/vc_column_inner][vc_column_inner width=\u00bb1\/3&#8243;][\/vc_column_inner][\/vc_row_inner][\/vc_column][vc_column width=\u00bb1\/3&#8243;][vc_empty_space height=\u00bb40px\u00bb][vc_single_image image=\u00bb48024&#8243; img_size=\u00bbfull\u00bb][vc_single_image image=\u00bb48039&#8243; img_size=\u00bbfull\u00bb onclick=\u00bbcustom_link\u00bb link=\u00bbhttp:\/\/bilbaogazte.bilbao.eus\/es\/gaztekluba\/\u00bb css=\u00bb.vc_custom_1643016593170{margin-top: -35px !important;}\u00bb][vc_single_image image=\u00bb36606&#8243; img_size=\u00bbfull\u00bb onclick=\u00bbcustom_link\u00bb link=\u00bbhttp:\/\/bilbaogazte.bilbao.eus\/es\/presentacion-gaztekluba\/\u00bb css=\u00bb.vc_custom_1580893597024{margin-top: -35px !important;}\u00bb][vc_single_image image=\u00bb36603&#8243; img_size=\u00bbfull\u00bb onclick=\u00bbcustom_link\u00bb img_link_target=\u00bb_blank\u00bb link=\u00bbhttp:\/\/bilbaogazte.bilbao.eus\/wp-content\/uploads\/2022\/09\/Normativa-2022-2023.pdf\u00bb css=\u00bb.vc_custom_1662121305356{margin-top: -35px !important;}\u00bb][vc_single_image image=\u00bb36609&#8243; img_size=\u00bbfull\u00bb onclick=\u00bbcustom_link\u00bb img_link_target=\u00bb_blank\u00bb link=\u00bbhttps:\/\/docs.google.com\/forms\/d\/1BTNThBWTpDT5sW94SQD03-AxZEh3zRFD80uimeWEl6Y\/edit\u00bb css=\u00bb.vc_custom_1645007240381{margin-top: -35px !important;}\u00bb][vc_single_image image=\u00bb47931&#8243; img_size=\u00bbfull\u00bb onclick=\u00bbcustom_link\u00bb img_link_target=\u00bb_blank\u00bb link=\u00bbhttp:\/\/bilbaogazte.bilbao.eus\/wp-content\/uploads\/2022\/01\/Medidas-Covid-2021-2022.pdf\u00bb css=\u00bb.vc_custom_1642087775493{margin-top: -35px !important;}\u00bb][vc_single_image image=\u00bb36612&#8243; img_size=\u00bbfull\u00bb css=\u00bb.vc_custom_1580903140197{margin-top: -20px !important;}\u00bb][vc_single_image image=\u00bb36624&#8243; img_size=\u00bbfull\u00bb onclick=\u00bbcustom_link\u00bb link=\u00bbhttp:\/\/bilbaogazte.bilbao.eus\/es\/gazteguneak-bilbao\/\u00bb css=\u00bb.vc_custom_1580893807785{margin-top: -35px !important;}\u00bb][vc_single_image image=\u00bb47929&#8243; img_size=\u00bbfull\u00bb onclick=\u00bbcustom_link\u00bb img_link_target=\u00bb_blank\u00bb link=\u00bbhttp:\/\/bilbaogazte.bilbao.eus\/wp-content\/uploads\/2022\/01\/Medidas-Covid-2021-2022.pdf\u00bb css=\u00bb.vc_custom_1642087923947{margin-top: -35px !important;}\u00bb][vc_single_image image=\u00bb47937&#8243; img_size=\u00bbfull\u00bb][vc_single_image image=\u00bb47940&#8243; img_size=\u00bbfull\u00bb onclick=\u00bbcustom_link\u00bb link=\u00bbhttps:\/\/bilbaogazte.bilbao.eus\/es\/auzo-active\/\u00bb][vc_single_image image=\u00bb38008&#8243; img_size=\u00bbfull\u00bb css=\u00bb.vc_custom_1590733983350{margin-top: -20px !important;}\u00bb][vc_single_image image=\u00bb38623&#8243; img_size=\u00bbfull\u00bb onclick=\u00bbcustom_link\u00bb link=\u00bbhttp:\/\/bilbaogazte.bilbao.eus\/es\/catalogo-proveedores-actividades-adolescencia\/\u00bb css=\u00bb.vc_custom_1593760390030{margin-top: -35px !important;}\u00bb][\/vc_column][\/vc_row][vc_row disable_element=\u00bbyes\u00bb][vc_column][vc_single_image image=\u00bb36594&#8243; img_size=\u00bbfull\u00bb css=\u00bb.vc_custom_1580903132190{margin-top: -20px !important;}\u00bb][vc_single_image image=\u00bb36627&#8243; img_size=\u00bbfull\u00bb onclick=\u00bbcustom_link\u00bb link=\u00bbhttp:\/\/bilbaogazte.bilbao.eus\/es\/gaztekluba-ideiak\/\u00bb css=\u00bb.vc_custom_1580893710379{margin-top: -35px !important;}\u00bb][vc_single_image image=\u00bb36615&#8243; img_size=\u00bbfull\u00bb onclick=\u00bbcustom_link\u00bb img_link_target=\u00bb_blank\u00bb link=\u00bbhttp:\/\/bilbaogazte.bilbao.eus\/wp-content\/uploads\/2020\/01\/Formulario-Solicitud-Eg-1.pdf\u00bb css=\u00bb.vc_custom_1580893742986{margin-top: -35px !important;}\u00bb][vc_single_image image=\u00bb36633&#8243; img_size=\u00bbfull\u00bb onclick=\u00bbcustom_link\u00bb img_link_target=\u00bb_blank\u00bb link=\u00bbhttp:\/\/bilbaogazte.bilbao.eus\/wp-content\/uploads\/2020\/01\/Tutorial-Formato-Cast.pdf\u00bb css=\u00bb.vc_custom_1580893767411{margin-top: -35px !important;}\u00bb][\/vc_column][\/vc_row]<\/p>\n","protected":false},"excerpt":{"rendered":"<p class=\"entry-summary\">El Ayuntamiento de Bilbao est\u00e1 interesado en identificar a personas, colectivos o&hellip;<\/p>\n<div class=\"link-more\"><a href=\"https:\/\/bilbaogazte.bilbao.eus\/es\/catalogo-proveedores-actividades-adolescencia\/\" class=\"more-link\">Continue reading<span class=\"screen-reader-text\"> &ldquo;Cat\u00e1logo proveedores actividades adolescencia&rdquo;<\/span>&hellip;<\/a><\/div>","protected":false},"author":65,"featured_media":0,"parent":0,"menu_order":0,"comment_status":"closed","ping_status":"closed","template":"","meta":{"_monsterinsights_skip_tracking":false,"_monsterinsights_sitenote_active":false,"_monsterinsights_sitenote_note":"","_monsterinsights_sitenote_category":0,"footnotes":""},"_links":{"self":[{"href":"https:\/\/bilbaogazte.bilbao.eus\/es\/wp-json\/wp\/v2\/pages\/37870"}],"collection":[{"href":"https:\/\/bilbaogazte.bilbao.eus\/es\/wp-json\/wp\/v2\/pages"}],"about":[{"href":"https:\/\/bilbaogazte.bilbao.eus\/es\/wp-json\/wp\/v2\/types\/page"}],"author":[{"embeddable":true,"href":"https:\/\/bilbaogazte.bilbao.eus\/es\/wp-json\/wp\/v2\/users\/65"}],"replies":[{"embeddable":true,"href":"https:\/\/bilbaogazte.bilbao.eus\/es\/wp-json\/wp\/v2\/comments?post=37870"}],"version-history":[{"count":26,"href":"https:\/\/bilbaogazte.bilbao.eus\/es\/wp-json\/wp\/v2\/pages\/37870\/revisions"}],"predecessor-version":[{"id":49966,"href":"https:\/\/bilbaogazte.bilbao.eus\/es\/wp-json\/wp\/v2\/pages\/37870\/revisions\/49966"}],"wp:attachment":[{"href":"https:\/\/bilbaogazte.bilbao.eus\/es\/wp-json\/wp\/v2\/media?parent=37870"}],"curies":[{"name":"wp","href":"https:\/\/api.w.org\/{rel}","templated":true}]}}