{"id":38312,"date":"2020-06-16T09:28:01","date_gmt":"2020-06-16T07:28:01","guid":{"rendered":"http:\/\/bilbaogazte.bilbao.eus\/es\/?page_id=38312"},"modified":"2020-10-08T12:02:08","modified_gmt":"2020-10-08T10:02:08","slug":"voluntariado-en-euskadi","status":"publish","type":"page","link":"https:\/\/bilbaogazte.bilbao.eus\/es\/voluntariado-en-euskadi\/","title":{"rendered":"Voluntariado en Euskadi"},"content":{"rendered":"<p>[vc_row][vc_column][vc_single_image image=\u00bb39812&#8243; img_size=\u00bbfull\u00bb][vc_column_text]Tanto el programa de Juventud Vasca Cooperante, como los Campos de voluntariado juvenil ofrecen a j\u00f3venes la oportunidad de participar en actividades relacionadas con el voluntariado. A continuaci\u00f3n se recoge toda la informaci\u00f3n.[\/vc_column_text][\/vc_column][\/vc_row][vc_row][vc_column][vc_column_text css=\u00bb.vc_custom_1592293015871{background-color: #e2312f !important;}\u00bb]<\/p>\n<p style=\"text-align: center;\"><span style=\"color: #ffffff;\"><strong>VOLUNTARIADO EN EUSKADI<\/strong><\/span><\/p>\n<p>[\/vc_column_text][\/vc_column][\/vc_row][vc_row][vc_column][vc_row_inner][vc_column_inner width=\u00bb1\/3&#8243;][vc_single_image image=\u00bb37500&#8243; onclick=\u00bbcustom_link\u00bb][vc_column_text]<\/p>\n<ul>\n<li><strong>Nombre: <span style=\"color: #e2312f;\">Juventud Vasca Cooperante<\/span><\/strong><\/li>\n<li><strong>Descripci\u00f3n: <\/strong>Es un programa para que los y las j\u00f3venes vascas conozcan y apoyen in situ las labores de ONGDs (Organizaciones no gubernamentales de desarrollo) que est\u00e1n en pa\u00edses del sur en aspectos como la educaci\u00f3n, la sanidad, la construcci\u00f3n de infraestructuras etc.<strong><br \/>\n<\/strong><\/li>\n<\/ul>\n<p>[\/vc_column_text][\/vc_column_inner][vc_column_inner width=\u00bb1\/3&#8243;][vc_single_image image=\u00bb37476&#8243; onclick=\u00bbcustom_link\u00bb][vc_column_text]<\/p>\n<ul>\n<li><strong>Nombre: <span style=\"color: #e2312f;\">Campos de voluntariado juvenil<\/span><\/strong><\/li>\n<li><b>Descripci\u00f3n: <\/b>Es una actividad en la que j\u00f3venes de diferentes procedencias se compromete de forma voluntaria y desinteresada a desarrollar, durante un per\u00edodo de dos a cuatro semanas, un trabajo de proyecci\u00f3n social, combinado con actividades complementarias. Con la participaci\u00f3n conjunta de estos y estas j\u00f3venes se realiza un trabajo en favor de la comunidad donde se realiza el campo. Es un lugar donde todo se hace entre todos\/as.<\/li>\n<\/ul>\n<p>[\/vc_column_text][\/vc_column_inner][\/vc_row_inner][vc_row_inner][vc_column_inner width=\u00bb1\/3&#8243;][vc_btn title=\u00bbM\u00e1s informaci\u00f3n\u00bb color=\u00bbdefault\u00bb align=\u00bbcenter\u00bb link=\u00bburl:%23JuventudVascaCooperante|||\u00bb el_class=\u00bbopenModal\u00bb button_block=\u00bbtrue\u00bb css=\u00bb.vc_custom_1594204275558{margin-top: -15px !important;border-top-width: 2px !important;border-right-width: 2px !important;border-bottom-width: 2px !important;border-left-width: 2px !important;border-left-color: #e2312f !important;border-left-style: solid !important;border-right-color: #e2312f !important;border-right-style: solid !important;border-top-color: #e2312f !important;border-top-style: solid !important;border-bottom-color: #e2312f !important;border-bottom-style: solid !important;border-radius: 2px !important;}\u00bb][\/vc_column_inner][vc_column_inner width=\u00bb1\/3&#8243;][vc_btn title=\u00bbM\u00e1s informaci\u00f3n\u00bb color=\u00bbdefault\u00bb align=\u00bbcenter\u00bb link=\u00bburl:%23Camposdevoluntariadojuvenil|||\u00bb el_class=\u00bbopenModal\u00bb button_block=\u00bbtrue\u00bb css=\u00bb.vc_custom_1594204304730{margin-top: -15px !important;border-top-width: 2px !important;border-right-width: 2px !important;border-bottom-width: 2px !important;border-left-width: 2px !important;border-left-color: #e2312f !important;border-left-style: solid !important;border-right-color: #e2312f !important;border-right-style: solid !important;border-top-color: #e2312f !important;border-top-style: solid !important;border-bottom-color: #e2312f !important;border-bottom-style: solid !important;border-radius: 2px !important;}\u00bb][\/vc_column_inner][vc_column_inner width=\u00bb1\/3&#8243;][\/vc_column_inner][\/vc_row_inner][\/vc_column][\/vc_row][vc_row el_id=\u00bbJuventudVascaCooperante\u00bb el_class=\u00bbmodal modalReservar\u00bb][vc_column][vc_column_text]<strong>DESCRIPCI\u00d3N<\/strong>: Es un programa para que los y las j\u00f3venes vascas conozcan y apoyen in situ las labores de ONGDs (Organizaciones no gubernamentales de desarrollo) que est\u00e1n en pa\u00edses del sur en aspectos como la educaci\u00f3n, la sanidad, la construcci\u00f3n de infraestructuras etc.<\/p>\n<p><strong>CLAVES<\/strong>:<\/p>\n<ul>\n<li>Acciones de cooperaci\u00f3n en \u00c1frica, Am\u00e9rica y Asia.<\/li>\n<li>Estar empadronado\/a en la CAPV.<\/li>\n<li>Haber nacido entre 1990 y 1998.<\/li>\n<li>Conocer el idioma del pa\u00eds.<\/li>\n<li>Gastos a cargo de Gobierno Vasco.<\/li>\n<\/ul>\n<p><strong>DURACI\u00d3N<\/strong>: 3 meses de estancia , entre julio y octubre.<\/p>\n<p><strong>FECHA CONVOCATORIA<\/strong>. Enero-febrero. Te tienes que inscribir en la oferta de iniciativas que presentan ONGDs a trav\u00e9s del Gobierno Vasco.<\/p>\n<p><strong>\u00c1MBITO<\/strong>:\u00a0Voluntariado en campos como la Salud f\u00edsica o mental, Inform\u00e1tica &#8211; Dise\u00f1o web &#8211; Audiovisuales &#8211; Comunicaci\u00f3n, marketing &#8211; Fotograf\u00eda &#8211; Bellas Artes &#8211; M\u00fasica &#8211; Ingenier\u00eda civil energ\u00e9tica industrial agr\u00f3noma -Energ\u00edas renovables &#8211; Ciencias ambientales &#8211; Ciencias sociales o pol\u00edticas &#8211; Desarrollo rural sostenible &#8211; Costura, dise\u00f1o, confecci\u00f3n &#8211; Actividades f\u00edsicas y deporte &#8211; Nutrici\u00f3n &#8211; Gastronom\u00eda &#8211; Contabilidad &#8211; Idiomas&#8230;<\/p>\n<p><strong>\u00c1MBITO GEOGR\u00c1FICO<\/strong>: Se puede ser voluntario en una ONGD aqu\u00ed en Euskal Herria o en los pa\u00edses de destino.<\/p>\n<p><strong>M\u00c1S INFORMACI\u00d3N<\/strong>:\u00a0<a href=\"https:\/\/www.gazteaukera.euskadi.eus\/juventud-vasca-cooperante\/inicio\/\" target=\"_blank\" rel=\"noopener noreferrer\">Gazteaukera<\/a>[\/vc_column_text][\/vc_column][\/vc_row][vc_row el_id=\u00bbCamposdevoluntariadojuvenil\u00bb el_class=\u00bbmodal modalReservar\u00bb][vc_column][vc_column_text]<strong>DESCRIPCI\u00d3N<\/strong>: Es una actividad en la que j\u00f3venes de diferentes procedencias se compromete de forma voluntaria y desinteresada a desarrollar, durante un per\u00edodo de dos a cuatro semanas, un trabajo de proyecci\u00f3n social, combinado con actividades complementarias. Con la participaci\u00f3n conjunta de estos y estas j\u00f3venes se realiza un trabajo en favor de la comunidad donde se realiza el campo. Es un lugar donde todo se hace entre todos\/as.<\/p>\n<p><strong>CLAVES<\/strong>:<\/p>\n<ul>\n<li>Tener entre 18 y 26 a\u00f1os.<\/li>\n<li>Realizar actividades de ocio creativas y cooperativas.<\/li>\n<li>Conocer zonas rurales, fuera de las rutas tradicionales.<\/li>\n<li>Experiencia de vida en grupo.<\/li>\n<li>Existen tambi\u00e9n campos internacionales en el extranjero.<\/li>\n<li>Cubren alojamiento y manutenci\u00f3n.<\/li>\n<\/ul>\n<p><strong>DURACI\u00d3N<\/strong>: Aproximadamente, 15 d\u00edas, con 20 horas de trabajo a la semana.<\/p>\n<p><strong>FECHA CONVOCATORIA<\/strong>: Marzo-abril.<\/p>\n<p><strong>\u00c1MBITO<\/strong>: Modalidades: Recuperaci\u00f3n del patrimonio arquitect\u00f3nico, Arqueolog\u00eda, naturaleza y acci\u00f3n comunitaria.<\/p>\n<p><strong>\u00c1MBITO GEOGR\u00c1FICO<\/strong>: Euskadi; Internacional. Puedes elegir participar en un campo de trabajo, aqu\u00ed en Euskadi, en el estado o incluso en Europa.<\/p>\n<p><strong>M\u00c1S INFORMACI\u00d3N<\/strong>: <a href=\"https:\/\/www.gazteaukera.euskadi.eus\/auzolandegiak\/inicio\/\" target=\"_blank\" rel=\"noopener noreferrer\">Gazteaukera<\/a>[\/vc_column_text][\/vc_column][\/vc_row]<\/p>\n","protected":false},"excerpt":{"rendered":"<p class=\"entry-summary\">Tanto el programa de Juventud Vasca Cooperante, como los Campos de voluntariado juvenil ofrecen a j\u00f3venes&hellip;<\/p>\n<div class=\"link-more\"><a href=\"https:\/\/bilbaogazte.bilbao.eus\/es\/voluntariado-en-euskadi\/\" class=\"more-link\">Continue reading<span class=\"screen-reader-text\"> &ldquo;Voluntariado en Euskadi&rdquo;<\/span>&hellip;<\/a><\/div>","protected":false},"author":65,"featured_media":0,"parent":0,"menu_order":0,"comment_status":"closed","ping_status":"closed","template":"","meta":{"_monsterinsights_skip_tracking":false,"_monsterinsights_sitenote_active":false,"_monsterinsights_sitenote_note":"","_monsterinsights_sitenote_category":0,"footnotes":""},"_links":{"self":[{"href":"https:\/\/bilbaogazte.bilbao.eus\/es\/wp-json\/wp\/v2\/pages\/38312"}],"collection":[{"href":"https:\/\/bilbaogazte.bilbao.eus\/es\/wp-json\/wp\/v2\/pages"}],"about":[{"href":"https:\/\/bilbaogazte.bilbao.eus\/es\/wp-json\/wp\/v2\/types\/page"}],"author":[{"embeddable":true,"href":"https:\/\/bilbaogazte.bilbao.eus\/es\/wp-json\/wp\/v2\/users\/65"}],"replies":[{"embeddable":true,"href":"https:\/\/bilbaogazte.bilbao.eus\/es\/wp-json\/wp\/v2\/comments?post=38312"}],"version-history":[{"count":18,"href":"https:\/\/bilbaogazte.bilbao.eus\/es\/wp-json\/wp\/v2\/pages\/38312\/revisions"}],"predecessor-version":[{"id":39897,"href":"https:\/\/bilbaogazte.bilbao.eus\/es\/wp-json\/wp\/v2\/pages\/38312\/revisions\/39897"}],"wp:attachment":[{"href":"https:\/\/bilbaogazte.bilbao.eus\/es\/wp-json\/wp\/v2\/media?parent=38312"}],"curies":[{"name":"wp","href":"https:\/\/api.w.org\/{rel}","templated":true}]}}