{"id":39530,"date":"2020-09-24T15:57:45","date_gmt":"2020-09-24T13:57:45","guid":{"rendered":"http:\/\/bilbaogazte.bilbao.eus\/es\/?page_id=39530"},"modified":"2026-02-19T11:08:38","modified_gmt":"2026-02-19T09:08:38","slug":"vsb-mentoring","status":"publish","type":"page","link":"https:\/\/bilbaogazte.bilbao.eus\/es\/bilborock\/vsb-mentoring\/","title":{"rendered":"VSB Mentoring"},"content":{"rendered":"<p>[vc_row][vc_column width=\u00bb2\/3&#8243;][vc_single_image image=\u00bb39627&#8243; img_size=\u00bbfull\u00bb][vc_column_text]Los 12 grupos y solistas que sean seleccionados para el VSB Fest 2026 recibir\u00e1n una formaci\u00f3n (mentoring) sobre industria musical que se celebrar\u00e1 en Bilborock el s\u00e1bado 11 de abril, en aspectos como:[\/vc_column_text][vc_column_text]<\/p>\n<h4><span style=\"color: #5a5c5e;\"><b>Marketing y comunicaci\u00f3n &#8211; Sara Maule\u00f3n<\/b><\/span><\/h4>\n<p>[\/vc_column_text][vc_column_text]Agencia Maule\u00f3n[\/vc_column_text][vc_single_image image=\u00bb66128&#8243; img_size=\u00bbfull\u00bb][vc_column_text]Experta en marketing cultural y guitarrista en activo. Es fundadora y directora de MAULE\u00d3N, agencia y productora audiovisual especializada en industria musical, desde donde acompa\u00f1a a artistas, empresas y agentes culturales en el desarrollo de su marca y la creaci\u00f3n de contenido estrat\u00e9gico desde la autenticidad.<\/p>\n<p>Tambi\u00e9n es guitarrista en la formaci\u00f3n de metal alternativo Delenda Est, con la que lleva m\u00e1s de una d\u00e9cada sobre los escenarios. Ha sido formadora en espacios como la plataforma RTVE Haz y el National Coaching Program en Canad\u00e1. Adem\u00e1s, es presidenta de (H)emen Elkartea.<\/p>\n<p>Su prop\u00f3sito es poner en valor el talento cultural y expresar a trav\u00e9s de la m\u00fasica, desde lo local hasta lo internacional.[\/vc_column_text][vc_column_text]<\/p>\n<h4><span style=\"color: #5a5c5e;\"><b>Producci\u00f3n musical &#8211; Urtzi Iza <\/b><\/span><\/h4>\n<p>[\/vc_column_text][vc_column_text]ETEN ESPAZIO SONORO &#8211; T\u00e9cnico y productor[\/vc_column_text][vc_single_image image=\u00bb56480&#8243; img_size=\u00bbfull\u00bb][vc_column_text]Soy Urtzi Iza, m\u00fasico y t\u00e9cnico bilba\u00edno. Tras militar en bandas como ENKORE y EMPTY FILES he desarrollado mi carrera como productor, t\u00e9cnico y compositor. En 2021 abr\u00ed ETEN Espazio Sonoro, de donde han salido m\u00e1s de 25 referencias (Txopet, Pinpilinpussies, TOC, Sei Sega, Sexpeares&#8230;). Trabajo tambi\u00e9n en directo con bandas como Vulk, Sara Zozaya, TOC, Nize\u2026 Mi compromiso con las bandas se basa en plasmar su arte de la forma m\u00e1s fiel posible, sin cerrarnos por ello a la experimentaci\u00f3n.[\/vc_column_text][vc_column_text]<\/p>\n<h4><span style=\"color: #5a5c5e;\"><b>Booking y giras \u2013 Mart\u00edn D\u00edaz <\/b><\/span><\/h4>\n<p>[\/vc_column_text][vc_column_text]Oso Polita[\/vc_column_text][vc_single_image image=\u00bb66131&#8243; img_size=\u00bbfull\u00bb][vc_column_text]Mart\u00edn D\u00edaz es profesional de la industria musical con experiencia en booking, management, promotor\u00eda y gesti\u00f3n de proyectos art\u00edsticos, trabajando tanto con artistas emergentes como consolidados a nivel nacional e internacional. Actualmente forma parte del equipo de Last Tour, donde desarrolla labores de booking y management, y ha trabajado como promotor en Live Nation, participando en la producci\u00f3n y promoci\u00f3n de giras y eventos dentro del circuito profesional.[\/vc_column_text][vc_column_text]<\/p>\n<h4><span style=\"color: #5a5c5e;\"><b>Derechos de autor: c\u00f3mo sacar provecho a tu obra \u2013 Ibai Mach\u00edn<\/b><\/span><\/h4>\n<p>[\/vc_column_text][vc_column_text]No Mercy Music \u2013 CEO[\/vc_column_text][vc_single_image image=\u00bb61911&#8243; img_size=\u00bbfull\u00bb][vc_column_text]Director art\u00edstico, editor musical y formador con una carrera dedicada al desarrollo y gesti\u00f3n de talento. Como fundador de la editorial No Mercy Music SL, ha impulsado cat\u00e1logos musicales combinando su conocimiento en derechos de autor y producci\u00f3n con una visi\u00f3n estrat\u00e9gica para la expansi\u00f3n y optimizaci\u00f3n de obras musicales.<\/p>\n<p>Su trayectoria incluye la formaci\u00f3n de j\u00f3venes talentos en producci\u00f3n musical y music business, as\u00ed como la creaci\u00f3n de alianzas con instituciones para promover el aprendizaje y la profesionalizaci\u00f3n en la industria musical. Destaca por su enfoque cercano y pr\u00e1ctico, orientado a apoyar a artistas y creadores en el crecimiento y sostenibilidad de sus carreras.[\/vc_column_text][vc_column_text]<span style=\"color: #ff0000;\">Tras finalizar el VSB Fest, el Jurado escoger\u00e1 a las 6 bandas y solistas que recibir\u00e1n una sesi\u00f3n de mentoring personalizada de la mano de Mikel Amundarain, as\u00ed como una sesi\u00f3n de producci\u00f3n a cargo de Urtzi Iza, adem\u00e1s de pases para BIME Pro.<\/span>[\/vc_column_text][\/vc_column][vc_column width=\u00bb1\/3&#8243;][vc_empty_space][vc_column_text css=\u00bb.vc_custom_1685968862089{margin-top: 4px !important;margin-right: 4px !important;margin-bottom: 4px !important;margin-left: 4px !important;padding-top: 4px !important;padding-right: 4px !important;padding-bottom: 4px !important;padding-left: 4px !important;background-color: #eb380e !important;}\u00bb]<span style=\"color: #ffffff;\"><strong>VIDEOS CONCIERTOS<\/strong><\/span>[\/vc_column_text][vc_column_text]Aqu\u00ed tienes los conciertos de todos los grupos participantes en el VSB Fest 25<\/p>\n<p><iframe loading=\"lazy\" title=\"VillaSoundBilbao 25: REELER\" width=\"1408\" height=\"792\" src=\"https:\/\/www.youtube.com\/embed\/gJz5BoeoQpE?list=PL3Z6QYuth3HQXpjjb5Iaal_QsW_a88mpo\" frameborder=\"0\" allow=\"accelerometer; autoplay; clipboard-write; encrypted-media; gyroscope; picture-in-picture; web-share\" referrerpolicy=\"strict-origin-when-cross-origin\" allowfullscreen><\/iframe><\/p>\n<p>[\/vc_column_text][vc_column_text css=\u00bb.vc_custom_1602589659536{margin-top: 4px !important;margin-right: 4px !important;margin-bottom: 4px !important;margin-left: 4px !important;padding-top: 4px !important;padding-right: 4px !important;padding-bottom: 4px !important;padding-left: 4px !important;background-color: #eb380e !important;}\u00bb]<span style=\"color: #ffffff;\"><strong>INSTAGRAM<\/strong><\/span>[\/vc_column_text][vc_column_text]\u00a1Estamos en Instagram! \u00a1<a href=\"https:\/\/www.instagram.com\/villasoundbilbao\/\" target=\"_blank\" rel=\"noopener noreferrer\">S\u00edguenos<\/a>![\/vc_column_text][vc_single_image image=\u00bb39993&#8243; img_size=\u00bb50&#215;50&#8243; alignment=\u00bbcenter\u00bb onclick=\u00bbcustom_link\u00bb img_link_target=\u00bb_blank\u00bb link=\u00bbhttps:\/\/www.instagram.com\/villasoundbilbao\/\u00bb css=\u00bb.vc_custom_1603179196060{margin-top: -35px !important;}\u00bb][vc_column_text css=\u00bb.vc_custom_1603207603784{margin-top: 4px !important;margin-right: 4px !important;margin-bottom: 4px !important;margin-left: 4px !important;padding-top: 4px !important;padding-right: 4px !important;padding-bottom: 4px !important;padding-left: 4px !important;background-color: #eb380e !important;}\u00bb]<span style=\"color: #ffffff;\"><strong>M\u00c1S INFORMACI\u00d3N<\/strong><\/span>[\/vc_column_text][vc_single_image image=\u00bb40048&#8243; img_size=\u00bb\u00bb onclick=\u00bbcustom_link\u00bb link=\u00bbhttps:\/\/bilbaogazte.bilbao.eus\/es\/bilborock\/vsb-fest-25\/ \u00bb css=\u00bb.vc_custom_1743686492304{padding-top: 2px !important;padding-right: 2px !important;padding-bottom: 2px !important;padding-left: 2px !important;}\u00bb][vc_single_image image=\u00bb40051&#8243; img_size=\u00bbfull\u00bb onclick=\u00bbcustom_link\u00bb link=\u00bbhttps:\/\/bilbaogazte.bilbao.eus\/es\/bilborock\/vsb-tour\/\u00bb css=\u00bb.vc_custom_1603210630758{margin-top: -20px !important;}\u00bb][\/vc_column][\/vc_row][vc_row disable_element=\u00bbyes\u00bb css=\u00bb.vc_custom_1566903250642{padding-top: 25px !important;padding-right: 15px !important;padding-left: 5px !important;background-color: #f6f6f6 !important;}\u00bb el_class=\u00bbintroSinFoto\u00bb][vc_column el_class=\u00bbcajaPliegue\u00bb][vc_column_text]<br \/>\n[\/vc_column_text][\/vc_column][\/vc_row][vc_row disable_element=\u00bbyes\u00bb css=\u00bb.vc_custom_1566903250642{padding-top: 25px !important;padding-right: 15px !important;padding-left: 5px !important;background-color: #f6f6f6 !important;}\u00bb el_class=\u00bbintroSinFoto\u00bb][vc_column el_class=\u00bbcajaPliegue\u00bb][vc_column_text]<\/p>\n<h3>The contest (information in english)<\/h3>\n<ul>\n<li><a href=\"http:\/\/bilbaogazte.bilbao.eus\/wp-content\/uploads\/2019\/03\/Bases-ingles-31Villa.pdf\">Terms and conditions<\/a><\/li>\n<li><a href=\"https:\/\/www.bilbao.eus\/VillaWar\/jsp\/altagrupo.jsp?idioma=i&amp;color=rojo&amp;\" target=\"_blank\" rel=\"noopener noreferrer\">Registrations<\/a><\/li>\n<\/ul>\n<h3>Le concours (information en fran\u00e7ais)<\/h3>\n<ul>\n<li><a href=\"http:\/\/bilbaogazte.bilbao.eus\/wp-content\/uploads\/2019\/03\/Bases-frances-31Villa.pdf\" target=\"_blank\" rel=\"noopener noreferrer\">Termes et conditions<\/a><\/li>\n<li><a href=\"https:\/\/www.bilbao.eus\/VillaWar\/jsp\/altagrupo.jsp?idioma=i&amp;color=rojo&amp;\" target=\"_blank\" rel=\"noopener noreferrer\">Inscriptions<\/a><\/li>\n<\/ul>\n<h3>Contacto<\/h3>\n<p>Bilborock<br \/>\nMuelle La Merced, 1.<br \/>\n48003 Bilbao<br \/>\n<strong>Tel\u00e9fono:<\/strong> 944 151 306<br \/>\n<strong>Fax: <\/strong>944 155 919<br \/>\n<strong>E mail:<\/strong> <a href=\"mailto:bilborock@ayto.bilbao.net\" target=\"_blank\" rel=\"noopener noreferrer\">bilborock@bilbao.eus<\/a><\/p>\n<h3><\/h3>\n<p>[\/vc_column_text][vc_raw_html]JTNDdmlkZW8lMjBjbGFzcyUzRCUyMmFsaWduY2VudGVyJTIyJTIwc3JjJTNEJTIyaHR0cCUzQSUyRiUyRmJpbGJhb2dhenRlLmJpbGJhby5ldXMlMkZ3cC1jb250ZW50JTJGdXBsb2FkcyUyRjIwMTklMkYxMCUyRkZJTkFMRVNfVklMTEFERUJJTEJBT18zMUVESUNJT05fMjAxOV9WNC5tcDQlMjIlMjBjb250cm9scyUzRCUyMmNvbnRyb2xzJTIyJTIwcG9zdGVyJTNEJTIyaHR0cCUzQSUyRiUyRmJpbGJhb2dhenRlLmJpbGJhby5ldXMlMkZ3cC1jb250ZW50JTJGdXBsb2FkcyUyRjIwMTklMkYxMCUyRkZpbmFsYWsuanBnJTIyJTNFJTNDJTJGdmlkZW8lM0U=[\/vc_raw_html][vc_single_image image=\u00bb39446&#8243; img_size=\u00bbfull\u00bb][\/vc_column][\/vc_row]<\/p>\n","protected":false},"excerpt":{"rendered":"<p class=\"entry-summary\">Los 12 grupos y solistas que sean seleccionados para el VSB Fest 2026 recibir\u00e1n una&hellip;<\/p>\n<div class=\"link-more\"><a href=\"https:\/\/bilbaogazte.bilbao.eus\/es\/bilborock\/vsb-mentoring\/\" class=\"more-link\">Continue reading<span class=\"screen-reader-text\"> &ldquo;VSB Mentoring&rdquo;<\/span>&hellip;<\/a><\/div>","protected":false},"author":65,"featured_media":0,"parent":512,"menu_order":0,"comment_status":"closed","ping_status":"closed","template":"templates\/page-pagina.php","meta":{"_monsterinsights_skip_tracking":false,"_monsterinsights_sitenote_active":false,"_monsterinsights_sitenote_note":"","_monsterinsights_sitenote_category":0,"footnotes":""},"_links":{"self":[{"href":"https:\/\/bilbaogazte.bilbao.eus\/es\/wp-json\/wp\/v2\/pages\/39530"}],"collection":[{"href":"https:\/\/bilbaogazte.bilbao.eus\/es\/wp-json\/wp\/v2\/pages"}],"about":[{"href":"https:\/\/bilbaogazte.bilbao.eus\/es\/wp-json\/wp\/v2\/types\/page"}],"author":[{"embeddable":true,"href":"https:\/\/bilbaogazte.bilbao.eus\/es\/wp-json\/wp\/v2\/users\/65"}],"replies":[{"embeddable":true,"href":"https:\/\/bilbaogazte.bilbao.eus\/es\/wp-json\/wp\/v2\/comments?post=39530"}],"version-history":[{"count":63,"href":"https:\/\/bilbaogazte.bilbao.eus\/es\/wp-json\/wp\/v2\/pages\/39530\/revisions"}],"predecessor-version":[{"id":66139,"href":"https:\/\/bilbaogazte.bilbao.eus\/es\/wp-json\/wp\/v2\/pages\/39530\/revisions\/66139"}],"up":[{"embeddable":true,"href":"https:\/\/bilbaogazte.bilbao.eus\/es\/wp-json\/wp\/v2\/pages\/512"}],"wp:attachment":[{"href":"https:\/\/bilbaogazte.bilbao.eus\/es\/wp-json\/wp\/v2\/media?parent=39530"}],"curies":[{"name":"wp","href":"https:\/\/api.w.org\/{rel}","templated":true}]}}