{"id":39532,"date":"2020-09-24T15:58:37","date_gmt":"2020-09-24T13:58:37","guid":{"rendered":"http:\/\/bilbaogazte.bilbao.eus\/es\/?page_id=39532"},"modified":"2025-05-05T15:36:44","modified_gmt":"2025-05-05T13:36:44","slug":"vsb-tour","status":"publish","type":"page","link":"https:\/\/bilbaogazte.bilbao.eus\/es\/bilborock\/vsb-tour\/","title":{"rendered":"VSB Tour"},"content":{"rendered":"<p>[vc_row][vc_column width=\u00bb2\/3&#8243;][vc_single_image image=\u00bb39631&#8243; img_size=\u00bbfull\u00bb][vc_column_text]Tras los conciertos del VSB Fest en Bilborock, el jurado ha escogido a <strong>Marmitakotrapbanda <\/strong>para realizar el <strong>VSB TOUR 25<\/strong>, 4 conciertos en diferentes ciudades del Estado dentro <strong>del ciclo y salas SON Estrella Galicia<\/strong>.<\/p>\n<p>Marmitakotrapbanda es un proyecto de Trap\/Rap\/RyB que busca juntar el sonido de lo Urbano con el formato de Banda y m\u00fasica de directo. Actualmente se encuentran componiendo canciones del estilo pero incorporando adem\u00e1s el euskera para as\u00ed juntar los 3 pilares de la banda que son los sonidos de la m\u00fasica urbana moderna, la magia de las bandas en directo y su idioma\/ra\u00edces.<\/p>\n<p>La banda se forma en 2022 pero hasta verano de 2023 no comienza a tocar; desde entonces han ofrecido conciertos en gaztetxes, bares y eventos de m\u00fasica.<\/p>\n<p><strong><a href=\"https:\/\/www.instagram.com\/marmitakotrapbanda\/\">@marmitakotrapbanda <\/a><\/strong><\/p>\n<p><img loading=\"lazy\" decoding=\"async\" class=\"alignnone size-full wp-image-62603\" src=\"http:\/\/bilbaogazte.bilbao.eus\/wp-content\/uploads\/2025\/05\/Imagen-1.jpg\" alt=\"\" width=\"473\" height=\"626\" \/>[\/vc_column_text][\/vc_column][vc_column width=\u00bb1\/3&#8243;][vc_empty_space][vc_column_text css=\u00bb.vc_custom_1685968871233{margin-top: 4px !important;margin-right: 4px !important;margin-bottom: 4px !important;margin-left: 4px !important;padding-top: 4px !important;padding-right: 4px !important;padding-bottom: 4px !important;padding-left: 4px !important;background-color: #eb380e !important;}\u00bb]<span style=\"color: #ffffff;\"><strong>VIDEOS CONCIERTOS<\/strong><\/span>[\/vc_column_text][vc_column_text]Aqu\u00ed tienes los conciertos de todos los grupos participantes en el VSB Fest 25<\/p>\n<p><iframe loading=\"lazy\" title=\"VillaSoundBilbao 25: REELER\" width=\"1408\" height=\"792\" src=\"https:\/\/www.youtube.com\/embed\/gJz5BoeoQpE?list=PL3Z6QYuth3HQXpjjb5Iaal_QsW_a88mpo\" frameborder=\"0\" allow=\"accelerometer; autoplay; clipboard-write; encrypted-media; gyroscope; picture-in-picture; web-share\" referrerpolicy=\"strict-origin-when-cross-origin\" allowfullscreen><\/iframe><\/p>\n<p>[\/vc_column_text][vc_column_text css=\u00bb.vc_custom_1602589659536{margin-top: 4px !important;margin-right: 4px !important;margin-bottom: 4px !important;margin-left: 4px !important;padding-top: 4px !important;padding-right: 4px !important;padding-bottom: 4px !important;padding-left: 4px !important;background-color: #eb380e !important;}\u00bb]<span style=\"color: #ffffff;\"><strong>INSTAGRAM<\/strong><\/span>[\/vc_column_text][vc_column_text]\u00a1Estamos en Instagram! \u00a1<a href=\"https:\/\/www.instagram.com\/villasoundbilbao\/\" target=\"_blank\" rel=\"noopener noreferrer\">S\u00edguenos<\/a>![\/vc_column_text][vc_single_image image=\u00bb39993&#8243; img_size=\u00bb50&#215;50&#8243; alignment=\u00bbcenter\u00bb onclick=\u00bbcustom_link\u00bb img_link_target=\u00bb_blank\u00bb link=\u00bbhttps:\/\/www.instagram.com\/villasoundbilbao\/\u00bb css=\u00bb.vc_custom_1603179196060{margin-top: -35px !important;}\u00bb][vc_column_text css=\u00bb.vc_custom_1603207603784{margin-top: 4px !important;margin-right: 4px !important;margin-bottom: 4px !important;margin-left: 4px !important;padding-top: 4px !important;padding-right: 4px !important;padding-bottom: 4px !important;padding-left: 4px !important;background-color: #eb380e !important;}\u00bb]<span style=\"color: #ffffff;\"><strong>M\u00c1S INFORMACI\u00d3N<\/strong><\/span>[\/vc_column_text][vc_single_image image=\u00bb40048&#8243; img_size=\u00bbfull\u00bb onclick=\u00bbcustom_link\u00bb link=\u00bbhttps:\/\/bilbaogazte.bilbao.eus\/es\/bilborock\/vsb-fest-25\/\u00bb][vc_single_image image=\u00bb40054&#8243; img_size=\u00bb\u00bb onclick=\u00bbcustom_link\u00bb link=\u00bbhttps:\/\/bilbaogazte.bilbao.eus\/es\/bilborock\/vsb-mentoring\/\u00bb css=\u00bb.vc_custom_1603210998653{margin-top: -20px !important;padding-top: 2px !important;padding-right: 2px !important;padding-bottom: 2px !important;padding-left: 2px !important;}\u00bb][\/vc_column][\/vc_row][vc_row disable_element=\u00bbyes\u00bb css=\u00bb.vc_custom_1566903250642{padding-top: 25px !important;padding-right: 15px !important;padding-left: 5px !important;background-color: #f6f6f6 !important;}\u00bb el_class=\u00bbintroSinFoto\u00bb][vc_column el_class=\u00bbcajaPliegue\u00bb][vc_column_text]<br \/>\n[\/vc_column_text][\/vc_column][\/vc_row][vc_row disable_element=\u00bbyes\u00bb css=\u00bb.vc_custom_1566903250642{padding-top: 25px !important;padding-right: 15px !important;padding-left: 5px !important;background-color: #f6f6f6 !important;}\u00bb el_class=\u00bbintroSinFoto\u00bb][vc_column el_class=\u00bbcajaPliegue\u00bb][vc_column_text]<\/p>\n<h3>The contest (information in english)<\/h3>\n<ul>\n<li><a href=\"http:\/\/bilbaogazte.bilbao.eus\/wp-content\/uploads\/2019\/03\/Bases-ingles-31Villa.pdf\">Terms and conditions<\/a><\/li>\n<li><a href=\"https:\/\/www.bilbao.eus\/VillaWar\/jsp\/altagrupo.jsp?idioma=i&amp;color=rojo&amp;\" target=\"_blank\" rel=\"noopener noreferrer\">Registrations<\/a><\/li>\n<\/ul>\n<h3>Le concours (information en fran\u00e7ais)<\/h3>\n<ul>\n<li><a href=\"http:\/\/bilbaogazte.bilbao.eus\/wp-content\/uploads\/2019\/03\/Bases-frances-31Villa.pdf\" target=\"_blank\" rel=\"noopener noreferrer\">Termes et conditions<\/a><\/li>\n<li><a href=\"https:\/\/www.bilbao.eus\/VillaWar\/jsp\/altagrupo.jsp?idioma=i&amp;color=rojo&amp;\" target=\"_blank\" rel=\"noopener noreferrer\">Inscriptions<\/a><\/li>\n<\/ul>\n<h3>Contacto<\/h3>\n<p>Bilborock<br \/>\nMuelle La Merced, 1.<br \/>\n48003 Bilbao<br \/>\n<strong>Tel\u00e9fono:<\/strong> 944 151 306<br \/>\n<strong>Fax: <\/strong>944 155 919<br \/>\n<strong>E mail:<\/strong> <a href=\"mailto:bilborock@ayto.bilbao.net\" target=\"_blank\" rel=\"noopener noreferrer\">bilborock@bilbao.eus<\/a><\/p>\n<h3><\/h3>\n<p>[\/vc_column_text][vc_raw_html]JTNDdmlkZW8lMjBjbGFzcyUzRCUyMmFsaWduY2VudGVyJTIyJTIwc3JjJTNEJTIyaHR0cCUzQSUyRiUyRmJpbGJhb2dhenRlLmJpbGJhby5ldXMlMkZ3cC1jb250ZW50JTJGdXBsb2FkcyUyRjIwMTklMkYxMCUyRkZJTkFMRVNfVklMTEFERUJJTEJBT18zMUVESUNJT05fMjAxOV9WNC5tcDQlMjIlMjBjb250cm9scyUzRCUyMmNvbnRyb2xzJTIyJTIwcG9zdGVyJTNEJTIyaHR0cCUzQSUyRiUyRmJpbGJhb2dhenRlLmJpbGJhby5ldXMlMkZ3cC1jb250ZW50JTJGdXBsb2FkcyUyRjIwMTklMkYxMCUyRkZpbmFsYWsuanBnJTIyJTNFJTNDJTJGdmlkZW8lM0U=[\/vc_raw_html][vc_single_image image=\u00bb39446&#8243; img_size=\u00bbfull\u00bb][\/vc_column][\/vc_row]<\/p>\n","protected":false},"excerpt":{"rendered":"<p class=\"entry-summary\">Tras los conciertos del VSB Fest en Bilborock, el jurado ha escogido a Marmitakotrapbanda para&hellip;<\/p>\n<div class=\"link-more\"><a href=\"https:\/\/bilbaogazte.bilbao.eus\/es\/bilborock\/vsb-tour\/\" class=\"more-link\">Continue reading<span class=\"screen-reader-text\"> &ldquo;VSB Tour&rdquo;<\/span>&hellip;<\/a><\/div>","protected":false},"author":65,"featured_media":0,"parent":512,"menu_order":0,"comment_status":"closed","ping_status":"closed","template":"templates\/page-pagina.php","meta":{"_monsterinsights_skip_tracking":false,"_monsterinsights_sitenote_active":false,"_monsterinsights_sitenote_note":"","_monsterinsights_sitenote_category":0,"footnotes":""},"_links":{"self":[{"href":"https:\/\/bilbaogazte.bilbao.eus\/es\/wp-json\/wp\/v2\/pages\/39532"}],"collection":[{"href":"https:\/\/bilbaogazte.bilbao.eus\/es\/wp-json\/wp\/v2\/pages"}],"about":[{"href":"https:\/\/bilbaogazte.bilbao.eus\/es\/wp-json\/wp\/v2\/types\/page"}],"author":[{"embeddable":true,"href":"https:\/\/bilbaogazte.bilbao.eus\/es\/wp-json\/wp\/v2\/users\/65"}],"replies":[{"embeddable":true,"href":"https:\/\/bilbaogazte.bilbao.eus\/es\/wp-json\/wp\/v2\/comments?post=39532"}],"version-history":[{"count":38,"href":"https:\/\/bilbaogazte.bilbao.eus\/es\/wp-json\/wp\/v2\/pages\/39532\/revisions"}],"predecessor-version":[{"id":62606,"href":"https:\/\/bilbaogazte.bilbao.eus\/es\/wp-json\/wp\/v2\/pages\/39532\/revisions\/62606"}],"up":[{"embeddable":true,"href":"https:\/\/bilbaogazte.bilbao.eus\/es\/wp-json\/wp\/v2\/pages\/512"}],"wp:attachment":[{"href":"https:\/\/bilbaogazte.bilbao.eus\/es\/wp-json\/wp\/v2\/media?parent=39532"}],"curies":[{"name":"wp","href":"https:\/\/api.w.org\/{rel}","templated":true}]}}