{"id":39909,"date":"2020-10-13T15:11:49","date_gmt":"2020-10-13T13:11:49","guid":{"rendered":"http:\/\/bilbaogazte.bilbao.eus\/es\/?page_id=39909"},"modified":"2020-10-13T16:27:14","modified_gmt":"2020-10-13T14:27:14","slug":"jurado-villasoundbilbao","status":"publish","type":"page","link":"https:\/\/bilbaogazte.bilbao.eus\/es\/bilborock\/jurado-villasoundbilbao\/","title":{"rendered":"Jurado &#8211; VillaSoundBilbao"},"content":{"rendered":"<p>[vc_row][vc_column][vc_column_text]\u00a0[\/vc_column_text][\/vc_column][\/vc_row][vc_row][vc_column][vc_empty_space][\/vc_column][\/vc_row][vc_row][vc_column width=\u00bb1\/3&#8243;][vc_single_image image=\u00bb19929&#8243; img_size=\u00bbmedium\u00bb][vc_tta_accordion active_section=\u00bb3&#8243; collapsible_all=\u00bbtrue\u00bb][vc_tta_section title=\u00bbNombre completo\u00bb tab_id=\u00bb1502885782946-f8151c6f-3fe0&#8243;][vc_column_text]Bikendi Cadelo[\/vc_column_text][\/vc_tta_section][vc_tta_section title=\u00bbBio\u00bb tab_id=\u00bb1502885782947-385e8605-058d\u00bb][vc_column_text]Bikendi es un joven gestor cultural de Bilbao, especializado en el fomento y la promoci\u00f3n de una de las ramas m\u00e1s underground de la m\u00fasica. Tras un periplo de 5 a\u00f1os trabajando en diferentes proyectos art\u00edsticos por ciudades como Manchester o Aarhus (Dinamarca), vuelve a su ciudad natal para formar parte por cuarta vez del Villa de Bilbao, despu\u00e9s de haber ejercido como jurado y patrocinador del mismo en el pasado.<\/p>\n<p>Gestiona la comunicaci\u00f3n del congreso profesional BIME PRO, fue editor de la web \u201cKeep an Open Mind\u201d durante 11 a\u00f1os y organiza, entre otros proyectos musicales, conciertos y giras para diferentes bandas nacionales e internacionales. Se pas\u00f3 la adolescencia pegado a una guitarra y tuvo la oportunidad de compartir las tablas de Bilborock junto a bandas como Rise to Fall.[\/vc_column_text][\/vc_tta_section][\/vc_tta_accordion][\/vc_column][vc_column width=\u00bb1\/3&#8243;][vc_single_image image=\u00bb29831&#8243; img_size=\u00bbmedium\u00bb alignment=\u00bbcenter\u00bb][vc_tta_accordion active_section=\u00bb3&#8243; collapsible_all=\u00bbtrue\u00bb][vc_tta_section title=\u00bbNombre completo\u00bb tab_id=\u00bb1502886142186-2f2a4d27-2fd5&#8243;][vc_column_text]Mari Jose Aranguren[\/vc_column_text][\/vc_tta_section][vc_tta_section title=\u00bbBio\u00bb tab_id=\u00bb1502886142187-640f3c27-0cef\u00bb][vc_column_text]Mari Jose Aranguren, periodista. Tras una etapa ligada a la radio musical local ficha por Los 40 Principales en el a\u00f1o 2004 como locutora de radio f\u00f3rmula y presentadora de diversos espacios de Cadena SER, as\u00ed como voz corporativa de la cadena y sus espacios publicitarios.<\/p>\n<p>Tras varios a\u00f1os observando el desarrollo de la m\u00fasica a trav\u00e9s de una emisora estatal, se vio la necesidad de dar cabida, difusi\u00f3n y prescripci\u00f3n a los grupos y solistas de Euskadi dentro de su programaci\u00f3n. Es as\u00ed como nace en la Cadena SER el programa CARA A, que m\u00e1s tarde evoluciona al formato de LOS40 con una hora de duraci\u00f3n semanal y una mayor implicaci\u00f3n con la cultura musical vasca. En la actualidad, este programa que dirige y presenta junto a Josu Ortega, se ha convertido en un referente de la radio musical vasca en su franja de emisi\u00f3n.<\/p>\n<p>Adem\u00e1s de su labor como periodista musical, se encarga de la puesta en marcha de\u00a0espect\u00e1culos musicales y conciertos de Los40, Cadena Dial y Maxima FM (Aste nagusidance, LOS40 Summer Live, Gira D\u00e9jate Llevar\u2026), as\u00ed como de la producci\u00f3n musical que forma parte de los distintos eventos de Cadena SER Euskadi.[\/vc_column_text][\/vc_tta_section][\/vc_tta_accordion][\/vc_column][vc_column width=\u00bb1\/3&#8243;][vc_single_image image=\u00bb30019&#8243; img_size=\u00bbmedium\u00bb alignment=\u00bbcenter\u00bb][vc_tta_accordion active_section=\u00bb3&#8243; collapsible_all=\u00bbtrue\u00bb][vc_tta_section title=\u00bbNombre completo\u00bb tab_id=\u00bb1553609296986-f254e11c-8127&#8243;][vc_column_text]Iker B\u00e1rbara[\/vc_column_text][\/vc_tta_section][vc_tta_section title=\u00bbBio\u00bb tab_id=\u00bb1553609297027-47f81db8-2b10&#8243;][vc_column_text]<span class=\"il\">Iker<\/span>\u00a0<span class=\"il\">B\u00e1rbara<\/span>\u00a0es un bilba\u00edno apasionado de la m\u00fasica que comenz\u00f3 a involucrarse en nuestra escena local hace 15 a\u00f1os a trav\u00e9s de diversos colectivos (Bunch, 2 late Night, Garage Club&#8230;). Desde finales de 2012 es el responsable de Zarata, la edici\u00f3n de Euskadi, Navarra y La Rioja de la revista musical Mondo Sonoro. Es un habitual en los jurados de concursos musicales (Musiketxeak, El Certamen de San Adri\u00e1n, Rockein, BBK Soinu Berriak&#8230;). Recientemente ha estado al cargo de la edici\u00f3n del Anuario de la M\u00fasica de 2018 de EHMBE (Euskal Herriko Musika Bulego Elkartea). En abril lanza un nuevo proyecto, Basques On Decks, medio musical que se va a encargar de recoger todo lo relacionado con la escena DJ de Euskal Herria y alrededores.[\/vc_column_text][\/vc_tta_section][\/vc_tta_accordion][\/vc_column][\/vc_row][vc_row][vc_column width=\u00bb1\/3&#8243;][vc_single_image image=\u00bb19939&#8243; img_size=\u00bbmedium\u00bb][vc_tta_accordion active_section=\u00bb3&#8243; collapsible_all=\u00bbtrue\u00bb][vc_tta_section title=\u00bbNombre completo\u00bb tab_id=\u00bb1502887189087-a33427a2-74dc\u00bb][vc_column_text]Lorea Argarate[\/vc_column_text][\/vc_tta_section][vc_tta_section title=\u00bbBio\u00bb tab_id=\u00bb1502887189088-21b74a1c-ac3a\u00bb][vc_column_text]Lorea Argarate Zubia naci\u00f3 en Bilbao, en 1990. Desde ni\u00f1a ha estado inmersa en el mundo musical, tanto en el conservatorio (tocando el clarinete), como en bandas y orquestas (ganando su primeros sueldos) y participado en diversas formaciones con amistades (con grupos de m\u00fasica y como DJ tambi\u00e9n). Ha aprendido a gestionar el \u00e1mbito musical y esa es su ocupaci\u00f3n actual, con voluntad de facilitar el camino a los que llegan ahora a este mundo, teniendo en cuenta el emprendizaje, la creatividad y la innovaci\u00f3n.[\/vc_column_text][\/vc_tta_section][\/vc_tta_accordion][\/vc_column][vc_column width=\u00bb1\/3&#8243;][vc_single_image image=\u00bb39917&#8243; img_size=\u00bbmedium\u00bb][vc_tta_accordion active_section=\u00bb3&#8243; collapsible_all=\u00bbtrue\u00bb][vc_tta_section title=\u00bbNombre completo\u00bb tab_id=\u00bb1525265134528-a4de291f-26f7&#8243;][vc_column_text]Jon Herv\u00e1s[\/vc_column_text][\/vc_tta_section][vc_tta_section title=\u00bbBio\u00bb tab_id=\u00bb1525265134665-cd14016e-80bf\u00bb][vc_column_text]Programador y encargado de producci\u00f3n de Uni Sound Bilbao (festival), DJ, programador en Shake Bilbao (sala de conciertos) y productor en el \u00e1rea de cultura del Centro Cultural de Espa\u00f1a en M\u00e9xico.[\/vc_column_text][\/vc_tta_section][\/vc_tta_accordion][\/vc_column][vc_column width=\u00bb1\/3&#8243;][\/vc_column][\/vc_row]<\/p>\n","protected":false},"excerpt":{"rendered":"<p class=\"entry-summary\">\u00a0Bikendi CadeloBikendi es un joven gestor cultural de&hellip;<\/p>\n<div class=\"link-more\"><a href=\"https:\/\/bilbaogazte.bilbao.eus\/es\/bilborock\/jurado-villasoundbilbao\/\" class=\"more-link\">Continue reading<span class=\"screen-reader-text\"> &ldquo;Jurado &#8211; VillaSoundBilbao&rdquo;<\/span>&hellip;<\/a><\/div>","protected":false},"author":65,"featured_media":0,"parent":512,"menu_order":0,"comment_status":"closed","ping_status":"closed","template":"templates\/page-pagina.php","meta":{"_monsterinsights_skip_tracking":false,"_monsterinsights_sitenote_active":false,"_monsterinsights_sitenote_note":"","_monsterinsights_sitenote_category":0,"footnotes":""},"_links":{"self":[{"href":"https:\/\/bilbaogazte.bilbao.eus\/es\/wp-json\/wp\/v2\/pages\/39909"}],"collection":[{"href":"https:\/\/bilbaogazte.bilbao.eus\/es\/wp-json\/wp\/v2\/pages"}],"about":[{"href":"https:\/\/bilbaogazte.bilbao.eus\/es\/wp-json\/wp\/v2\/types\/page"}],"author":[{"embeddable":true,"href":"https:\/\/bilbaogazte.bilbao.eus\/es\/wp-json\/wp\/v2\/users\/65"}],"replies":[{"embeddable":true,"href":"https:\/\/bilbaogazte.bilbao.eus\/es\/wp-json\/wp\/v2\/comments?post=39909"}],"version-history":[{"count":7,"href":"https:\/\/bilbaogazte.bilbao.eus\/es\/wp-json\/wp\/v2\/pages\/39909\/revisions"}],"predecessor-version":[{"id":39923,"href":"https:\/\/bilbaogazte.bilbao.eus\/es\/wp-json\/wp\/v2\/pages\/39909\/revisions\/39923"}],"up":[{"embeddable":true,"href":"https:\/\/bilbaogazte.bilbao.eus\/es\/wp-json\/wp\/v2\/pages\/512"}],"wp:attachment":[{"href":"https:\/\/bilbaogazte.bilbao.eus\/es\/wp-json\/wp\/v2\/media?parent=39909"}],"curies":[{"name":"wp","href":"https:\/\/api.w.org\/{rel}","templated":true}]}}