{"id":42333,"date":"2021-03-09T14:55:45","date_gmt":"2021-03-09T12:55:45","guid":{"rendered":"http:\/\/bilbaogazte.bilbao.eus\/es\/?page_id=42333"},"modified":"2021-03-14T18:55:52","modified_gmt":"2021-03-14T16:55:52","slug":"cuerpo-europeo-de-solidaridad","status":"publish","type":"page","link":"https:\/\/bilbaogazte.bilbao.eus\/es\/cuerpo-europeo-de-solidaridad\/","title":{"rendered":"Cuerpo Europeo de Solidaridad"},"content":{"rendered":"<p>[vc_row][vc_column][vc_single_image image=\u00bb42461&#8243; img_size=\u00bbfull\u00bb][vc_empty_space height=\u00bb16px\u00bb][vc_column_text]<\/p>\n<h2><strong>El programa CES es una iniciativa de la Uni\u00f3n Europea que ofrece oportunidades para que las y los j\u00f3venes colaboren como voluntariado en proyectos solidarios, en sus propios pa\u00edses o en el extranjero.<\/strong><\/h2>\n<p>[\/vc_column_text][\/vc_column][\/vc_row][vc_row css=\u00bb.vc_custom_1615298900075{margin-top: 10px !important;margin-bottom: 5px !important;}\u00bb][vc_column][vc_column_text css=\u00bb.vc_custom_1615464045054{background-color: #e2312f !important;}\u00bb]<\/p>\n<p style=\"text-align: left;\"><strong><span style=\"color: #ffffff;\">HABLAMOS DEL PROGRAMA DE VOLUNTARIADO CES<\/span><\/strong><\/p>\n<p>[\/vc_column_text][\/vc_column][\/vc_row][vc_row gap=\u00bb20&#8243; parallax=\u00bbcontent-moving\u00bb css=\u00bb.vc_custom_1615297820211{margin-bottom: 10px !important;}\u00bb][vc_column width=\u00bb1\/3&#8243; css=\u00bb.vc_custom_1615297256281{background-color: #ffffff !important;}\u00bb][vc_single_image image=\u00bb42566&#8243; img_size=\u00bbfull\u00bb alignment=\u00bbcenter\u00bb][vc_column_text]<\/p>\n<h2>LAS CLAVES<\/h2>\n<p>[\/vc_column_text][vc_column_text]J\u00f3venes entre 18 y 30 a\u00f1os.<\/p>\n<p>No se piden titulaciones acad\u00e9micas.<\/p>\n<p>No es necesario conocer el idioma del pa\u00eds: se ofrece servicio de apoyo ling\u00fc\u00edstico con<br \/>\nformaci\u00f3n online.<\/p>\n<p>Todo incluido: viaje de ida y vuelta + alojamiento + dietas de desplazamientos+ dinero de<br \/>\nbolsillo. Seguro incluido.[\/vc_column_text][\/vc_column][vc_column width=\u00bb1\/3&#8243; css=\u00bb.vc_custom_1615296942489{background-color: #ffffff !important;}\u00bb][vc_single_image image=\u00bb42560&#8243; img_size=\u00bbfull\u00bb alignment=\u00bbcenter\u00bb][vc_column_text]<\/p>\n<h2>DURACI\u00d3N<\/h2>\n<p>[\/vc_column_text][vc_column_text]Voluntariado entre 2 y 12 meses.<\/p>\n<p>Pr\u00e1cticas entre 2 y 6 meses.<\/p>\n<p>Empleo entre 3 y 12 meses.[\/vc_column_text][\/vc_column][vc_column width=\u00bb1\/3&#8243; css=\u00bb.vc_custom_1615296964273{background-color: #ffffff !important;}\u00bb][vc_single_image image=\u00bb42563&#8243; img_size=\u00bbfull\u00bb alignment=\u00bbcenter\u00bb][vc_column_text]<\/p>\n<h2>PROYECTOS<\/h2>\n<p>[\/vc_column_text][vc_column_text]Voluntariado.<br \/>\nInclusi\u00f3n.<br \/>\nRefugio y Migraci\u00f3n.<br \/>\nCiudadan\u00eda y participaci\u00f3n democr\u00e1tica.<br \/>\nPrevenci\u00f3n de cat\u00e1strofes.<br \/>\nMedio ambiente.<br \/>\nSalud-Educaci\u00f3n.<br \/>\nEmprendimiento.<br \/>\nCreatividad.<br \/>\nCultura.<br \/>\nDeporte.[\/vc_column_text][\/vc_column][\/vc_row][vc_row css=\u00bb.vc_custom_1615373486228{margin-top: 10px !important;}\u00bb][vc_column][vc_column_text css=\u00bb.vc_custom_1615298999264{background-color: #e2312f !important;}\u00bb]<\/p>\n<p style=\"text-align: left;\"><strong><span style=\"color: #ffffff;\">\u00a0 \u00a0 \u00a0 SOBRE LA INSCRIPCI\u00d3N<\/span><\/strong><\/p>\n<p>[\/vc_column_text][\/vc_column][\/vc_row][vc_row][vc_column][vc_column_text]<\/p>\n<p style=\"text-align: center;\"><iframe loading=\"lazy\" id=\"videoplayer\" title=\"Your practical journey through the European Solidarity Corps\" src=\"https:\/\/audiovisual.ec.europa.eu\/embed\/index.html?ref=I-169587&amp;lg=EN\/ES\" width=\"852\" height=\"480\" frameborder=\"0\" scrolling=\"no\" allowfullscreen=\"allowfullscreen\"><span data-mce-type=\"bookmark\" style=\"display: inline-block; width: 0px; overflow: hidden; line-height: 0;\" class=\"mce_SELRES_start\">\ufeff<\/span><\/iframe><\/p>\n<p>[\/vc_column_text][vc_row_inner][vc_column_inner width=\u00bb1\/2&#8243;][vc_column_text]Durante la inscripci\u00f3n se te pedir\u00e1n tus datos personales, el tipo de proyecto que te interesa, as\u00ed como los conocimientos y la experiencia que puedes aportar a los proyectos del Cuerpo Europeo de Solidaridad. A continuaci\u00f3n, completar\u00e1s un perfil m\u00e1s detallado que incluya las fechas en las que est\u00e1s disponible para participar en los proyectos.<\/p>\n<p>Una vez inscrito, puedes solicitar los proyectos publicados que ver\u00e1s en la p\u00e1gina principal o esperar a ser contactado por una organizaci\u00f3n con una oferta.[\/vc_column_text][\/vc_column_inner][vc_column_inner width=\u00bb1\/2&#8243;][vc_column_text]En Bilbao m\u00e1s informaci\u00f3n:<\/p>\n<p><strong> \u00c1rea de Juventud y Deporte<\/strong>: Horario de atenci\u00f3n: <strong>De lunes a viernes<\/strong>, <strong>de 9:00 a 14:00<\/strong>.<strong>\u00a0Email<\/strong>: <a href=\"mailto:gazteria@bilbao.eus\">gazteria@bilbao.eus<\/a>.<\/p>\n<p><a href=\"https:\/\/bolunta.org\/servicios\/voluntariado\/servicio-de- voluntariado-europeo\">Bolunta:<\/a> Horario de atenci\u00f3n:<strong> De lunes a viernes<\/strong>,<strong> de 9:30 a 14:00<\/strong> y de 15:30 a 18:30. <strong>Tfn. 94 416 15 11<\/strong> <strong>e Email:<\/strong> <a href=\"mailto:bolunta@bolunta.org\">bolunta@bolunta.org<\/a>.[\/vc_column_text][\/vc_column_inner][\/vc_row_inner][\/vc_column][\/vc_row][vc_row css=\u00bb.vc_custom_1615373467110{margin-top: 30px !important;}\u00bb][vc_column width=\u00bb1\/2&#8243;][\/vc_column][vc_column width=\u00bb1\/2&#8243;][\/vc_column][\/vc_row][vc_row css=\u00bb.vc_custom_1615308792495{margin-top: 50px !important;}\u00bb][vc_column][vc_column_text css=\u00bb.vc_custom_1615538663918{background-color: #e5e5e5 !important;}\u00bb]<\/p>\n<p style=\"text-align: left;\"><strong><span style=\"color: #e2312f;\">\u00a0 \u00bfPUEDO VER EJEMPLOS DE PROYECTOS EUROPEOS?<\/span><\/strong><\/p>\n<p>[\/vc_column_text][vc_column_text]Puedes buscar\u00a0<a href=\"https:\/\/europa.eu\/youth\/volunteering\/organisations_es\">aqu\u00ed\u00a0<\/a>las organizaciones seg\u00fan criterios de pa\u00eds, tema, localidad, nombre de la organizaci\u00f3n, tipo de acreditaci\u00f3n, etc.[\/vc_column_text][\/vc_column][\/vc_row][vc_row][vc_column][vc_column_text css=\u00bb.vc_custom_1615538688149{background-color: #e5e5e5 !important;}\u00bb]<\/p>\n<p style=\"text-align: left;\"><strong><span style=\"color: #e2312f;\">\u00a0 PA\u00cdSES PARTICIPANTES<\/span><\/strong><\/p>\n<p>[\/vc_column_text][vc_column_text]<strong>Pa\u00edses de la UE<\/strong><\/p>\n<p>Alemania, Austria, B\u00e9lgica, Bulgaria, Chequia, Chipre, Croacia, Dinamarca, Eslovaquia, Eslovenia, Espa\u00f1a, Estonia, Finlandia, Francia, Grecia, Hungr\u00eda, Italia, Irlanda, Letonia, Lituania, Luxemburgo, Malta, Pa\u00edses Bajos, Polonia, Portugal, Ruman\u00eda y Suecia.<\/p>\n<p><strong>Pa\u00edses participantes que no pertenecen a la UE<\/strong><\/p>\n<p>Islandia, Liechtenstein, Macedonia del Norte, Noruega y Turqu\u00eda.<\/p>\n<p><strong>Pa\u00edses socios (vecinos de la UE)<\/strong><\/p>\n<p>Albania, Argelia, Armenia, Azerbaiy\u00e1n, Bielorrusia, Bosnia y Herzegovina, Egipto, Georgia, Israel, Jordania, Kosovo, L\u00edbano, Libia, Moldavia, Montenegro, Marruecos, Palestina, Rusia, Serbia, Siria, T\u00fanez y Ucrania.[\/vc_column_text][vc_btn title=\u00bbPREGUNTAS FRECUENTES\u00bb style=\u00bbflat\u00bb color=\u00bbjuicy-pink\u00bb size=\u00bblg\u00bb link=\u00bburl:https%3A%2F%2Feuropa.eu%2Fyouth%2Fsolidarity%2Ffaq_es|||\u00bb][\/vc_column][\/vc_row]<\/p>\n","protected":false},"excerpt":{"rendered":"<p class=\"entry-summary\"> El programa CES es una iniciativa de la Uni\u00f3n Europea que ofrece oportunidades para&hellip;<\/p>\n<div class=\"link-more\"><a href=\"https:\/\/bilbaogazte.bilbao.eus\/es\/cuerpo-europeo-de-solidaridad\/\" class=\"more-link\">Continue reading<span class=\"screen-reader-text\"> &ldquo;Cuerpo Europeo de Solidaridad&rdquo;<\/span>&hellip;<\/a><\/div>","protected":false},"author":80,"featured_media":0,"parent":0,"menu_order":0,"comment_status":"closed","ping_status":"closed","template":"","meta":{"_monsterinsights_skip_tracking":false,"_monsterinsights_sitenote_active":false,"_monsterinsights_sitenote_note":"","_monsterinsights_sitenote_category":0,"footnotes":""},"_links":{"self":[{"href":"https:\/\/bilbaogazte.bilbao.eus\/es\/wp-json\/wp\/v2\/pages\/42333"}],"collection":[{"href":"https:\/\/bilbaogazte.bilbao.eus\/es\/wp-json\/wp\/v2\/pages"}],"about":[{"href":"https:\/\/bilbaogazte.bilbao.eus\/es\/wp-json\/wp\/v2\/types\/page"}],"author":[{"embeddable":true,"href":"https:\/\/bilbaogazte.bilbao.eus\/es\/wp-json\/wp\/v2\/users\/80"}],"replies":[{"embeddable":true,"href":"https:\/\/bilbaogazte.bilbao.eus\/es\/wp-json\/wp\/v2\/comments?post=42333"}],"version-history":[{"count":90,"href":"https:\/\/bilbaogazte.bilbao.eus\/es\/wp-json\/wp\/v2\/pages\/42333\/revisions"}],"predecessor-version":[{"id":42594,"href":"https:\/\/bilbaogazte.bilbao.eus\/es\/wp-json\/wp\/v2\/pages\/42333\/revisions\/42594"}],"wp:attachment":[{"href":"https:\/\/bilbaogazte.bilbao.eus\/es\/wp-json\/wp\/v2\/media?parent=42333"}],"curies":[{"name":"wp","href":"https:\/\/api.w.org\/{rel}","templated":true}]}}