{"id":51055,"date":"2022-12-15T11:18:48","date_gmt":"2022-12-15T09:18:48","guid":{"rendered":"https:\/\/bilbaogazte.bilbao.eus\/es\/?page_id=51055"},"modified":"2025-09-10T15:23:12","modified_gmt":"2025-09-10T13:23:12","slug":"konekta-makergunea","status":"publish","type":"page","link":"https:\/\/bilbaogazte.bilbao.eus\/es\/konekta-makergunea\/","title":{"rendered":"Maker Gunea"},"content":{"rendered":"<p>[vc_row][vc_column][vc_single_image image=\u00bb55541&#8243; img_size=\u00bbfull\u00bb][vc_column_text]<b>MAKER GUNEA<\/b> <span style=\"font-weight: 400;\">es un espacio en la planta s\u00f3tano de LA PERRERA destinado a adquirir y desarrollar competencias STEAM-AV basadas en la filosof\u00eda <\/span><b>DIY<\/b><span style=\"font-weight: 400;\"> (Do it yourself), participando en <\/span><b>talleres<\/b><span style=\"font-weight: 400;\"> o desarrollando aut\u00f3nomamente <\/span><b>proyectos colaborativos<\/b><span style=\"font-weight: 400;\">. Este espacio ser\u00e1 utilizado tambi\u00e9n por centros escolares en horarios complementarios y acoger\u00e1 tambi\u00e9n un espacio socioeducativo (<strong>Gaztegune<\/strong>), para j\u00f3venes de entre 12-30 a\u00f1os.<\/span><\/p>\n<p><b>MAKER GUNEA<\/b><span style=\"font-weight: 400;\"> aspira a ser una oportunidad para la <\/span><b>creaci\u00f3n de grupos y comunidades<\/b><span style=\"font-weight: 400;\"> relacionadas con proyectos que a\u00fanen la <\/span><b>investigaci\u00f3n<\/b><span style=\"font-weight: 400;\">, el <\/span><b>desarrollo<\/b><span style=\"font-weight: 400;\">, la <\/span><b>innovaci\u00f3n<\/b><span style=\"font-weight: 400;\">, la <\/span><b>curiosidad<\/b><span style=\"font-weight: 400;\">, el <\/span><b>ocio<\/b><span style=\"font-weight: 400;\">, las <\/span><b>vocaciones tecnol\u00f3gicas<\/b><span style=\"font-weight: 400;\">, el <\/span><b>compromiso social<\/b><span style=\"font-weight: 400;\">, el <\/span><b>emprendizaje<\/b><span style=\"font-weight: 400;\"> y la <\/span><b>iniciativa<\/b><span style=\"font-weight: 400;\">.\u00a0<\/span><\/p>\n<p><span style=\"font-weight: 400;\">Queremos fomentar el trabajo colaborativo y la participaci\u00f3n en torno a proyectos de j\u00f3venes, citylabers, grupos universitarios, makers, escuelas, agentes econ\u00f3micos, etc.<\/span><\/p>\n<p>Si quieres conocer toda la agenda de actividades del Makergunea y La Perrera pulsa aqu\u00ed:[\/vc_column_text][vc_btn title=\u00bbAgenda trimestral La Perrera\u00bb color=\u00bbdanger\u00bb align=\u00bbcenter\u00bb link=\u00bburl:https%3A%2F%2Fbilbaogazte.bilbao.eus%2Fes%2Factividades-steam-2025-4t%2F|||\u00bb][vc_column_text]<b>SERVICIOS MAKER GUNEA<\/b><\/p>\n<p><span style=\"font-weight: 400;\">&#x1f52d; Disponibilidad de equipamientos tecnol\u00f3gicos (uso en\u00a0 MAKER GUNEA y pr\u00e9stamo).<\/span><\/p>\n<p><span style=\"font-weight: 400;\">&#x1f527; Talleres de aprendizaje y experiencias tecnol\u00f3gicas.<\/span><\/p>\n<p><span style=\"font-weight: 400;\">&#x1f579; Programaci\u00f3n de ocio.<\/span><\/p>\n<p><span style=\"font-weight: 400;\">&#x1f4e2; Convocatorias abiertas para la presentaci\u00f3n de propuestas y la participaci\u00f3n en el desarrollo colaborativo de proyectos.<\/span><\/p>\n<p>&nbsp;<\/p>\n<p><b>&#x1f550; HORARIOS APERTURA<\/b><\/p>\n<p data-pm-slice=\"1 1 []\">\u2013 Lunes a s\u00e1bado 17:00-21:00<\/p>\n<p>Cerrado en julio y agosto.[\/vc_column_text][\/vc_column][\/vc_row][vc_row][vc_column][vc_column_text]<img loading=\"lazy\" decoding=\"async\" class=\"alignnone wp-image-53787 size-medium\" src=\"http:\/\/bilbaogazte.bilbao.eus\/wp-content\/uploads\/2023\/07\/DSC00154-872x581.jpeg\" alt=\"\" width=\"872\" height=\"581\" srcset=\"https:\/\/bilbaogazte.bilbao.eus\/wp-content\/uploads\/2023\/07\/DSC00154-872x581.jpeg 872w, https:\/\/bilbaogazte.bilbao.eus\/wp-content\/uploads\/2023\/07\/DSC00154-1408x939.jpeg 1408w, https:\/\/bilbaogazte.bilbao.eus\/wp-content\/uploads\/2023\/07\/DSC00154-768x512.jpeg 768w, https:\/\/bilbaogazte.bilbao.eus\/wp-content\/uploads\/2023\/07\/DSC00154-1536x1024.jpeg 1536w, https:\/\/bilbaogazte.bilbao.eus\/wp-content\/uploads\/2023\/07\/DSC00154-2048x1365.jpeg 2048w\" sizes=\"(max-width: 872px) 100vw, 872px\" \/>[\/vc_column_text][\/vc_column][\/vc_row]<\/p>\n","protected":false},"excerpt":{"rendered":"<p class=\"entry-summary\">MAKER GUNEA es un espacio en la planta s\u00f3tano de LA PERRERA destinado a adquirir y&hellip;<\/p>\n<div class=\"link-more\"><a href=\"https:\/\/bilbaogazte.bilbao.eus\/es\/konekta-makergunea\/\" class=\"more-link\">Continue reading<span class=\"screen-reader-text\"> &ldquo;Maker Gunea&rdquo;<\/span>&hellip;<\/a><\/div>","protected":false},"author":79,"featured_media":0,"parent":0,"menu_order":0,"comment_status":"closed","ping_status":"closed","template":"","meta":{"_monsterinsights_skip_tracking":false,"_monsterinsights_sitenote_active":false,"_monsterinsights_sitenote_note":"","_monsterinsights_sitenote_category":0,"footnotes":""},"_links":{"self":[{"href":"https:\/\/bilbaogazte.bilbao.eus\/es\/wp-json\/wp\/v2\/pages\/51055"}],"collection":[{"href":"https:\/\/bilbaogazte.bilbao.eus\/es\/wp-json\/wp\/v2\/pages"}],"about":[{"href":"https:\/\/bilbaogazte.bilbao.eus\/es\/wp-json\/wp\/v2\/types\/page"}],"author":[{"embeddable":true,"href":"https:\/\/bilbaogazte.bilbao.eus\/es\/wp-json\/wp\/v2\/users\/79"}],"replies":[{"embeddable":true,"href":"https:\/\/bilbaogazte.bilbao.eus\/es\/wp-json\/wp\/v2\/comments?post=51055"}],"version-history":[{"count":15,"href":"https:\/\/bilbaogazte.bilbao.eus\/es\/wp-json\/wp\/v2\/pages\/51055\/revisions"}],"predecessor-version":[{"id":63932,"href":"https:\/\/bilbaogazte.bilbao.eus\/es\/wp-json\/wp\/v2\/pages\/51055\/revisions\/63932"}],"wp:attachment":[{"href":"https:\/\/bilbaogazte.bilbao.eus\/es\/wp-json\/wp\/v2\/media?parent=51055"}],"curies":[{"name":"wp","href":"https:\/\/api.w.org\/{rel}","templated":true}]}}