{"id":51072,"date":"2022-12-15T11:44:30","date_gmt":"2022-12-15T09:44:30","guid":{"rendered":"https:\/\/bilbaogazte.bilbao.eus\/es\/?page_id=51072"},"modified":"2023-12-21T12:05:21","modified_gmt":"2023-12-21T10:05:21","slug":"konekta-oficinainformacion","status":"publish","type":"page","link":"https:\/\/bilbaogazte.bilbao.eus\/es\/konekta-oficinainformacion\/","title":{"rendered":"Oficina de informaci\u00f3n juvenil"},"content":{"rendered":"<p>[vc_row][vc_column][vc_single_image image=\u00bb55541&#8243; img_size=\u00bbfull\u00bb][vc_column_text]<span style=\"font-weight: 400;\">Informaci\u00f3n sobre programas y servicios municipales de inter\u00e9s para la juventud, subvenciones, carnets, programaci\u00f3n cultural, deportiva, tc.<\/span><\/p>\n<p><span style=\"font-weight: 400;\">Un servicio para acercar los recursos y programaci\u00f3n municipal a los y las j\u00f3venes y actuar como puente de conexi\u00f3n entre la juventud bilba\u00edna y el Ayuntamiento de Bilbao.<\/span><\/p>\n<p><span style=\"font-weight: 400;\">Servicio dirigido a j\u00f3venes de 12 a 29 a\u00f1os.<\/span><\/p>\n<p>&nbsp;<\/p>\n<p><span style=\"font-weight: 400;\"><img loading=\"lazy\" decoding=\"async\" class=\"alignnone size-full wp-image-51068\" src=\"http:\/\/bilbaogazte.bilbao.eus\/wp-content\/uploads\/2022\/12\/Captura-de-pantalla-2022-12-15-a-las-10.43.07.png\" alt=\"\" width=\"468\" height=\"351\" \/><\/span>[\/vc_column_text][\/vc_column][\/vc_row][vc_row][vc_column][vc_column_text]<span style=\"font-weight: 400;\">&#x1f550; Horario:<\/span><\/p>\n<p><span style=\"font-weight: 400;\">&#8211;<\/span> <span style=\"font-weight: 400;\">Lunes, martes, jueves y viernes 8:30-14:30<\/span><\/p>\n<p><span style=\"font-weight: 400;\">&#8211;<\/span> <span style=\"font-weight: 400;\">Mi\u00e9rcoles 8:30-18:00<\/span>[\/vc_column_text][\/vc_column][\/vc_row][vc_row disable_element=\u00bbyes\u00bb][vc_column][vc_column_text]<\/p>\n<p class=\"v1MsoNormal\"><span style=\"font-weight: 400;\">&#x1f550;<\/span>Horario de verano (hasta el 15 de septiembre inclusive):<\/p>\n<p class=\"v1MsoNormal\">\u2013 Lunes a viernes 8:30-13:30<\/p>\n<p>[\/vc_column_text][\/vc_column][\/vc_row]<\/p>\n","protected":false},"excerpt":{"rendered":"<p class=\"entry-summary\">Informaci\u00f3n sobre programas y servicios municipales de inter\u00e9s para la juventud, subvenciones, carnets, programaci\u00f3n cultural, deportiva,&hellip;<\/p>\n<div class=\"link-more\"><a href=\"https:\/\/bilbaogazte.bilbao.eus\/es\/konekta-oficinainformacion\/\" class=\"more-link\">Continue reading<span class=\"screen-reader-text\"> &ldquo;Oficina de informaci\u00f3n juvenil&rdquo;<\/span>&hellip;<\/a><\/div>","protected":false},"author":79,"featured_media":0,"parent":0,"menu_order":0,"comment_status":"closed","ping_status":"closed","template":"","meta":{"_monsterinsights_skip_tracking":false,"_monsterinsights_sitenote_active":false,"_monsterinsights_sitenote_note":"","_monsterinsights_sitenote_category":0,"footnotes":""},"_links":{"self":[{"href":"https:\/\/bilbaogazte.bilbao.eus\/es\/wp-json\/wp\/v2\/pages\/51072"}],"collection":[{"href":"https:\/\/bilbaogazte.bilbao.eus\/es\/wp-json\/wp\/v2\/pages"}],"about":[{"href":"https:\/\/bilbaogazte.bilbao.eus\/es\/wp-json\/wp\/v2\/types\/page"}],"author":[{"embeddable":true,"href":"https:\/\/bilbaogazte.bilbao.eus\/es\/wp-json\/wp\/v2\/users\/79"}],"replies":[{"embeddable":true,"href":"https:\/\/bilbaogazte.bilbao.eus\/es\/wp-json\/wp\/v2\/comments?post=51072"}],"version-history":[{"count":7,"href":"https:\/\/bilbaogazte.bilbao.eus\/es\/wp-json\/wp\/v2\/pages\/51072\/revisions"}],"predecessor-version":[{"id":53617,"href":"https:\/\/bilbaogazte.bilbao.eus\/es\/wp-json\/wp\/v2\/pages\/51072\/revisions\/53617"}],"wp:attachment":[{"href":"https:\/\/bilbaogazte.bilbao.eus\/es\/wp-json\/wp\/v2\/media?parent=51072"}],"curies":[{"name":"wp","href":"https:\/\/api.w.org\/{rel}","templated":true}]}}