{"id":51076,"date":"2022-12-15T11:49:33","date_gmt":"2022-12-15T09:49:33","guid":{"rendered":"https:\/\/bilbaogazte.bilbao.eus\/es\/?page_id=51076"},"modified":"2026-04-07T10:28:14","modified_gmt":"2026-04-07T08:28:14","slug":"konekta-emancipacion","status":"publish","type":"page","link":"https:\/\/bilbaogazte.bilbao.eus\/es\/konekta-emancipacion\/","title":{"rendered":"Servicio de apoyo a la emancipaci\u00f3n"},"content":{"rendered":"<p>[vc_row][vc_column width=\u00bb2\/3&#8243;][vc_row_inner][vc_column_inner][vc_single_image image=\u00bb52750&#8243; img_size=\u00bbfull\u00bb][\/vc_column_inner][\/vc_row_inner][vc_column_text]GAZ BILBAO es un servicio gratuito dirigido a j\u00f3venes de 16 a 34 a\u00f1os para acompa\u00f1arles en su proceso de emancipaci\u00f3n.<\/p>\n<p>Personal especializado os <strong>informar\u00e1, orientar\u00e1, asesorar\u00e1 y acompa\u00f1ar\u00e1<\/strong> de manera integral y personalizada en vuestros proyectos de emancipaci\u00f3n.<br \/>\nAdem\u00e1s, contaremos con una programaci\u00f3n de charlas informativas, actividades y talleres para que puedas desarrollar tu potencial y talento.[\/vc_column_text][vc_column_text css=\u00bb.vc_custom_1706185845816{border-top-width: 5px !important;border-right-width: 5px !important;border-bottom-width: 5px !important;border-left-width: 5px !important;border-left-color: #dd3333 !important;border-right-color: #dd3333 !important;border-top-color: #dd3333 !important;border-bottom-color: #dd3333 !important;border-radius: 5px !important;}\u00bb]<\/p>\n<p data-pm-slice=\"1 1 []\">Tambi\u00e9n te \u00a0ayudaremos a solicitar la nueva ayuda a la emancipaci\u00f3n del Gobierno Vasco \u00abEmantzipa\u00bb \u00a0que est\u00e1 dirigida a personas j\u00f3venes entre 25 y 29 a\u00f1os empadronadas en Euskadi y consiste en 300 euros mensuales hasta un m\u00e1ximo de dos a\u00f1os para compra de vivienda o alquiler. <a href=\"https:\/\/www.gazteaukera.euskadi.eus\/ayuda-a-la-renta\/webgaz00-gbizhi2\/es\/\">M\u00e1s informaci\u00f3n.<\/a><\/p>\n<p>[\/vc_column_text][vc_row_inner][vc_column_inner width=\u00bb1\/3&#8243;][vc_btn title=\u00bbNEWSLETTER\u00bb color=\u00bbpeacoc\u00bb link=\u00bburl:%23newsletter|||\u00bb el_class=\u00bbopenModal\u00bb][\/vc_column_inner][vc_column_inner width=\u00bb1\/3&#8243;][vc_btn title=\u00bbAGENDA MENSUAL\u00bb color=\u00bbdanger\u00bb link=\u00bburl:https%3A%2F%2Fbilbaogazte.bilbao.eus%2Fes%2Fprogramazioa-gaz%2F|||\u00bb][\/vc_column_inner][vc_column_inner width=\u00bb1\/3&#8243;][vc_btn title=\u00bbPONTE EN CONTACTO\u00bb color=\u00bborange\u00bb link=\u00bburl:%23ponteencontacto|||\u00bb el_class=\u00bbopenModal\u00bb][\/vc_column_inner][\/vc_row_inner][vc_row_inner][vc_column_inner width=\u00bb1\/3&#8243;][vc_btn title=\u00bbBILBAO GAZTE PARTEKATZEN\u00bb color=\u00bborange\u00bb link=\u00bburl:https%3A%2F%2Fbilbaogazte.bilbao.eus%2Fes%2Fpartekatzen%2F|||\u00bb el_class=\u00bbopenModal\u00bb][\/vc_column_inner][vc_column_inner width=\u00bb1\/3&#8243;][vc_btn title=\u00bbIII Feria de Movilidad: conoce los programas\u00bb color=\u00bbprimary\u00bb link=\u00bburl:http%3A%2F%2Fbilbaogazte.bilbao.eus%2Fwp-content%2Fuploads%2F2026%2F01%2FIII-Feria-de-Movilidad_tarjetas-informativas.pdf|||\u00bb el_class=\u00bbopenModal\u00bb][\/vc_column_inner][vc_column_inner width=\u00bb1\/3&#8243;][\/vc_column_inner][\/vc_row_inner][vc_custom_heading text=\u00bb\u00bfEn qu\u00e9 te podemos acompa\u00f1ar?\u00bb font_container=\u00bbtag:h2|text_align:center|color:%23ffffff\u00bb google_fonts=\u00bbfont_family:Raleway%3A100%2C200%2C300%2Cregular%2C500%2C600%2C700%2C800%2C900|font_style:400%20regular%3A400%3Anormal\u00bb css=\u00bb.vc_custom_1695299836913{background-color: #dd3333 !important;border-radius: 5px !important;}\u00bb][vc_row_inner][vc_column_inner width=\u00bb1\/2&#8243;][vc_single_image image=\u00bb54461&#8243; img_size=\u00bbfull\u00bb onclick=\u00bbcustom_link\u00bb link=\u00bbhttps:\/\/bilbaogazte.bilbao.eus\/es\/gazvivienda\/\u00bb][vc_single_image image=\u00bb54467&#8243; img_size=\u00bbfull\u00bb onclick=\u00bbcustom_link\u00bb link=\u00bbhttps:\/\/bilbaogazte.bilbao.eus\/es\/gazempleo\/\u00bb][\/vc_column_inner][vc_column_inner width=\u00bb1\/2&#8243;][vc_single_image image=\u00bb54464&#8243; img_size=\u00bbfull\u00bb onclick=\u00bbcustom_link\u00bb link=\u00bbhttps:\/\/bilbaogazte.bilbao.eus\/es\/gazformacion\/\u00bb][vc_single_image image=\u00bb54470&#8243; img_size=\u00bbfull\u00bb onclick=\u00bbcustom_link\u00bb link=\u00bbhttps:\/\/bilbaogazte.bilbao.eus\/es\/gazmovilidad-y-retorno\/\u00bb][\/vc_column_inner][\/vc_row_inner][\/vc_column][vc_column width=\u00bb1\/3&#8243;][vc_single_image image=\u00bb54409&#8243;][vc_column_text]<\/p>\n<div class=\"page\" title=\"Page 1\">\n<div class=\"section\">\n<div class=\"layoutArea\">\n<div class=\"column\">\n<p><img loading=\"lazy\" decoding=\"async\" class=\"alignnone wp-image-54451\" src=\"http:\/\/bilbaogazte.bilbao.eus\/wp-content\/uploads\/2023\/09\/pngtree-whatsapp-phone-icon-png-image_6315989.png\" alt=\"\" width=\"35\" height=\"35\" \/> 747 451 437<\/p>\n<div class=\"page\" title=\"Page 1\">\n<div class=\"section\">\n<div class=\"layoutArea\">\n<div class=\"column\">\n<p><img loading=\"lazy\" decoding=\"async\" class=\"alignnone wp-image-54448\" src=\"http:\/\/bilbaogazte.bilbao.eus\/wp-content\/uploads\/2023\/09\/f207045d96c258fed664305f0ac2c5bd-icono-de-auricular-de-telefono-azul.png\" alt=\"\" width=\"33\" height=\"33\" \/> 944 025 401<\/p>\n<div class=\"page\" title=\"Page 1\">\n<div class=\"section\">\n<div class=\"layoutArea\">\n<div class=\"column\">\n<p><img loading=\"lazy\" decoding=\"async\" class=\"alignnone wp-image-54445\" src=\"http:\/\/bilbaogazte.bilbao.eus\/wp-content\/uploads\/2023\/09\/1000885.png\" alt=\"\" width=\"31\" height=\"31\" srcset=\"https:\/\/bilbaogazte.bilbao.eus\/wp-content\/uploads\/2023\/09\/1000885.png 512w, https:\/\/bilbaogazte.bilbao.eus\/wp-content\/uploads\/2023\/09\/1000885-448x448.png 448w\" sizes=\"(max-width: 31px) 100vw, 31px\" \/> <a href=\"mailto:gazbilbao@bilbao.eus\">gazbilbao@bilbao.eus<\/a><\/p>\n<div class=\"page\" title=\"Page 1\">\n<div class=\"section\">\n<div class=\"layoutArea\">\n<div class=\"column\">\n<p><img loading=\"lazy\" decoding=\"async\" class=\"alignnone wp-image-54442\" src=\"http:\/\/bilbaogazte.bilbao.eus\/wp-content\/uploads\/2023\/09\/Map_pin_icon.svg_-872x1187.png\" alt=\"\" width=\"28\" height=\"38\" srcset=\"https:\/\/bilbaogazte.bilbao.eus\/wp-content\/uploads\/2023\/09\/Map_pin_icon.svg_-872x1187.png 872w, https:\/\/bilbaogazte.bilbao.eus\/wp-content\/uploads\/2023\/09\/Map_pin_icon.svg_-768x1046.png 768w, https:\/\/bilbaogazte.bilbao.eus\/wp-content\/uploads\/2023\/09\/Map_pin_icon.svg_-1128x1536.png 1128w, https:\/\/bilbaogazte.bilbao.eus\/wp-content\/uploads\/2023\/09\/Map_pin_icon.svg_.png 1200w\" sizes=\"(max-width: 28px) 100vw, 28px\" \/> La Perrera \u2013 Sabino Arana 50 (Basurtu)<\/p>\n<div class=\"page\" title=\"Page 1\">\n<div class=\"section\">\n<div class=\"layoutArea\">\n<div class=\"column\">\n<p><strong><img loading=\"lazy\" decoding=\"async\" class=\"alignnone wp-image-54433\" src=\"http:\/\/bilbaogazte.bilbao.eus\/wp-content\/uploads\/2023\/09\/283327.png\" alt=\"\" width=\"26\" height=\"26\" srcset=\"https:\/\/bilbaogazte.bilbao.eus\/wp-content\/uploads\/2023\/09\/283327.png 512w, https:\/\/bilbaogazte.bilbao.eus\/wp-content\/uploads\/2023\/09\/283327-448x448.png 448w\" sizes=\"(max-width: 26px) 100vw, 26px\" \/> HORARIO<\/strong><\/p>\n<div class=\"page\" title=\"Page 1\">\n<div class=\"section\">\n<div class=\"layoutArea\">\n<div class=\"column\">\n<p><strong><img loading=\"lazy\" decoding=\"async\" class=\"alignnone wp-image-61217 size-medium\" src=\"http:\/\/bilbaogazte.bilbao.eus\/wp-content\/uploads\/2025\/07\/Cambio-horario2-CAST.png\" alt=\"\" width=\"872\" height=\"1233\" \/><\/strong><\/p>\n<\/div>\n<\/div>\n<\/div>\n<\/div>\n<\/div>\n<\/div>\n<\/div>\n<\/div>\n<\/div>\n<\/div>\n<\/div>\n<\/div>\n<\/div>\n<\/div>\n<\/div>\n<\/div>\n<\/div>\n<\/div>\n<\/div>\n<\/div>\n<\/div>\n<\/div>\n<\/div>\n<\/div>\n<p>[\/vc_column_text][\/vc_column][\/vc_row][vc_row el_id=\u00bbnewsletter\u00bb el_class=\u00bbmodal modalReservar\u00bb][vc_column][vc_column_text]Para darte de alta en la newsletter, escribe un mensaje a <a href=\"mailto:gazbilbao@bilbao.eus\">gazbilbao@bilbao.eus<\/a>[\/vc_column_text][\/vc_column][\/vc_row][vc_row el_id=\u00bbponteencontacto\u00bb el_class=\u00bbmodal modalReservar\u00bb][vc_column][vc_column_text]<img loading=\"lazy\" decoding=\"async\" class=\"alignnone wp-image-54451\" src=\"http:\/\/bilbaogazte.bilbao.eus\/wp-content\/uploads\/2023\/09\/pngtree-whatsapp-phone-icon-png-image_6315989.png\" alt=\"\" width=\"35\" height=\"35\" \/> 747 451 437<\/p>\n<div class=\"page\" title=\"Page 1\">\n<div class=\"section\">\n<div class=\"layoutArea\">\n<div class=\"column\">\n<p><img loading=\"lazy\" decoding=\"async\" class=\"alignnone wp-image-54448\" src=\"http:\/\/bilbaogazte.bilbao.eus\/wp-content\/uploads\/2023\/09\/f207045d96c258fed664305f0ac2c5bd-icono-de-auricular-de-telefono-azul.png\" alt=\"\" width=\"33\" height=\"33\" \/> 944 025 401<\/p>\n<div class=\"page\" title=\"Page 1\">\n<div class=\"section\">\n<div class=\"layoutArea\">\n<div class=\"column\">\n<p><img loading=\"lazy\" decoding=\"async\" class=\"alignnone wp-image-54445\" src=\"http:\/\/bilbaogazte.bilbao.eus\/wp-content\/uploads\/2023\/09\/1000885.png\" alt=\"\" width=\"31\" height=\"31\" srcset=\"https:\/\/bilbaogazte.bilbao.eus\/wp-content\/uploads\/2023\/09\/1000885.png 512w, https:\/\/bilbaogazte.bilbao.eus\/wp-content\/uploads\/2023\/09\/1000885-448x448.png 448w\" sizes=\"(max-width: 31px) 100vw, 31px\" \/> <a href=\"mailto:gazbilbao@bilbao.eus\">gazbilbao@bilbao.eus<\/a><\/p>\n<div class=\"page\" title=\"Page 1\">\n<div class=\"section\">\n<div class=\"layoutArea\">\n<div class=\"column\">\n<p><img loading=\"lazy\" decoding=\"async\" class=\"alignnone wp-image-54442\" src=\"http:\/\/bilbaogazte.bilbao.eus\/wp-content\/uploads\/2023\/09\/Map_pin_icon.svg_-872x1187.png\" alt=\"\" width=\"28\" height=\"38\" srcset=\"https:\/\/bilbaogazte.bilbao.eus\/wp-content\/uploads\/2023\/09\/Map_pin_icon.svg_-872x1187.png 872w, https:\/\/bilbaogazte.bilbao.eus\/wp-content\/uploads\/2023\/09\/Map_pin_icon.svg_-768x1046.png 768w, https:\/\/bilbaogazte.bilbao.eus\/wp-content\/uploads\/2023\/09\/Map_pin_icon.svg_-1128x1536.png 1128w, https:\/\/bilbaogazte.bilbao.eus\/wp-content\/uploads\/2023\/09\/Map_pin_icon.svg_.png 1200w\" sizes=\"(max-width: 28px) 100vw, 28px\" \/> La Perrera \u2013 Sabino Arana 50 (Basurtu)<\/p>\n<div class=\"page\" title=\"Page 1\">\n<div class=\"section\">\n<div class=\"layoutArea\">\n<div class=\"column\">\n<p><strong><img loading=\"lazy\" decoding=\"async\" class=\"alignnone wp-image-54433\" src=\"http:\/\/bilbaogazte.bilbao.eus\/wp-content\/uploads\/2023\/09\/283327.png\" alt=\"\" width=\"26\" height=\"26\" srcset=\"https:\/\/bilbaogazte.bilbao.eus\/wp-content\/uploads\/2023\/09\/283327.png 512w, https:\/\/bilbaogazte.bilbao.eus\/wp-content\/uploads\/2023\/09\/283327-448x448.png 448w\" sizes=\"(max-width: 26px) 100vw, 26px\" \/> HORARIO<\/strong><\/p>\n<div class=\"page\" title=\"Page 1\">\n<div class=\"section\">\n<div class=\"layoutArea\">\n<div class=\"column\">\n<p><strong>SEPTIEMBRE &#8211; JUNIO<\/strong><\/p>\n<p>Lunes &#8211; Viernes 10:00 &#8211; 14:00<\/p>\n<p>16:00 &#8211; 20:00<\/p>\n<div class=\"page\" title=\"Page 1\">\n<div class=\"section\">\n<div class=\"layoutArea\">\n<div class=\"column\">\n<p>S\u00e1bado\u00a0 \u00a0 \u00a0 \u00a0 \u00a0 \u00a0 \u00a0 \u00a0 \u00a0 10:00 &#8211; 14:00<\/p>\n<p><strong>JULIO<\/strong><\/p>\n<\/div>\n<div class=\"column\">\n<p>Lunes &#8211; S\u00e1bado 10:00 &#8211; 14:00<\/p>\n<div class=\"page\" title=\"Page 1\">\n<div class=\"section\">\n<div class=\"layoutArea\">\n<div class=\"column\">\n<p><strong>AGOSTO<\/strong> &#8211; CERRADO<\/p>\n<\/div>\n<\/div>\n<\/div>\n<\/div>\n<p>&nbsp;<\/p>\n<\/div>\n<\/div>\n<\/div>\n<\/div>\n<\/div>\n<\/div>\n<\/div>\n<\/div>\n<\/div>\n<\/div>\n<\/div>\n<\/div>\n<\/div>\n<\/div>\n<\/div>\n<\/div>\n<\/div>\n<\/div>\n<\/div>\n<\/div>\n<\/div>\n<\/div>\n<\/div>\n<\/div>\n<p>[\/vc_column_text][\/vc_column][\/vc_row]<\/p>\n","protected":false},"excerpt":{"rendered":"<p class=\"entry-summary\">GAZ BILBAO es un servicio gratuito dirigido a j\u00f3venes de 16 a 34 a\u00f1os para&hellip;<\/p>\n<div class=\"link-more\"><a href=\"https:\/\/bilbaogazte.bilbao.eus\/es\/konekta-emancipacion\/\" class=\"more-link\">Continue reading<span class=\"screen-reader-text\"> &ldquo;Servicio de apoyo a la emancipaci\u00f3n&rdquo;<\/span>&hellip;<\/a><\/div>","protected":false},"author":79,"featured_media":0,"parent":0,"menu_order":0,"comment_status":"closed","ping_status":"closed","template":"","meta":{"_monsterinsights_skip_tracking":false,"_monsterinsights_sitenote_active":false,"_monsterinsights_sitenote_note":"","_monsterinsights_sitenote_category":0,"footnotes":""},"_links":{"self":[{"href":"https:\/\/bilbaogazte.bilbao.eus\/es\/wp-json\/wp\/v2\/pages\/51076"}],"collection":[{"href":"https:\/\/bilbaogazte.bilbao.eus\/es\/wp-json\/wp\/v2\/pages"}],"about":[{"href":"https:\/\/bilbaogazte.bilbao.eus\/es\/wp-json\/wp\/v2\/types\/page"}],"author":[{"embeddable":true,"href":"https:\/\/bilbaogazte.bilbao.eus\/es\/wp-json\/wp\/v2\/users\/79"}],"replies":[{"embeddable":true,"href":"https:\/\/bilbaogazte.bilbao.eus\/es\/wp-json\/wp\/v2\/comments?post=51076"}],"version-history":[{"count":34,"href":"https:\/\/bilbaogazte.bilbao.eus\/es\/wp-json\/wp\/v2\/pages\/51076\/revisions"}],"predecessor-version":[{"id":67082,"href":"https:\/\/bilbaogazte.bilbao.eus\/es\/wp-json\/wp\/v2\/pages\/51076\/revisions\/67082"}],"wp:attachment":[{"href":"https:\/\/bilbaogazte.bilbao.eus\/es\/wp-json\/wp\/v2\/media?parent=51076"}],"curies":[{"name":"wp","href":"https:\/\/api.w.org\/{rel}","templated":true}]}}