{"id":51085,"date":"2022-12-15T12:05:46","date_gmt":"2022-12-15T10:05:46","guid":{"rendered":"https:\/\/bilbaogazte.bilbao.eus\/es\/?page_id=51085"},"modified":"2026-02-12T08:42:07","modified_gmt":"2026-02-12T06:42:07","slug":"konektaideiak","status":"publish","type":"page","link":"https:\/\/bilbaogazte.bilbao.eus\/es\/konektaideiak\/","title":{"rendered":"Konekta Ideiak"},"content":{"rendered":"<p>[vc_row][vc_column][vc_column_text]<\/p>\n<h2><span style=\"color: #ffffff;\"><strong>\u00bfQu\u00e9 es Konekta Ideiak?<\/strong><\/span><\/h2>\n<p>&nbsp;<\/p>\n<p><strong>Konekta Ideiak<\/strong> es una iniciativa del \u00c1rea de Juventud y Deporte que act\u00faa en clave de laboratorio de innovaci\u00f3n ciudadana y emprendimiento social en\u00a0torno a los\u00a0objetivos de la\u00a0Agenda 2030\u00a0 y\u00a0dirigida\u00a0a j\u00f3venes de 18 a 35 a\u00f1os de Bilbao.<\/p>\n<p>A lo largo del a\u00f1o se realizan diferentes convocatorias, que se\u00a0desarrollan en dos fases:<\/p>\n<p>\u2013 Una primera para\u00a0informar, inspirar y experimentar\u00a0a trav\u00e9s de\u00a0labs, talleres y eventos.<\/p>\n<p>\u2013 Una segunda fase\u00a0con una convocatoria abierta de proyectos en la que se seleccionan dos iniciativas a las que se les ofrece apoyo t\u00e9cnico y log\u00edstico para su desarrollo.<\/p>\n<h2><strong>CONVOCATORIAS<\/strong><\/h2>\n<p>[\/vc_column_text][\/vc_column][\/vc_row][vc_row][vc_column width=\u00bb1\/2&#8243;][vc_single_image image=\u00bb61639&#8243; onclick=\u00bbcustom_link\u00bb link=\u00bbhttps:\/\/bilbaogazte.bilbao.eus\/es\/greenglam\/\u00bb][\/vc_column][vc_column width=\u00bb1\/2&#8243;][vc_single_image image=\u00bb61644&#8243; onclick=\u00bbcustom_link\u00bb link=\u00bbhttps:\/\/bilbaogazte.bilbao.eus\/es\/greenkaleak\/\u00bb][\/vc_column][\/vc_row][vc_row][vc_column width=\u00bb1\/2&#8243;][vc_single_image image=\u00bb63908&#8243; onclick=\u00bbcustom_link\u00bb link=\u00bbhttps:\/\/bilbaogazte.bilbao.eus\/es\/konekta-ideiak-iccsia\/\u00bb][\/vc_column][vc_column width=\u00bb1\/2&#8243;][vc_single_image image=\u00bb66026&#8243; onclick=\u00bbcustom_link\u00bb link=\u00bbhttps:\/\/bilbaogazte.bilbao.eus\/es\/greensormena\/\u00bb][\/vc_column][\/vc_row][vc_row][vc_column width=\u00bb1\/2&#8243;][\/vc_column][vc_column width=\u00bb1\/2&#8243;][\/vc_column][\/vc_row][vc_row disable_element=\u00bbyes\u00bb][vc_column][vc_column_text]<img loading=\"lazy\" decoding=\"async\" class=\"alignnone size-full wp-image-51088\" src=\"http:\/\/bilbaogazte.bilbao.eus\/wp-content\/uploads\/2022\/12\/Captura-de-pantalla-2022-12-14-a-las-14.20.23.png\" alt=\"\" width=\"339\" height=\"345\" \/>[\/vc_column_text][\/vc_column][\/vc_row]<\/p>\n","protected":false},"excerpt":{"rendered":"<p class=\"entry-summary\"> \u00bfQu\u00e9 es Konekta Ideiak? &nbsp; Konekta Ideiak es una iniciativa del \u00c1rea de Juventud y Deporte que&hellip;<\/p>\n<div class=\"link-more\"><a href=\"https:\/\/bilbaogazte.bilbao.eus\/es\/konektaideiak\/\" class=\"more-link\">Continue reading<span class=\"screen-reader-text\"> &ldquo;Konekta Ideiak&rdquo;<\/span>&hellip;<\/a><\/div>","protected":false},"author":79,"featured_media":0,"parent":0,"menu_order":0,"comment_status":"closed","ping_status":"closed","template":"","meta":{"_monsterinsights_skip_tracking":false,"_monsterinsights_sitenote_active":false,"_monsterinsights_sitenote_note":"","_monsterinsights_sitenote_category":0,"footnotes":""},"_links":{"self":[{"href":"https:\/\/bilbaogazte.bilbao.eus\/es\/wp-json\/wp\/v2\/pages\/51085"}],"collection":[{"href":"https:\/\/bilbaogazte.bilbao.eus\/es\/wp-json\/wp\/v2\/pages"}],"about":[{"href":"https:\/\/bilbaogazte.bilbao.eus\/es\/wp-json\/wp\/v2\/types\/page"}],"author":[{"embeddable":true,"href":"https:\/\/bilbaogazte.bilbao.eus\/es\/wp-json\/wp\/v2\/users\/79"}],"replies":[{"embeddable":true,"href":"https:\/\/bilbaogazte.bilbao.eus\/es\/wp-json\/wp\/v2\/comments?post=51085"}],"version-history":[{"count":41,"href":"https:\/\/bilbaogazte.bilbao.eus\/es\/wp-json\/wp\/v2\/pages\/51085\/revisions"}],"predecessor-version":[{"id":66073,"href":"https:\/\/bilbaogazte.bilbao.eus\/es\/wp-json\/wp\/v2\/pages\/51085\/revisions\/66073"}],"wp:attachment":[{"href":"https:\/\/bilbaogazte.bilbao.eus\/es\/wp-json\/wp\/v2\/media?parent=51085"}],"curies":[{"name":"wp","href":"https:\/\/api.w.org\/{rel}","templated":true}]}}