{"id":51095,"date":"2022-12-15T12:12:12","date_gmt":"2022-12-15T10:12:12","guid":{"rendered":"https:\/\/bilbaogazte.bilbao.eus\/es\/?page_id=51095"},"modified":"2023-12-21T12:10:32","modified_gmt":"2023-12-21T10:10:32","slug":"konekta-participacion","status":"publish","type":"page","link":"https:\/\/bilbaogazte.bilbao.eus\/es\/konekta-participacion\/","title":{"rendered":"Fomento de la participaci\u00f3n juvenil"},"content":{"rendered":"<p>[vc_row][vc_column][vc_single_image image=\u00bb55541&#8243; img_size=\u00bbfull\u00bb][vc_column_text]<b>Programa dirigido a promover la participaci\u00f3n de la juventud como agentes de cambio social en la definici\u00f3n de una pol\u00edtica local de juventud con potencial transformador y capacidad para abordar los retos complejos que plantea la vida en la ciudad.<\/b><\/p>\n<p><span style=\"font-weight: 400;\">Este programa se desarrolla con un triple enfoque:<\/span><\/p>\n<ul>\n<li aria-level=\"1\"><b>Konekta Gela: <\/b><span style=\"font-weight: 400;\">planteada como una escuela de participaci\u00f3n ciudadana<\/span><\/li>\n<\/ul>\n<ul>\n<li aria-level=\"1\"><b>Konekta gune: <\/b><span style=\"font-weight: 400;\">costrucci\u00f3n de espacios de participaci\u00f3n<\/span><\/li>\n<\/ul>\n<ul>\n<li style=\"font-weight: 400;\" aria-level=\"1\"><span style=\"font-weight: 400;\">Servicio de apoyo y asesoramiento a las asociaciones y grupos juveniles.<\/span><\/li>\n<\/ul>\n<p><span style=\"font-weight: 400;\">Dirigido a j\u00f3venes de 16 a 30 a\u00f1os.<\/span><\/p>\n<p><b>&#x1f550; Pr\u00f3xima apertura.<\/b><\/p>\n<p><img loading=\"lazy\" decoding=\"async\" class=\"alignnone size-medium wp-image-51195\" src=\"http:\/\/bilbaogazte.bilbao.eus\/wp-content\/uploads\/2022\/12\/Participacion-1-872x490.jpeg\" alt=\"\" width=\"872\" height=\"490\" srcset=\"https:\/\/bilbaogazte.bilbao.eus\/wp-content\/uploads\/2022\/12\/Participacion-1-872x490.jpeg 872w, https:\/\/bilbaogazte.bilbao.eus\/wp-content\/uploads\/2022\/12\/Participacion-1-1408x792.jpeg 1408w, https:\/\/bilbaogazte.bilbao.eus\/wp-content\/uploads\/2022\/12\/Participacion-1-480x270.jpeg 480w, https:\/\/bilbaogazte.bilbao.eus\/wp-content\/uploads\/2022\/12\/Participacion-1-768x432.jpeg 768w, https:\/\/bilbaogazte.bilbao.eus\/wp-content\/uploads\/2022\/12\/Participacion-1-1536x864.jpeg 1536w, https:\/\/bilbaogazte.bilbao.eus\/wp-content\/uploads\/2022\/12\/Participacion-1-2048x1152.jpeg 2048w\" sizes=\"(max-width: 872px) 100vw, 872px\" \/>[\/vc_column_text][\/vc_column][\/vc_row]<\/p>\n","protected":false},"excerpt":{"rendered":"<p class=\"entry-summary\">Programa dirigido a promover la participaci\u00f3n de la juventud como agentes de cambio social en la&hellip;<\/p>\n<div class=\"link-more\"><a href=\"https:\/\/bilbaogazte.bilbao.eus\/es\/konekta-participacion\/\" class=\"more-link\">Continue reading<span class=\"screen-reader-text\"> &ldquo;Fomento de la participaci\u00f3n juvenil&rdquo;<\/span>&hellip;<\/a><\/div>","protected":false},"author":79,"featured_media":0,"parent":0,"menu_order":0,"comment_status":"closed","ping_status":"closed","template":"","meta":{"_monsterinsights_skip_tracking":false,"_monsterinsights_sitenote_active":false,"_monsterinsights_sitenote_note":"","_monsterinsights_sitenote_category":0,"footnotes":""},"_links":{"self":[{"href":"https:\/\/bilbaogazte.bilbao.eus\/es\/wp-json\/wp\/v2\/pages\/51095"}],"collection":[{"href":"https:\/\/bilbaogazte.bilbao.eus\/es\/wp-json\/wp\/v2\/pages"}],"about":[{"href":"https:\/\/bilbaogazte.bilbao.eus\/es\/wp-json\/wp\/v2\/types\/page"}],"author":[{"embeddable":true,"href":"https:\/\/bilbaogazte.bilbao.eus\/es\/wp-json\/wp\/v2\/users\/79"}],"replies":[{"embeddable":true,"href":"https:\/\/bilbaogazte.bilbao.eus\/es\/wp-json\/wp\/v2\/comments?post=51095"}],"version-history":[{"count":4,"href":"https:\/\/bilbaogazte.bilbao.eus\/es\/wp-json\/wp\/v2\/pages\/51095\/revisions"}],"predecessor-version":[{"id":55554,"href":"https:\/\/bilbaogazte.bilbao.eus\/es\/wp-json\/wp\/v2\/pages\/51095\/revisions\/55554"}],"wp:attachment":[{"href":"https:\/\/bilbaogazte.bilbao.eus\/es\/wp-json\/wp\/v2\/media?parent=51095"}],"curies":[{"name":"wp","href":"https:\/\/api.w.org\/{rel}","templated":true}]}}