{"id":51104,"date":"2022-12-15T12:21:03","date_gmt":"2022-12-15T10:21:03","guid":{"rendered":"https:\/\/bilbaogazte.bilbao.eus\/es\/?page_id=51104"},"modified":"2026-04-08T10:55:04","modified_gmt":"2026-04-08T08:55:04","slug":"konekta-salaestudio","status":"publish","type":"page","link":"https:\/\/bilbaogazte.bilbao.eus\/es\/konekta-salaestudio\/","title":{"rendered":"Sala de estudios"},"content":{"rendered":"<p>[vc_row][vc_column][vc_single_image image=\u00bb55541&#8243; img_size=\u00bbfull\u00bb][vc_column_text]<span style=\"font-weight: 400;\">La sala de estudios dispone de 40 plazas.<\/span><\/p>\n<p><span style=\"font-weight: 400;\"><img loading=\"lazy\" decoding=\"async\" class=\"alignnone size-full wp-image-51105\" src=\"http:\/\/bilbaogazte.bilbao.eus\/wp-content\/uploads\/2022\/12\/Captura-de-pantalla-2022-12-14-a-las-14.27.34.png\" alt=\"\" width=\"488\" height=\"302\" \/><\/span><\/p>\n<p>[\/vc_column_text][\/vc_column][\/vc_row][vc_row][vc_column][vc_column_text]<\/p>\n<p class=\"v1MsoListParagraph\">&#x1f550;Horario ordinario de apertura:<\/p>\n<p class=\"v1MsoListParagraph\">-Lunes a s\u00e1bado 9:00-20:30<\/p>\n<p class=\"v1MsoNormal\">Puedes consultar\u00a0<a href=\"https:\/\/bilbaogazte.bilbao.eus\/es\/espacios\/salas-de-estudio\/\" target=\"_blank\" rel=\"noopener noreferrer\">aqu\u00ed<\/a>\u00a0los horarios y plazas de todas las salas de estudio municipales, as\u00ed como los d\u00edas de cierre y horarios especiales de cada una.<\/p>\n<p class=\"v1MsoNormal\">En ese enlace se publicar\u00e1 tambi\u00e9n, en su momento, la informaci\u00f3n sobre la apertura en fines de semana durante el per\u00edodo de ex\u00e1menes.<\/p>\n<p>[\/vc_column_text][\/vc_column][\/vc_row][vc_row][vc_column][vc_single_image image=\u00bb67083&#8243; img_size=\u00bbfull\u00bb][\/vc_column][\/vc_row]<\/p>\n","protected":false},"excerpt":{"rendered":"<p class=\"entry-summary\">La sala de estudios dispone de 40 plazas.  &#x1f550;Horario ordinario de apertura: -Lunes a s\u00e1bado&hellip;<\/p>\n<div class=\"link-more\"><a href=\"https:\/\/bilbaogazte.bilbao.eus\/es\/konekta-salaestudio\/\" class=\"more-link\">Continue reading<span class=\"screen-reader-text\"> &ldquo;Sala de estudios&rdquo;<\/span>&hellip;<\/a><\/div>","protected":false},"author":79,"featured_media":0,"parent":0,"menu_order":0,"comment_status":"closed","ping_status":"closed","template":"","meta":{"_monsterinsights_skip_tracking":false,"_monsterinsights_sitenote_active":false,"_monsterinsights_sitenote_note":"","_monsterinsights_sitenote_category":0,"footnotes":""},"_links":{"self":[{"href":"https:\/\/bilbaogazte.bilbao.eus\/es\/wp-json\/wp\/v2\/pages\/51104"}],"collection":[{"href":"https:\/\/bilbaogazte.bilbao.eus\/es\/wp-json\/wp\/v2\/pages"}],"about":[{"href":"https:\/\/bilbaogazte.bilbao.eus\/es\/wp-json\/wp\/v2\/types\/page"}],"author":[{"embeddable":true,"href":"https:\/\/bilbaogazte.bilbao.eus\/es\/wp-json\/wp\/v2\/users\/79"}],"replies":[{"embeddable":true,"href":"https:\/\/bilbaogazte.bilbao.eus\/es\/wp-json\/wp\/v2\/comments?post=51104"}],"version-history":[{"count":32,"href":"https:\/\/bilbaogazte.bilbao.eus\/es\/wp-json\/wp\/v2\/pages\/51104\/revisions"}],"predecessor-version":[{"id":67086,"href":"https:\/\/bilbaogazte.bilbao.eus\/es\/wp-json\/wp\/v2\/pages\/51104\/revisions\/67086"}],"wp:attachment":[{"href":"https:\/\/bilbaogazte.bilbao.eus\/es\/wp-json\/wp\/v2\/media?parent=51104"}],"curies":[{"name":"wp","href":"https:\/\/api.w.org\/{rel}","templated":true}]}}