{"id":51538,"date":"2023-01-19T10:53:27","date_gmt":"2023-01-19T08:53:27","guid":{"rendered":"https:\/\/bilbaogazte.bilbao.eus\/es\/?page_id=51538"},"modified":"2025-01-08T12:35:16","modified_gmt":"2025-01-08T10:35:16","slug":"panel-joven24","status":"publish","type":"page","link":"https:\/\/bilbaogazte.bilbao.eus\/es\/panel-joven24\/","title":{"rendered":"PANEL JOVEN"},"content":{"rendered":"<p>[vc_row][vc_column width=\u00bb2\/3&#8243;][vc_single_image image=\u00bb59328&#8243; img_size=\u00bbfull\u00bb][vc_column_text]<\/p>\n<p class=\"p1\">El \u00c1rea de Juventud y Deporte del Ayuntamiento de Bilbao ha puesto en marcha\u00a0<strong>Bilboko Gazte Panela 2024<\/strong>\u00a0con el objetivo acercar las pol\u00edticas municipales a la juventud bilba\u00edna y posibilitar su participaci\u00f3n en el dise\u00f1o de proyectos municipales.<\/p>\n<p>En esta segunda edici\u00f3n, participan 23 j\u00f3venes residentes en Bilbao de entre 18 y 30 a\u00f1os, seleccionados y seleccionadas entre las personas interesadas. Los y las panelistas est\u00e1n trabajando en los proyectos elegidos por ellos y ellas, vinculados a los siguientes \u00e1mbitos: sostenibilidad social, sostenibilidad medioambiental, programaci\u00f3n juvenil y comunicaci\u00f3n municipal.[\/vc_column_text][vc_btn title=\u00bbPara consultar la memoria del Gazte Panela 2023, pincha aqu\u00ed \u00bb color=\u00bbpink\u00bb align=\u00bbcenter\u00bb link=\u00bburl:http%3A%2F%2Fbilbaogazte.bilbao.eus%2Fwp-content%2Fuploads%2F2024%2F01%2FMemoria_PJ23_con_anexos.pdf|||\u00bb][vc_column_text]<\/p>\n<h4 class=\"western\"><span style=\"font-size: x-large;\">\u00bfQU\u00c9 ES GAZTE PANELA?<\/span><\/h4>\n<p>[\/vc_column_text][vc_column_text]<\/p>\n<p align=\"JUSTIFY\">Se trata de un proceso participativo que ha abierto un nuevo espacio de relaci\u00f3n entre el Ayuntamiento y personas j\u00f3venes de Bilbao, con el fin de promover la participaci\u00f3n de las mismas en el dise\u00f1o de la Agenda Local de juventud, adem\u00e1s de estar dise\u00f1ado tambi\u00e9n para dar a conocer el funcionamiento y la acci\u00f3n municipal, as\u00ed como para identificar intereses e inquietudes de los y las j\u00f3venes de Bilbao.<\/p>\n<p align=\"JUSTIFY\">El objetivo es acercar las pol\u00edticas municipales a la juventud bilba\u00edna y posibilitar su participaci\u00f3n en el dise\u00f1o de proyectos municipales.<\/p>\n<p align=\"JUSTIFY\">Los y las panelistas, trabajan en los proyectos que ellos y ellas han elegido, vinculados a los siguientes \u00e1mbitos:<\/p>\n<ol>\n<li>\n<p align=\"JUSTIFY\"><b>Sostenibilidad social<\/b>: equidad, igualdad de g\u00e9nero, diversidad, voluntariado, etc.<\/p>\n<\/li>\n<li>\n<p align=\"JUSTIFY\"><b>Sostenibilidad medioambiental<\/b>: ecolog\u00eda, econom\u00eda circular, etc.<\/p>\n<\/li>\n<li>\n<p align=\"JUSTIFY\"><b>Programaci\u00f3n juvenil<\/b>: m\u00fasica, cultura, deporte, ocio etc.<\/p>\n<\/li>\n<li>\n<p align=\"JUSTIFY\"><b>Comunicaci\u00f3n municipal:<\/b> mejorar la interacci\u00f3n entre las y los j\u00f3venes y el Ayuntamiento de Bilbao<\/p>\n<\/li>\n<\/ol>\n<p align=\"JUSTIFY\">El panel funciona por sesiones de grupo y proyectos. Las sesiones de grupo se desarrollan con car\u00e1cter presencial durante 5 s\u00e1bados de 10:00 a 13:00 horas en el edificio La Perrera (Sabino Arana, 50). Para el trabajo por proyectos, las y los integrantes del panel se agrupan en 4 grupos en funci\u00f3n de los intereses y temas seleccionados en la preinscripci\u00f3n, y cada equipo ha propuesto un proyecto que est\u00e1 desarrollando a lo largo del a\u00f1o con el objetivo que sea incorporado en la programaci\u00f3n municipal.<\/p>\n<p>[\/vc_column_text][vc_column_text]<\/p>\n<h4 class=\"western\"><span style=\"font-size: x-large;\">\u00a1CONOCE L<\/span><span style=\"font-size: x-large;\">OS PROYECTOS!<\/span><\/h4>\n<p>[\/vc_column_text][vc_column_text]<\/p>\n<p class=\"p1\">Para el trabajo por proyectos, las y los integrantes del panel se han agrupado en 4 equipos en funci\u00f3n de sus intereses y de cuatro \u00e1mbitos propuestos, y cada uno de ellos ha elaborado un proyecto como prueba piloto. En el mes de septiembre dar\u00e1 comienzo la ejecuci\u00f3n de los mismos, con el objetivo de que sean incorporados en la programaci\u00f3n municipal de 2025. Para conocer con m\u00e1s detalle los proyectos que est\u00e1n desarrollando con sus correspondientes pruebas piloto, puedes ampliar la informaci\u00f3n en los siguientes apartados:<\/p>\n<p>[\/vc_column_text][vc_row_inner][vc_column_inner width=\u00bb1\/3&#8243;][vc_btn title=\u00bbSOSTENIBILIDAD SOCIAL\u00bb color=\u00bbdanger\u00bb link=\u00bburl:https%3A%2F%2Fbilbaogazte.bilbao.eus%2Fes%2Fsostenibilidad-social%2F|||\u00bb][\/vc_column_inner][vc_column_inner width=\u00bb1\/3&#8243;][vc_btn title=\u00bbSOSTENIBILIDAD MEDIOAMBIENTAL\u00bb color=\u00bbdanger\u00bb link=\u00bburl:https%3A%2F%2Fbilbaogazte.bilbao.eus%2Fes%2Fsostenibilidad-medioambiental%2F|||\u00bb][\/vc_column_inner][vc_column_inner width=\u00bb1\/3&#8243;][vc_btn title=\u00bbPROGRAMACI\u00d3N JUVENIL\u00bb color=\u00bbdanger\u00bb link=\u00bburl:https%3A%2F%2Fbilbaogazte.bilbao.eus%2Fes%2Fprogramacion-juvenil%2F|||\u00bb][\/vc_column_inner][\/vc_row_inner][vc_column_text]<\/p>\n<h4 class=\"western\"><span style=\"font-size: x-large;\">\u00a1PARTICIPA!<\/span><\/h4>\n<p>[\/vc_column_text][vc_accordion active_tab=\u00bb0&#8243;][vc_accordion_tab title=\u00bb\u00bfCu\u00e1les son los requisitos para participar?\u00bb][vc_column_text]<\/p>\n<ul>\n<li><span style=\"font-family: Calibri, serif;\">Tener entre 18 y 30 a\u00f1os<\/span><\/li>\n<li><span style=\"font-family: Calibri, serif;\">Vivir en Bilbao<\/span><\/li>\n<li><span style=\"font-family: Calibri, serif;\">Tener inter\u00e9s y motivaci\u00f3n <\/span><\/li>\n<\/ul>\n<p>[\/vc_column_text][\/vc_accordion_tab][vc_accordion_tab title=\u00bb\u00bfC\u00f3mo me apunto?\u00bb][vc_column_text]Para apuntarte en la pr\u00f3xima edici\u00f3n, la convocatoria se abre aproximadamente a principios de a\u00f1o.[\/vc_column_text][\/vc_accordion_tab][vc_accordion_tab title=\u00bb\u00bfCu\u00e1ndo y d\u00f3nde tendr\u00e1 lugar el Panel Joven?\u00bb][vc_column_text]El panel funcionar\u00e1 por sesiones de grupo y proyectos:<\/p>\n<p><b>Sesiones de grupo<\/b><\/p>\n<ul>\n<li>El Panel Joven se reunir\u00e1 5 veces a lo largo de este a\u00f1o de forma presencial en La Perrera (Sabino Arana, 50) de 10:00 a 13:00.<\/li>\n<li>El calendario de las sesiones de grupo de 2024 ha sido el siguiente:\n<ul>\n<li>S\u00e1bado, 24 febrero<\/li>\n<li>S\u00e1bado, 16 marzo<\/li>\n<li>S\u00e1bado, 8 junio<\/li>\n<li>S\u00e1bado, 5 octubre<\/li>\n<li>S\u00e1bado, 16 noviembre<\/li>\n<\/ul>\n<\/li>\n<\/ul>\n<p><b>Proyectos<\/b><\/p>\n<p>Cada equipo ha propuesto un proyecto y est\u00e1n trabajando seg\u00fan cronograma y metodolog\u00eda definido por el equipo de trabajo.[\/vc_column_text][\/vc_accordion_tab][vc_accordion_tab title=\u00bb\u00bfQu\u00e9 tipo de compensaci\u00f3n recibir\u00e9?\u00bb][vc_column_text]Las personas integrantes del Gazte Panela recibir\u00e1n una compensaci\u00f3n econ\u00f3mica y un certificado de participaci\u00f3n:<\/p>\n<ul>\n<li>50\u20ac por la participaci\u00f3n en cada una de las sesiones de grupo.<\/li>\n<li>Cada equipo dispondr\u00e1 de 250\u20ac por participante que el equipo acordar\u00e1 los criterios de distribuci\u00f3n de este importe.<\/li>\n<li>Cada equipo dispondr\u00e1 de una bolsa econ\u00f3mica por un importe m\u00e1ximo de 2.000\u20ac, que utilizar\u00e1 de forma justificada para el desarrollo del proyecto.<\/li>\n<li>La compensaci\u00f3n econ\u00f3mica se recibir\u00e1 una vez finalizada la \u00faltima sesi\u00f3n.<br \/>\n*Se aplicar\u00e1 la retenci\u00f3n correspondiente.<\/li>\n<\/ul>\n<p>[\/vc_column_text][\/vc_accordion_tab][vc_accordion_tab title=\u00bb\u00bfPor qu\u00e9 participar en el Panel Joven?\u00bb][vc_column_text]Tendr\u00e1s la oportunidad de:<\/p>\n<ul>\n<li>Dar voz a las necesidades y dificultades de la juventud y recibir respuesta por parte del Ayuntamiento de Bilbao.<\/li>\n<li>Informarte y formarte sobre las labores y programas municipales.<\/li>\n<li>Desarrollar un proyecto que ser\u00e1 contrastado con el departamento municipal competente para analizar su idoneidad y viabilidad.<\/li>\n<li>Conocer a personas j\u00f3venes con intereses comunes.<\/li>\n<li>Desarrollar competencias como el trabajo en equipo, gesti\u00f3n del tiempo y habilidades comunicativas<\/li>\n<\/ul>\n<p>[\/vc_column_text][\/vc_accordion_tab][vc_accordion_tab title=\u00bb\u00bfQu\u00e9 me va a suponer participar en el Panel Joven?\u00bb][vc_column_text]<\/p>\n<ul>\n<li style=\"list-style-type: none;\">\n<ul class=\"ul1\">\n<li>Preparaci\u00f3n de las sesiones de grupo<\/li>\n<li>Desarrollo de proyecto con tu equipo de trabajo.<\/li>\n<li>Colaborar con los y las compa\u00f1eras.<\/li>\n<li>Comunicaci\u00f3n y participaci\u00f3n efectiva.<\/li>\n<li>Difundir las actividades del Gazte Panela 2024 a trav\u00e9s de tu entorno.<\/li>\n<\/ul>\n<\/li>\n<\/ul>\n<p>[\/vc_column_text][\/vc_accordion_tab][vc_accordion_tab title=\u00bb\u00bfQu\u00e9 ocurrir\u00eda si no puedo asistir a una sesi\u00f3n?\u00bb][vc_column_text]Cualquier persona podr\u00e1 abandonar el Gazte Panela voluntariamente o a petici\u00f3n del \u00c1rea de Juventud y Deporte cuando su participaci\u00f3n en el mismo no demuestre un cumplimiento responsable, adecuado y suficiente de los objetivos Gazte Panela. En caso de cese o abandono injustificado, esta persona no tendr\u00e1 derecho a recibir compensaci\u00f3n econ\u00f3mica alguna.[\/vc_column_text][\/vc_accordion_tab][vc_accordion_tab title=\u00bb\u00bfC\u00f3mo saber si he sido elegido\/a?\u00bb][vc_column_text]La selecci\u00f3n ser\u00e1 llevada a cabo por el \u00c1rea de Juventud y Deporte para buscar la mayor diversidad conforme a los siguientes criterios: sexo, edad, origen cultural, distrito de residencia, nivel de estudios, actividad laboral, motivaci\u00f3n, \u00e1mbito de inter\u00e9s etc. Todas las personas inscritas, ser\u00e1n contactadas por el \u00e1rea de Juventud y Deporte para informarles sobre el proceso de selecci\u00f3n.[\/vc_column_text][\/vc_accordion_tab][vc_accordion_tab title=\u00bb\u00bfQu\u00e9 ocurrir\u00e1 cuando finalice el Panel Joven?\u00bb][vc_column_text]Tras la \u00faltima sesi\u00f3n de grupo, el personal del \u00c1rea de Juventud y Deporte mantendr\u00e1 el contacto con todos y todas las panelistas para informarles sobre otros proyectos, acciones y actividades relacionadas con el Panel Joven o que pudieran ser de su inter\u00e9s.[\/vc_column_text][\/vc_accordion_tab][\/vc_accordion][vc_images_carousel images=\u00bb58332,58323,58320,58317,58314&#8243; img_size=\u00bbfull\u00bb][\/vc_column][vc_column width=\u00bb1\/3&#8243;][vc_empty_space][vc_single_image image=\u00bb51571&#8243; img_size=\u00bbfull\u00bb][vc_column_text]<\/p>\n<p data-pm-slice=\"1 1 []\"><strong>C\u00f3mo me apunto?<\/strong> Entrando en la p\u00e1gina web Bilbao Gazte y rellenando el siguiente <a href=\"https:\/\/www.bilbao.eus\/aytoonline\/jsp\/juventud\/juv_paso01.jsp?idioma=c&amp;idPrograma=gazte_panela_2024\">formulario<\/a><\/p>\n<p>Contacto:<\/p>\n<ul>\n<li><a href=\"mailto:gazteria@bilbao.eus\">gazteria@bilbao.eus<\/a><\/li>\n<li>944 20 30 98 (L-V de 9 a 14 y mi\u00e9rcoles hasta las 17:00)<\/li>\n<\/ul>\n<p>[\/vc_column_text][\/vc_column][\/vc_row]<\/p>\n","protected":false},"excerpt":{"rendered":"<p class=\"entry-summary\"> El \u00c1rea de Juventud y Deporte del Ayuntamiento de Bilbao ha puesto en marcha\u00a0Bilboko&hellip;<\/p>\n<div class=\"link-more\"><a href=\"https:\/\/bilbaogazte.bilbao.eus\/es\/panel-joven24\/\" class=\"more-link\">Continue reading<span class=\"screen-reader-text\"> &ldquo;PANEL JOVEN&rdquo;<\/span>&hellip;<\/a><\/div>","protected":false},"author":79,"featured_media":0,"parent":0,"menu_order":0,"comment_status":"closed","ping_status":"closed","template":"","meta":{"_monsterinsights_skip_tracking":false,"_monsterinsights_sitenote_active":false,"_monsterinsights_sitenote_note":"","_monsterinsights_sitenote_category":0,"footnotes":""},"_links":{"self":[{"href":"https:\/\/bilbaogazte.bilbao.eus\/es\/wp-json\/wp\/v2\/pages\/51538"}],"collection":[{"href":"https:\/\/bilbaogazte.bilbao.eus\/es\/wp-json\/wp\/v2\/pages"}],"about":[{"href":"https:\/\/bilbaogazte.bilbao.eus\/es\/wp-json\/wp\/v2\/types\/page"}],"author":[{"embeddable":true,"href":"https:\/\/bilbaogazte.bilbao.eus\/es\/wp-json\/wp\/v2\/users\/79"}],"replies":[{"embeddable":true,"href":"https:\/\/bilbaogazte.bilbao.eus\/es\/wp-json\/wp\/v2\/comments?post=51538"}],"version-history":[{"count":15,"href":"https:\/\/bilbaogazte.bilbao.eus\/es\/wp-json\/wp\/v2\/pages\/51538\/revisions"}],"predecessor-version":[{"id":59651,"href":"https:\/\/bilbaogazte.bilbao.eus\/es\/wp-json\/wp\/v2\/pages\/51538\/revisions\/59651"}],"wp:attachment":[{"href":"https:\/\/bilbaogazte.bilbao.eus\/es\/wp-json\/wp\/v2\/media?parent=51538"}],"curies":[{"name":"wp","href":"https:\/\/api.w.org\/{rel}","templated":true}]}}