{"id":52264,"date":"2023-03-03T14:19:17","date_gmt":"2023-03-03T12:19:17","guid":{"rendered":"https:\/\/bilbaogazte.bilbao.eus\/es\/?page_id=52264"},"modified":"2025-03-07T12:28:04","modified_gmt":"2025-03-07T10:28:04","slug":"bideo-klippa","status":"publish","type":"page","link":"https:\/\/bilbaogazte.bilbao.eus\/es\/bideo-klippa\/","title":{"rendered":"#BIDEO-KLIPPA"},"content":{"rendered":"<p>[vc_row][vc_column][vc_column_text]<img loading=\"lazy\" decoding=\"async\" class=\"alignnone wp-image-61146 size-medium\" src=\"http:\/\/bilbaogazte.bilbao.eus\/wp-content\/uploads\/2025\/03\/000-872x491.jpg\" alt=\"\" width=\"872\" height=\"491\" srcset=\"https:\/\/bilbaogazte.bilbao.eus\/wp-content\/uploads\/2025\/03\/000-872x491.jpg 872w, https:\/\/bilbaogazte.bilbao.eus\/wp-content\/uploads\/2025\/03\/000-1408x792.jpg 1408w, https:\/\/bilbaogazte.bilbao.eus\/wp-content\/uploads\/2025\/03\/000-480x270.jpg 480w, https:\/\/bilbaogazte.bilbao.eus\/wp-content\/uploads\/2025\/03\/000-768x432.jpg 768w, https:\/\/bilbaogazte.bilbao.eus\/wp-content\/uploads\/2025\/03\/000-1536x864.jpg 1536w, https:\/\/bilbaogazte.bilbao.eus\/wp-content\/uploads\/2025\/03\/000.jpg 1920w\" sizes=\"(max-width: 872px) 100vw, 872px\" \/><\/p>\n<p>Ciclo que ofrece la sala polivalente gratuitamente a bandas j\u00f3venes para la <strong>presentaci\u00f3n de sus video-clips musicales<\/strong>, generando una comunidad de nuevos talentos y tendencias que normalmente lanzan sus video clips en plataformas pero que no realizan visionados p\u00fablicos en salas profesionales.<\/p>\n<p>En este ciclo, se ofrece la sala polivalente de manera gratuita a estas bandas\/artistas j\u00f3venes para la presentaci\u00f3n de sus video-clips musicales en pantalla gigante ante p\u00fablico con entrada gratuita, donde el\/la artista que presenta el v\u00eddeo charla con algunos invitados que han participado en sus v\u00eddeos (direcci\u00f3n, realizaci\u00f3n, actores\/actrices) y hace un peque\u00f1o<strong> showcase \/ actuaci\u00f3n en vivo<\/strong>.<\/p>\n<p>Para participar es necesario descargar y rellenar el formulario de inscripci\u00f3n y enviarlo as bilborock@bilbao.eus con el asunto \u201cBideo Klippa\u201d[\/vc_column_text][\/vc_column][\/vc_row][vc_row][vc_column][vc_btn title=\u00bbFORMULARIO\u00bb color=\u00bbdanger\u00bb link=\u00bburl:http%3A%2F%2Fbilbaogazte.bilbao.eus%2Fwp-content%2Fuploads%2F2024%2F04%2Fformulario_BIDEOKLIPPA_2024.pdf|||\u00bb][\/vc_column][\/vc_row]<\/p>\n","protected":false},"excerpt":{"rendered":"<p class=\"entry-summary\"> Ciclo que ofrece la sala polivalente gratuitamente a bandas j\u00f3venes para la presentaci\u00f3n de sus video-clips musicales,&hellip;<\/p>\n<div class=\"link-more\"><a href=\"https:\/\/bilbaogazte.bilbao.eus\/es\/bideo-klippa\/\" class=\"more-link\">Continue reading<span class=\"screen-reader-text\"> &ldquo;#BIDEO-KLIPPA&rdquo;<\/span>&hellip;<\/a><\/div>","protected":false},"author":79,"featured_media":0,"parent":0,"menu_order":0,"comment_status":"closed","ping_status":"closed","template":"","meta":{"_monsterinsights_skip_tracking":false,"_monsterinsights_sitenote_active":false,"_monsterinsights_sitenote_note":"","_monsterinsights_sitenote_category":0,"footnotes":""},"_links":{"self":[{"href":"https:\/\/bilbaogazte.bilbao.eus\/es\/wp-json\/wp\/v2\/pages\/52264"}],"collection":[{"href":"https:\/\/bilbaogazte.bilbao.eus\/es\/wp-json\/wp\/v2\/pages"}],"about":[{"href":"https:\/\/bilbaogazte.bilbao.eus\/es\/wp-json\/wp\/v2\/types\/page"}],"author":[{"embeddable":true,"href":"https:\/\/bilbaogazte.bilbao.eus\/es\/wp-json\/wp\/v2\/users\/79"}],"replies":[{"embeddable":true,"href":"https:\/\/bilbaogazte.bilbao.eus\/es\/wp-json\/wp\/v2\/comments?post=52264"}],"version-history":[{"count":12,"href":"https:\/\/bilbaogazte.bilbao.eus\/es\/wp-json\/wp\/v2\/pages\/52264\/revisions"}],"predecessor-version":[{"id":61194,"href":"https:\/\/bilbaogazte.bilbao.eus\/es\/wp-json\/wp\/v2\/pages\/52264\/revisions\/61194"}],"wp:attachment":[{"href":"https:\/\/bilbaogazte.bilbao.eus\/es\/wp-json\/wp\/v2\/media?parent=52264"}],"curies":[{"name":"wp","href":"https:\/\/api.w.org\/{rel}","templated":true}]}}