{"id":52332,"date":"2023-03-07T10:36:11","date_gmt":"2023-03-07T08:36:11","guid":{"rendered":"https:\/\/bilbaogazte.bilbao.eus\/es\/?page_id=52332"},"modified":"2025-05-07T11:36:54","modified_gmt":"2025-05-07T09:36:54","slug":"freskure","status":"publish","type":"page","link":"https:\/\/bilbaogazte.bilbao.eus\/es\/freskure\/","title":{"rendered":"#FRESKURE"},"content":{"rendered":"<p>[vc_row][vc_column][vc_column_text]<img loading=\"lazy\" decoding=\"async\" class=\"alignnone wp-image-61150 size-medium\" src=\"http:\/\/bilbaogazte.bilbao.eus\/wp-content\/uploads\/2025\/03\/200-872x491.jpg\" alt=\"\" width=\"872\" height=\"491\" srcset=\"https:\/\/bilbaogazte.bilbao.eus\/wp-content\/uploads\/2025\/03\/200-872x491.jpg 872w, https:\/\/bilbaogazte.bilbao.eus\/wp-content\/uploads\/2025\/03\/200-1408x792.jpg 1408w, https:\/\/bilbaogazte.bilbao.eus\/wp-content\/uploads\/2025\/03\/200-480x270.jpg 480w, https:\/\/bilbaogazte.bilbao.eus\/wp-content\/uploads\/2025\/03\/200-768x432.jpg 768w, https:\/\/bilbaogazte.bilbao.eus\/wp-content\/uploads\/2025\/03\/200-1536x864.jpg 1536w, https:\/\/bilbaogazte.bilbao.eus\/wp-content\/uploads\/2025\/03\/200.jpg 1920w\" sizes=\"(max-width: 872px) 100vw, 872px\" \/><\/p>\n<p><strong>\u00bfQui\u00e9nes pueden participar?<\/strong><\/p>\n<p>Grupos y solistas que cumplan los siguientes requisitos:<\/p>\n<ul>\n<li>Sus componentes deber\u00e1n ser mayoritariamente j\u00f3venes (al menos el 50% debe tener entre 16-30 a\u00f1os)<\/li>\n<li>El grupo debe cumplir al menos una de las siguientes condiciones:\n<ul>\n<li>Que al menos una\/o de sus componentes est\u00e9 empadronada\/o en Bilbao.<\/li>\n<li>Que el local de ensayo del grupo est\u00e9 ubicado en Bilbao. En este caso la organizaci\u00f3n podr\u00e1 solicitar un justificante que acredite el lugar de ensayo del grupo.<\/li>\n<\/ul>\n<\/li>\n<\/ul>\n<p>Un viernes al mes, a las 20:00 y de ENTRADA GRATUITA la sala Polivalente de Bilborock se convierte en escenario de las creaciones y trabajos de los grupos y solistas emergentes de Bilbao.<\/p>\n<p>Los conciertos Freskure no son remunerados econ\u00f3micamente.<\/p>\n<p>Se facilita a las bandas el concierto grabado en video.<\/p>\n<p>Se facilita a las bandas el concierto grabado en audio por pistas, para que puedan empezar a presentar a otros espacios y poder comenzar a desarrollar asi\u0301 su carrera profesional y difusio\u0301n profesional de sus proyectos.<\/p>\n<p>Las bandas que no sean seleccionadas en VS, podra\u0301n optar a tocar en FRESKURE!<\/p>\n<p>Las bandas que hayan pasado por el ciclo FRESKURE optara\u0301n a ser banda de apertura de bandas nacionales e internacionales en los conciertos que programa SON ESTRELLA GALICIA en colaboracio\u0301n con Bilborock y este concierto sera\u0301 remunerado a la banda seleccionada.<\/p>\n<p>Por el ciclo FRESKURE ya han pasado m\u00e1s de 50 bandas. El objetivo de este programa es el de facilitar la profesionalizaci\u00f3n a proyectos locales amateurs y noveles, d\u00e1ndoles la oportunidad de mostrar sus trabajos ante el p\u00fablico con calidad profesional y ofreci\u00e9ndoles p\u00edldoras formativas valiosas, que les sirvan de aprendizaje para su emprendimiento cultural y futuro profesional en este sector.<\/p>\n<p>Cada diciembre se realizar\u00e1 un concierto especial llamado FRESKURE BEREZIA! con artistas nacionales y locales de renombre. Las bandas que hayan pasado por el ciclo FRESKURE optara\u0301n a ser banda de apertura de FRESKURE BEREZIA! Este concierto sera\u0301 remunerado a la banda seleccionada.<\/p>\n<p>Con entrada de 10\u20ac\/12\u20ac, la banda seleccionada para la apertura de este concierto ser\u00e1 una de las que haya participado en FRESKURE y que haya demostrado un mejor directo durante el a\u00f1o. Para las personas j\u00f3venes usuarias de Bilborock se reservar\u00e1n entradas a precio especial e invitaciones.<\/p>\n<p><strong>ENERO 24:<\/strong><\/p>\n<p>STOUTS + UNICORN RIDERS<\/p>\n<p>&nbsp;<\/p>\n<p><strong>FEBRERO 28:<\/strong><\/p>\n<p>NORMAN BATES + VILVAO<\/p>\n<p>&nbsp;<\/p>\n<p><strong>ABRIL 25:<\/strong><\/p>\n<p>GYDEON + GOODBYE KEPPLER<\/p>\n<p>&nbsp;<\/p>\n<p><strong>MAYO 23:<\/strong><\/p>\n<p>TEMPLOS + MONDAY POTIONS<\/p>\n<p>&nbsp;<\/p>\n<p><strong>JUNIO 20:<\/strong><\/p>\n<p>POR CONFIRMAR<\/p>\n<p>&nbsp;<\/p>\n<p><strong>OCTUBRE 10:<\/strong><\/p>\n<p>POR CONFIRMAR<\/p>\n<p>&nbsp;<\/p>\n<p><strong>NOVIEMBRE 28:<\/strong><\/p>\n<p>POR CONFIRMAR<\/p>\n<p>&nbsp;<\/p>\n<p><strong>DICIEMBRE 26:\u00a0<\/strong><\/p>\n<p>POR CONFIRMAR[\/vc_column_text][vc_btn title=\u00bbPLAYLIST FRESKURE 2023 \u00bb color=\u00bbdanger\u00bb link=\u00bburl:https%3A%2F%2Fwww.youtube.com%2Fplaylist%3Flist%3DPL3Z6QYuth3HQevgk0qOV6GcGRKZGOz612|||\u00bb][vc_btn title=\u00bbPLAYLIST FRESKURE 2024&#8243; color=\u00bbdanger\u00bb link=\u00bburl:https%3A%2F%2Fyoutube.com%2Fplaylist%3Flist%3DPL3Z6QYuth3HQJ_BJ6t5Vhy2aHb5PmgRUv%26si%3DfZ8LVF6NoFUOri1D|||\u00bb][vc_btn title=\u00bbPLAYLIST FRESKURE 2025&#8243; color=\u00bbdanger\u00bb link=\u00bburl:https%3A%2F%2Fwww.youtube.com%2Fwatch%3Fv%3DhyIUO4xRrS8%26list%3DPL3Z6QYuth3HRRrDXTUbN7yk_I0h39sonB|||\u00bb][vc_separator color=\u00bbwhite\u00bb][vc_column_text]Para participar es necesario descargar y rellenar el formulario de inscripci\u00f3n y enviarlo\u00a0a bilborock@bilbao.eus con el asunto \u201cFreskure\u201d[\/vc_column_text][\/vc_column][\/vc_row][vc_row][vc_column][vc_btn title=\u00bbFORMULARIO DE INSCRIPCI\u00d3N\u00bb color=\u00bbdanger\u00bb link=\u00bburl:http%3A%2F%2Fbilbaogazte.bilbao.eus%2Fwp-content%2Fuploads%2F2024%2F04%2Fformulario_FRESKURE_2024.pdf|||\u00bb][\/vc_column][\/vc_row]<\/p>\n","protected":false},"excerpt":{"rendered":"<p class=\"entry-summary\"> \u00bfQui\u00e9nes pueden participar? Grupos y solistas que cumplan los siguientes requisitos: Sus componentes deber\u00e1n ser mayoritariamente j\u00f3venes&hellip;<\/p>\n<div class=\"link-more\"><a href=\"https:\/\/bilbaogazte.bilbao.eus\/es\/freskure\/\" class=\"more-link\">Continue reading<span class=\"screen-reader-text\"> &ldquo;#FRESKURE&rdquo;<\/span>&hellip;<\/a><\/div>","protected":false},"author":79,"featured_media":0,"parent":0,"menu_order":0,"comment_status":"closed","ping_status":"closed","template":"","meta":{"_monsterinsights_skip_tracking":false,"_monsterinsights_sitenote_active":false,"_monsterinsights_sitenote_note":"","_monsterinsights_sitenote_category":0,"footnotes":""},"_links":{"self":[{"href":"https:\/\/bilbaogazte.bilbao.eus\/es\/wp-json\/wp\/v2\/pages\/52332"}],"collection":[{"href":"https:\/\/bilbaogazte.bilbao.eus\/es\/wp-json\/wp\/v2\/pages"}],"about":[{"href":"https:\/\/bilbaogazte.bilbao.eus\/es\/wp-json\/wp\/v2\/types\/page"}],"author":[{"embeddable":true,"href":"https:\/\/bilbaogazte.bilbao.eus\/es\/wp-json\/wp\/v2\/users\/79"}],"replies":[{"embeddable":true,"href":"https:\/\/bilbaogazte.bilbao.eus\/es\/wp-json\/wp\/v2\/comments?post=52332"}],"version-history":[{"count":28,"href":"https:\/\/bilbaogazte.bilbao.eus\/es\/wp-json\/wp\/v2\/pages\/52332\/revisions"}],"predecessor-version":[{"id":62649,"href":"https:\/\/bilbaogazte.bilbao.eus\/es\/wp-json\/wp\/v2\/pages\/52332\/revisions\/62649"}],"wp:attachment":[{"href":"https:\/\/bilbaogazte.bilbao.eus\/es\/wp-json\/wp\/v2\/media?parent=52332"}],"curies":[{"name":"wp","href":"https:\/\/api.w.org\/{rel}","templated":true}]}}