{"id":52337,"date":"2023-03-07T10:38:21","date_gmt":"2023-03-07T08:38:21","guid":{"rendered":"https:\/\/bilbaogazte.bilbao.eus\/es\/?page_id=52337"},"modified":"2024-09-16T12:27:09","modified_gmt":"2024-09-16T10:27:09","slug":"klasikoak","status":"publish","type":"page","link":"https:\/\/bilbaogazte.bilbao.eus\/es\/klasikoak\/","title":{"rendered":"#KLASIKOAK"},"content":{"rendered":"<p><img loading=\"lazy\" decoding=\"async\" class=\"alignnone wp-image-58412 size-medium\" src=\"http:\/\/bilbaogazte.bilbao.eus\/wp-content\/uploads\/2024\/09\/KLASIKOAK-872x491.png\" alt=\"\" width=\"872\" height=\"491\" srcset=\"https:\/\/bilbaogazte.bilbao.eus\/wp-content\/uploads\/2024\/09\/KLASIKOAK-872x491.png 872w, https:\/\/bilbaogazte.bilbao.eus\/wp-content\/uploads\/2024\/09\/KLASIKOAK-1408x792.png 1408w, https:\/\/bilbaogazte.bilbao.eus\/wp-content\/uploads\/2024\/09\/KLASIKOAK-480x270.png 480w, https:\/\/bilbaogazte.bilbao.eus\/wp-content\/uploads\/2024\/09\/KLASIKOAK-768x432.png 768w, https:\/\/bilbaogazte.bilbao.eus\/wp-content\/uploads\/2024\/09\/KLASIKOAK-1536x864.png 1536w, https:\/\/bilbaogazte.bilbao.eus\/wp-content\/uploads\/2024\/09\/KLASIKOAK.png 1920w\" sizes=\"(max-width: 872px) 100vw, 872px\" \/><\/p>\n<p data-pm-slice=\"1 1 []\">Una vez al a\u00f1o Bilborock programa un concierto especial, que recupera a una(s) banda(s) hist\u00f3rica de la escena de Euskadi o Nacional vinculada a la sala, acompa\u00f1ada de una(s) novel como apertura de la jornada. Esta actividad enfocada a un p\u00fablico m\u00e1s adulto es con coste \/ entrada de 10\u20ac\/12\u20ac.<\/p>\n<p>&nbsp;<\/p>\n<p>Para las personas j\u00f3venes usuarias de Bilborock se reservar\u00e1n entradas a precio especial e invitaciones.<\/p>\n<p>&nbsp;<\/p>\n<p><strong>NOVIEMBRE 8<\/strong> \/ 20:00h &#8211; UNCLOSE + HAD HAD + LABALA<\/p>\n<p>&nbsp;<\/p>\n","protected":false},"excerpt":{"rendered":"<p class=\"entry-summary\">Una vez al a\u00f1o Bilborock programa un concierto especial, que recupera a una(s) banda(s) hist\u00f3rica de la escena&hellip;<\/p>\n<div class=\"link-more\"><a href=\"https:\/\/bilbaogazte.bilbao.eus\/es\/klasikoak\/\" class=\"more-link\">Continue reading<span class=\"screen-reader-text\"> &ldquo;#KLASIKOAK&rdquo;<\/span>&hellip;<\/a><\/div>","protected":false},"author":79,"featured_media":0,"parent":0,"menu_order":0,"comment_status":"closed","ping_status":"closed","template":"","meta":{"_monsterinsights_skip_tracking":false,"_monsterinsights_sitenote_active":false,"_monsterinsights_sitenote_note":"","_monsterinsights_sitenote_category":0,"footnotes":""},"_links":{"self":[{"href":"https:\/\/bilbaogazte.bilbao.eus\/es\/wp-json\/wp\/v2\/pages\/52337"}],"collection":[{"href":"https:\/\/bilbaogazte.bilbao.eus\/es\/wp-json\/wp\/v2\/pages"}],"about":[{"href":"https:\/\/bilbaogazte.bilbao.eus\/es\/wp-json\/wp\/v2\/types\/page"}],"author":[{"embeddable":true,"href":"https:\/\/bilbaogazte.bilbao.eus\/es\/wp-json\/wp\/v2\/users\/79"}],"replies":[{"embeddable":true,"href":"https:\/\/bilbaogazte.bilbao.eus\/es\/wp-json\/wp\/v2\/comments?post=52337"}],"version-history":[{"count":6,"href":"https:\/\/bilbaogazte.bilbao.eus\/es\/wp-json\/wp\/v2\/pages\/52337\/revisions"}],"predecessor-version":[{"id":58415,"href":"https:\/\/bilbaogazte.bilbao.eus\/es\/wp-json\/wp\/v2\/pages\/52337\/revisions\/58415"}],"wp:attachment":[{"href":"https:\/\/bilbaogazte.bilbao.eus\/es\/wp-json\/wp\/v2\/media?parent=52337"}],"curies":[{"name":"wp","href":"https:\/\/api.w.org\/{rel}","templated":true}]}}