{"id":52344,"date":"2023-03-07T10:42:36","date_gmt":"2023-03-07T08:42:36","guid":{"rendered":"https:\/\/bilbaogazte.bilbao.eus\/es\/?page_id=52344"},"modified":"2023-03-09T15:44:44","modified_gmt":"2023-03-09T13:44:44","slug":"pod-kaztea","status":"publish","type":"page","link":"https:\/\/bilbaogazte.bilbao.eus\/es\/pod-kaztea\/","title":{"rendered":"#POD-KAZTEA"},"content":{"rendered":"<p><img loading=\"lazy\" decoding=\"async\" class=\"alignnone size-medium wp-image-52252\" src=\"http:\/\/bilbaogazte.bilbao.eus\/wp-content\/uploads\/2023\/03\/Captura-de-pantalla-2023-03-03-a-las-12.38.34-872x491.png\" alt=\"\" width=\"872\" height=\"491\" srcset=\"https:\/\/bilbaogazte.bilbao.eus\/wp-content\/uploads\/2023\/03\/Captura-de-pantalla-2023-03-03-a-las-12.38.34-872x491.png 872w, https:\/\/bilbaogazte.bilbao.eus\/wp-content\/uploads\/2023\/03\/Captura-de-pantalla-2023-03-03-a-las-12.38.34-1408x793.png 1408w, https:\/\/bilbaogazte.bilbao.eus\/wp-content\/uploads\/2023\/03\/Captura-de-pantalla-2023-03-03-a-las-12.38.34-480x270.png 480w, https:\/\/bilbaogazte.bilbao.eus\/wp-content\/uploads\/2023\/03\/Captura-de-pantalla-2023-03-03-a-las-12.38.34-768x432.png 768w, https:\/\/bilbaogazte.bilbao.eus\/wp-content\/uploads\/2023\/03\/Captura-de-pantalla-2023-03-03-a-las-12.38.34.png 1446w\" sizes=\"(max-width: 872px) 100vw, 872px\" \/><\/p>\n<p>Entrega mensual a partir de <strong>Septiembre de 2023 de un programa\/formato podcast<\/strong> propio sobre los contenidos mensuales (pr\u00f3ximos y pasados) y agenda de Bilborock. <strong>Entrevistas, agenda, resumen, recomendaciones, etc\u2026<\/strong><\/p>\n<p>Una vez al a\u00f1o,<strong>\u00a0se realizar\u00e1 un evento especial donde la grabaci\u00f3n del podcast ser\u00e1 en directo<\/strong> y ante p\u00fablico con entrada gratuita, donde habr\u00e1 invitados\/as, entrevistas y actuaciones.<\/p>\n<p>Este podcast <strong>biling\u00fce<\/strong> (castellano\/euskera) se grabar\u00e1 en la sala de ensayo y grabaci\u00f3n de podcast de Bilborock y servir\u00e1 como herramienta para dar a conocer la programaci\u00f3n de Bilborock y actividades de Bilbao Gazte desde un punto vista juvenil, seleccionando los contenidos y ampli\u00e1ndose la informaci\u00f3n para el p\u00fablico objetivo en un formato que en la actualidad es tendencia.<\/p>\n<p>Presentado, producido y coordinado por <strong>Mikel Izarra: Mikel Izarra es desde 2021 community manager para BilbaoGazte, BilboRock, VillaSound, GazteKluba y BilbaoEuskaraz<\/strong><\/p>\n","protected":false},"excerpt":{"rendered":"<p class=\"entry-summary\">Entrega mensual a partir de Septiembre de 2023 de un programa\/formato podcast propio sobre los contenidos mensuales (pr\u00f3ximos&hellip;<\/p>\n<div class=\"link-more\"><a href=\"https:\/\/bilbaogazte.bilbao.eus\/es\/pod-kaztea\/\" class=\"more-link\">Continue reading<span class=\"screen-reader-text\"> &ldquo;#POD-KAZTEA&rdquo;<\/span>&hellip;<\/a><\/div>","protected":false},"author":79,"featured_media":0,"parent":0,"menu_order":0,"comment_status":"closed","ping_status":"closed","template":"","meta":{"_monsterinsights_skip_tracking":false,"_monsterinsights_sitenote_active":false,"_monsterinsights_sitenote_note":"","_monsterinsights_sitenote_category":0,"footnotes":""},"_links":{"self":[{"href":"https:\/\/bilbaogazte.bilbao.eus\/es\/wp-json\/wp\/v2\/pages\/52344"}],"collection":[{"href":"https:\/\/bilbaogazte.bilbao.eus\/es\/wp-json\/wp\/v2\/pages"}],"about":[{"href":"https:\/\/bilbaogazte.bilbao.eus\/es\/wp-json\/wp\/v2\/types\/page"}],"author":[{"embeddable":true,"href":"https:\/\/bilbaogazte.bilbao.eus\/es\/wp-json\/wp\/v2\/users\/79"}],"replies":[{"embeddable":true,"href":"https:\/\/bilbaogazte.bilbao.eus\/es\/wp-json\/wp\/v2\/comments?post=52344"}],"version-history":[{"count":2,"href":"https:\/\/bilbaogazte.bilbao.eus\/es\/wp-json\/wp\/v2\/pages\/52344\/revisions"}],"predecessor-version":[{"id":52570,"href":"https:\/\/bilbaogazte.bilbao.eus\/es\/wp-json\/wp\/v2\/pages\/52344\/revisions\/52570"}],"wp:attachment":[{"href":"https:\/\/bilbaogazte.bilbao.eus\/es\/wp-json\/wp\/v2\/media?parent=52344"}],"curies":[{"name":"wp","href":"https:\/\/api.w.org\/{rel}","templated":true}]}}