{"id":52348,"date":"2023-03-07T10:49:30","date_gmt":"2023-03-07T08:49:30","guid":{"rendered":"https:\/\/bilbaogazte.bilbao.eus\/es\/?page_id=52348"},"modified":"2025-03-07T12:37:45","modified_gmt":"2025-03-07T10:37:45","slug":"femme","status":"publish","type":"page","link":"https:\/\/bilbaogazte.bilbao.eus\/es\/femme\/","title":{"rendered":"#FEMME"},"content":{"rendered":"<p>[vc_row][vc_column][vc_column_text]<img loading=\"lazy\" decoding=\"async\" class=\"alignnone wp-image-61162 size-medium\" src=\"http:\/\/bilbaogazte.bilbao.eus\/wp-content\/uploads\/2025\/03\/600-872x491.jpg\" alt=\"\" width=\"872\" height=\"491\" srcset=\"https:\/\/bilbaogazte.bilbao.eus\/wp-content\/uploads\/2025\/03\/600-872x491.jpg 872w, https:\/\/bilbaogazte.bilbao.eus\/wp-content\/uploads\/2025\/03\/600-1408x792.jpg 1408w, https:\/\/bilbaogazte.bilbao.eus\/wp-content\/uploads\/2025\/03\/600-480x270.jpg 480w, https:\/\/bilbaogazte.bilbao.eus\/wp-content\/uploads\/2025\/03\/600-768x432.jpg 768w, https:\/\/bilbaogazte.bilbao.eus\/wp-content\/uploads\/2025\/03\/600-1536x864.jpg 1536w, https:\/\/bilbaogazte.bilbao.eus\/wp-content\/uploads\/2025\/03\/600.jpg 1920w\" sizes=\"(max-width: 872px) 100vw, 872px\" \/><\/p>\n<p data-pm-slice=\"1 1 []\">Propuesta consolidada que da visibilidad y genera comunidad entre diferentes artistas femeninas de Bilbao y alrededores.<\/p>\n<p>&nbsp;<\/p>\n<p>A trav\u00e9s de conciertos, encuentros y tertulias grabadas en video que se difunden en las RRSS de Bilborock y Bilbao Gazte, FEMME BILBAO adem\u00e1s de otorgar visibilizaci\u00f3n de la labor de estas mujeres, tiene un alto valor de crear comunidad y establecer sinergias entre mujeres de diferentes disciplinas que antes de pasar por el ciclo no se conoc\u00edan entre s\u00ed.<\/p>\n<p>&nbsp;<\/p>\n<p>Con el formato FEMME BILBAO, Bilborock se convierte en uno de los escasos espacios en la ciudad que apuesta por la inclusi\u00f3n y la igualdad de g\u00e9nero en el campo puramente art\u00edstico, dotando sobre todo de herramientas de alto valor a nuevas mujeres que se inician en el mundo art\u00edstico, por el hecho de conocer a otras mujeres en su situaci\u00f3n e incluso a mujeres de referencia para ellas.[\/vc_column_text][vc_btn title=\u00bbFEMME Bilbao temporada 2&#8243; color=\u00bbdanger\u00bb link=\u00bburl:https%3A%2F%2Fyoutube.com%2Fplaylist%3Flist%3DPL3Z6QYuth3HSB7BAbMprwn3rMpjPXRpG0%26si%3DEkkmu6T4VsPnEcI9|||\u00bb][vc_btn title=\u00bbFEMME Bilbao temporada 3&#8243; color=\u00bbdanger\u00bb link=\u00bburl:https%3A%2F%2Fwww.youtube.com%2Fplaylist%3Flist%3DPL3Z6QYuth3HQAAtT9Un2HJpnfD05_EYAi|||\u00bb][vc_btn title=\u00bbDescarga el formulario para participar\u00bb color=\u00bbdanger\u00bb link=\u00bburl:http%3A%2F%2Fbilbaogazte.bilbao.eus%2Fwp-content%2Fuploads%2F2024%2F04%2Fformulario_FEMME_2024.pdf|||\u00bb][\/vc_column][\/vc_row]<\/p>\n","protected":false},"excerpt":{"rendered":"<p class=\"entry-summary\"> Propuesta consolidada que da visibilidad y genera comunidad entre diferentes artistas femeninas de Bilbao y alrededores. &nbsp;&hellip;<\/p>\n<div class=\"link-more\"><a href=\"https:\/\/bilbaogazte.bilbao.eus\/es\/femme\/\" class=\"more-link\">Continue reading<span class=\"screen-reader-text\"> &ldquo;#FEMME&rdquo;<\/span>&hellip;<\/a><\/div>","protected":false},"author":79,"featured_media":0,"parent":0,"menu_order":0,"comment_status":"closed","ping_status":"closed","template":"","meta":{"_monsterinsights_skip_tracking":false,"_monsterinsights_sitenote_active":false,"_monsterinsights_sitenote_note":"","_monsterinsights_sitenote_category":0,"footnotes":""},"_links":{"self":[{"href":"https:\/\/bilbaogazte.bilbao.eus\/es\/wp-json\/wp\/v2\/pages\/52348"}],"collection":[{"href":"https:\/\/bilbaogazte.bilbao.eus\/es\/wp-json\/wp\/v2\/pages"}],"about":[{"href":"https:\/\/bilbaogazte.bilbao.eus\/es\/wp-json\/wp\/v2\/types\/page"}],"author":[{"embeddable":true,"href":"https:\/\/bilbaogazte.bilbao.eus\/es\/wp-json\/wp\/v2\/users\/79"}],"replies":[{"embeddable":true,"href":"https:\/\/bilbaogazte.bilbao.eus\/es\/wp-json\/wp\/v2\/comments?post=52348"}],"version-history":[{"count":12,"href":"https:\/\/bilbaogazte.bilbao.eus\/es\/wp-json\/wp\/v2\/pages\/52348\/revisions"}],"predecessor-version":[{"id":61198,"href":"https:\/\/bilbaogazte.bilbao.eus\/es\/wp-json\/wp\/v2\/pages\/52348\/revisions\/61198"}],"wp:attachment":[{"href":"https:\/\/bilbaogazte.bilbao.eus\/es\/wp-json\/wp\/v2\/media?parent=52348"}],"curies":[{"name":"wp","href":"https:\/\/api.w.org\/{rel}","templated":true}]}}