{"id":530,"date":"2016-06-23T13:14:22","date_gmt":"2016-06-23T13:14:22","guid":{"rendered":"http:\/\/bilbaogazte.bilbao.eus\/?page_id=530"},"modified":"2019-06-18T09:26:47","modified_gmt":"2019-06-18T07:26:47","slug":"bilbao-gazte-night1","status":"publish","type":"page","link":"https:\/\/bilbaogazte.bilbao.eus\/es\/bilborock\/bilbao-gazte-night1\/","title":{"rendered":"#BilbaoGazteNight"},"content":{"rendered":"<p>[vc_row][vc_column][vc_single_image image=\u00bb3216&#8243; img_size=\u00bbfull\u00bb][\/vc_column][\/vc_row][vc_row css=\u00bb.vc_custom_1465294143506{padding-top: 25px !important;padding-right: 15px !important;padding-left: 5px !important;background-color: #f6f6f6 !important;}\u00bb][vc_column css=\u00bb.vc_custom_1465294068829{padding-top: 0px !important;}\u00bb][vc_column_text]#BilbaoGazteNight es una iniciativa creada para fomentar el movimiento juvenil de la Villa de Bilbao. Para dar un empuj\u00f3n a las alternativas de ocio nocturno entre los j\u00f3venes bilba\u00ednos, se hace uso de todas las ventajas que ofrece un establecimiento como Bilborock.<\/p>\n<p>\u00a1Se joven y disfruta la noche![\/vc_column_text][\/vc_column][\/vc_row][vc_row][vc_column][vc_raw_html]JTNDaWZyYW1lJTIwd2lkdGglM0QlMjI1NjAlMjIlMjBoZWlnaHQlM0QlMjIzMTUlMjIlMjBzcmMlM0QlMjJodHRwcyUzQSUyRiUyRnd3dy55b3V0dWJlLmNvbSUyRmVtYmVkJTJGN3ptc0FLTkg1TUUlMjIlMjBmcmFtZWJvcmRlciUzRCUyMjAlMjIlMjBhbGxvd2Z1bGxzY3JlZW4lM0UlM0MlMkZpZnJhbWUlM0U=[\/vc_raw_html][\/vc_column][\/vc_row]<\/p>\n","protected":false},"excerpt":{"rendered":"<p class=\"entry-summary\">#BilbaoGazteNight es una iniciativa&hellip;<\/p>\n<div class=\"link-more\"><a href=\"https:\/\/bilbaogazte.bilbao.eus\/es\/bilborock\/bilbao-gazte-night1\/\" class=\"more-link\">Continue reading<span class=\"screen-reader-text\"> &ldquo;#BilbaoGazteNight&rdquo;<\/span>&hellip;<\/a><\/div>","protected":false},"author":4,"featured_media":0,"parent":512,"menu_order":0,"comment_status":"closed","ping_status":"closed","template":"templates\/page-pagina.php","meta":{"_monsterinsights_skip_tracking":false,"_monsterinsights_sitenote_active":false,"_monsterinsights_sitenote_note":"","_monsterinsights_sitenote_category":0,"footnotes":""},"_links":{"self":[{"href":"https:\/\/bilbaogazte.bilbao.eus\/es\/wp-json\/wp\/v2\/pages\/530"}],"collection":[{"href":"https:\/\/bilbaogazte.bilbao.eus\/es\/wp-json\/wp\/v2\/pages"}],"about":[{"href":"https:\/\/bilbaogazte.bilbao.eus\/es\/wp-json\/wp\/v2\/types\/page"}],"author":[{"embeddable":true,"href":"https:\/\/bilbaogazte.bilbao.eus\/es\/wp-json\/wp\/v2\/users\/4"}],"replies":[{"embeddable":true,"href":"https:\/\/bilbaogazte.bilbao.eus\/es\/wp-json\/wp\/v2\/comments?post=530"}],"version-history":[{"count":22,"href":"https:\/\/bilbaogazte.bilbao.eus\/es\/wp-json\/wp\/v2\/pages\/530\/revisions"}],"predecessor-version":[{"id":31769,"href":"https:\/\/bilbaogazte.bilbao.eus\/es\/wp-json\/wp\/v2\/pages\/530\/revisions\/31769"}],"up":[{"embeddable":true,"href":"https:\/\/bilbaogazte.bilbao.eus\/es\/wp-json\/wp\/v2\/pages\/512"}],"wp:attachment":[{"href":"https:\/\/bilbaogazte.bilbao.eus\/es\/wp-json\/wp\/v2\/media?parent=530"}],"curies":[{"name":"wp","href":"https:\/\/api.w.org\/{rel}","templated":true}]}}