{"id":54502,"date":"2023-09-21T15:09:33","date_gmt":"2023-09-21T13:09:33","guid":{"rendered":"https:\/\/bilbaogazte.bilbao.eus\/es\/?page_id=54502"},"modified":"2025-04-25T09:36:27","modified_gmt":"2025-04-25T07:36:27","slug":"gazmovilidad-y-retorno","status":"publish","type":"page","link":"https:\/\/bilbaogazte.bilbao.eus\/es\/gazmovilidad-y-retorno\/","title":{"rendered":"MOVILIDAD Y RETORNO"},"content":{"rendered":"<p>[vc_row][vc_column width=\u00bb2\/3&#8243;][vc_row_inner][vc_column_inner][vc_single_image image=\u00bb52750&#8243; img_size=\u00bbfull\u00bb][\/vc_column_inner][\/vc_row_inner][vc_column_text]<strong>Las experiencias que te pueden ofrecer los programas de movilidad te ampliar\u00e1n las opciones profesionales y personales.<\/strong><\/p>\n<p>&#8211; Informaci\u00f3n y acompa\u00f1amiento con proyectos personales de movilidad transnacional (formaci\u00f3n, trabajo y voluntariado).<\/p>\n<p>&#8211; Ofrecer asesoramiento tanto a las personas j\u00f3venes que tienen pensado salir al extranjero en busca de empleo como a las que regresan. Aspectos como requisitos, condiciones, situaci\u00f3n laboral, cotizaciones, listas de vivienda, experiencia laboral\u2026<\/p>\n<p>&#8211; Disponemos de programaci\u00f3n dirigida a las personas j\u00f3venes que quieren conocer diferentes formas y subvenciones de ir al extranjero.[\/vc_column_text][vc_btn title=\u00bbAGENDA TRIMESTRAL\u00bb color=\u00bbdanger\u00bb align=\u00bbcenter\u00bb link=\u00bburl:https%3A%2F%2Fbilbaogazte.bilbao.eus%2Fprogramazioa-gaz%2F|||\u00bb][\/vc_column][vc_column width=\u00bb1\/3&#8243;][vc_single_image image=\u00bb54407&#8243;][vc_column_text]<\/p>\n<div class=\"page\" title=\"Page 1\">\n<div class=\"section\">\n<div class=\"layoutArea\">\n<div class=\"column\">\n<p><img loading=\"lazy\" decoding=\"async\" class=\"alignnone wp-image-54451\" src=\"http:\/\/bilbaogazte.bilbao.eus\/wp-content\/uploads\/2023\/09\/pngtree-whatsapp-phone-icon-png-image_6315989.png\" alt=\"\" width=\"35\" height=\"35\" \/> 747 451 437<\/p>\n<div class=\"page\" title=\"Page 1\">\n<div class=\"section\">\n<div class=\"layoutArea\">\n<div class=\"column\">\n<p><img loading=\"lazy\" decoding=\"async\" class=\"alignnone wp-image-54448\" src=\"http:\/\/bilbaogazte.bilbao.eus\/wp-content\/uploads\/2023\/09\/f207045d96c258fed664305f0ac2c5bd-icono-de-auricular-de-telefono-azul.png\" alt=\"\" width=\"33\" height=\"33\" \/> 944 025 401<\/p>\n<div class=\"page\" title=\"Page 1\">\n<div class=\"section\">\n<div class=\"layoutArea\">\n<div class=\"column\">\n<p><img loading=\"lazy\" decoding=\"async\" class=\"alignnone wp-image-54445\" src=\"http:\/\/bilbaogazte.bilbao.eus\/wp-content\/uploads\/2023\/09\/1000885.png\" alt=\"\" width=\"31\" height=\"31\" srcset=\"https:\/\/bilbaogazte.bilbao.eus\/wp-content\/uploads\/2023\/09\/1000885.png 512w, https:\/\/bilbaogazte.bilbao.eus\/wp-content\/uploads\/2023\/09\/1000885-448x448.png 448w\" sizes=\"(max-width: 31px) 100vw, 31px\" \/> <a href=\"mailto:gazbilbao@bilbao.eus\">gazbilbao@bilbao.eus<\/a><\/p>\n<div class=\"page\" title=\"Page 1\">\n<div class=\"section\">\n<div class=\"layoutArea\">\n<div class=\"column\">\n<p><img loading=\"lazy\" decoding=\"async\" class=\"alignnone wp-image-54442\" src=\"http:\/\/bilbaogazte.bilbao.eus\/wp-content\/uploads\/2023\/09\/Map_pin_icon.svg_-872x1187.png\" alt=\"\" width=\"28\" height=\"38\" srcset=\"https:\/\/bilbaogazte.bilbao.eus\/wp-content\/uploads\/2023\/09\/Map_pin_icon.svg_-872x1187.png 872w, https:\/\/bilbaogazte.bilbao.eus\/wp-content\/uploads\/2023\/09\/Map_pin_icon.svg_-768x1046.png 768w, https:\/\/bilbaogazte.bilbao.eus\/wp-content\/uploads\/2023\/09\/Map_pin_icon.svg_-1128x1536.png 1128w, https:\/\/bilbaogazte.bilbao.eus\/wp-content\/uploads\/2023\/09\/Map_pin_icon.svg_.png 1200w\" sizes=\"(max-width: 28px) 100vw, 28px\" \/> La Perrera \u2013 Sabino Arana 50 (Basurtu)<\/p>\n<div class=\"page\" title=\"Page 1\">\n<div class=\"section\">\n<div class=\"layoutArea\">\n<div class=\"column\">\n<p><strong><img loading=\"lazy\" decoding=\"async\" class=\"alignnone wp-image-54433\" src=\"http:\/\/bilbaogazte.bilbao.eus\/wp-content\/uploads\/2023\/09\/283327.png\" alt=\"\" width=\"26\" height=\"26\" srcset=\"https:\/\/bilbaogazte.bilbao.eus\/wp-content\/uploads\/2023\/09\/283327.png 512w, https:\/\/bilbaogazte.bilbao.eus\/wp-content\/uploads\/2023\/09\/283327-448x448.png 448w\" sizes=\"(max-width: 26px) 100vw, 26px\" \/> HORARIO<\/strong><\/p>\n<div class=\"page\" title=\"Page 1\">\n<div class=\"section\">\n<div class=\"layoutArea\">\n<div class=\"column\">\n<div class=\"page\" title=\"Page 1\">\n<div class=\"section\">\n<div class=\"layoutArea\">\n<div class=\"column\">\n<p><img loading=\"lazy\" decoding=\"async\" class=\"alignnone size-medium wp-image-62355\" src=\"http:\/\/bilbaogazte.bilbao.eus\/wp-content\/uploads\/2025\/04\/Ordutegi-berria-CAST-872x1233.png\" alt=\"\" width=\"872\" height=\"1233\" srcset=\"https:\/\/bilbaogazte.bilbao.eus\/wp-content\/uploads\/2025\/04\/Ordutegi-berria-CAST-872x1233.png 872w, https:\/\/bilbaogazte.bilbao.eus\/wp-content\/uploads\/2025\/04\/Ordutegi-berria-CAST-1408x1992.png 1408w, https:\/\/bilbaogazte.bilbao.eus\/wp-content\/uploads\/2025\/04\/Ordutegi-berria-CAST-768x1086.png 768w, https:\/\/bilbaogazte.bilbao.eus\/wp-content\/uploads\/2025\/04\/Ordutegi-berria-CAST-1086x1536.png 1086w, https:\/\/bilbaogazte.bilbao.eus\/wp-content\/uploads\/2025\/04\/Ordutegi-berria-CAST-1448x2048.png 1448w\" sizes=\"(max-width: 872px) 100vw, 872px\" \/><\/p>\n<\/div>\n<div class=\"column\">\n<div class=\"page\" title=\"Page 1\">\n<div class=\"section\">\n<div class=\"layoutArea\">\n<div class=\"column\">\n<p>&nbsp;<\/p>\n<\/div>\n<\/div>\n<\/div>\n<\/div>\n<p>&nbsp;<\/p>\n<\/div>\n<\/div>\n<\/div>\n<\/div>\n<\/div>\n<\/div>\n<\/div>\n<\/div>\n<\/div>\n<\/div>\n<\/div>\n<\/div>\n<\/div>\n<\/div>\n<\/div>\n<\/div>\n<\/div>\n<\/div>\n<\/div>\n<\/div>\n<\/div>\n<\/div>\n<\/div>\n<\/div>\n<\/div>\n<\/div>\n<\/div>\n<\/div>\n<p>[\/vc_column_text][\/vc_column][\/vc_row]<\/p>\n","protected":false},"excerpt":{"rendered":"<p class=\"entry-summary\">Las experiencias que te pueden ofrecer los programas de movilidad te ampliar\u00e1n las opciones profesionales&hellip;<\/p>\n<div class=\"link-more\"><a href=\"https:\/\/bilbaogazte.bilbao.eus\/es\/gazmovilidad-y-retorno\/\" class=\"more-link\">Continue reading<span class=\"screen-reader-text\"> &ldquo;MOVILIDAD Y RETORNO&rdquo;<\/span>&hellip;<\/a><\/div>","protected":false},"author":79,"featured_media":0,"parent":0,"menu_order":0,"comment_status":"closed","ping_status":"closed","template":"","meta":{"_monsterinsights_skip_tracking":false,"_monsterinsights_sitenote_active":false,"_monsterinsights_sitenote_note":"","_monsterinsights_sitenote_category":0,"footnotes":""},"_links":{"self":[{"href":"https:\/\/bilbaogazte.bilbao.eus\/es\/wp-json\/wp\/v2\/pages\/54502"}],"collection":[{"href":"https:\/\/bilbaogazte.bilbao.eus\/es\/wp-json\/wp\/v2\/pages"}],"about":[{"href":"https:\/\/bilbaogazte.bilbao.eus\/es\/wp-json\/wp\/v2\/types\/page"}],"author":[{"embeddable":true,"href":"https:\/\/bilbaogazte.bilbao.eus\/es\/wp-json\/wp\/v2\/users\/79"}],"replies":[{"embeddable":true,"href":"https:\/\/bilbaogazte.bilbao.eus\/es\/wp-json\/wp\/v2\/comments?post=54502"}],"version-history":[{"count":4,"href":"https:\/\/bilbaogazte.bilbao.eus\/es\/wp-json\/wp\/v2\/pages\/54502\/revisions"}],"predecessor-version":[{"id":62361,"href":"https:\/\/bilbaogazte.bilbao.eus\/es\/wp-json\/wp\/v2\/pages\/54502\/revisions\/62361"}],"wp:attachment":[{"href":"https:\/\/bilbaogazte.bilbao.eus\/es\/wp-json\/wp\/v2\/media?parent=54502"}],"curies":[{"name":"wp","href":"https:\/\/api.w.org\/{rel}","templated":true}]}}