{"id":55595,"date":"2023-12-26T12:26:25","date_gmt":"2023-12-26T10:26:25","guid":{"rendered":"https:\/\/bilbaogazte.bilbao.eus\/es\/?page_id=55595"},"modified":"2025-02-03T16:34:12","modified_gmt":"2025-02-03T14:34:12","slug":"greenglam2024","status":"publish","type":"page","link":"https:\/\/bilbaogazte.bilbao.eus\/es\/greenglam2024\/","title":{"rendered":"GREENGLAM 2024"},"content":{"rendered":"<p>[vc_row][vc_column][vc_single_image image=\u00bb55596&#8243; img_size=\u00bbfull\u00bb][\/vc_column][\/vc_row][vc_row][vc_column][vc_column_text]GREENGLAM es un programa de formaci\u00f3n y apoyo al emprendimiento en torno a la moda y la sostenibilidad dirigido a j\u00f3venes de entre 18 y 35 a\u00f1os de Bilbao.<\/p>\n<p>El objetivo es sensibilizar a los y las j\u00f3venes sobre el impacto medioambiental, social y econ\u00f3mico de la \u00abmoda r\u00e1pida\u00bb, acercarles al sector vasco de la \u00abmoda sostenible\u00bb y respaldar iniciativas que propicien un futuro textil m\u00e1s \u00e9tico y equilibrado.<\/p>\n<p>El programa se ha desarrollado en dos fases: la primera dirigida a informar, inspirar y experimentar a trav\u00e9s de diferentes talleres; la segunda orientada a una convocatoria abierta de proyectos en la que se han seleccionado dos iniciativas que contar\u00e1n con apoyo t\u00e9cnico y log\u00edstico para su desarrollo.[\/vc_column_text][\/vc_column][\/vc_row][vc_row][vc_column width=\u00bb1\/4&#8243;][vc_single_image image=\u00bb56393&#8243; img_size=\u00bbfull\u00bb onclick=\u00bbcustom_link\u00bb link=\u00bb https:\/\/bilbaogazte.bilbao.eus\/es\/greenglam-fase-1\/\u00bb][\/vc_column][vc_column width=\u00bb1\/4&#8243;][vc_single_image image=\u00bb55718&#8243; img_size=\u00bbfull\u00bb onclick=\u00bbcustom_link\u00bb link=\u00bbhttps:\/\/bilbaogazte.bilbao.eus\/es\/greenglam-exposicion-fotografica\/\u00bb][\/vc_column][vc_column width=\u00bb1\/4&#8243;][vc_single_image image=\u00bb57530&#8243; img_size=\u00bbfull\u00bb onclick=\u00bbcustom_link\u00bb link=\u00bbhttps:\/\/bilbaogazte.bilbao.eus\/es\/proyectos-ganadores\/\u00bb][\/vc_column][vc_column width=\u00bb1\/4&#8243;][vc_single_image image=\u00bb59077&#8243; img_size=\u00bbfull\u00bb onclick=\u00bbcustom_link\u00bb link=\u00bbhttps:\/\/bilbaogazte.bilbao.eus\/es\/exposicion-y-masterclass\/\u00bb][\/vc_column][\/vc_row][vc_row][vc_column][vc_column_text]Konekta Ideiak \u00abGreenGlam\u00bb arranc\u00f3 el 19 de enero con una jornada para dar a conocer el programa, sus objetivos y fases, a los diferentes agentes implicados en dar forma y dinamizar este proyecto, as\u00ed como a los y las j\u00f3venes que mostraron inter\u00e9s en formar parte del mismo.[\/vc_column_text][\/vc_column][\/vc_row]<\/p>\n","protected":false},"excerpt":{"rendered":"<p class=\"entry-summary\">GREENGLAM es un programa de formaci\u00f3n y apoyo al emprendimiento en torno a la moda y&hellip;<\/p>\n<div class=\"link-more\"><a href=\"https:\/\/bilbaogazte.bilbao.eus\/es\/greenglam2024\/\" class=\"more-link\">Continue reading<span class=\"screen-reader-text\"> &ldquo;GREENGLAM 2024&rdquo;<\/span>&hellip;<\/a><\/div>","protected":false},"author":79,"featured_media":0,"parent":0,"menu_order":0,"comment_status":"closed","ping_status":"closed","template":"","meta":{"_monsterinsights_skip_tracking":false,"_monsterinsights_sitenote_active":false,"_monsterinsights_sitenote_note":"","_monsterinsights_sitenote_category":0,"footnotes":""},"_links":{"self":[{"href":"https:\/\/bilbaogazte.bilbao.eus\/es\/wp-json\/wp\/v2\/pages\/55595"}],"collection":[{"href":"https:\/\/bilbaogazte.bilbao.eus\/es\/wp-json\/wp\/v2\/pages"}],"about":[{"href":"https:\/\/bilbaogazte.bilbao.eus\/es\/wp-json\/wp\/v2\/types\/page"}],"author":[{"embeddable":true,"href":"https:\/\/bilbaogazte.bilbao.eus\/es\/wp-json\/wp\/v2\/users\/79"}],"replies":[{"embeddable":true,"href":"https:\/\/bilbaogazte.bilbao.eus\/es\/wp-json\/wp\/v2\/comments?post=55595"}],"version-history":[{"count":24,"href":"https:\/\/bilbaogazte.bilbao.eus\/es\/wp-json\/wp\/v2\/pages\/55595\/revisions"}],"predecessor-version":[{"id":60448,"href":"https:\/\/bilbaogazte.bilbao.eus\/es\/wp-json\/wp\/v2\/pages\/55595\/revisions\/60448"}],"wp:attachment":[{"href":"https:\/\/bilbaogazte.bilbao.eus\/es\/wp-json\/wp\/v2\/media?parent=55595"}],"curies":[{"name":"wp","href":"https:\/\/api.w.org\/{rel}","templated":true}]}}