{"id":55611,"date":"2023-12-26T12:26:00","date_gmt":"2023-12-26T10:26:00","guid":{"rendered":"https:\/\/bilbaogazte.bilbao.eus\/es\/?page_id=55611"},"modified":"2024-05-09T12:16:38","modified_gmt":"2024-05-09T10:16:38","slug":"greenglam-fase-2","status":"publish","type":"page","link":"https:\/\/bilbaogazte.bilbao.eus\/es\/greenglam-fase-2\/","title":{"rendered":"PRESENTACI\u00d3N DE PROYECTOS"},"content":{"rendered":"<p>[vc_row][vc_column][vc_single_image image=\u00bb55596&#8243; img_size=\u00bbfull\u00bb onclick=\u00bbcustom_link\u00bb link=\u00bbhttps:\/\/bilbaogazte.bilbao.eus\/es\/greenglam\/\u00bb][\/vc_column][\/vc_row][vc_row][vc_column width=\u00bb2\/3&#8243;][vc_column_text]El \u00c1rea de Juventud y Deporte del Ayuntamiento de Bilbao lanza la convocatoria KONEKTA IDEIAK centrada en el \u00e1mbito de \u00abmoda sostenible\u00bb con los siguientes objetivos:<\/p>\n<ul>\n<li>sensibilizar sobre los desaf\u00edos que plantea al respecto\u00a0 la Agenda 2030,<\/li>\n<li>apoyar el desarrollo de iniciativas y fomentar el esp\u00edritu emprendedor en el contexto de la econom\u00eda circular y la moda sostenible,<\/li>\n<li>acercar el mundo del emprendimiento y la moda sostenible a las personas j\u00f3venes.<\/li>\n<\/ul>\n<p>A la convocatoria abierta de proyectos se han presentado 14 iniciativas, las cuales fueron expuestas ante un jurado profesional. Las disciplinas m\u00e1s representadas han sido: la confecci\u00f3n y el consumo responsable, as\u00ed como la creaci\u00f3n de nuevas marcas a trav\u00e9s de la reutilizaci\u00f3n de textiles org\u00e1nicos y sostenibles, extra\u00eddos de residuos reciclados.[\/vc_column_text][vc_empty_space][\/vc_column][vc_column width=\u00bb1\/3&#8243;][vc_empty_space height=\u00bb40px\u00bb][vc_column_text css=\u00bb.vc_custom_1708941491123{background-color: #fe7168 !important;border-radius: 2px !important;}\u00bb]<span style=\"color: #ffffff;\"><b>\u00a0CONTACTO<\/b><\/span>[\/vc_column_text][vc_column_text]<a href=\"mailto:gazteria@bilbao.eus\">gazteria@bilbao.eus<\/a><\/p>\n<p>944 20 30 98 (L-V de 9:00 a 14:00 y mi\u00e9rcoles hasta las 17:00)[\/vc_column_text][\/vc_column][\/vc_row][vc_row][vc_column width=\u00bb1\/3&#8243;][\/vc_column][\/vc_row][vc_row][vc_column][\/vc_column][\/vc_row]<\/p>\n","protected":false},"excerpt":{"rendered":"<p class=\"entry-summary\">El \u00c1rea de Juventud y Deporte del Ayuntamiento de Bilbao lanza la convocatoria&hellip;<\/p>\n<div class=\"link-more\"><a href=\"https:\/\/bilbaogazte.bilbao.eus\/es\/greenglam-fase-2\/\" class=\"more-link\">Continue reading<span class=\"screen-reader-text\"> &ldquo;PRESENTACI\u00d3N DE PROYECTOS&rdquo;<\/span>&hellip;<\/a><\/div>","protected":false},"author":79,"featured_media":0,"parent":0,"menu_order":0,"comment_status":"closed","ping_status":"closed","template":"","meta":{"_monsterinsights_skip_tracking":false,"_monsterinsights_sitenote_active":false,"_monsterinsights_sitenote_note":"","_monsterinsights_sitenote_category":0,"footnotes":""},"_links":{"self":[{"href":"https:\/\/bilbaogazte.bilbao.eus\/es\/wp-json\/wp\/v2\/pages\/55611"}],"collection":[{"href":"https:\/\/bilbaogazte.bilbao.eus\/es\/wp-json\/wp\/v2\/pages"}],"about":[{"href":"https:\/\/bilbaogazte.bilbao.eus\/es\/wp-json\/wp\/v2\/types\/page"}],"author":[{"embeddable":true,"href":"https:\/\/bilbaogazte.bilbao.eus\/es\/wp-json\/wp\/v2\/users\/79"}],"replies":[{"embeddable":true,"href":"https:\/\/bilbaogazte.bilbao.eus\/es\/wp-json\/wp\/v2\/comments?post=55611"}],"version-history":[{"count":32,"href":"https:\/\/bilbaogazte.bilbao.eus\/es\/wp-json\/wp\/v2\/pages\/55611\/revisions"}],"predecessor-version":[{"id":57566,"href":"https:\/\/bilbaogazte.bilbao.eus\/es\/wp-json\/wp\/v2\/pages\/55611\/revisions\/57566"}],"wp:attachment":[{"href":"https:\/\/bilbaogazte.bilbao.eus\/es\/wp-json\/wp\/v2\/media?parent=55611"}],"curies":[{"name":"wp","href":"https:\/\/api.w.org\/{rel}","templated":true}]}}