{"id":55727,"date":"2024-01-09T13:18:39","date_gmt":"2024-01-09T11:18:39","guid":{"rendered":"https:\/\/bilbaogazte.bilbao.eus\/es\/?page_id=55727"},"modified":"2024-05-09T12:21:29","modified_gmt":"2024-05-09T10:21:29","slug":"greenglam-exposicion-fotografica","status":"publish","type":"page","link":"https:\/\/bilbaogazte.bilbao.eus\/es\/greenglam-exposicion-fotografica\/","title":{"rendered":"EXPOSICI\u00d3N FOTOGR\u00c1FICA"},"content":{"rendered":"<p>[vc_row][vc_column][vc_single_image image=\u00bb55596&#8243; img_size=\u00bbfull\u00bb onclick=\u00bbcustom_link\u00bb link=\u00bbhttps:\/\/bilbaogazte.bilbao.eus\/es\/greenglam\/\u00bb][vc_column_text]El 19 de enero se inaugur\u00f3 la exposici\u00f3n de fotograf\u00eda \u00abOBJETIVO MODA\u00bb en la que participaron 4 fot\u00f3grafas y fot\u00f3grafos locales que trabajan alrededor del sector de la moda.<\/p>\n<ul>\n<li><strong>Nerea Garro:<\/strong> nacida en Bilbao y con amplio recorrido en varios puntos de la pen\u00ednsula, nos present\u00f3 una selecci\u00f3n de im\u00e1genes del registro de la colecci\u00f3n ENCNTR\/SPN de la marca bilba\u00edna H05.<\/li>\n<li><strong>Aitor Laspiur:<\/strong> joven fot\u00f3grafo de Eibar con gran recorrido en el mundo de la moda. En esta exposici\u00f3n mostr\u00f3 sus trabajos para campa\u00f1as para Reparto Studio, Aitor Goiko o una editorial para The Greatest Magazine.<\/li>\n<li><strong>Lander Ibarretxe:<\/strong> fot\u00f3grafo y cineasta bilba\u00edno. Expuso un mix de diferentes proyectos realizados en 2023 en diferentes pa\u00edses de Europa. Copias originales realizadas con la ampliadora en un cuarto oscuro.<\/li>\n<li><strong>Myriam Ariana S\u00e1nchez:<\/strong> bilba\u00edna, periodista y fot\u00f3grafa especializada en moda. A trav\u00e9s de la fotograf\u00eda Ariana nos acerc\u00f3 al backstage, consiguiendo capturar las emociones, el ajetreo y su fren\u00e9tica atm\u00f3sfera.<\/li>\n<\/ul>\n<p>[\/vc_column_text][\/vc_column][\/vc_row]<\/p>\n","protected":false},"excerpt":{"rendered":"<p class=\"entry-summary\">El 19 de enero se inaugur\u00f3 la exposici\u00f3n de fotograf\u00eda \u00abOBJETIVO MODA\u00bb en la&hellip;<\/p>\n<div class=\"link-more\"><a href=\"https:\/\/bilbaogazte.bilbao.eus\/es\/greenglam-exposicion-fotografica\/\" class=\"more-link\">Continue reading<span class=\"screen-reader-text\"> &ldquo;EXPOSICI\u00d3N FOTOGR\u00c1FICA&rdquo;<\/span>&hellip;<\/a><\/div>","protected":false},"author":79,"featured_media":0,"parent":0,"menu_order":0,"comment_status":"closed","ping_status":"closed","template":"","meta":{"_monsterinsights_skip_tracking":false,"_monsterinsights_sitenote_active":false,"_monsterinsights_sitenote_note":"","_monsterinsights_sitenote_category":0,"footnotes":""},"_links":{"self":[{"href":"https:\/\/bilbaogazte.bilbao.eus\/es\/wp-json\/wp\/v2\/pages\/55727"}],"collection":[{"href":"https:\/\/bilbaogazte.bilbao.eus\/es\/wp-json\/wp\/v2\/pages"}],"about":[{"href":"https:\/\/bilbaogazte.bilbao.eus\/es\/wp-json\/wp\/v2\/types\/page"}],"author":[{"embeddable":true,"href":"https:\/\/bilbaogazte.bilbao.eus\/es\/wp-json\/wp\/v2\/users\/79"}],"replies":[{"embeddable":true,"href":"https:\/\/bilbaogazte.bilbao.eus\/es\/wp-json\/wp\/v2\/comments?post=55727"}],"version-history":[{"count":5,"href":"https:\/\/bilbaogazte.bilbao.eus\/es\/wp-json\/wp\/v2\/pages\/55727\/revisions"}],"predecessor-version":[{"id":57572,"href":"https:\/\/bilbaogazte.bilbao.eus\/es\/wp-json\/wp\/v2\/pages\/55727\/revisions\/57572"}],"wp:attachment":[{"href":"https:\/\/bilbaogazte.bilbao.eus\/es\/wp-json\/wp\/v2\/media?parent=55727"}],"curies":[{"name":"wp","href":"https:\/\/api.w.org\/{rel}","templated":true}]}}