{"id":56582,"date":"2024-03-14T13:18:27","date_gmt":"2024-03-14T11:18:27","guid":{"rendered":"https:\/\/bilbaogazte.bilbao.eus\/es\/?page_id=56582"},"modified":"2025-03-07T12:33:14","modified_gmt":"2025-03-07T10:33:14","slug":"mix-a","status":"publish","type":"page","link":"https:\/\/bilbaogazte.bilbao.eus\/es\/mix-a\/","title":{"rendered":"#Mix-a!"},"content":{"rendered":"<p>[vc_row][vc_column][vc_column_text]<img loading=\"lazy\" decoding=\"async\" class=\"alignnone wp-image-61158 size-medium\" src=\"http:\/\/bilbaogazte.bilbao.eus\/wp-content\/uploads\/2025\/03\/300-872x491.jpg\" alt=\"\" width=\"872\" height=\"491\" srcset=\"https:\/\/bilbaogazte.bilbao.eus\/wp-content\/uploads\/2025\/03\/300-872x491.jpg 872w, https:\/\/bilbaogazte.bilbao.eus\/wp-content\/uploads\/2025\/03\/300-1408x792.jpg 1408w, https:\/\/bilbaogazte.bilbao.eus\/wp-content\/uploads\/2025\/03\/300-480x270.jpg 480w, https:\/\/bilbaogazte.bilbao.eus\/wp-content\/uploads\/2025\/03\/300-768x432.jpg 768w, https:\/\/bilbaogazte.bilbao.eus\/wp-content\/uploads\/2025\/03\/300-1536x864.jpg 1536w, https:\/\/bilbaogazte.bilbao.eus\/wp-content\/uploads\/2025\/03\/300.jpg 1920w\" sizes=\"(max-width: 872px) 100vw, 872px\" \/><\/p>\n<p data-pm-slice=\"1 1 []\">Siguiendo la tendencia y aceptaci\u00f3n de <strong>MIX-A desarrolladas en 2024, con una asistencia total de 1221 personas j\u00f3venes,<\/strong> planteamos un espacio <strong>un Viernes al mes<\/strong> durante los meses de:<\/p>\n<p><strong>ENERO &#8211; FEBRERO &#8211; MARZO &#8211; MAYO &#8211; JUNIO &#8211; OCTUBRE &#8211; NOVIEMBRE &#8211; DICIEMBRE<\/strong><\/p>\n<p>donde generamos un <strong>espacio para personas j\u00f3venes,<\/strong> en colaboraci\u00f3n con colectivos, djs, clubs, etc&#8230; donde se den cita los y las <strong>profesionales m\u00e1s experimentadas junto con las personas j\u00f3venes m\u00e1s ambiciosas<\/strong> y puedan actuar en directo en una sala profesional como Bilborock, <strong>poniendo especial atenci\u00f3n a la igualdad en las participantes teniendo en cuenta que mujeres formen parte del ciclo en un 50%.<\/strong><\/p>\n<p>Una vez al a\u00f1o y coincidiendo en <strong>Diciembre<\/strong>, se realizar\u00e1 una <strong>exhibici\u00f3n especial<\/strong> de MIX-A llamada <strong>MIX-A BEREZIA!<\/strong> con djs nacionales y locales profesionales de renombre.<\/p>\n<p><strong>ENTRADA GRATUITA.<\/strong>[\/vc_column_text][\/vc_column][\/vc_row][vc_row][vc_column][vc_column_text]Para participar es necesario descargar y rellenar el formulario de inscripci\u00f3n y enviarlo a bilborock@bilbao.eus con el asunto \u00abMixa\u00bb.[\/vc_column_text][\/vc_column][\/vc_row][vc_row][vc_column][vc_btn title=\u00bbFormulario de inscripci\u00f3n\u00bb color=\u00bbdanger\u00bb link=\u00bburl:http%3A%2F%2Fbilbaogazte.bilbao.eus%2Fwp-content%2Fuploads%2F2024%2F09%2Fformulario_MIX-A_2024.pdf|||\u00bb][\/vc_column][\/vc_row][vc_row][vc_column][vc_column_text]<strong>ENERO 17:\u00a0<\/strong><\/p>\n<p>DISTOPIA<\/p>\n<p>&nbsp;<\/p>\n<p><strong>FEBRERO 14:<\/strong><\/p>\n<p>COLECTIVO SUZIRI<\/p>\n<p>&nbsp;<\/p>\n<p><strong>MARZO 7:\u00a0<\/strong><\/p>\n<p>MIXA FEMME: RUCCULA + ALAI + ARTISTA POR CONFIRMAR<\/p>\n<p>&nbsp;<\/p>\n<p><strong>MAYO 16:<\/strong><\/p>\n<p>BKTS<\/p>\n<p>&nbsp;<\/p>\n<p><strong>JUNIO 6:<\/strong><\/p>\n<p>MIXA &#8211; CAOSTICAN x JARRERA KLUB<\/p>\n<p>&nbsp;<\/p>\n<p><strong>OCTUBRE 17:\u00a0<\/strong><\/p>\n<p>BIDEOTIKAN<\/p>\n<p>&nbsp;<\/p>\n<p><strong>NOVIEMBRE 14:<\/strong><\/p>\n<p>POR CONFIRMAR<\/p>\n<p>&nbsp;<\/p>\n<p><strong>DICIEMBRE 19:\u00a0<\/strong><\/p>\n<p>MIXA BEREZIA! : POR CONFIRMAR[\/vc_column_text][\/vc_column][\/vc_row]<\/p>\n","protected":false},"excerpt":{"rendered":"<p class=\"entry-summary\"> Siguiendo la tendencia y aceptaci\u00f3n de MIX-A desarrolladas en 2024, con una asistencia total de 1221 personas&hellip;<\/p>\n<div class=\"link-more\"><a href=\"https:\/\/bilbaogazte.bilbao.eus\/es\/mix-a\/\" class=\"more-link\">Continue reading<span class=\"screen-reader-text\"> &ldquo;#Mix-a!&rdquo;<\/span>&hellip;<\/a><\/div>","protected":false},"author":79,"featured_media":0,"parent":0,"menu_order":0,"comment_status":"closed","ping_status":"closed","template":"","meta":{"_monsterinsights_skip_tracking":false,"_monsterinsights_sitenote_active":false,"_monsterinsights_sitenote_note":"","_monsterinsights_sitenote_category":0,"footnotes":""},"_links":{"self":[{"href":"https:\/\/bilbaogazte.bilbao.eus\/es\/wp-json\/wp\/v2\/pages\/56582"}],"collection":[{"href":"https:\/\/bilbaogazte.bilbao.eus\/es\/wp-json\/wp\/v2\/pages"}],"about":[{"href":"https:\/\/bilbaogazte.bilbao.eus\/es\/wp-json\/wp\/v2\/types\/page"}],"author":[{"embeddable":true,"href":"https:\/\/bilbaogazte.bilbao.eus\/es\/wp-json\/wp\/v2\/users\/79"}],"replies":[{"embeddable":true,"href":"https:\/\/bilbaogazte.bilbao.eus\/es\/wp-json\/wp\/v2\/comments?post=56582"}],"version-history":[{"count":16,"href":"https:\/\/bilbaogazte.bilbao.eus\/es\/wp-json\/wp\/v2\/pages\/56582\/revisions"}],"predecessor-version":[{"id":61197,"href":"https:\/\/bilbaogazte.bilbao.eus\/es\/wp-json\/wp\/v2\/pages\/56582\/revisions\/61197"}],"wp:attachment":[{"href":"https:\/\/bilbaogazte.bilbao.eus\/es\/wp-json\/wp\/v2\/media?parent=56582"}],"curies":[{"name":"wp","href":"https:\/\/api.w.org\/{rel}","templated":true}]}}