{"id":56588,"date":"2024-03-14T13:28:22","date_gmt":"2024-03-14T11:28:22","guid":{"rendered":"https:\/\/bilbaogazte.bilbao.eus\/es\/?page_id=56588"},"modified":"2025-03-07T13:41:13","modified_gmt":"2025-03-07T11:41:13","slug":"lokal-sessions","status":"publish","type":"page","link":"https:\/\/bilbaogazte.bilbao.eus\/es\/lokal-sessions\/","title":{"rendered":"#Lokal Sessions"},"content":{"rendered":"<p><img loading=\"lazy\" decoding=\"async\" class=\"alignnone wp-image-61169 size-medium\" src=\"http:\/\/bilbaogazte.bilbao.eus\/wp-content\/uploads\/2025\/03\/100_page-0001-872x491.jpg\" alt=\"\" width=\"872\" height=\"491\" srcset=\"https:\/\/bilbaogazte.bilbao.eus\/wp-content\/uploads\/2025\/03\/100_page-0001-872x491.jpg 872w, https:\/\/bilbaogazte.bilbao.eus\/wp-content\/uploads\/2025\/03\/100_page-0001-1408x792.jpg 1408w, https:\/\/bilbaogazte.bilbao.eus\/wp-content\/uploads\/2025\/03\/100_page-0001-480x270.jpg 480w, https:\/\/bilbaogazte.bilbao.eus\/wp-content\/uploads\/2025\/03\/100_page-0001-768x432.jpg 768w, https:\/\/bilbaogazte.bilbao.eus\/wp-content\/uploads\/2025\/03\/100_page-0001-1536x864.jpg 1536w, https:\/\/bilbaogazte.bilbao.eus\/wp-content\/uploads\/2025\/03\/100_page-0001-2048x1152.jpg 2048w\" sizes=\"(max-width: 872px) 100vw, 872px\" \/><\/p>\n<div class=\"row\">\n<div class=\"col-md-12 col-xs-12\">\n<p>Con el fin de <strong>promocionar a bandas locales amateurs<\/strong> y otorgarles herramientas de valor, una vez cada dos meses desde Bilborock, se coordina y produce la <strong>grabaci\u00f3n de una sesi\u00f3n \/ video clip<\/strong> <strong>musical<\/strong> de calidad en una de las salas de ensayo de Bilborock, de el\/la artista joven o banda seleccionada.<\/p>\n<p>De esta forma Bilborock genera una comunidad de nuevos talentos y tendencias musicales que est\u00e9n\u00a0inici\u00e1ndose en el mundo musical, permiti\u00e9ndoles as\u00ed\u00a0tener<strong> material de v\u00eddeo con alta calidad<\/strong> <strong>para su\u00a0difusi\u00f3n y presentaci\u00f3n de su propuesta,<\/strong> y darles la\u00a0oportunidad y generar contenido de promoci\u00f3n para las\u00a0RRSS de Bilborock y de las diferentes bandas.<\/p>\n<p><a href=\"https:\/\/youtube.com\/playlist?list=PL3Z6QYuth3HQ9q_p0zztN2xb1ltsrAhNK&amp;si=LgsbPvV0zPgqcFcc\"><strong>PLAYLIST LOKAL SESSIONS<\/strong><\/a><\/p>\n<p>&nbsp;<\/p>\n<p>Para participar es necesario descargar y rellenar el formulario de inscripci\u00f3n y enviarlo\u00a0a bilborock@bilbao.eus con el asunto \u201cLokal Sessions\u201d<\/p>\n<p><a href=\"http:\/\/bilbaogazte.bilbao.eus\/wp-content\/uploads\/2024\/04\/formulario_LOKALSESSIONS_2024.pdf\"><strong>FORMULARIO<\/strong><\/a><\/p>\n<\/div>\n<\/div>\n","protected":false},"excerpt":{"rendered":"<p class=\"entry-summary\">Con el fin de promocionar a bandas locales amateurs y otorgarles herramientas de valor, una vez cada dos&hellip;<\/p>\n<div class=\"link-more\"><a href=\"https:\/\/bilbaogazte.bilbao.eus\/es\/lokal-sessions\/\" class=\"more-link\">Continue reading<span class=\"screen-reader-text\"> &ldquo;#Lokal Sessions&rdquo;<\/span>&hellip;<\/a><\/div>","protected":false},"author":79,"featured_media":0,"parent":0,"menu_order":0,"comment_status":"closed","ping_status":"closed","template":"","meta":{"_monsterinsights_skip_tracking":false,"_monsterinsights_sitenote_active":false,"_monsterinsights_sitenote_note":"","_monsterinsights_sitenote_category":0,"footnotes":""},"_links":{"self":[{"href":"https:\/\/bilbaogazte.bilbao.eus\/es\/wp-json\/wp\/v2\/pages\/56588"}],"collection":[{"href":"https:\/\/bilbaogazte.bilbao.eus\/es\/wp-json\/wp\/v2\/pages"}],"about":[{"href":"https:\/\/bilbaogazte.bilbao.eus\/es\/wp-json\/wp\/v2\/types\/page"}],"author":[{"embeddable":true,"href":"https:\/\/bilbaogazte.bilbao.eus\/es\/wp-json\/wp\/v2\/users\/79"}],"replies":[{"embeddable":true,"href":"https:\/\/bilbaogazte.bilbao.eus\/es\/wp-json\/wp\/v2\/comments?post=56588"}],"version-history":[{"count":12,"href":"https:\/\/bilbaogazte.bilbao.eus\/es\/wp-json\/wp\/v2\/pages\/56588\/revisions"}],"predecessor-version":[{"id":61199,"href":"https:\/\/bilbaogazte.bilbao.eus\/es\/wp-json\/wp\/v2\/pages\/56588\/revisions\/61199"}],"wp:attachment":[{"href":"https:\/\/bilbaogazte.bilbao.eus\/es\/wp-json\/wp\/v2\/media?parent=56588"}],"curies":[{"name":"wp","href":"https:\/\/api.w.org\/{rel}","templated":true}]}}