{"id":56638,"date":"2024-03-15T15:15:24","date_gmt":"2024-03-15T13:15:24","guid":{"rendered":"https:\/\/bilbaogazte.bilbao.eus\/es\/?page_id=56638"},"modified":"2025-02-10T13:19:07","modified_gmt":"2025-02-10T11:19:07","slug":"tarifasbonificadas","status":"publish","type":"page","link":"https:\/\/bilbaogazte.bilbao.eus\/es\/tarifasbonificadas\/","title":{"rendered":"TARIFAS BONIFICADAS"},"content":{"rendered":"<p>[vc_row][vc_column][vc_column_text]<\/p>\n<p>&nbsp;<\/p>\n<p>&nbsp;<\/p>\n<p>Con el fin de <strong>fomentar las acciones de y para colectivos j\u00f3venes<\/strong> e incidiendo en el <strong>apoyo a su profesionalizaci\u00f3n y creaci\u00f3n de oportunidades<\/strong>, se compensan (m\u00ednimo una vez al mes) las tarifas generales con unas <strong>bonificaciones y precios especiales<\/strong> <strong>a sectores y p\u00fablicos objetivos espec\u00edficos<\/strong> bajo una selecci\u00f3n de los siguientes perfiles:<\/p>\n<p>Promotores\/as de 16 a 25 a\u00f1os. Podr\u00e1n ser personas f\u00edsicas, colectivos juveniles, asociaciones y promotores\/as con domicilio fiscal en Bilbao y\/o promotores con actividades enfocadas a este p\u00fablico objetivo joven de 16-25 a\u00f1os.[\/vc_column_text][\/vc_column][\/vc_row][vc_row][vc_column][vc_btn title=\u00bbRIDER Y TARIFAS \u00bb color=\u00bbdanger\u00bb link=\u00bburl:https%3A%2F%2Fbilbaogazte.bilbao.eus%2Fwp-content%2Fuploads%2F2024%2F02%2FRider_y_tarifas_2024_Cast.pdf|||\u00bb][\/vc_column][\/vc_row]<\/p>\n","protected":false},"excerpt":{"rendered":"<p class=\"entry-summary\"> &nbsp; &nbsp; Con el fin de fomentar las acciones de y para colectivos j\u00f3venes e incidiendo en&hellip;<\/p>\n<div class=\"link-more\"><a href=\"https:\/\/bilbaogazte.bilbao.eus\/es\/tarifasbonificadas\/\" class=\"more-link\">Continue reading<span class=\"screen-reader-text\"> &ldquo;TARIFAS BONIFICADAS&rdquo;<\/span>&hellip;<\/a><\/div>","protected":false},"author":79,"featured_media":0,"parent":0,"menu_order":0,"comment_status":"closed","ping_status":"closed","template":"","meta":{"_monsterinsights_skip_tracking":false,"_monsterinsights_sitenote_active":false,"_monsterinsights_sitenote_note":"","_monsterinsights_sitenote_category":0,"footnotes":""},"_links":{"self":[{"href":"https:\/\/bilbaogazte.bilbao.eus\/es\/wp-json\/wp\/v2\/pages\/56638"}],"collection":[{"href":"https:\/\/bilbaogazte.bilbao.eus\/es\/wp-json\/wp\/v2\/pages"}],"about":[{"href":"https:\/\/bilbaogazte.bilbao.eus\/es\/wp-json\/wp\/v2\/types\/page"}],"author":[{"embeddable":true,"href":"https:\/\/bilbaogazte.bilbao.eus\/es\/wp-json\/wp\/v2\/users\/79"}],"replies":[{"embeddable":true,"href":"https:\/\/bilbaogazte.bilbao.eus\/es\/wp-json\/wp\/v2\/comments?post=56638"}],"version-history":[{"count":11,"href":"https:\/\/bilbaogazte.bilbao.eus\/es\/wp-json\/wp\/v2\/pages\/56638\/revisions"}],"predecessor-version":[{"id":60711,"href":"https:\/\/bilbaogazte.bilbao.eus\/es\/wp-json\/wp\/v2\/pages\/56638\/revisions\/60711"}],"wp:attachment":[{"href":"https:\/\/bilbaogazte.bilbao.eus\/es\/wp-json\/wp\/v2\/media?parent=56638"}],"curies":[{"name":"wp","href":"https:\/\/api.w.org\/{rel}","templated":true}]}}