{"id":56700,"date":"2024-03-22T14:48:38","date_gmt":"2024-03-22T12:48:38","guid":{"rendered":"https:\/\/bilbaogazte.bilbao.eus\/es\/?page_id=56700"},"modified":"2024-07-12T12:59:01","modified_gmt":"2024-07-12T10:59:01","slug":"mahai-ingurua","status":"publish","type":"page","link":"https:\/\/bilbaogazte.bilbao.eus\/es\/mahai-ingurua\/","title":{"rendered":"MESA REDONDA"},"content":{"rendered":"<p>[vc_row][vc_column][vc_single_image image=\u00bb57247&#8243; img_size=\u00bbfull\u00bb][\/vc_column][\/vc_row][vc_row][vc_column width=\u00bb2\/3&#8243;][vc_column_text]<\/p>\n<div class=\"page\" title=\"Page 6\">\n<div class=\"layoutArea\">\n<div class=\"column\">\n<div class=\"page\" title=\"Page 2\">\n<div class=\"layoutArea\">\n<div class=\"column\">\n<p align=\"JUSTIFY\">Konekta Ideiak \u00abGreenJan\u00bb arranc\u00f3 el pasado 24 de abril con una jornada para dar a conocer el programa, sus objetivos y fases, a los diferentes agentes implicados en dar forma y dinamizar este proyecto, as\u00ed como a los y las j\u00f3venes que mostraron inter\u00e9s en formar parte del mismo.<\/p>\n<p><strong>MESA REDONDA | 24 DE ABRIL:<\/strong> \u00abLa sostenibilidad en el sistema alimentario: de la granja a la mesa\u00bb.<\/p>\n<ul>\n<li>Los sistemas alimentarios actuales: fortalezas y debilidades<\/li>\n<li>La alimentacio\u0301n sostenible en diferentes a\u0301mbitos: la produccio\u0301n, la transformacio\u0301n, la cocina, el desperdicio alimentario&#8230;<\/li>\n<\/ul>\n<p><strong>PARTICIPAN:<\/strong><\/p>\n<ul>\n<li><a href=\"https:\/\/www.basquemountains.com\/belaze\">Belaze<\/a>, caser\u00edo ecol\u00f3gico.<\/li>\n<li><a href=\"https:\/\/neiker.eus\/es\/proyecto\/crops4life\/\">Crops4Life,<\/a> City food systems (<a href=\"https:\/\/foode.eu\/what-are-crfs\/\">CRFS<\/a>). Mar\u00eda de Santiago.<\/li>\n<li><a href=\"https:\/\/www.instagram.com\/mangiareamesapuesta\/\">Mangiare a mesa puesta<\/a> y <a href=\"https:\/\/www.instagram.com\/_cuartoymitad\/?hl=es\">Cuarto y mitad<\/a>. Gentzane Landa.<\/li>\n<li><a href=\"https:\/\/www.linkedin.com\/company\/bcc-innovation\/\">Basque Culinary Center Innovation<\/a>. <a href=\"https:\/\/www.linkedin.com\/in\/paula-tor%C3%A1n-pereg\/\">Paula Tor\u00e1n<\/a>.<\/li>\n<\/ul>\n<p><strong>Proyecto<a href=\"https:\/\/www.linkedin.com\/in\/paula-tor%C3%A1n-pereg\/\"> Belaze<\/a><\/strong><br \/>\nOfrece una experiencia rural en el caser\u00edo Zenitaldekoa. Se enfoca en conocer la vida rural y el oficio de los baserritarras, quienes, con esfuerzo y dedicaci\u00f3n, producen delicias gastron\u00f3micas a partir de sus huertas y animales.<\/p>\n<p><strong>Proyecto<\/strong><a href=\"https:\/\/neiker.eus\/es\/proyecto\/crops4life\/\"><strong> Crops4Life<\/strong><\/a><br \/>\nSu objetivo es reducir la huella ambiental del sistema agroalimentario de Vitoria-Gasteiz, apuntando al aumento de produccio\u0301n de alimentos locales y de agricultura regenerativa.<\/p>\n<p><strong><a href=\"https:\/\/www.instagram.com\/mangiareamesapuesta\/\">Mangiare a mesa puesta<\/a> y <a href=\"https:\/\/www.instagram.com\/_cuartoymitad\/?hl=es\">Cuarto y mitad<\/a><\/strong><br \/>\nGentzane Landa en 2012 inaugur\u00f3 su blog de cocina, &#8216;Mangiare a mesa puesta&#8217;, donde lleva compartiendo sus recetas desde entonces. Otro de sus proyectos es la queseri\u0301a artesana \u201cCuarto y mitad\u201d, donde ofertan una gran variedad de productos gastron\u00f3micos.<\/p>\n<p><a href=\"https:\/\/www.linkedin.com\/company\/bcc-innovation\/\"><strong>BCC Innovation<\/strong><\/a><br \/>\n<a href=\"https:\/\/www.linkedin.com\/in\/paula-tor%C3%A1n-pereg\/\">Paula Tor\u00e1n<\/a> es una investigadora en gastronom\u00eda sostenible en el <a href=\"https:\/\/www.linkedin.com\/company\/bcc-innovation\/\">Basque Culinary Center (BCC) Innovation.<\/a> Su trabajo se centra en estrategias de circularidad, sistemas alimentarios y promoci\u00f3n de la biodiversidad a trav\u00e9s de la gastronom\u00eda.<\/p>\n<p>&nbsp;<\/p>\n<\/div>\n<\/div>\n<\/div>\n<p>&nbsp;<\/p>\n<\/div>\n<\/div>\n<\/div>\n<p>[\/vc_column_text][\/vc_column][vc_column width=\u00bb1\/3&#8243;][vc_empty_space][vc_column_text css=\u00bb.vc_custom_1713181055864{background-color: #dd3333 !important;}\u00bb]<span style=\"color: #ffffff;\"><strong>\u00a0CONTACTO<\/strong><\/span>[\/vc_column_text][vc_column_text]<a href=\"mailto:gazteria@bilbao.eus\">gazteria@bilbao.eus <\/a><\/p>\n<p>944 20 30 98\u00a0 (L-V de 9: 00 a 14:00 y mi\u00e9rcoles hasta las 17:00)[\/vc_column_text][\/vc_column][\/vc_row]<\/p>\n","protected":false},"excerpt":{"rendered":"<p class=\"entry-summary\"> Konekta Ideiak \u00abGreenJan\u00bb arranc\u00f3 el pasado 24 de abril con una jornada para dar&hellip;<\/p>\n<div class=\"link-more\"><a href=\"https:\/\/bilbaogazte.bilbao.eus\/es\/mahai-ingurua\/\" class=\"more-link\">Continue reading<span class=\"screen-reader-text\"> &ldquo;MESA REDONDA&rdquo;<\/span>&hellip;<\/a><\/div>","protected":false},"author":79,"featured_media":0,"parent":0,"menu_order":0,"comment_status":"closed","ping_status":"closed","template":"","meta":{"_monsterinsights_skip_tracking":false,"_monsterinsights_sitenote_active":false,"_monsterinsights_sitenote_note":"","_monsterinsights_sitenote_category":0,"footnotes":""},"_links":{"self":[{"href":"https:\/\/bilbaogazte.bilbao.eus\/es\/wp-json\/wp\/v2\/pages\/56700"}],"collection":[{"href":"https:\/\/bilbaogazte.bilbao.eus\/es\/wp-json\/wp\/v2\/pages"}],"about":[{"href":"https:\/\/bilbaogazte.bilbao.eus\/es\/wp-json\/wp\/v2\/types\/page"}],"author":[{"embeddable":true,"href":"https:\/\/bilbaogazte.bilbao.eus\/es\/wp-json\/wp\/v2\/users\/79"}],"replies":[{"embeddable":true,"href":"https:\/\/bilbaogazte.bilbao.eus\/es\/wp-json\/wp\/v2\/comments?post=56700"}],"version-history":[{"count":19,"href":"https:\/\/bilbaogazte.bilbao.eus\/es\/wp-json\/wp\/v2\/pages\/56700\/revisions"}],"predecessor-version":[{"id":58071,"href":"https:\/\/bilbaogazte.bilbao.eus\/es\/wp-json\/wp\/v2\/pages\/56700\/revisions\/58071"}],"wp:attachment":[{"href":"https:\/\/bilbaogazte.bilbao.eus\/es\/wp-json\/wp\/v2\/media?parent=56700"}],"curies":[{"name":"wp","href":"https:\/\/api.w.org\/{rel}","templated":true}]}}