{"id":56716,"date":"2024-03-22T15:00:31","date_gmt":"2024-03-22T13:00:31","guid":{"rendered":"https:\/\/bilbaogazte.bilbao.eus\/es\/?page_id=56716"},"modified":"2024-07-12T13:02:22","modified_gmt":"2024-07-12T11:02:22","slug":"talleres","status":"publish","type":"page","link":"https:\/\/bilbaogazte.bilbao.eus\/es\/talleres\/","title":{"rendered":"Talleres"},"content":{"rendered":"<p>[vc_row][vc_column][vc_single_image image=\u00bb57250&#8243; img_size=\u00bbfull\u00bb][\/vc_column][\/vc_row][vc_row][vc_column width=\u00bb2\/3&#8243;][vc_column_text]<\/p>\n<p align=\"JUSTIFY\">Durante esta primera fase del programa, de 6 talleres, se ha ofrecido la oportunidad de aprender, compartir e investigar sobre alimentaci\u00f3n sostenible de la mano de un equipo experto en los distintos \u00e1mbitos a trabajar: activismo medioambiental, producci\u00f3n, desperdicio alimenticio, cocina, huertos comunitarios etc.<\/p>\n<ul>\n<li>Taller de agricultura vertical en casa<\/li>\n<li>Compostaje en casa: composteras impresas en 3D<\/li>\n<li>Bilbao Comestible. Tips para montar un huerto en casa<\/li>\n<li>Sens\u00f3rica para huerto inteligente<\/li>\n<li>Comida e innovaci\u00f3n: conoce nuevos proyectos sociales y econ\u00f3micos de alimentaci\u00f3n sostenible<\/li>\n<li>YUM SESSION! \u2013 \u00a1Prepara tu tupper sostenible!\n<div class=\"page\" title=\"Page 3\">\n<div class=\"layoutArea\">\n<div class=\"column\"><\/div>\n<\/div>\n<\/div>\n<\/li>\n<\/ul>\n<p>[\/vc_column_text][vc_btn title=\u00bbDescarga el cartel de GreenJan\u00bb color=\u00bbdanger\u00bb link=\u00bburl:http%3A%2F%2Fbilbaogazte.bilbao.eus%2Fwp-content%2Fuploads%2F2024%2F07%2FGreen_Jan_DEF-Cartel.pdf|||\u00bb][\/vc_column][\/vc_row]<\/p>\n","protected":false},"excerpt":{"rendered":"<p class=\"entry-summary\"> Durante esta primera fase del programa, de 6 talleres, se ha ofrecido la oportunidad&hellip;<\/p>\n<div class=\"link-more\"><a href=\"https:\/\/bilbaogazte.bilbao.eus\/es\/talleres\/\" class=\"more-link\">Continue reading<span class=\"screen-reader-text\"> &ldquo;Talleres&rdquo;<\/span>&hellip;<\/a><\/div>","protected":false},"author":79,"featured_media":0,"parent":0,"menu_order":0,"comment_status":"closed","ping_status":"closed","template":"","meta":{"_monsterinsights_skip_tracking":false,"_monsterinsights_sitenote_active":false,"_monsterinsights_sitenote_note":"","_monsterinsights_sitenote_category":0,"footnotes":""},"_links":{"self":[{"href":"https:\/\/bilbaogazte.bilbao.eus\/es\/wp-json\/wp\/v2\/pages\/56716"}],"collection":[{"href":"https:\/\/bilbaogazte.bilbao.eus\/es\/wp-json\/wp\/v2\/pages"}],"about":[{"href":"https:\/\/bilbaogazte.bilbao.eus\/es\/wp-json\/wp\/v2\/types\/page"}],"author":[{"embeddable":true,"href":"https:\/\/bilbaogazte.bilbao.eus\/es\/wp-json\/wp\/v2\/users\/79"}],"replies":[{"embeddable":true,"href":"https:\/\/bilbaogazte.bilbao.eus\/es\/wp-json\/wp\/v2\/comments?post=56716"}],"version-history":[{"count":22,"href":"https:\/\/bilbaogazte.bilbao.eus\/es\/wp-json\/wp\/v2\/pages\/56716\/revisions"}],"predecessor-version":[{"id":58075,"href":"https:\/\/bilbaogazte.bilbao.eus\/es\/wp-json\/wp\/v2\/pages\/56716\/revisions\/58075"}],"wp:attachment":[{"href":"https:\/\/bilbaogazte.bilbao.eus\/es\/wp-json\/wp\/v2\/media?parent=56716"}],"curies":[{"name":"wp","href":"https:\/\/api.w.org\/{rel}","templated":true}]}}