{"id":56726,"date":"2024-03-22T15:09:08","date_gmt":"2024-03-22T13:09:08","guid":{"rendered":"https:\/\/bilbaogazte.bilbao.eus\/es\/?page_id=56726"},"modified":"2024-07-12T13:03:59","modified_gmt":"2024-07-12T11:03:59","slug":"presentacion-de-proyectos","status":"publish","type":"page","link":"https:\/\/bilbaogazte.bilbao.eus\/es\/presentacion-de-proyectos\/","title":{"rendered":"CONVOCATORIA DE PROYECTOS"},"content":{"rendered":"<p>[vc_row][vc_column][vc_single_image image=\u00bb57253&#8243; img_size=\u00bbfull\u00bb][\/vc_column][\/vc_row][vc_row][vc_column width=\u00bb2\/3&#8243;][vc_column_text]<\/p>\n<p align=\"JUSTIFY\">El \u00c1rea de Juventud y Deporte del Ayuntamiento de Bilbao ha lanzado en el segundo trimestre de 2024 la segunda la convocatoria de KONEKTA IDEIAK centrada en el \u00e1mbito de \u00abalimentaci\u00f3n sostenible\u00bb con los siguientes objetivos:<\/p>\n<ul>\n<li>\n<p align=\"JUSTIFY\">sensibilizar sobre los desaf\u00edos que plantea al respecto la Agenda 2030,<\/p>\n<\/li>\n<li>\n<p align=\"JUSTIFY\">apoyar el desarrollo de iniciativas y fomentar el esp\u00edritu emprendedor en el contexto de la econom\u00eda circular y la alimentaci\u00f3n sostenible,<\/p>\n<\/li>\n<li>\n<p align=\"JUSTIFY\">acercar el mundo del emprendimiento y la alimentaci\u00f3n sostenible a las personas j\u00f3venes.<\/p>\n<\/li>\n<\/ul>\n<p align=\"JUSTIFY\">La presentaci\u00f3n de los proyectos ha sido una experiencia abierta en la que los y las participantes han presentado sus ideas ante un jurado dando la posibilidad de generar sinergias con otros y otras participantes.<\/p>\n<p>[\/vc_column_text][\/vc_column][vc_column width=\u00bb1\/3&#8243;][vc_empty_space height=\u00bb40PX\u00bb][vc_column_text css=\u00bb.vc_custom_1720782226282{padding-top: 5px !important;padding-right: 5px !important;padding-bottom: 5px !important;padding-left: 5px !important;background-color: #fe7168 !important;}\u00bb]<b>\u00a0CONTACTO<\/b><\/p>\n<p>[\/vc_column_text][vc_column_text]<a href=\"mailto:gazteria@bilbao.eus\">gazteria@bilbao.eus<\/a><\/p>\n<p>944 20 30 98 (L-V de 9: 00 a 14:00 y mi\u00e9rcoles hasta las\u00a017:00)[\/vc_column_text][\/vc_column][\/vc_row]<\/p>\n","protected":false},"excerpt":{"rendered":"<p class=\"entry-summary\"> El \u00c1rea de Juventud y Deporte del Ayuntamiento de Bilbao ha lanzado en el&hellip;<\/p>\n<div class=\"link-more\"><a href=\"https:\/\/bilbaogazte.bilbao.eus\/es\/presentacion-de-proyectos\/\" class=\"more-link\">Continue reading<span class=\"screen-reader-text\"> &ldquo;CONVOCATORIA DE PROYECTOS&rdquo;<\/span>&hellip;<\/a><\/div>","protected":false},"author":79,"featured_media":0,"parent":0,"menu_order":0,"comment_status":"closed","ping_status":"closed","template":"","meta":{"_monsterinsights_skip_tracking":false,"_monsterinsights_sitenote_active":false,"_monsterinsights_sitenote_note":"","_monsterinsights_sitenote_category":0,"footnotes":""},"_links":{"self":[{"href":"https:\/\/bilbaogazte.bilbao.eus\/es\/wp-json\/wp\/v2\/pages\/56726"}],"collection":[{"href":"https:\/\/bilbaogazte.bilbao.eus\/es\/wp-json\/wp\/v2\/pages"}],"about":[{"href":"https:\/\/bilbaogazte.bilbao.eus\/es\/wp-json\/wp\/v2\/types\/page"}],"author":[{"embeddable":true,"href":"https:\/\/bilbaogazte.bilbao.eus\/es\/wp-json\/wp\/v2\/users\/79"}],"replies":[{"embeddable":true,"href":"https:\/\/bilbaogazte.bilbao.eus\/es\/wp-json\/wp\/v2\/comments?post=56726"}],"version-history":[{"count":12,"href":"https:\/\/bilbaogazte.bilbao.eus\/es\/wp-json\/wp\/v2\/pages\/56726\/revisions"}],"predecessor-version":[{"id":58076,"href":"https:\/\/bilbaogazte.bilbao.eus\/es\/wp-json\/wp\/v2\/pages\/56726\/revisions\/58076"}],"wp:attachment":[{"href":"https:\/\/bilbaogazte.bilbao.eus\/es\/wp-json\/wp\/v2\/media?parent=56726"}],"curies":[{"name":"wp","href":"https:\/\/api.w.org\/{rel}","templated":true}]}}