{"id":57541,"date":"2024-05-09T11:32:31","date_gmt":"2024-05-09T09:32:31","guid":{"rendered":"https:\/\/bilbaogazte.bilbao.eus\/es\/greenglam-exposicion-fotografica-copy\/"},"modified":"2024-05-09T12:20:36","modified_gmt":"2024-05-09T10:20:36","slug":"proyectos-ganadores","status":"publish","type":"page","link":"https:\/\/bilbaogazte.bilbao.eus\/es\/proyectos-ganadores\/","title":{"rendered":"PROYECTOS GANADORES"},"content":{"rendered":"<p>[vc_row][vc_column][vc_single_image image=\u00bb55596&#8243; img_size=\u00bbfull\u00bb onclick=\u00bbcustom_link\u00bb link=\u00bbhttps:\/\/bilbaogazte.bilbao.eus\/es\/greenglam\/\u00bb][vc_column_text]Tras la exposici\u00f3n de los 14 proyectos presentados a la convocatoria, 2 fueron seleccionados por un jurado compuesto por profesionales de la moda: BIAAF (Bilbao International Art and Fashion), Estudio Bokashi y personal t\u00e9cnico del \u00c1rea de Juventud y Deporte. Las iniciativas ganadoras fueron:<\/p>\n<ul>\n<li>GUZEDIDO<\/li>\n<li>Investigaci\u00f3n, documentaci\u00f3n y registro del proceso de elaboraci\u00f3n de una americana con t\u00e9cnicas de sastrer\u00eda artesanal.<\/li>\n<\/ul>\n<p>Estas tienen 6 meses para su realizaci\u00f3n, y durante este proceso van a contar con un acompa\u00f1amiento individualizado a cargo de Estudio Bokashi, que les va a ofrecer mentoring, referencias y contacto con profesionales del sector y 3.000 \u20ac para el desarrollo del proyecto.<\/p>\n<p>&nbsp;<\/p>\n<p><strong>GUZEDIDO<\/strong><br \/>\nGuzedido fusiona arte y sostenibilidad para representar el pasado industrial con nuevos materiales. <a href=\"https:\/\/www.martindelbusto.com\/\">Mart\u00edn del Busto Ruiz<\/a> y <a href=\"https:\/\/www.martareparaz.com\/hypno-dzcv\">Marta Reparaz<\/a> lideran la creaci\u00f3n de piezas textiles esculturales y perform\u00e1ticas, desafiando convenciones con sarcasmo y abstracci\u00f3n. Destacan la importancia del proceso creativo, a trav\u00e9s de una exposici\u00f3n conformada por varias piezas como maxiabrigos, l\u00e1mparas interactivas o camisetas compactadas, la cual se llevar\u00e1 a cabo en La Perrera, promoviendo la conciencia ambiental y la innovaci\u00f3n en la era contempor\u00e1nea.<\/p>\n<p><strong>INVESTIGACI\u00d3N, DOCUMENTACI\u00d3N Y REGISTRO DEL PROCESO DE ELABORACI\u00d3N DE UNA AMERICANA CON T\u00c9CNICAS DE SASTRER\u00cdA ARTESANAL<\/strong><br \/>\n<a href=\"https:\/\/www.linkedin.com\/in\/esparzaarantxa\/\">Arantxa Esparza<\/a> colabora con el experimentado sastre jubilado Juan Antonio Andrade para revisar y preservar el proceso tradicional de sastrer\u00eda artesanal. Su investigaci\u00f3n ampl\u00eda y verifica la informaci\u00f3n existente, garantizando precisi\u00f3n y complejidad. Mediante el uso de tejidos de calidad, especialmente lana para confeccionar una americana, el proyecto busca revalorizar este material y mantener la autenticidad de la sastrer\u00eda artesanal, fusionando la tradici\u00f3n con innovaciones tecnol\u00f3gicas contempor\u00e1neas.[\/vc_column_text][\/vc_column][\/vc_row]<\/p>\n","protected":false},"excerpt":{"rendered":"<p class=\"entry-summary\">Tras la exposici\u00f3n de los 14 proyectos presentados a la convocatoria, 2 fueron seleccionados&hellip;<\/p>\n<div class=\"link-more\"><a href=\"https:\/\/bilbaogazte.bilbao.eus\/es\/proyectos-ganadores\/\" class=\"more-link\">Continue reading<span class=\"screen-reader-text\"> &ldquo;PROYECTOS GANADORES&rdquo;<\/span>&hellip;<\/a><\/div>","protected":false},"author":79,"featured_media":0,"parent":0,"menu_order":0,"comment_status":"closed","ping_status":"closed","template":"","meta":{"_monsterinsights_skip_tracking":false,"_monsterinsights_sitenote_active":false,"_monsterinsights_sitenote_note":"","_monsterinsights_sitenote_category":0,"footnotes":""},"_links":{"self":[{"href":"https:\/\/bilbaogazte.bilbao.eus\/es\/wp-json\/wp\/v2\/pages\/57541"}],"collection":[{"href":"https:\/\/bilbaogazte.bilbao.eus\/es\/wp-json\/wp\/v2\/pages"}],"about":[{"href":"https:\/\/bilbaogazte.bilbao.eus\/es\/wp-json\/wp\/v2\/types\/page"}],"author":[{"embeddable":true,"href":"https:\/\/bilbaogazte.bilbao.eus\/es\/wp-json\/wp\/v2\/users\/79"}],"replies":[{"embeddable":true,"href":"https:\/\/bilbaogazte.bilbao.eus\/es\/wp-json\/wp\/v2\/comments?post=57541"}],"version-history":[{"count":6,"href":"https:\/\/bilbaogazte.bilbao.eus\/es\/wp-json\/wp\/v2\/pages\/57541\/revisions"}],"predecessor-version":[{"id":57571,"href":"https:\/\/bilbaogazte.bilbao.eus\/es\/wp-json\/wp\/v2\/pages\/57541\/revisions\/57571"}],"wp:attachment":[{"href":"https:\/\/bilbaogazte.bilbao.eus\/es\/wp-json\/wp\/v2\/media?parent=57541"}],"curies":[{"name":"wp","href":"https:\/\/api.w.org\/{rel}","templated":true}]}}